{"id":13293,"date":"2023-08-29T13:48:49","date_gmt":"2023-08-29T13:48:49","guid":{"rendered":"https:\/\/gervi.be\/shop\/vlarem\/"},"modified":"2024-05-07T12:41:22","modified_gmt":"2024-05-07T12:41:22","slug":"vlarem","status":"publish","type":"product","link":"https:\/\/gervi.be\/fr\/produit\/vlarem\/","title":{"rendered":"Vlarem"},"content":{"rendered":"<p>Le syst\u00e8me d&#8217;entretien Aguabel garantit une eau claire et propre dans votre spa de nage. Un d\u00e9sinfectant de l&#8217;eau qui permet d&#8217;obtenir une eau totalement inodore, cristalline et potable.<\/p>\n<p>A propos d&#8217;Aguabel :<\/p>\n<ul>\n<li>Un syst\u00e8me unique invent\u00e9 en Belgique<\/li>\n<li>D\u00e9sinfection parfaite de l&#8217;eau<\/li>\n<li>Eau inodore<\/li>\n<li>Nager dans de l&#8217;eau potable<\/li>\n<li>Pas de d\u00e9chets dans l&#8217;eau gr\u00e2ce \u00e0 la d\u00e9sinfection par membrane<\/li>\n<li>La maintenance automatis\u00e9e permet d&#8217;\u00e9conomiser du temps et de l&#8217;\u00e9nergie<\/li>\n<\/ul>\n<p>Prix sur demande.<\/p>\n","protected":false},"excerpt":{"rendered":"<ul>\n<li>Une technologie unique<\/li>\n<li>Efficace et \u00e9conome en \u00e9nergie<\/li>\n<li>Sans danger pour les humains, les animaux et l&#8217;environnement<\/li>\n<li>Durable et tourn\u00e9 vers l&#8217;avenir<\/li>\n<\/ul>\n","protected":false},"featured_media":22264,"template":"","meta":{"_acf_changed":false,"_uag_custom_page_level_css":"","site-sidebar-layout":"default","site-content-layout":"","ast-site-content-layout":"default","site-content-style":"default","site-sidebar-style":"default","ast-global-header-display":"","ast-banner-title-visibility":"","ast-main-header-display":"","ast-hfb-above-header-display":"","ast-hfb-below-header-display":"","ast-hfb-mobile-header-display":"","site-post-title":"","ast-breadcrumbs-content":"","ast-featured-img":"","footer-sml-layout":"","ast-disable-related-posts":"","theme-transparent-header-meta":"default","adv-header-id-meta":"","stick-header-meta":"","header-above-stick-meta":"","header-main-stick-meta":"","header-below-stick-meta":"","astra-migrate-meta-layouts":"default","ast-page-background-enabled":"default","ast-page-background-meta":{"desktop":{"background-color":"","background-image":"","background-repeat":"repeat","background-position":"center center","background-size":"auto","background-attachment":"scroll","background-type":"","background-media":"","overlay-type":"","overlay-color":"","overlay-opacity":"","overlay-gradient":""},"tablet":{"background-color":"","background-image":"","background-repeat":"repeat","background-position":"center center","background-size":"auto","background-attachment":"scroll","background-type":"","background-media":"","overlay-type":"","overlay-color":"","overlay-opacity":"","overlay-gradient":""},"mobile":{"background-color":"","background-image":"","background-repeat":"repeat","background-position":"center center","background-size":"auto","background-attachment":"scroll","background-type":"","background-media":"","overlay-type":"","overlay-color":"","overlay-opacity":"","overlay-gradient":""}},"ast-content-background-meta":{"desktop":{"background-color":"var(--ast-global-color-5)","background-image":"","background-repeat":"repeat","background-position":"center center","background-size":"auto","background-attachment":"scroll","background-type":"","background-media":"","overlay-type":"","overlay-color":"","overlay-opacity":"","overlay-gradient":""},"tablet":{"background-color":"var(--ast-global-color-5)","background-image":"","background-repeat":"repeat","background-position":"center center","background-size":"auto","background-attachment":"scroll","background-type":"","background-media":"","overlay-type":"","overlay-color":"","overlay-opacity":"","overlay-gradient":""},"mobile":{"background-color":"var(--ast-global-color-5)","background-image":"","background-repeat":"repeat","background-position":"center center","background-size":"auto","background-attachment":"scroll","background-type":"","background-media":"","overlay-type":"","overlay-color":"","overlay-opacity":"","overlay-gradient":""}}},"product_brand":[],"product_cat":[664,647,796],"product_tag":[1699,1702,1706,1394,1707,1391,1392,1711,1708,1314,1390,1703,1700,1311,1701,1710,1704,1393,1698],"class_list":{"0":"post-13293","1":"product","2":"type-product","3":"status-publish","4":"has-post-thumbnail","6":"product_cat-riptide-fr","7":"product_cat-spa-de-nage","8":"product_cat-systemes-de-maintenance","9":"product_tag-aguabel-fr","10":"product_tag-bain","11":"product_tag-desinfection-fr-2","12":"product_tag-desinfection","13":"product_tag-desinfection-de-leau","14":"product_tag-entretien","15":"product_tag-entretien-de-leau","16":"product_tag-entretien-de-leau-des-spas-de-nage","17":"product_tag-explorez-votre-mode-de-vie","18":"product_tag-gervi-fr","19":"product_tag-jacuzzi-fr","20":"product_tag-leau","21":"product_tag-spa-fr","22":"product_tag-spa-de-natation","23":"product_tag-spa-de-source-chaude","24":"product_tag-swimspa-entretien-de-leau","25":"product_tag-traitement","26":"product_tag-traitement-de-leau","27":"product_tag-traitement-de-leau-fr","28":"desktop-align-left","29":"tablet-align-left","30":"mobile-align-left","32":"first","33":"instock","34":"product-type-simple"},"acf":[],"uagb_featured_image_src":{"full":["https:\/\/gervi.be\/wp-content\/uploads\/2023\/08\/Aguabel-Systems-for-water-disinfection-Gervi.jpg",2000,2000,false],"thumbnail":["https:\/\/gervi.be\/wp-content\/uploads\/2023\/08\/Aguabel-Systems-for-water-disinfection-Gervi-150x150.jpg",150,150,true],"medium":["https:\/\/gervi.be\/wp-content\/uploads\/2023\/08\/Aguabel-Systems-for-water-disinfection-Gervi-300x300.jpg",300,300,true],"medium_large":["https:\/\/gervi.be\/wp-content\/uploads\/2023\/08\/Aguabel-Systems-for-water-disinfection-Gervi-768x768.jpg",768,768,true],"large":["https:\/\/gervi.be\/wp-content\/uploads\/2023\/08\/Aguabel-Systems-for-water-disinfection-Gervi-1024x1024.jpg",1024,1024,true],"1536x1536":["https:\/\/gervi.be\/wp-content\/uploads\/2023\/08\/Aguabel-Systems-for-water-disinfection-Gervi-1536x1536.jpg",1536,1536,true],"2048x2048":["https:\/\/gervi.be\/wp-content\/uploads\/2023\/08\/Aguabel-Systems-for-water-disinfection-Gervi.jpg",2000,2000,false],"woocommerce_thumbnail":["https:\/\/gervi.be\/wp-content\/uploads\/2023\/08\/Aguabel-Systems-for-water-disinfection-Gervi-2000x1500.jpg",2000,1500,true],"woocommerce_single":["https:\/\/gervi.be\/wp-content\/uploads\/2023\/08\/Aguabel-Systems-for-water-disinfection-Gervi.jpg",2000,2000,false],"woocommerce_gallery_thumbnail":["https:\/\/gervi.be\/wp-content\/uploads\/2023\/08\/Aguabel-Systems-for-water-disinfection-Gervi-100x100.jpg",100,100,true],"dgwt-wcas-product-suggestion":["https:\/\/gervi.be\/wp-content\/uploads\/2023\/08\/Aguabel-Systems-for-water-disinfection-Gervi.jpg",64,64,false]},"uagb_author_info":{"display_name":"Marjolein Nijs","author_link":"https:\/\/gervi.be\/fr\/author\/"},"uagb_comment_info":0,"uagb_excerpt":"Une technologie unique Efficace et \u00e9conome en \u00e9nergie Sans danger pour les humains, les animaux et l'environnement Durable et tourn\u00e9 vers l'avenir","_links":{"self":[{"href":"https:\/\/gervi.be\/fr\/wp-json\/wp\/v2\/product\/13293","targetHints":{"allow":["GET"]}}],"collection":[{"href":"https:\/\/gervi.be\/fr\/wp-json\/wp\/v2\/product"}],"about":[{"href":"https:\/\/gervi.be\/fr\/wp-json\/wp\/v2\/types\/product"}],"wp:featuredmedia":[{"embeddable":true,"href":"https:\/\/gervi.be\/fr\/wp-json\/wp\/v2\/media\/22264"}],"wp:attachment":[{"href":"https:\/\/gervi.be\/fr\/wp-json\/wp\/v2\/media?parent=13293"}],"wp:term":[{"taxonomy":"product_brand","embeddable":true,"href":"https:\/\/gervi.be\/fr\/wp-json\/wp\/v2\/product_brand?post=13293"},{"taxonomy":"product_cat","embeddable":true,"href":"https:\/\/gervi.be\/fr\/wp-json\/wp\/v2\/product_cat?post=13293"},{"taxonomy":"product_tag","embeddable":true,"href":"https:\/\/gervi.be\/fr\/wp-json\/wp\/v2\/product_tag?post=13293"}],"curies":[{"name":"wp","href":"https:\/\/api.w.org\/{rel}","templated":true}]}}