{"id":13257,"date":"2023-08-29T13:49:26","date_gmt":"2023-08-29T11:49:26","guid":{"rendered":"https:\/\/gervi.be\/shop\/appui-tete-souple\/"},"modified":"2024-09-23T10:11:20","modified_gmt":"2024-09-23T08:11:20","slug":"tetiere-souple","status":"publish","type":"product","link":"https:\/\/gervi.be\/fr\/produit\/tetiere-souple\/","title":{"rendered":"Appui-t\u00eate souple"},"content":{"rendered":"<p>Apportez un confort suppl\u00e9mentaire \u00e0 votre sauna ou \u00e0 votre cabine infrarouge avec l&#8217;<strong>appui-t\u00eate Soft<\/strong>, con\u00e7u pour un soutien optimal de votre t\u00eate et de votre cou pendant les s\u00e9ances de relaxation.<br \/>\nCet appui-t\u00eate est recouvert d&#8217;un cuir synth\u00e9tique antibact\u00e9rien de haute qualit\u00e9, d&#8217;une \u00e9l\u00e9gante couleur beige, offrant un soutien doux et hygi\u00e9nique.<br \/>\nLe cuir synth\u00e9tique est facile \u00e0 nettoyer et r\u00e9siste aux temp\u00e9ratures \u00e9lev\u00e9es et \u00e0 l&#8217;humidit\u00e9 du sauna et de la cabine infrarouge, ce qui le rend \u00e0 la fois pratique et confortable.<br \/>\nLa base de l&#8217;appui-t\u00eate est fabriqu\u00e9e en <strong>bois de tremble<\/strong> robuste, un type de bois connu pour sa l\u00e9g\u00e8ret\u00e9 et ses propri\u00e9t\u00e9s de r\u00e9sistance \u00e0 la chaleur.<br \/>\nMesurant <strong>455 x 115 x 325 mm,<\/strong> cet appui-t\u00eate offre un grand espace et un soutien ergonomique, vous permettant de profiter pleinement de votre moment de bien-\u00eatre sans inconfort. <strong>Caract\u00e9ristiques principales :<\/strong>    <\/p>\n<ul>\n<li><strong>Dimensions :<\/strong> <strong>455 x 115 x 325 mm<\/strong>, con\u00e7u pour un soutien optimal de la t\u00eate et du cou.<\/li>\n<li><strong>Rembourrage :<\/strong> <strong>cuir synth\u00e9tique antibact\u00e9rien<\/strong> souple et hygi\u00e9nique, facile \u00e0 nettoyer et durable.<\/li>\n<li><strong>Mat\u00e9riau :<\/strong> <strong>bois de tremble de<\/strong> haute qualit\u00e9, r\u00e9sistant \u00e0 la chaleur et l\u00e9ger.<\/li>\n<li><strong>Conception ergonomique :<\/strong> permet une relaxation maximale et r\u00e9duit la tension dans le cou et les \u00e9paules<strong>.<\/strong> <\/li>\n<li>Convient aux saunas et aux cabines infrarouges, avec une finition beige \u00e9l\u00e9gante qui convient \u00e0 tout environnement de bien-\u00eatre.<\/li>\n<\/ul>\n<p>  L&#8217;<strong>appui-t\u00eate Soft<\/strong> allie luxe, hygi\u00e8ne et confort, rendant vos s\u00e9ances de sauna encore plus agr\u00e9ables.<br \/>\nAppr\u00e9ciez son soutien souple et ses mat\u00e9riaux durables de haute qualit\u00e9, parfaits pour une relaxation \u00e0 long terme. <\/p>\n","protected":false},"excerpt":{"rendered":"<ul>\n<li>Rembourrage : cuir synth\u00e9tique antibact\u00e9rien,\n<\/li>\n<li>beige\n<\/li>\n<li>Type de bois : tremble\n<\/li>\n<li>Dimensions : 455 x 115 x 325 mm\n<\/li>\n<li><\/ul>\n","protected":false},"featured_media":13262,"template":"","meta":{"_acf_changed":false,"_uag_custom_page_level_css":"","site-sidebar-layout":"default","site-content-layout":"","ast-site-content-layout":"default","site-content-style":"default","site-sidebar-style":"default","ast-global-header-display":"","ast-banner-title-visibility":"","ast-main-header-display":"","ast-hfb-above-header-display":"","ast-hfb-below-header-display":"","ast-hfb-mobile-header-display":"","site-post-title":"","ast-breadcrumbs-content":"","ast-featured-img":"","footer-sml-layout":"","ast-disable-related-posts":"","theme-transparent-header-meta":"default","adv-header-id-meta":"","stick-header-meta":"","header-above-stick-meta":"","header-main-stick-meta":"","header-below-stick-meta":"","astra-migrate-meta-layouts":"default","ast-page-background-enabled":"default","ast-page-background-meta":{"desktop":{"background-color":"","background-image":"","background-repeat":"repeat","background-position":"center center","background-size":"auto","background-attachment":"scroll","background-type":"","background-media":"","overlay-type":"","overlay-color":"","overlay-opacity":"","overlay-gradient":""},"tablet":{"background-color":"","background-image":"","background-repeat":"repeat","background-position":"center center","background-size":"auto","background-attachment":"scroll","background-type":"","background-media":"","overlay-type":"","overlay-color":"","overlay-opacity":"","overlay-gradient":""},"mobile":{"background-color":"","background-image":"","background-repeat":"repeat","background-position":"center center","background-size":"auto","background-attachment":"scroll","background-type":"","background-media":"","overlay-type":"","overlay-color":"","overlay-opacity":"","overlay-gradient":""}},"ast-content-background-meta":{"desktop":{"background-color":"var(--ast-global-color-5)","background-image":"","background-repeat":"repeat","background-position":"center center","background-size":"auto","background-attachment":"scroll","background-type":"","background-media":"","overlay-type":"","overlay-color":"","overlay-opacity":"","overlay-gradient":""},"tablet":{"background-color":"var(--ast-global-color-5)","background-image":"","background-repeat":"repeat","background-position":"center center","background-size":"auto","background-attachment":"scroll","background-type":"","background-media":"","overlay-type":"","overlay-color":"","overlay-opacity":"","overlay-gradient":""},"mobile":{"background-color":"var(--ast-global-color-5)","background-image":"","background-repeat":"repeat","background-position":"center center","background-size":"auto","background-attachment":"scroll","background-type":"","background-media":"","overlay-type":"","overlay-color":"","overlay-opacity":"","overlay-gradient":""}}},"product_brand":[],"product_cat":[817,791],"product_tag":[4596,4969,4503,5189,5155,5186,5157,5182,5185,5180,5153,2216,5188,5183,1344,4593,4009,5187,1314,5190,5184,2463,5131,4970,5076,5113,5181,5191,5152,5166],"class_list":{"0":"post-13257","1":"product","2":"type-product","3":"status-publish","4":"has-post-thumbnail","6":"product_cat-accessoires-fr-2","7":"product_cat-cabine-infrarouge","8":"product_tag-accessoires-de-bien-etre","9":"product_tag-accessoires-pour-cabines-infrarouges","10":"product_tag-accessoires-pour-sauna","11":"product_tag-appui-tete-beige","12":"product_tag-appui-tete-confortable","13":"product_tag-appui-tete-de-luxe","14":"product_tag-appui-tete-durable","15":"product_tag-appui-tete-en-cuir-artificiel","16":"product_tag-appui-tete-souple-fr","17":"product_tag-appui-tete-souple","18":"product_tag-bois-de-tremble","19":"product_tag-conception-ergonomique","20":"product_tag-confort-du-sauna-fr","21":"product_tag-cuir-synthetique-antibacterien","22":"product_tag-detente","23":"product_tag-experience-de-bien-etre","24":"product_tag-explorez-votre-style-de-vie-fr","25":"product_tag-facile-a-nettoyer","26":"product_tag-gervi-fr","27":"product_tag-hygiene-du-sauna","28":"product_tag-hygienique","29":"product_tag-materiaux-de-haute-qualite","30":"product_tag-relaxation-de-la-nuque-et-des-epaules","31":"product_tag-resistant-a-la-chaleur","32":"product_tag-sauna-detente-fr","33":"product_tag-soutien-de-la-nuque","34":"product_tag-soutien-ergonomique","35":"product_tag-support-souple","36":"product_tag-tetiere-de-sauna","37":"product_tag-tetiere-pour-le-bien-etre","38":"desktop-align-left","39":"tablet-align-left","40":"mobile-align-left","42":"first","43":"instock","44":"purchasable","45":"product-type-simple"},"acf":[],"uagb_featured_image_src":{"full":["https:\/\/gervi.be\/wp-content\/uploads\/2023\/08\/nr3infraworldhoofdsteunsoft.jpg",627,448,false],"thumbnail":["https:\/\/gervi.be\/wp-content\/uploads\/2023\/08\/nr3infraworldhoofdsteunsoft-150x150.jpg",150,150,true],"medium":["https:\/\/gervi.be\/wp-content\/uploads\/2023\/08\/nr3infraworldhoofdsteunsoft-300x214.jpg",300,214,true],"medium_large":["https:\/\/gervi.be\/wp-content\/uploads\/2023\/08\/nr3infraworldhoofdsteunsoft.jpg",627,448,false],"large":["https:\/\/gervi.be\/wp-content\/uploads\/2023\/08\/nr3infraworldhoofdsteunsoft.jpg",627,448,false],"1536x1536":["https:\/\/gervi.be\/wp-content\/uploads\/2023\/08\/nr3infraworldhoofdsteunsoft.jpg",627,448,false],"2048x2048":["https:\/\/gervi.be\/wp-content\/uploads\/2023\/08\/nr3infraworldhoofdsteunsoft.jpg",627,448,false],"woocommerce_thumbnail":["https:\/\/gervi.be\/wp-content\/uploads\/2023\/08\/nr3infraworldhoofdsteunsoft-300x300.jpg",300,300,true],"woocommerce_single":["https:\/\/gervi.be\/wp-content\/uploads\/2023\/08\/nr3infraworldhoofdsteunsoft.jpg",627,448,false],"woocommerce_gallery_thumbnail":["https:\/\/gervi.be\/wp-content\/uploads\/2023\/08\/nr3infraworldhoofdsteunsoft-100x100.jpg",100,100,true],"dgwt-wcas-product-suggestion":["https:\/\/gervi.be\/wp-content\/uploads\/2023\/08\/nr3infraworldhoofdsteunsoft.jpg",64,46,false]},"uagb_author_info":{"display_name":"Marjolein Nijs","author_link":"https:\/\/gervi.be\/fr\/author\/"},"uagb_comment_info":0,"uagb_excerpt":"Rembourrage : cuir synth\u00e9tique antibact\u00e9rien, beige Type de bois : tremble Dimensions : 455 x 115 x 325 mm","_links":{"self":[{"href":"https:\/\/gervi.be\/fr\/wp-json\/wp\/v2\/product\/13257","targetHints":{"allow":["GET"]}}],"collection":[{"href":"https:\/\/gervi.be\/fr\/wp-json\/wp\/v2\/product"}],"about":[{"href":"https:\/\/gervi.be\/fr\/wp-json\/wp\/v2\/types\/product"}],"wp:featuredmedia":[{"embeddable":true,"href":"https:\/\/gervi.be\/fr\/wp-json\/wp\/v2\/media\/13262"}],"wp:attachment":[{"href":"https:\/\/gervi.be\/fr\/wp-json\/wp\/v2\/media?parent=13257"}],"wp:term":[{"taxonomy":"product_brand","embeddable":true,"href":"https:\/\/gervi.be\/fr\/wp-json\/wp\/v2\/product_brand?post=13257"},{"taxonomy":"product_cat","embeddable":true,"href":"https:\/\/gervi.be\/fr\/wp-json\/wp\/v2\/product_cat?post=13257"},{"taxonomy":"product_tag","embeddable":true,"href":"https:\/\/gervi.be\/fr\/wp-json\/wp\/v2\/product_tag?post=13257"}],"curies":[{"name":"wp","href":"https:\/\/api.w.org\/{rel}","templated":true}]}}