{"id":13248,"date":"2023-08-29T13:49:18","date_gmt":"2023-08-29T11:49:18","guid":{"rendered":"https:\/\/gervi.be\/shop\/set-de-parfum-activ\/"},"modified":"2025-09-04T13:30:32","modified_gmt":"2025-09-04T11:30:32","slug":"parfum-set-activ","status":"publish","type":"product","link":"https:\/\/gervi.be\/fr\/produit\/parfum-set-activ\/","title":{"rendered":"Set de parfum Activ"},"content":{"rendered":"<p>Le <strong>set de parfums Activ<\/strong> combine des huiles rafra\u00eechissantes et stimulantes telles que <strong>le Zitronen\u00f6l<\/strong> (huile de citron), le <strong>Latschenkiefer\u00f6l<\/strong> (huile de pin de montagne) et l&#8217;<strong>Eucalyptus.<\/strong><\/p>\n<ul>\n<li>Le <strong>Zitronen\u00f6l<\/strong> offre un parfum rafra\u00eechissant et lumineux et est connu pour ses propri\u00e9t\u00e9s antibact\u00e9riennes et sa capacit\u00e9 \u00e0 am\u00e9liorer la concentration.<\/li>\n<li><strong>Le Latschenkiefer\u00f6l<\/strong>, d\u00e9riv\u00e9 du pin de montagne, aide \u00e0 d\u00e9gager les voies respiratoires et \u00e0 d\u00e9tendre les muscles.<\/li>\n<li>L<strong>&#8216;eucalyptus<\/strong> rafra\u00eechit et ouvre les sinus. Ce coffret est parfait pour stimuler votre niveau d&#8217;\u00e9nergie et vous offrir une exp\u00e9rience de bien-\u00eatre stimulante. <\/li>\n<\/ul>\n<p>Les huiles essentielles 100% naturelles font de ce coffret un choix sain et revigorant.<\/p>\n","protected":false},"excerpt":{"rendered":"<ul>\n<li>Huiles essentielles 100% naturelles\n<\/li>\n<li>Zitronen\u00f6l, Latschenkiefer\u00f6l et Eucalyptus\n<\/li>\n<li>Contenu : 3 x 10 ml<\/li>\n<\/ul>\n","protected":false},"featured_media":13252,"template":"","meta":{"_acf_changed":false,"_uag_custom_page_level_css":"","site-sidebar-layout":"default","site-content-layout":"","ast-site-content-layout":"default","site-content-style":"default","site-sidebar-style":"default","ast-global-header-display":"","ast-banner-title-visibility":"","ast-main-header-display":"","ast-hfb-above-header-display":"","ast-hfb-below-header-display":"","ast-hfb-mobile-header-display":"","site-post-title":"","ast-breadcrumbs-content":"","ast-featured-img":"","footer-sml-layout":"","ast-disable-related-posts":"","theme-transparent-header-meta":"default","adv-header-id-meta":"","stick-header-meta":"","header-above-stick-meta":"","header-main-stick-meta":"","header-below-stick-meta":"","astra-migrate-meta-layouts":"default","ast-page-background-enabled":"default","ast-page-background-meta":{"desktop":{"background-color":"","background-image":"","background-repeat":"repeat","background-position":"center center","background-size":"auto","background-attachment":"scroll","background-type":"","background-media":"","overlay-type":"","overlay-color":"","overlay-opacity":"","overlay-gradient":""},"tablet":{"background-color":"","background-image":"","background-repeat":"repeat","background-position":"center center","background-size":"auto","background-attachment":"scroll","background-type":"","background-media":"","overlay-type":"","overlay-color":"","overlay-opacity":"","overlay-gradient":""},"mobile":{"background-color":"","background-image":"","background-repeat":"repeat","background-position":"center center","background-size":"auto","background-attachment":"scroll","background-type":"","background-media":"","overlay-type":"","overlay-color":"","overlay-opacity":"","overlay-gradient":""}},"ast-content-background-meta":{"desktop":{"background-color":"var(--ast-global-color-5)","background-image":"","background-repeat":"repeat","background-position":"center center","background-size":"auto","background-attachment":"scroll","background-type":"","background-media":"","overlay-type":"","overlay-color":"","overlay-opacity":"","overlay-gradient":""},"tablet":{"background-color":"var(--ast-global-color-5)","background-image":"","background-repeat":"repeat","background-position":"center center","background-size":"auto","background-attachment":"scroll","background-type":"","background-media":"","overlay-type":"","overlay-color":"","overlay-opacity":"","overlay-gradient":""},"mobile":{"background-color":"var(--ast-global-color-5)","background-image":"","background-repeat":"repeat","background-position":"center center","background-size":"auto","background-attachment":"scroll","background-type":"","background-media":"","overlay-type":"","overlay-color":"","overlay-opacity":"","overlay-gradient":""}}},"product_brand":[],"product_cat":[791,816],"product_tag":[4503,4725,2544,4550,4730,3231,4735,4731,4726,4733,4593,4009,1314,4723,4721,4722,4720,4588,4734,4732,4543,1343,2160,2549,4685,4698,4729,4719,4728,4727,4724],"class_list":{"0":"post-13248","1":"product","2":"type-product","3":"status-publish","4":"has-post-thumbnail","6":"product_cat-cabine-infrarouge","7":"product_cat-huiles","8":"product_tag-accessoires-pour-sauna","9":"product_tag-ameliorer-la-concentration","10":"product_tag-aromatherapie-fr","11":"product_tag-arome-deucalyptus","12":"product_tag-arome-de-citron","13":"product_tag-arome-de-pin-de-montagne","14":"product_tag-bien-etre-naturel","15":"product_tag-bien-etre-rafraichissant","16":"product_tag-detendre-les-muscles","17":"product_tag-ensemble-de-parfums-sains","18":"product_tag-experience-de-bien-etre","19":"product_tag-explorez-votre-style-de-vie-fr","20":"product_tag-gervi-fr","21":"product_tag-huile-deucalyptus","22":"product_tag-huile-de-citron","23":"product_tag-huile-de-pin-de-montagne","24":"product_tag-huiles-essentielles-fr","25":"product_tag-huiles-naturelles","26":"product_tag-huiles-revigorantes","27":"product_tag-maintenir-le-niveau-denergie","28":"product_tag-ouvrir-les-voies-respiratoires","29":"product_tag-parfum-de-sauna","30":"product_tag-parfum-frais","31":"product_tag-parfum-rafraichissant","32":"product_tag-proprietes-antibacteriennes","33":"product_tag-session-de-bien-etre","34":"product_tag-set-dhuiles-essentielles","35":"product_tag-set-de-parfum-activ","36":"product_tag-set-de-senteurs-vivifiantes","37":"product_tag-sinus-ouverts","38":"product_tag-stimuler-le-bien-etre","39":"desktop-align-left","40":"tablet-align-left","41":"mobile-align-left","43":"first","44":"instock","45":"purchasable","46":"product-type-simple"},"acf":[],"uagb_featured_image_src":{"full":["https:\/\/gervi.be\/wp-content\/uploads\/2023\/08\/nr3Webshop-geurset-active.jpg",597,448,false],"thumbnail":["https:\/\/gervi.be\/wp-content\/uploads\/2023\/08\/nr3Webshop-geurset-active-150x150.jpg",150,150,true],"medium":["https:\/\/gervi.be\/wp-content\/uploads\/2023\/08\/nr3Webshop-geurset-active-300x225.jpg",300,225,true],"medium_large":["https:\/\/gervi.be\/wp-content\/uploads\/2023\/08\/nr3Webshop-geurset-active.jpg",597,448,false],"large":["https:\/\/gervi.be\/wp-content\/uploads\/2023\/08\/nr3Webshop-geurset-active.jpg",597,448,false],"1536x1536":["https:\/\/gervi.be\/wp-content\/uploads\/2023\/08\/nr3Webshop-geurset-active.jpg",597,448,false],"2048x2048":["https:\/\/gervi.be\/wp-content\/uploads\/2023\/08\/nr3Webshop-geurset-active.jpg",597,448,false],"woocommerce_thumbnail":["https:\/\/gervi.be\/wp-content\/uploads\/2023\/08\/nr3Webshop-geurset-active-300x300.jpg",300,300,true],"woocommerce_single":["https:\/\/gervi.be\/wp-content\/uploads\/2023\/08\/nr3Webshop-geurset-active.jpg",597,448,false],"woocommerce_gallery_thumbnail":["https:\/\/gervi.be\/wp-content\/uploads\/2023\/08\/nr3Webshop-geurset-active-100x100.jpg",100,100,true],"dgwt-wcas-product-suggestion":["https:\/\/gervi.be\/wp-content\/uploads\/2023\/08\/nr3Webshop-geurset-active.jpg",64,48,false]},"uagb_author_info":{"display_name":"Marjolein Nijs","author_link":"https:\/\/gervi.be\/fr\/author\/"},"uagb_comment_info":0,"uagb_excerpt":"Huiles essentielles 100% naturelles Zitronen\u00f6l, Latschenkiefer\u00f6l et Eucalyptus Contenu : 3 x 10 ml","_links":{"self":[{"href":"https:\/\/gervi.be\/fr\/wp-json\/wp\/v2\/product\/13248","targetHints":{"allow":["GET"]}}],"collection":[{"href":"https:\/\/gervi.be\/fr\/wp-json\/wp\/v2\/product"}],"about":[{"href":"https:\/\/gervi.be\/fr\/wp-json\/wp\/v2\/types\/product"}],"wp:featuredmedia":[{"embeddable":true,"href":"https:\/\/gervi.be\/fr\/wp-json\/wp\/v2\/media\/13252"}],"wp:attachment":[{"href":"https:\/\/gervi.be\/fr\/wp-json\/wp\/v2\/media?parent=13248"}],"wp:term":[{"taxonomy":"product_brand","embeddable":true,"href":"https:\/\/gervi.be\/fr\/wp-json\/wp\/v2\/product_brand?post=13248"},{"taxonomy":"product_cat","embeddable":true,"href":"https:\/\/gervi.be\/fr\/wp-json\/wp\/v2\/product_cat?post=13248"},{"taxonomy":"product_tag","embeddable":true,"href":"https:\/\/gervi.be\/fr\/wp-json\/wp\/v2\/product_tag?post=13248"}],"curies":[{"name":"wp","href":"https:\/\/api.w.org\/{rel}","templated":true}]}}