{"id":13242,"date":"2023-08-29T13:49:18","date_gmt":"2023-08-29T11:49:18","guid":{"rendered":"https:\/\/gervi.be\/shop\/pin-a-huile\/"},"modified":"2024-09-17T16:13:07","modified_gmt":"2024-09-17T14:13:07","slug":"aligne-sur-le-petrole","status":"publish","type":"product","link":"https:\/\/gervi.be\/fr\/produit\/aligne-sur-le-petrole\/","title":{"rendered":"Pin \u00e0 huile"},"content":{"rendered":"<p>L&#8217;<strong>huile de pin suisse<\/strong> provient du pin de montagne, un arbre connu pour ses propri\u00e9t\u00e9s purifiantes et relaxantes.<br \/>\nL&#8217;odeur du pin suisse est bois\u00e9e et fra\u00eeche, ce qui la rend id\u00e9ale pour une utilisation dans une cabine infrarouge.<br \/>\nLorsque vous diffusez l&#8217;huile, elle lib\u00e8re les voies respiratoires, ce qui soulage les personnes souffrant de probl\u00e8mes respiratoires.<br \/>\nL&#8217;effet calmant du pin de montagne contribue \u00e9galement \u00e0 r\u00e9duire le stress et \u00e0 atteindre un \u00e9tat de relaxation plus profond.<br \/>\nEn outre, l&#8217;huile de pin sylvestre a des propri\u00e9t\u00e9s anti-inflammatoires et antiseptiques, ce qui signifie qu&#8217;elle assainit l&#8217;air et contribue \u00e0 un environnement plus sain.<br \/>\nL&#8217;utilisation de cette huile dans la cabine infrarouge est parfaite pour ceux qui souhaitent s&#8217;immerger dans la nature sans sortir de chez eux.<br \/>\nL&#8217;odeur fra\u00eeche et propre du pin de montagne est revigorante pour le corps et apaisante pour l&#8217;esprit, aidant \u00e0 se d\u00e9tendre physiquement et mentalement.      <\/p>\n","protected":false},"excerpt":{"rendered":"<ul>\n<li>Volume : 150 ml<\/li>\n<\/ul>\n","protected":false},"featured_media":13244,"template":"","meta":{"_acf_changed":false,"_uag_custom_page_level_css":"","site-sidebar-layout":"default","site-content-layout":"","ast-site-content-layout":"default","site-content-style":"default","site-sidebar-style":"default","ast-global-header-display":"","ast-banner-title-visibility":"","ast-main-header-display":"","ast-hfb-above-header-display":"","ast-hfb-below-header-display":"","ast-hfb-mobile-header-display":"","site-post-title":"","ast-breadcrumbs-content":"","ast-featured-img":"","footer-sml-layout":"","ast-disable-related-posts":"","theme-transparent-header-meta":"default","adv-header-id-meta":"","stick-header-meta":"","header-above-stick-meta":"","header-main-stick-meta":"","header-below-stick-meta":"","astra-migrate-meta-layouts":"default","ast-page-background-enabled":"default","ast-page-background-meta":{"desktop":{"background-color":"","background-image":"","background-repeat":"repeat","background-position":"center center","background-size":"auto","background-attachment":"scroll","background-type":"","background-media":"","overlay-type":"","overlay-color":"","overlay-opacity":"","overlay-gradient":""},"tablet":{"background-color":"","background-image":"","background-repeat":"repeat","background-position":"center center","background-size":"auto","background-attachment":"scroll","background-type":"","background-media":"","overlay-type":"","overlay-color":"","overlay-opacity":"","overlay-gradient":""},"mobile":{"background-color":"","background-image":"","background-repeat":"repeat","background-position":"center center","background-size":"auto","background-attachment":"scroll","background-type":"","background-media":"","overlay-type":"","overlay-color":"","overlay-opacity":"","overlay-gradient":""}},"ast-content-background-meta":{"desktop":{"background-color":"var(--ast-global-color-5)","background-image":"","background-repeat":"repeat","background-position":"center center","background-size":"auto","background-attachment":"scroll","background-type":"","background-media":"","overlay-type":"","overlay-color":"","overlay-opacity":"","overlay-gradient":""},"tablet":{"background-color":"var(--ast-global-color-5)","background-image":"","background-repeat":"repeat","background-position":"center center","background-size":"auto","background-attachment":"scroll","background-type":"","background-media":"","overlay-type":"","overlay-color":"","overlay-opacity":"","overlay-gradient":""},"mobile":{"background-color":"var(--ast-global-color-5)","background-image":"","background-repeat":"repeat","background-position":"center center","background-size":"auto","background-attachment":"scroll","background-type":"","background-media":"","overlay-type":"","overlay-color":"","overlay-opacity":"","overlay-gradient":""}}},"product_brand":[],"product_cat":[791,816],"product_tag":[4503,4553,4830,4835,4547,4826,2544,4585,4595,2653,4774,3271,4593,2396,4009,1314,4834,4824,4829,4831,4832,4828,4825,4833,4543,3240,4590,4597,4827,3247,4698,4729],"class_list":{"0":"post-13242","1":"product","2":"type-product","3":"status-publish","4":"has-post-thumbnail","6":"product_cat-cabine-infrarouge","7":"product_cat-huiles","8":"product_tag-accessoires-pour-sauna","9":"product_tag-air-pur","10":"product_tag-ameliorer-la-qualite-de-lair","11":"product_tag-ameliorer-la-respiration","12":"product_tag-anti-inflammatoire","13":"product_tag-antiseptique","14":"product_tag-aromatherapie-fr","15":"product_tag-arome-boise","16":"product_tag-arome-de-pin","17":"product_tag-avantages-pour-la-sante","18":"product_tag-detendre-lesprit","19":"product_tag-eclairage-des-voies-aeriennes","20":"product_tag-experience-de-bien-etre","21":"product_tag-experience-thermale","22":"product_tag-explorez-votre-style-de-vie-fr","23":"product_tag-gervi-fr","24":"product_tag-huile-apaisante-fr","25":"product_tag-huile-de-pin","26":"product_tag-huile-essentielle","27":"product_tag-huile-pour-sauna","28":"product_tag-huile-relaxante","29":"product_tag-le-corps-se-detend","30":"product_tag-odeur-boisee-fr","31":"product_tag-odeur-de-pin","32":"product_tag-ouvrir-les-voies-respiratoires","33":"product_tag-parfums-naturels","34":"product_tag-purification-de-lair","35":"product_tag-relaxation-naturelle","36":"product_tag-respiration-profonde","37":"product_tag-sauna-bien-etre","38":"product_tag-session-de-bien-etre","39":"product_tag-set-dhuiles-essentielles","40":"desktop-align-left","41":"tablet-align-left","42":"mobile-align-left","44":"first","45":"instock","46":"purchasable","47":"product-type-simple"},"acf":[],"uagb_featured_image_src":{"full":["https:\/\/gervi.be\/wp-content\/uploads\/2023\/08\/nr3infraworldsaunaoliealpenden.jpg",627,448,false],"thumbnail":["https:\/\/gervi.be\/wp-content\/uploads\/2023\/08\/nr3infraworldsaunaoliealpenden-150x150.jpg",150,150,true],"medium":["https:\/\/gervi.be\/wp-content\/uploads\/2023\/08\/nr3infraworldsaunaoliealpenden-300x214.jpg",300,214,true],"medium_large":["https:\/\/gervi.be\/wp-content\/uploads\/2023\/08\/nr3infraworldsaunaoliealpenden.jpg",627,448,false],"large":["https:\/\/gervi.be\/wp-content\/uploads\/2023\/08\/nr3infraworldsaunaoliealpenden.jpg",627,448,false],"1536x1536":["https:\/\/gervi.be\/wp-content\/uploads\/2023\/08\/nr3infraworldsaunaoliealpenden.jpg",627,448,false],"2048x2048":["https:\/\/gervi.be\/wp-content\/uploads\/2023\/08\/nr3infraworldsaunaoliealpenden.jpg",627,448,false],"woocommerce_thumbnail":["https:\/\/gervi.be\/wp-content\/uploads\/2023\/08\/nr3infraworldsaunaoliealpenden-300x300.jpg",300,300,true],"woocommerce_single":["https:\/\/gervi.be\/wp-content\/uploads\/2023\/08\/nr3infraworldsaunaoliealpenden.jpg",627,448,false],"woocommerce_gallery_thumbnail":["https:\/\/gervi.be\/wp-content\/uploads\/2023\/08\/nr3infraworldsaunaoliealpenden-100x100.jpg",100,100,true],"dgwt-wcas-product-suggestion":["https:\/\/gervi.be\/wp-content\/uploads\/2023\/08\/nr3infraworldsaunaoliealpenden.jpg",64,46,false]},"uagb_author_info":{"display_name":"Marjolein Nijs","author_link":"https:\/\/gervi.be\/fr\/author\/"},"uagb_comment_info":0,"uagb_excerpt":"Volume : 150 ml","_links":{"self":[{"href":"https:\/\/gervi.be\/fr\/wp-json\/wp\/v2\/product\/13242","targetHints":{"allow":["GET"]}}],"collection":[{"href":"https:\/\/gervi.be\/fr\/wp-json\/wp\/v2\/product"}],"about":[{"href":"https:\/\/gervi.be\/fr\/wp-json\/wp\/v2\/types\/product"}],"wp:featuredmedia":[{"embeddable":true,"href":"https:\/\/gervi.be\/fr\/wp-json\/wp\/v2\/media\/13244"}],"wp:attachment":[{"href":"https:\/\/gervi.be\/fr\/wp-json\/wp\/v2\/media?parent=13242"}],"wp:term":[{"taxonomy":"product_brand","embeddable":true,"href":"https:\/\/gervi.be\/fr\/wp-json\/wp\/v2\/product_brand?post=13242"},{"taxonomy":"product_cat","embeddable":true,"href":"https:\/\/gervi.be\/fr\/wp-json\/wp\/v2\/product_cat?post=13242"},{"taxonomy":"product_tag","embeddable":true,"href":"https:\/\/gervi.be\/fr\/wp-json\/wp\/v2\/product_tag?post=13242"}],"curies":[{"name":"wp","href":"https:\/\/api.w.org\/{rel}","templated":true}]}}