{"id":13241,"date":"2023-08-29T13:49:18","date_gmt":"2023-08-29T11:49:18","guid":{"rendered":"https:\/\/gervi.be\/shop\/set-de-parfum-alpin\/"},"modified":"2025-09-04T13:32:31","modified_gmt":"2025-09-04T11:32:31","slug":"parfum-set-alpin","status":"publish","type":"product","link":"https:\/\/gervi.be\/fr\/produit\/parfum-set-alpin\/","title":{"rendered":"Set de parfum Alpin"},"content":{"rendered":"<p>Le <strong>coffret de senteurs Alpin<\/strong> apporte le parfum des montagnes dans votre chalet, avec une combinaison de <strong>pin suisse<\/strong>, d&#8217;<strong>aiguilles de sapin<\/strong> et d&#8217;<strong>herbes alpines autrichiennes<\/strong>.<\/p>\n<ul>\n<li>Le <strong>pin suisse<\/strong> d\u00e9tend et purifie les voies respiratoires.<\/li>\n<li>Les <strong>aiguilles d&#8217;\u00e9pic\u00e9a<\/strong> renforcent le syst\u00e8me immunitaire et contiennent des antioxydants qui facilitent la respiration.<\/li>\n<li>Les <strong>plantes alpines<\/strong> telles que l&#8217;arnica et l&#8217;alch\u00e9mille favorisent le repos et la r\u00e9cup\u00e9ration.<\/li>\n<\/ul>\n<p>Ce m\u00e9lange d&#8217;huiles essentielles 100% naturelles vous rapproche de la nature et renforce le corps et l&#8217;esprit.<\/p>\n","protected":false},"excerpt":{"rendered":"<ul>\n<li>Huiles essentielles 100% naturelles\n<\/li>\n<li>Pin suisse, aiguilles d&#8217;\u00e9pic\u00e9a et herbes alpines autrichiennes\n<\/li>\n<li>Contenu : 3 x 20 ml<\/li>\n<\/ul>\n","protected":false},"featured_media":13245,"template":"","meta":{"_acf_changed":false,"_uag_custom_page_level_css":"","site-sidebar-layout":"default","site-content-layout":"","ast-site-content-layout":"default","site-content-style":"default","site-sidebar-style":"default","ast-global-header-display":"","ast-banner-title-visibility":"","ast-main-header-display":"","ast-hfb-above-header-display":"","ast-hfb-below-header-display":"","ast-hfb-mobile-header-display":"","site-post-title":"","ast-breadcrumbs-content":"","ast-featured-img":"","footer-sml-layout":"","ast-disable-related-posts":"","theme-transparent-header-meta":"default","adv-header-id-meta":"","stick-header-meta":"","header-above-stick-meta":"","header-main-stick-meta":"","header-below-stick-meta":"","astra-migrate-meta-layouts":"default","ast-page-background-enabled":"default","ast-page-background-meta":{"desktop":{"background-color":"","background-image":"","background-repeat":"repeat","background-position":"center center","background-size":"auto","background-attachment":"scroll","background-type":"","background-media":"","overlay-type":"","overlay-color":"","overlay-opacity":"","overlay-gradient":""},"tablet":{"background-color":"","background-image":"","background-repeat":"repeat","background-position":"center center","background-size":"auto","background-attachment":"scroll","background-type":"","background-media":"","overlay-type":"","overlay-color":"","overlay-opacity":"","overlay-gradient":""},"mobile":{"background-color":"","background-image":"","background-repeat":"repeat","background-position":"center center","background-size":"auto","background-attachment":"scroll","background-type":"","background-media":"","overlay-type":"","overlay-color":"","overlay-opacity":"","overlay-gradient":""}},"ast-content-background-meta":{"desktop":{"background-color":"var(--ast-global-color-5)","background-image":"","background-repeat":"repeat","background-position":"center center","background-size":"auto","background-attachment":"scroll","background-type":"","background-media":"","overlay-type":"","overlay-color":"","overlay-opacity":"","overlay-gradient":""},"tablet":{"background-color":"var(--ast-global-color-5)","background-image":"","background-repeat":"repeat","background-position":"center center","background-size":"auto","background-attachment":"scroll","background-type":"","background-media":"","overlay-type":"","overlay-color":"","overlay-opacity":"","overlay-gradient":""},"mobile":{"background-color":"var(--ast-global-color-5)","background-image":"","background-repeat":"repeat","background-position":"center center","background-size":"auto","background-attachment":"scroll","background-type":"","background-media":"","overlay-type":"","overlay-color":"","overlay-opacity":"","overlay-gradient":""}}},"product_brand":[],"product_cat":[791,816],"product_tag":[4503,4758,4757,4764,4766,2544,4774,4593,4009,4765,1314,4759,4775,4760,4772,4767,4771,4591,4761,1343,4770,3240,4599,4762,4769,4763,4773,4768,4698,4729,4756,4728],"class_list":{"0":"post-13241","1":"product","2":"type-product","3":"status-publish","4":"has-post-thumbnail","6":"product_cat-cabine-infrarouge","7":"product_cat-huiles","8":"product_tag-accessoires-pour-sauna","9":"product_tag-aiguilles-depicea","10":"product_tag-alpenden-fr","11":"product_tag-antioxydants","12":"product_tag-arnica-fr","13":"product_tag-aromatherapie-fr","14":"product_tag-detendre-lesprit","15":"product_tag-experience-de-bien-etre","16":"product_tag-explorez-votre-style-de-vie-fr","17":"product_tag-faciliter-la-respiration-fr","18":"product_tag-gervi-fr","19":"product_tag-herbes-alpines-autrichiennes","20":"product_tag-herbes-de-montagne","21":"product_tag-huiles-essentielles-naturelles","22":"product_tag-lair-frais-des-montagnes","23":"product_tag-manteau-de-dame","24":"product_tag-melange-dherbes-alpines","25":"product_tag-parfum-apaisant-fr","26":"product_tag-parfum-de-montagne","27":"product_tag-parfum-de-sauna","28":"product_tag-parfum-relaxant","29":"product_tag-parfums-naturels","30":"product_tag-parfums-naturels-fr","31":"product_tag-purifier-les-voies-respiratoires","32":"product_tag-recuperation","33":"product_tag-renforcement-du-systeme-immunitaire","34":"product_tag-renforcer-le-corps","35":"product_tag-se-calmer","36":"product_tag-session-de-bien-etre","37":"product_tag-set-dhuiles-essentielles","38":"product_tag-set-de-parfum-alpin","39":"product_tag-set-de-senteurs-vivifiantes","40":"desktop-align-left","41":"tablet-align-left","42":"mobile-align-left","44":"first","45":"instock","46":"purchasable","47":"product-type-simple"},"acf":[],"uagb_featured_image_src":{"full":["https:\/\/gervi.be\/wp-content\/uploads\/2023\/08\/nr3Webshop-geurset-alpin.jpg",597,448,false],"thumbnail":["https:\/\/gervi.be\/wp-content\/uploads\/2023\/08\/nr3Webshop-geurset-alpin-150x150.jpg",150,150,true],"medium":["https:\/\/gervi.be\/wp-content\/uploads\/2023\/08\/nr3Webshop-geurset-alpin-300x225.jpg",300,225,true],"medium_large":["https:\/\/gervi.be\/wp-content\/uploads\/2023\/08\/nr3Webshop-geurset-alpin.jpg",597,448,false],"large":["https:\/\/gervi.be\/wp-content\/uploads\/2023\/08\/nr3Webshop-geurset-alpin.jpg",597,448,false],"1536x1536":["https:\/\/gervi.be\/wp-content\/uploads\/2023\/08\/nr3Webshop-geurset-alpin.jpg",597,448,false],"2048x2048":["https:\/\/gervi.be\/wp-content\/uploads\/2023\/08\/nr3Webshop-geurset-alpin.jpg",597,448,false],"woocommerce_thumbnail":["https:\/\/gervi.be\/wp-content\/uploads\/2023\/08\/nr3Webshop-geurset-alpin-300x300.jpg",300,300,true],"woocommerce_single":["https:\/\/gervi.be\/wp-content\/uploads\/2023\/08\/nr3Webshop-geurset-alpin.jpg",597,448,false],"woocommerce_gallery_thumbnail":["https:\/\/gervi.be\/wp-content\/uploads\/2023\/08\/nr3Webshop-geurset-alpin-100x100.jpg",100,100,true],"dgwt-wcas-product-suggestion":["https:\/\/gervi.be\/wp-content\/uploads\/2023\/08\/nr3Webshop-geurset-alpin.jpg",64,48,false]},"uagb_author_info":{"display_name":"Marjolein Nijs","author_link":"https:\/\/gervi.be\/fr\/author\/"},"uagb_comment_info":0,"uagb_excerpt":"Huiles essentielles 100% naturelles Pin suisse, aiguilles d'\u00e9pic\u00e9a et herbes alpines autrichiennes Contenu : 3 x 20 ml","_links":{"self":[{"href":"https:\/\/gervi.be\/fr\/wp-json\/wp\/v2\/product\/13241","targetHints":{"allow":["GET"]}}],"collection":[{"href":"https:\/\/gervi.be\/fr\/wp-json\/wp\/v2\/product"}],"about":[{"href":"https:\/\/gervi.be\/fr\/wp-json\/wp\/v2\/types\/product"}],"wp:featuredmedia":[{"embeddable":true,"href":"https:\/\/gervi.be\/fr\/wp-json\/wp\/v2\/media\/13245"}],"wp:attachment":[{"href":"https:\/\/gervi.be\/fr\/wp-json\/wp\/v2\/media?parent=13241"}],"wp:term":[{"taxonomy":"product_brand","embeddable":true,"href":"https:\/\/gervi.be\/fr\/wp-json\/wp\/v2\/product_brand?post=13241"},{"taxonomy":"product_cat","embeddable":true,"href":"https:\/\/gervi.be\/fr\/wp-json\/wp\/v2\/product_cat?post=13241"},{"taxonomy":"product_tag","embeddable":true,"href":"https:\/\/gervi.be\/fr\/wp-json\/wp\/v2\/product_tag?post=13241"}],"curies":[{"name":"wp","href":"https:\/\/api.w.org\/{rel}","templated":true}]}}