{"id":13219,"date":"2023-08-29T13:49:11","date_gmt":"2023-08-29T13:49:11","guid":{"rendered":"https:\/\/gervi.be\/shop\/bain-de-vapeur-matteo-thun\/"},"modified":"2023-08-29T13:49:11","modified_gmt":"2023-08-29T13:49:11","slug":"bain-de-vapeur-matteo-thun","status":"publish","type":"product","link":"https:\/\/gervi.be\/fr\/produit\/bain-de-vapeur-matteo-thun\/","title":{"rendered":"Bain de vapeur Matteo Thun"},"content":{"rendered":"<p>Le bain de vapeur Matteo Thun est enti\u00e8rement constitu\u00e9 de marbre blanc et de verre : la couleur de l&#8217;innocence et de la puret\u00e9. La fa\u00e7ade en verre d\u00e9poli est un jeu de surfaces opaques et de bandes transparentes. Cela cr\u00e9e une transparence fascinante. Cela vous permet de voir le monde ext\u00e9rieur depuis le hammam, mais pas de regarder \u00e0 l&#8217;int\u00e9rieur depuis l&#8217;ext\u00e9rieur. L&#8217;\u00e9clairage est encastr\u00e9 dans le plafond, ce qui donne l&#8217;impression que la lumi\u00e8re du soleil p\u00e9n\u00e8tre dans la cabine. D\u00e9tendez-vous dans ce bain de vapeur unique cr\u00e9\u00e9 par les designers Matteo Thun et Antonio Rodriguez.<\/p>\n","protected":false},"excerpt":{"rendered":"<ul>\n<li>Con\u00e7u par les designers Matteo Thun et Antonio Rodriguez\n<\/li>\n<li>Voir le monde ext\u00e9rieur de l&#8217;int\u00e9rieur et non l&#8217;inverse\n<\/li>\n<li>Un \u00e9clairage subtil qui imite la lumi\u00e8re du soleil\n<\/li>\n<li>Fa\u00e7ade en verre d\u00e9poli et bandes transparentes\n<\/li>\n<li><\/ul>\n","protected":false},"featured_media":13220,"template":"","meta":{"_acf_changed":false,"_uag_custom_page_level_css":"","site-sidebar-layout":"default","site-content-layout":"","ast-site-content-layout":"default","site-content-style":"default","site-sidebar-style":"default","ast-global-header-display":"","ast-banner-title-visibility":"","ast-main-header-display":"","ast-hfb-above-header-display":"","ast-hfb-below-header-display":"","ast-hfb-mobile-header-display":"","site-post-title":"","ast-breadcrumbs-content":"","ast-featured-img":"","footer-sml-layout":"","ast-disable-related-posts":"","theme-transparent-header-meta":"","adv-header-id-meta":"","stick-header-meta":"","header-above-stick-meta":"","header-main-stick-meta":"","header-below-stick-meta":"","astra-migrate-meta-layouts":"default","ast-page-background-enabled":"default","ast-page-background-meta":{"desktop":{"background-color":"","background-image":"","background-repeat":"repeat","background-position":"center center","background-size":"auto","background-attachment":"scroll","background-type":"","background-media":"","overlay-type":"","overlay-color":"","overlay-opacity":"","overlay-gradient":""},"tablet":{"background-color":"","background-image":"","background-repeat":"repeat","background-position":"center center","background-size":"auto","background-attachment":"scroll","background-type":"","background-media":"","overlay-type":"","overlay-color":"","overlay-opacity":"","overlay-gradient":""},"mobile":{"background-color":"","background-image":"","background-repeat":"repeat","background-position":"center center","background-size":"auto","background-attachment":"scroll","background-type":"","background-media":"","overlay-type":"","overlay-color":"","overlay-opacity":"","overlay-gradient":""}},"ast-content-background-meta":{"desktop":{"background-color":"var(--ast-global-color-5)","background-image":"","background-repeat":"repeat","background-position":"center center","background-size":"auto","background-attachment":"scroll","background-type":"","background-media":"","overlay-type":"","overlay-color":"","overlay-opacity":"","overlay-gradient":""},"tablet":{"background-color":"var(--ast-global-color-5)","background-image":"","background-repeat":"repeat","background-position":"center center","background-size":"auto","background-attachment":"scroll","background-type":"","background-media":"","overlay-type":"","overlay-color":"","overlay-opacity":"","overlay-gradient":""},"mobile":{"background-color":"var(--ast-global-color-5)","background-image":"","background-repeat":"repeat","background-position":"center center","background-size":"auto","background-attachment":"scroll","background-type":"","background-media":"","overlay-type":"","overlay-color":"","overlay-opacity":"","overlay-gradient":""}}},"product_brand":[],"product_cat":[708,804],"product_tag":[],"class_list":{"0":"post-13219","1":"product","2":"type-product","3":"status-publish","4":"has-post-thumbnail","6":"product_cat-bain-de-vapeur","7":"product_cat-klafs","8":"desktop-align-left","9":"tablet-align-left","10":"mobile-align-left","12":"first","13":"instock","14":"product-type-simple"},"acf":[],"uagb_featured_image_src":{"full":["https:\/\/gervi.be\/wp-content\/uploads\/2023\/08\/nr3Webshop-stoombad-matteu-thun.jpg",597,448,false],"thumbnail":["https:\/\/gervi.be\/wp-content\/uploads\/2023\/08\/nr3Webshop-stoombad-matteu-thun-150x150.jpg",150,150,true],"medium":["https:\/\/gervi.be\/wp-content\/uploads\/2023\/08\/nr3Webshop-stoombad-matteu-thun-300x225.jpg",300,225,true],"medium_large":["https:\/\/gervi.be\/wp-content\/uploads\/2023\/08\/nr3Webshop-stoombad-matteu-thun.jpg",597,448,false],"large":["https:\/\/gervi.be\/wp-content\/uploads\/2023\/08\/nr3Webshop-stoombad-matteu-thun.jpg",597,448,false],"1536x1536":["https:\/\/gervi.be\/wp-content\/uploads\/2023\/08\/nr3Webshop-stoombad-matteu-thun.jpg",597,448,false],"2048x2048":["https:\/\/gervi.be\/wp-content\/uploads\/2023\/08\/nr3Webshop-stoombad-matteu-thun.jpg",597,448,false],"woocommerce_thumbnail":["https:\/\/gervi.be\/wp-content\/uploads\/2023\/08\/nr3Webshop-stoombad-matteu-thun-300x300.jpg",300,300,true],"woocommerce_single":["https:\/\/gervi.be\/wp-content\/uploads\/2023\/08\/nr3Webshop-stoombad-matteu-thun.jpg",597,448,false],"woocommerce_gallery_thumbnail":["https:\/\/gervi.be\/wp-content\/uploads\/2023\/08\/nr3Webshop-stoombad-matteu-thun-100x100.jpg",100,100,true],"dgwt-wcas-product-suggestion":["https:\/\/gervi.be\/wp-content\/uploads\/2023\/08\/nr3Webshop-stoombad-matteu-thun.jpg",64,48,false]},"uagb_author_info":{"display_name":"Marjolein Nijs","author_link":"https:\/\/gervi.be\/fr\/author\/"},"uagb_comment_info":0,"uagb_excerpt":"Con\u00e7u par les designers Matteo Thun et Antonio Rodriguez Voir le monde ext\u00e9rieur de l'int\u00e9rieur et non l'inverse Un \u00e9clairage subtil qui imite la lumi\u00e8re du soleil Fa\u00e7ade en verre d\u00e9poli et bandes transparentes","_links":{"self":[{"href":"https:\/\/gervi.be\/fr\/wp-json\/wp\/v2\/product\/13219","targetHints":{"allow":["GET"]}}],"collection":[{"href":"https:\/\/gervi.be\/fr\/wp-json\/wp\/v2\/product"}],"about":[{"href":"https:\/\/gervi.be\/fr\/wp-json\/wp\/v2\/types\/product"}],"wp:featuredmedia":[{"embeddable":true,"href":"https:\/\/gervi.be\/fr\/wp-json\/wp\/v2\/media\/13220"}],"wp:attachment":[{"href":"https:\/\/gervi.be\/fr\/wp-json\/wp\/v2\/media?parent=13219"}],"wp:term":[{"taxonomy":"product_brand","embeddable":true,"href":"https:\/\/gervi.be\/fr\/wp-json\/wp\/v2\/product_brand?post=13219"},{"taxonomy":"product_cat","embeddable":true,"href":"https:\/\/gervi.be\/fr\/wp-json\/wp\/v2\/product_cat?post=13219"},{"taxonomy":"product_tag","embeddable":true,"href":"https:\/\/gervi.be\/fr\/wp-json\/wp\/v2\/product_tag?post=13219"}],"curies":[{"name":"wp","href":"https:\/\/api.w.org\/{rel}","templated":true}]}}