{"id":13189,"date":"2023-08-29T13:49:11","date_gmt":"2023-08-29T11:49:11","guid":{"rendered":"https:\/\/gervi.be\/shop\/technogym-cycle\/"},"modified":"2025-07-24T16:44:52","modified_gmt":"2025-07-24T14:44:52","slug":"technogym-cycle","status":"publish","type":"product","link":"https:\/\/gervi.be\/fr\/produit\/technogym-cycle\/","title":{"rendered":"Technogym Cycle"},"content":{"rendered":"<p><a href=\"https:\/\/gervi.be\/fr\/marques\/technogym\/\"><img decoding=\"async\" class=\"alignnone wp-image-16880\" src=\"https:\/\/gervi.be\/wp-content\/uploads\/2023\/12\/TechnoGym-300x131.png\" alt=\"Logo TechnoGym\" width=\"150\" height=\"66\" title=\"\" srcset=\"https:\/\/gervi.be\/wp-content\/uploads\/2023\/12\/TechnoGym-300x131.png 300w, https:\/\/gervi.be\/wp-content\/uploads\/2023\/12\/TechnoGym.png 322w\" sizes=\"(max-width: 150px) 100vw, 150px\" \/><\/a><\/p>\n<h2>Description<\/h2>\n<div class=\"min-h-[20px] text-message flex flex-col items-start whitespace-pre-wrap break-words [.text-message+&amp;]:mt-5 juice:w-full juice:items-end overflow-x-auto gap-2\" dir=\"auto\" data-message-author-role=\"assistant\" data-message-id=\"44a228b0-004a-4bec-96fe-ee8db54bf656\">\n<div class=\"flex w-full flex-col gap-1 juice:empty:hidden juice:first:pt-[3px]\">\n<div class=\"markdown prose w-full break-words dark:prose-invert light\">\n<p>Le Technogym Cycle est un v\u00e9lo d&#8217;appartement con\u00e7u pour allier confort et efficacit\u00e9. Ce v\u00e9lo est id\u00e9al pour toute personne, jeune ou moins jeune, qui souhaite rester en forme de mani\u00e8re simple et saine. L&#8217;une des caract\u00e9ristiques marquantes du Technogym Cycle est sa conception \u00e0 flux ouvert, qui permet aux utilisateurs de monter et de descendre facilement. Cela le rend particuli\u00e8rement accessible, m\u00eame pour les personnes \u00e0 mobilit\u00e9 r\u00e9duite.<\/p>\n<p>La selle Technogym Cycle est un autre point fort. Il est dot\u00e9 d&#8217;une surface extra-large et d&#8217;un rembourrage de selle multi-densit\u00e9. Cela offre un confort in\u00e9gal\u00e9, permettant aux utilisateurs de s&#8217;entra\u00eener plus longtemps et sans inconfort. De plus, la selle peut \u00eatre facilement r\u00e9gl\u00e9e \u00e0 l&#8217;aide d&#8217;un levier arri\u00e8re, m\u00eame en roulant, ce qui garantit une position assise optimale et une exp\u00e9rience d&#8217;entra\u00eenement personnalis\u00e9e.<\/p>\n<p>La console du Technogym Cycle fournit toutes les informations n\u00e9cessaires au suivi des progr\u00e8s. Cette console peut \u00eatre utilis\u00e9e avec ou sans tablette, ce qui permet aux utilisateurs de personnaliser leur exp\u00e9rience d&#8217;entra\u00eenement. La conception compacte du Technogym Cycle n&#8217;occupe que 0,7 m\u00b2, avec une largeur de 60 cm, ce qui le rend id\u00e9al pour les espaces plus restreints.<\/p>\n<p>La stabilit\u00e9 et la robustesse sont des caract\u00e9ristiques essentielles du cycle Technogym. L&#8217;appareil est con\u00e7u pour supporter un poids maximal de 180 kg, ce qui le rend adapt\u00e9 \u00e0 un large \u00e9ventail d&#8217;utilisateurs. Le v\u00e9lo d&#8217;appartement est ainsi non seulement stable, mais aussi durable et fiable.<\/p>\n<p>Un autre grand avantage du Technogym Cycle est sa compatibilit\u00e9 avec l&#8217;application Technogym Live. Cette application propose des s\u00e9ances d&#8217;entra\u00eenement personnalis\u00e9es, ce qui aide les utilisateurs \u00e0 rester motiv\u00e9s et \u00e0 atteindre leurs objectifs d&#8217;entra\u00eenement. L&#8217;application propose diverses fonctionnalit\u00e9s telles que l&#8217;entra\u00eenement \u00e0 la RCP, o\u00f9 la fr\u00e9quence cardiaque d\u00e9termine l&#8217;intensit\u00e9 de l&#8217;entra\u00eenement, et des entra\u00eenements en plein air qui permettent aux utilisateurs de parcourir virtuellement des paysages mondiaux \u00e0 v\u00e9lo. La fonction d&#8217;entra\u00eenement personnalis\u00e9 permet aux utilisateurs de d\u00e9finir des entra\u00eenements cibl\u00e9s, tels que la dur\u00e9e, la distance ou les calories, et offre un large \u00e9ventail d&#8217;entra\u00eenements pr\u00e9programm\u00e9s, du cardio pur aux s\u00e9ances intenses de HIIT.<\/p>\n<p>En outre, des sessions et des routines Technogym sont disponibles, o\u00f9 les utilisateurs sont guid\u00e9s par des entra\u00eeneurs et peuvent suivre des exercices vid\u00e9o. La vitesse et la r\u00e9sistance du v\u00e9lo d&#8217;appartement s&#8217;adaptent automatiquement aux exercices choisis, ce qui garantit un entra\u00eenement personnalis\u00e9 et efficace. La musique joue \u00e9galement un r\u00f4le important dans l&#8217;exp\u00e9rience de l&#8217;entra\u00eenement, les listes de lecture de Technogym Music permettant aux utilisateurs de p\u00e9daler au rythme de la musique et de se motiver davantage pendant leur entra\u00eenement.<\/p>\n<p>Le Technogym Cycle est \u00e9galement compatible avec l&#8217;Apple Watch, ce qui permet aux utilisateurs de synchroniser leur fr\u00e9quence cardiaque et leurs donn\u00e9es d&#8217;entra\u00eenement avec Apple Health. Le suivi des progr\u00e8s et la r\u00e9alisation des objectifs de fitness sont ainsi encore plus faciles et s&#8217;int\u00e8grent \u00e0 la technologie de tous les jours.<\/p>\n<p>Les dimensions du cycle Technogym sont de 1 140 x 600 x 1 360 mm et son poids est de 62 kg. Sa taille compacte et son poids l\u00e9ger permettent de le d\u00e9placer facilement et de le placer dans diff\u00e9rentes pi\u00e8ces de la maison.<\/p>\n<p>Outre son design et sa fonctionnalit\u00e9 impressionnants, le cycle Technogym offre \u00e9galement une qualit\u00e9 et une durabilit\u00e9 excellentes. Construit pour durer, le v\u00e9lo d&#8217;appartement est dot\u00e9 d&#8217;une structure robuste qui peut r\u00e9sister \u00e0 une utilisation intensive. Il s&#8217;agit donc d&#8217;un investissement rentable pour toute personne soucieuse de sa forme et de sa sant\u00e9.<\/p>\n<p>Le Technogym Cycle n&#8217;est pas seulement un v\u00e9lo d&#8217;exercice, mais une solution de fitness compl\u00e8te qui aide les utilisateurs \u00e0 atteindre leurs objectifs d&#8217;entra\u00eenement de mani\u00e8re confortable et efficace. Avec ses fonctions avanc\u00e9es, son design convivial et sa compatibilit\u00e9 avec les technologies modernes, le Technogym Cycle est un excellent choix pour le fitness \u00e0 domicile.<\/p>\n<p>L&#8217;appareil est \u00e9galement con\u00e7u dans un souci d&#8217;esth\u00e9tique et s&#8217;int\u00e8gre parfaitement \u00e0 tout environnement, qu&#8217;il s&#8217;agisse du salon, de la chambre \u00e0 coucher ou d&#8217;une salle de sport d\u00e9di\u00e9e. Ses lignes \u00e9pur\u00e9es et son aspect moderne en font un compl\u00e9ment attrayant pour tout int\u00e9rieur.<\/p>\n<p>Le Technogym Cycle offre une combinaison in\u00e9gal\u00e9e de confort, d&#8217;efficacit\u00e9 et de fonctionnalit\u00e9. L&#8217;appareil est con\u00e7u pour aider les utilisateurs \u00e0 atteindre leurs objectifs de remise en forme de mani\u00e8re simple et agr\u00e9able. Avec ses fonctions avanc\u00e9es, sa construction robuste et son design attrayant, le Technogym Cycle est l&#8217;un des meilleurs choix sur le march\u00e9 pour un usage domestique. Cela en fait non seulement un appareil d&#8217;entra\u00eenement efficace, mais aussi un investissement pr\u00e9cieux pour la sant\u00e9 et le bien-\u00eatre de chaque utilisateur.<\/p>\n<\/div>\n<\/div>\n<\/div>\n","protected":false},"excerpt":{"rendered":"<ul>\n<li>Dimensions : 1 140 x 600 x 1 360 mm<\/li>\n<li>Poids : 62 kg<\/li>\n<li>Capacit\u00e9 de charge maximale : 180 kg<\/li>\n<li>Selle : extra large, facilement r\u00e9glable<\/li>\n<li>Technologie : console avec suivi de la progression, compatible avec l&#8217;appli Technogym Live et l&#8217;Apple Watch.<\/li>\n<\/ul>\n","protected":false},"featured_media":23867,"template":"","meta":{"_acf_changed":false,"_uag_custom_page_level_css":"","site-sidebar-layout":"default","site-content-layout":"","ast-site-content-layout":"default","site-content-style":"default","site-sidebar-style":"default","ast-global-header-display":"","ast-banner-title-visibility":"","ast-main-header-display":"","ast-hfb-above-header-display":"","ast-hfb-below-header-display":"","ast-hfb-mobile-header-display":"","site-post-title":"","ast-breadcrumbs-content":"","ast-featured-img":"","footer-sml-layout":"","ast-disable-related-posts":"","theme-transparent-header-meta":"default","adv-header-id-meta":"","stick-header-meta":"","header-above-stick-meta":"","header-main-stick-meta":"","header-below-stick-meta":"","astra-migrate-meta-layouts":"set","ast-page-background-enabled":"default","ast-page-background-meta":{"desktop":{"background-color":"","background-image":"","background-repeat":"repeat","background-position":"center center","background-size":"auto","background-attachment":"scroll","background-type":"","background-media":"","overlay-type":"","overlay-color":"","overlay-opacity":"","overlay-gradient":""},"tablet":{"background-color":"","background-image":"","background-repeat":"repeat","background-position":"center center","background-size":"auto","background-attachment":"scroll","background-type":"","background-media":"","overlay-type":"","overlay-color":"","overlay-opacity":"","overlay-gradient":""},"mobile":{"background-color":"","background-image":"","background-repeat":"repeat","background-position":"center center","background-size":"auto","background-attachment":"scroll","background-type":"","background-media":"","overlay-type":"","overlay-color":"","overlay-opacity":"","overlay-gradient":""}},"ast-content-background-meta":{"desktop":{"background-color":"var(--ast-global-color-5)","background-image":"","background-repeat":"repeat","background-position":"center center","background-size":"auto","background-attachment":"scroll","background-type":"","background-media":"","overlay-type":"","overlay-color":"","overlay-opacity":"","overlay-gradient":""},"tablet":{"background-color":"var(--ast-global-color-5)","background-image":"","background-repeat":"repeat","background-position":"center center","background-size":"auto","background-attachment":"scroll","background-type":"","background-media":"","overlay-type":"","overlay-color":"","overlay-opacity":"","overlay-gradient":""},"mobile":{"background-color":"var(--ast-global-color-5)","background-image":"","background-repeat":"repeat","background-position":"center center","background-size":"auto","background-attachment":"scroll","background-type":"","background-media":"","overlay-type":"","overlay-color":"","overlay-opacity":"","overlay-gradient":""}}},"product_brand":[],"product_cat":[665,668],"product_tag":[],"class_list":{"0":"post-13189","1":"product","2":"type-product","3":"status-publish","4":"has-post-thumbnail","6":"product_cat-equipements-de-remise-en-forme","7":"product_cat-velos-dappartement","8":"desktop-align-left","9":"tablet-align-left","10":"mobile-align-left","12":"first","13":"instock","14":"purchasable","15":"product-type-simple"},"acf":[],"uagb_featured_image_src":{"full":["https:\/\/gervi.be\/wp-content\/uploads\/2023\/08\/Technogym-Cycle-Fitness-Gervi.jpg",2000,2000,false],"thumbnail":["https:\/\/gervi.be\/wp-content\/uploads\/2023\/08\/Technogym-Cycle-Fitness-Gervi-150x150.jpg",150,150,true],"medium":["https:\/\/gervi.be\/wp-content\/uploads\/2023\/08\/Technogym-Cycle-Fitness-Gervi-300x300.jpg",300,300,true],"medium_large":["https:\/\/gervi.be\/wp-content\/uploads\/2023\/08\/Technogym-Cycle-Fitness-Gervi-768x768.jpg",768,768,true],"large":["https:\/\/gervi.be\/wp-content\/uploads\/2023\/08\/Technogym-Cycle-Fitness-Gervi-1024x1024.jpg",1024,1024,true],"1536x1536":["https:\/\/gervi.be\/wp-content\/uploads\/2023\/08\/Technogym-Cycle-Fitness-Gervi-1536x1536.jpg",1536,1536,true],"2048x2048":["https:\/\/gervi.be\/wp-content\/uploads\/2023\/08\/Technogym-Cycle-Fitness-Gervi.jpg",2000,2000,false],"woocommerce_thumbnail":["https:\/\/gervi.be\/wp-content\/uploads\/2023\/08\/Technogym-Cycle-Fitness-Gervi-2000x1500.jpg",2000,1500,true],"woocommerce_single":["https:\/\/gervi.be\/wp-content\/uploads\/2023\/08\/Technogym-Cycle-Fitness-Gervi.jpg",2000,2000,false],"woocommerce_gallery_thumbnail":["https:\/\/gervi.be\/wp-content\/uploads\/2023\/08\/Technogym-Cycle-Fitness-Gervi-100x100.jpg",100,100,true],"dgwt-wcas-product-suggestion":["https:\/\/gervi.be\/wp-content\/uploads\/2023\/08\/Technogym-Cycle-Fitness-Gervi.jpg",64,64,false]},"uagb_author_info":{"display_name":"Marjolein Nijs","author_link":"https:\/\/gervi.be\/fr\/author\/"},"uagb_comment_info":0,"uagb_excerpt":"Dimensions : 1 140 x 600 x 1 360 mm Poids : 62 kg Capacit\u00e9 de charge maximale : 180 kg Selle : extra large, facilement r\u00e9glable Technologie : console avec suivi de la progression, compatible avec l'appli Technogym Live et l'Apple Watch.","_links":{"self":[{"href":"https:\/\/gervi.be\/fr\/wp-json\/wp\/v2\/product\/13189","targetHints":{"allow":["GET"]}}],"collection":[{"href":"https:\/\/gervi.be\/fr\/wp-json\/wp\/v2\/product"}],"about":[{"href":"https:\/\/gervi.be\/fr\/wp-json\/wp\/v2\/types\/product"}],"wp:featuredmedia":[{"embeddable":true,"href":"https:\/\/gervi.be\/fr\/wp-json\/wp\/v2\/media\/23867"}],"wp:attachment":[{"href":"https:\/\/gervi.be\/fr\/wp-json\/wp\/v2\/media?parent=13189"}],"wp:term":[{"taxonomy":"product_brand","embeddable":true,"href":"https:\/\/gervi.be\/fr\/wp-json\/wp\/v2\/product_brand?post=13189"},{"taxonomy":"product_cat","embeddable":true,"href":"https:\/\/gervi.be\/fr\/wp-json\/wp\/v2\/product_cat?post=13189"},{"taxonomy":"product_tag","embeddable":true,"href":"https:\/\/gervi.be\/fr\/wp-json\/wp\/v2\/product_tag?post=13189"}],"curies":[{"name":"wp","href":"https:\/\/api.w.org\/{rel}","templated":true}]}}