{"id":13185,"date":"2023-08-29T13:49:04","date_gmt":"2023-08-29T11:49:04","guid":{"rendered":"https:\/\/gervi.be\/shop\/nettoyage-du-filtre-esp\/"},"modified":"2024-12-23T15:11:18","modified_gmt":"2024-12-23T14:11:18","slug":"filter-clean-esp","status":"publish","type":"product","link":"https:\/\/gervi.be\/fr\/produit\/filter-clean-esp\/","title":{"rendered":"Nettoyage du filtre (1 L)"},"content":{"rendered":"<h2>Nettoyage du filtre<\/h2>\n<p>Une formule concentr\u00e9e qui \u00e9limine la salet\u00e9, le savon et l&#8217;huile de vos filtres. En fonction de l&#8217;intensit\u00e9 de l&#8217;utilisation du spa, nettoyez les filtres avec ce produit tous les 3-4 mois.<\/p>\n<p>Filter Clean est un nettoyant concentr\u00e9 con\u00e7u pour nettoyer et d\u00e9graisser en profondeur les filtres des spas. Cette formule puissante \u00e9limine la salet\u00e9, l&#8217;huile, la graisse et le calcaire, permettant au filtre de votre spa de fonctionner \u00e0 nouveau de mani\u00e8re optimale. L&#8217;utilisation r\u00e9guli\u00e8re de Filter Clean prolonge la dur\u00e9e de vie de vos filtres et am\u00e9liore la qualit\u00e9 de l&#8217;eau.<\/p>\n<h2>Caract\u00e9ristiques<\/h2>\n<ul>\n<li>Contenu : 1 litre<\/li>\n<li>Formule concentr\u00e9e<\/li>\n<li>\u00c9limine l&#8217;huile, la graisse, la salet\u00e9 et les d\u00e9p\u00f4ts de calcium<\/li>\n<li>Convient aux filtres \u00e0 cartouche des spas<\/li>\n<li>Am\u00e9liore la capacit\u00e9 du filtre<\/li>\n<\/ul>\n<h2>Avantages<\/h2>\n<p>Filter Clean offre un nettoyage en profondeur des filtres de votre spa, ce qui est essentiel pour maintenir une eau de spa propre et saine. En \u00e9liminant la salet\u00e9, l&#8217;huile et la graisse, le produit emp\u00eache l&#8217;accumulation de bact\u00e9ries dans les filtres. Cela permet d&#8217;am\u00e9liorer la circulation de l&#8217;eau et l&#8217;efficacit\u00e9 du filtre. En outre, il prolonge la dur\u00e9e de vie des filtres, ce qui r\u00e9duit la n\u00e9cessit\u00e9 d&#8217;en acheter de nouveaux. L&#8217;utilisation r\u00e9guli\u00e8re de ce nettoyant permettra \u00e0 l&#8217;eau de votre spa de rester cristalline et r\u00e9duira la n\u00e9cessit\u00e9 d&#8217;effectuer des changements d&#8217;eau fr\u00e9quents.<\/p>\n<h2>Manuel de l&#8217;utilisateur<\/h2>\n<ul>\n<li>Retirez les filtres du spa<\/li>\n<li>Remplissez un seau d&#8217;environ 30 litres d&#8217;eau propre et ajoutez 1\/3 de bouteille de Filter Clean.<\/li>\n<li>M\u00e9langez bien la solution<\/li>\n<li>Immergez compl\u00e8tement les filtres dans la solution<\/li>\n<li>Faites tremper les filtres pendant au moins 3 heures, ou de pr\u00e9f\u00e9rence toute la nuit.<\/li>\n<li>Retirez les filtres de la solution et rincez-les soigneusement \u00e0 l&#8217;eau claire.<\/li>\n<li>Remplacez les filtres du spa<\/li>\n<\/ul>\n<h2>Conseils<\/h2>\n<ul>\n<li>Nettoyez les filtres de votre spa toutes les 2 \u00e0 4 semaines pour une performance optimale.<\/li>\n<li>Laissez le filtre s\u00e9cher compl\u00e8tement apr\u00e8s le nettoyage pour \u00e9liminer les derni\u00e8res bact\u00e9ries.<\/li>\n<li>Pour un nettoyage en profondeur, faites tremper le filtre pendant une nuit dans une solution chlor\u00e9e apr\u00e8s avoir utilis\u00e9 Filter Clean.<\/li>\n<li>Conservez le flacon dans un endroit frais et sec, hors de port\u00e9e des enfants.<\/li>\n<li>Combinez avec d&#8217;autres produits d&#8217;entretien pour un soin complet du spa<\/li>\n<\/ul>\n","protected":false},"excerpt":{"rendered":"<p>Filter Clean est un nettoyant hautement concentr\u00e9 pour les filtres de spa. \u00c9limine la salet\u00e9, l&#8217;huile, la graisse et le calcaire. Am\u00e9liore la capacit\u00e9 du filtre et prolonge sa dur\u00e9e de vie. Utiliser toutes les 2 \u00e0 4 semaines.<\/p>\n","protected":false},"featured_media":28020,"template":"","meta":{"_acf_changed":false,"_uag_custom_page_level_css":"","site-sidebar-layout":"default","site-content-layout":"","ast-site-content-layout":"default","site-content-style":"default","site-sidebar-style":"default","ast-global-header-display":"","ast-banner-title-visibility":"","ast-main-header-display":"","ast-hfb-above-header-display":"","ast-hfb-below-header-display":"","ast-hfb-mobile-header-display":"","site-post-title":"","ast-breadcrumbs-content":"","ast-featured-img":"","footer-sml-layout":"","ast-disable-related-posts":"","theme-transparent-header-meta":"default","adv-header-id-meta":"","stick-header-meta":"","header-above-stick-meta":"","header-main-stick-meta":"","header-below-stick-meta":"","astra-migrate-meta-layouts":"default","ast-page-background-enabled":"default","ast-page-background-meta":{"desktop":{"background-color":"","background-image":"","background-repeat":"repeat","background-position":"center center","background-size":"auto","background-attachment":"scroll","background-type":"","background-media":"","overlay-type":"","overlay-color":"","overlay-opacity":"","overlay-gradient":""},"tablet":{"background-color":"","background-image":"","background-repeat":"repeat","background-position":"center center","background-size":"auto","background-attachment":"scroll","background-type":"","background-media":"","overlay-type":"","overlay-color":"","overlay-opacity":"","overlay-gradient":""},"mobile":{"background-color":"","background-image":"","background-repeat":"repeat","background-position":"center center","background-size":"auto","background-attachment":"scroll","background-type":"","background-media":"","overlay-type":"","overlay-color":"","overlay-opacity":"","overlay-gradient":""}},"ast-content-background-meta":{"desktop":{"background-color":"var(--ast-global-color-5)","background-image":"","background-repeat":"repeat","background-position":"center center","background-size":"auto","background-attachment":"scroll","background-type":"","background-media":"","overlay-type":"","overlay-color":"","overlay-opacity":"","overlay-gradient":""},"tablet":{"background-color":"var(--ast-global-color-5)","background-image":"","background-repeat":"repeat","background-position":"center center","background-size":"auto","background-attachment":"scroll","background-type":"","background-media":"","overlay-type":"","overlay-color":"","overlay-opacity":"","overlay-gradient":""},"mobile":{"background-color":"var(--ast-global-color-5)","background-image":"","background-repeat":"repeat","background-position":"center center","background-size":"auto","background-attachment":"scroll","background-type":"","background-media":"","overlay-type":"","overlay-color":"","overlay-opacity":"","overlay-gradient":""}}},"product_brand":[],"product_cat":[635,690],"product_tag":[2110,2113,2107,1394,2112,2106,2108,2109,2077,1391,1392,2076,1806,2042,2102,1314,1390,1406,2065,2105,2114,2103,1393,2111],"class_list":{"0":"post-13185","1":"product","2":"type-product","3":"status-publish","4":"has-post-thumbnail","6":"product_cat-jacuzzi-fr","7":"product_cat-produits-dentretien","8":"product_tag-ameliorer-la-capacite-de-filtration","9":"product_tag-ameliorer-la-circulation-de-leau","10":"product_tag-degraissage-des-huiles","11":"product_tag-desinfection","12":"product_tag-eau-cristalline","13":"product_tag-elimination-de-la-salete-fr","14":"product_tag-elimination-des-graisses","15":"product_tag-elimination-du-calcaire-fr","16":"product_tag-eliminer-les-bacteries-fr","17":"product_tag-entretien","18":"product_tag-entretien-de-leau","19":"product_tag-entretien-du-jacuzzi","20":"product_tag-entretien-du-spa","21":"product_tag-entretien-regulier","22":"product_tag-formule-concentree","23":"product_tag-gervi-fr","24":"product_tag-jacuzzi-fr","25":"product_tag-nettoyage","26":"product_tag-nettoyage-du-jacuzzi-fr-2","27":"product_tag-nettoyeur-de-filtre-de-spa","28":"product_tag-qualite-de-leau-du-spa","29":"product_tag-soins-du-spa","30":"product_tag-traitement-de-leau","31":"product_tag-une-duree-de-vie-plus-longue-du-filtre","32":"desktop-align-left","33":"tablet-align-left","34":"mobile-align-left","36":"first","37":"instock","38":"purchasable","39":"product-type-simple"},"acf":[],"uagb_featured_image_src":{"full":["https:\/\/gervi.be\/wp-content\/uploads\/2023\/08\/Filter-Clean.jpg",1500,1500,false],"thumbnail":["https:\/\/gervi.be\/wp-content\/uploads\/2023\/08\/Filter-Clean-150x150.jpg",150,150,true],"medium":["https:\/\/gervi.be\/wp-content\/uploads\/2023\/08\/Filter-Clean-300x300.jpg",300,300,true],"medium_large":["https:\/\/gervi.be\/wp-content\/uploads\/2023\/08\/Filter-Clean-768x768.jpg",768,768,true],"large":["https:\/\/gervi.be\/wp-content\/uploads\/2023\/08\/Filter-Clean-1024x1024.jpg",1024,1024,true],"1536x1536":["https:\/\/gervi.be\/wp-content\/uploads\/2023\/08\/Filter-Clean.jpg",1500,1500,false],"2048x2048":["https:\/\/gervi.be\/wp-content\/uploads\/2023\/08\/Filter-Clean.jpg",1500,1500,false],"woocommerce_thumbnail":["https:\/\/gervi.be\/wp-content\/uploads\/2023\/08\/Filter-Clean.jpg",1500,1500,false],"woocommerce_single":["https:\/\/gervi.be\/wp-content\/uploads\/2023\/08\/Filter-Clean.jpg",1500,1500,false],"woocommerce_gallery_thumbnail":["https:\/\/gervi.be\/wp-content\/uploads\/2023\/08\/Filter-Clean-100x100.jpg",100,100,true],"dgwt-wcas-product-suggestion":["https:\/\/gervi.be\/wp-content\/uploads\/2023\/08\/Filter-Clean.jpg",64,64,false]},"uagb_author_info":{"display_name":"Marjolein Nijs","author_link":"https:\/\/gervi.be\/fr\/author\/"},"uagb_comment_info":0,"uagb_excerpt":"Filter Clean est un nettoyant hautement concentr\u00e9 pour les filtres de spa. \u00c9limine la salet\u00e9, l'huile, la graisse et le calcaire. Am\u00e9liore la capacit\u00e9 du filtre et prolonge sa dur\u00e9e de vie. Utiliser toutes les 2 \u00e0 4 semaines.","_links":{"self":[{"href":"https:\/\/gervi.be\/fr\/wp-json\/wp\/v2\/product\/13185","targetHints":{"allow":["GET"]}}],"collection":[{"href":"https:\/\/gervi.be\/fr\/wp-json\/wp\/v2\/product"}],"about":[{"href":"https:\/\/gervi.be\/fr\/wp-json\/wp\/v2\/types\/product"}],"wp:featuredmedia":[{"embeddable":true,"href":"https:\/\/gervi.be\/fr\/wp-json\/wp\/v2\/media\/28020"}],"wp:attachment":[{"href":"https:\/\/gervi.be\/fr\/wp-json\/wp\/v2\/media?parent=13185"}],"wp:term":[{"taxonomy":"product_brand","embeddable":true,"href":"https:\/\/gervi.be\/fr\/wp-json\/wp\/v2\/product_brand?post=13185"},{"taxonomy":"product_cat","embeddable":true,"href":"https:\/\/gervi.be\/fr\/wp-json\/wp\/v2\/product_cat?post=13185"},{"taxonomy":"product_tag","embeddable":true,"href":"https:\/\/gervi.be\/fr\/wp-json\/wp\/v2\/product_tag?post=13185"}],"curies":[{"name":"wp","href":"https:\/\/api.w.org\/{rel}","templated":true}]}}