{"id":13184,"date":"2023-08-29T13:49:04","date_gmt":"2023-08-29T11:49:04","guid":{"rendered":"https:\/\/gervi.be\/shop\/metal-gon-esp\/"},"modified":"2025-07-24T16:45:08","modified_gmt":"2025-07-24T14:45:08","slug":"metal-gone","status":"publish","type":"product","link":"https:\/\/gervi.be\/fr\/produit\/metal-gone\/","title":{"rendered":"M\u00e9tal Gone (0.5 l)"},"content":{"rendered":"<p><img decoding=\"async\" class=\"alignnone wp-image-21014\" src=\"https:\/\/gervi.be\/wp-content\/uploads\/2024\/04\/Espada-Pure-Spa-Care-Logo-300x168.png\" alt=\"Espada Pure Spa Care - Logo\" width=\"150\" height=\"84\" title=\"\" srcset=\"https:\/\/gervi.be\/wp-content\/uploads\/2024\/04\/Espada-Pure-Spa-Care-Logo-300x168.png 300w, https:\/\/gervi.be\/wp-content\/uploads\/2024\/04\/Espada-Pure-Spa-Care-Logo-1024x572.png 1024w, https:\/\/gervi.be\/wp-content\/uploads\/2024\/04\/Espada-Pure-Spa-Care-Logo-768x429.png 768w, https:\/\/gervi.be\/wp-content\/uploads\/2024\/04\/Espada-Pure-Spa-Care-Logo-1536x858.png 1536w, https:\/\/gervi.be\/wp-content\/uploads\/2024\/04\/Espada-Pure-Spa-Care-Logo.png 1920w\" sizes=\"(max-width: 150px) 100vw, 150px\" \/><\/p>\n<h2><strong><br \/>\n<\/strong>Espada Metal Gone contre les m\u00e9taux nocifs<\/h2>\n<div class=\"flex flex-grow flex-col max-w-full\">\n<div class=\"min-h-[20px] text-message flex flex-col items-start gap-3 whitespace-pre-wrap break-words [.text-message+&amp;]:mt-5 overflow-x-auto\" data-message-author-role=\"assistant\" data-message-id=\"773e3836-40d7-44d7-b550-68e8d42e1eb1\">\n<div class=\"markdown prose w-full break-words dark:prose-invert light\">\n<p>Neutralise efficacement le fer, le cuivre et les autres min\u00e9raux pr\u00e9sents dans l&#8217;eau du spa, emp\u00eachant ces min\u00e9raux de se d\u00e9poser sur la surface du spa et de causer des dommages potentiels. Il est recommand\u00e9 d&#8217;utiliser Metal Gone chaque fois que vous remplissez le spa pour neutraliser les m\u00e9taux et emp\u00eacher la formation de taches disgracieuses.<\/p>\n<h2>Propri\u00e9t\u00e9s<\/h2>\n<ul>\n<li>Pr\u00e9vient l&#8217;accumulation de fer, de cuivre et d&#8217;autres min\u00e9raux dans le spa. Cette op\u00e9ration doit \u00eatre effectu\u00e9e \u00e0 chaque changement d&#8217;eau afin de neutraliser les min\u00e9raux et d&#8217;\u00e9viter la formation de taches.<\/li>\n<\/ul>\n<h2>Avantages<\/h2>\n<ul>\n<li>Espada Metal Gone Interagit avec les contaminants m\u00e9talliques avant qu&#8217;ils n&#8217;aient une chance de se d\u00e9poser sous forme de d\u00e9p\u00f4ts invisibles sur le spa.<\/li>\n<\/ul>\n<h2>Manuel de l&#8217;utilisateur<\/h2>\n<ul>\n<li>Fr\u00e9quence d&#8217;utilisation : chaque fois que le spa est rempli<\/li>\n<li>Arr\u00eater le syst\u00e8me de filtration<\/li>\n<li>Distribuer Espada Metal Gone uniform\u00e9ment sur l&#8217;eau du spa.<\/li>\n<li>Faire fonctionner le syst\u00e8me de filtration pendant environ 30 minutes<\/li>\n<\/ul>\n<h2>Conseils<\/h2>\n<ul>\n<li>Appliquez toujours du Metal Gone lorsque vous changez l&#8217;eau du spa<\/li>\n<li>V\u00e9rifier les filtres le lendemain de l&#8217;utilisation de Metal Gone et les nettoyer si n\u00e9cessaire.<\/li>\n<\/ul>\n<h2>Consignes de s\u00e9curit\u00e9<\/h2>\n<p>Veillez \u00e0 ce que le produit soit tenu hors de port\u00e9e des enfants et stock\u00e9 dans un r\u00e9cipient ferm\u00e9 dans un endroit bien ventil\u00e9. Il est fortement recommand\u00e9 de lire les consignes de s\u00e9curit\u00e9 figurant sur l&#8217;emballage ou de contacter Gervi pour obtenir des conseils.<\/p>\n<\/div>\n<\/div>\n<\/div>\n<p>&nbsp;<\/p>\n","protected":false},"excerpt":{"rendered":"<p>Espada Metal Gone est un traitement essentiel pour les spas qui neutralise efficacement le fer, le cuivre et les autres min\u00e9raux pr\u00e9sents dans l&#8217;eau des spas, les emp\u00eachant ainsi de se d\u00e9poser sur le spa et de causer des dommages. Il est sp\u00e9cialement con\u00e7u pour \u00eatre utilis\u00e9 \u00e0 chaque remplissage du spa afin de neutraliser les m\u00e9taux et d&#8217;emp\u00eacher la formation de taches disgracieuses.<\/p>\n","protected":false},"featured_media":20980,"template":"","meta":{"_acf_changed":false,"_uag_custom_page_level_css":"","site-sidebar-layout":"default","site-content-layout":"","ast-site-content-layout":"default","site-content-style":"default","site-sidebar-style":"default","ast-global-header-display":"","ast-banner-title-visibility":"","ast-main-header-display":"","ast-hfb-above-header-display":"","ast-hfb-below-header-display":"","ast-hfb-mobile-header-display":"","site-post-title":"","ast-breadcrumbs-content":"","ast-featured-img":"","footer-sml-layout":"","ast-disable-related-posts":"","theme-transparent-header-meta":"default","adv-header-id-meta":"","stick-header-meta":"","header-above-stick-meta":"","header-main-stick-meta":"","header-below-stick-meta":"","astra-migrate-meta-layouts":"set","ast-page-background-enabled":"default","ast-page-background-meta":{"desktop":{"background-color":"","background-image":"","background-repeat":"repeat","background-position":"center center","background-size":"auto","background-attachment":"scroll","background-type":"","background-media":"","overlay-type":"","overlay-color":"","overlay-opacity":"","overlay-gradient":""},"tablet":{"background-color":"","background-image":"","background-repeat":"repeat","background-position":"center center","background-size":"auto","background-attachment":"scroll","background-type":"","background-media":"","overlay-type":"","overlay-color":"","overlay-opacity":"","overlay-gradient":""},"mobile":{"background-color":"","background-image":"","background-repeat":"repeat","background-position":"center center","background-size":"auto","background-attachment":"scroll","background-type":"","background-media":"","overlay-type":"","overlay-color":"","overlay-opacity":"","overlay-gradient":""}},"ast-content-background-meta":{"desktop":{"background-color":"var(--ast-global-color-5)","background-image":"","background-repeat":"repeat","background-position":"center center","background-size":"auto","background-attachment":"scroll","background-type":"","background-media":"","overlay-type":"","overlay-color":"","overlay-opacity":"","overlay-gradient":""},"tablet":{"background-color":"var(--ast-global-color-5)","background-image":"","background-repeat":"repeat","background-position":"center center","background-size":"auto","background-attachment":"scroll","background-type":"","background-media":"","overlay-type":"","overlay-color":"","overlay-opacity":"","overlay-gradient":""},"mobile":{"background-color":"var(--ast-global-color-5)","background-image":"","background-repeat":"repeat","background-position":"center center","background-size":"auto","background-attachment":"scroll","background-type":"","background-media":"","overlay-type":"","overlay-color":"","overlay-opacity":"","overlay-gradient":""}}},"product_brand":[],"product_cat":[635,690],"product_tag":[2070,1394,2048,2066,1391,1392,1806,1389,1314,1390,1414,1412,1416,1413,2068,1406,2065,2067,2075,2044,2037,2025,2074,2069,2071,2026,2051,2072,1393,2073],"class_list":{"0":"post-13184","1":"product","2":"type-product","3":"status-publish","4":"has-post-thumbnail","6":"product_cat-jacuzzi-fr","7":"product_cat-produits-dentretien","8":"product_tag-calcaire","9":"product_tag-desinfection","10":"product_tag-duree-de-vie-du-spa","11":"product_tag-elimination-des-metaux","12":"product_tag-entretien","13":"product_tag-entretien-de-leau","14":"product_tag-entretien-du-spa","15":"product_tag-espada-fr","16":"product_tag-gervi-fr","17":"product_tag-jacuzzi-fr","18":"product_tag-metal","19":"product_tag-metal-disparu","20":"product_tag-metal-gon-fr","21":"product_tag-metalgone-fr","22":"product_tag-mineraux-de-cuivre","23":"product_tag-nettoyage","24":"product_tag-nettoyage-du-jacuzzi-fr-2","25":"product_tag-neutralisation-du-fer","26":"product_tag-prevention-des-taches","27":"product_tag-prevention-du-calcaire","28":"product_tag-produits-chimiques-pour-le-spa","29":"product_tag-produits-espada","30":"product_tag-protection-de-la-surface","31":"product_tag-protection-du-spa","32":"product_tag-protection-minerale-fr","33":"product_tag-qualite-de-leau","34":"product_tag-soins-de-leau","35":"product_tag-systeme-de-filtration","36":"product_tag-traitement-de-leau","37":"product_tag-traitement-regulier","38":"desktop-align-left","39":"tablet-align-left","40":"mobile-align-left","42":"first","43":"instock","44":"purchasable","45":"product-type-simple"},"acf":[],"uagb_featured_image_src":{"full":["https:\/\/gervi.be\/wp-content\/uploads\/2024\/04\/Metal-Gone-Espada-Gervi.jpg",1920,1920,false],"thumbnail":["https:\/\/gervi.be\/wp-content\/uploads\/2024\/04\/Metal-Gone-Espada-Gervi-150x150.jpg",150,150,true],"medium":["https:\/\/gervi.be\/wp-content\/uploads\/2024\/04\/Metal-Gone-Espada-Gervi-300x300.jpg",300,300,true],"medium_large":["https:\/\/gervi.be\/wp-content\/uploads\/2024\/04\/Metal-Gone-Espada-Gervi-768x768.jpg",768,768,true],"large":["https:\/\/gervi.be\/wp-content\/uploads\/2024\/04\/Metal-Gone-Espada-Gervi-1024x1024.jpg",1024,1024,true],"1536x1536":["https:\/\/gervi.be\/wp-content\/uploads\/2024\/04\/Metal-Gone-Espada-Gervi-1536x1536.jpg",1536,1536,true],"2048x2048":["https:\/\/gervi.be\/wp-content\/uploads\/2024\/04\/Metal-Gone-Espada-Gervi.jpg",1920,1920,false],"woocommerce_thumbnail":["https:\/\/gervi.be\/wp-content\/uploads\/2024\/04\/Metal-Gone-Espada-Gervi-1920x1500.jpg",1920,1500,true],"woocommerce_single":["https:\/\/gervi.be\/wp-content\/uploads\/2024\/04\/Metal-Gone-Espada-Gervi.jpg",1920,1920,false],"woocommerce_gallery_thumbnail":["https:\/\/gervi.be\/wp-content\/uploads\/2024\/04\/Metal-Gone-Espada-Gervi-100x100.jpg",100,100,true],"dgwt-wcas-product-suggestion":["https:\/\/gervi.be\/wp-content\/uploads\/2024\/04\/Metal-Gone-Espada-Gervi.jpg",64,64,false]},"uagb_author_info":{"display_name":"Marjolein Nijs","author_link":"https:\/\/gervi.be\/fr\/author\/"},"uagb_comment_info":0,"uagb_excerpt":"Espada Metal Gone est un traitement essentiel pour les spas qui neutralise efficacement le fer, le cuivre et les autres min\u00e9raux pr\u00e9sents dans l'eau des spas, les emp\u00eachant ainsi de se d\u00e9poser sur le spa et de causer des dommages. Il est sp\u00e9cialement con\u00e7u pour \u00eatre utilis\u00e9 \u00e0 chaque remplissage du spa afin de neutraliser\u2026","_links":{"self":[{"href":"https:\/\/gervi.be\/fr\/wp-json\/wp\/v2\/product\/13184","targetHints":{"allow":["GET"]}}],"collection":[{"href":"https:\/\/gervi.be\/fr\/wp-json\/wp\/v2\/product"}],"about":[{"href":"https:\/\/gervi.be\/fr\/wp-json\/wp\/v2\/types\/product"}],"wp:featuredmedia":[{"embeddable":true,"href":"https:\/\/gervi.be\/fr\/wp-json\/wp\/v2\/media\/20980"}],"wp:attachment":[{"href":"https:\/\/gervi.be\/fr\/wp-json\/wp\/v2\/media?parent=13184"}],"wp:term":[{"taxonomy":"product_brand","embeddable":true,"href":"https:\/\/gervi.be\/fr\/wp-json\/wp\/v2\/product_brand?post=13184"},{"taxonomy":"product_cat","embeddable":true,"href":"https:\/\/gervi.be\/fr\/wp-json\/wp\/v2\/product_cat?post=13184"},{"taxonomy":"product_tag","embeddable":true,"href":"https:\/\/gervi.be\/fr\/wp-json\/wp\/v2\/product_tag?post=13184"}],"curies":[{"name":"wp","href":"https:\/\/api.w.org\/{rel}","templated":true}]}}