{"id":13133,"date":"2023-08-29T13:48:31","date_gmt":"2023-08-29T13:48:31","guid":{"rendered":"https:\/\/gervi.be\/shop\/tentation-florale-1l\/"},"modified":"2026-04-20T10:14:15","modified_gmt":"2026-04-20T08:14:15","slug":"perles-florales-1l","status":"publish","type":"product","link":"https:\/\/gervi.be\/fr\/produit\/perles-florales-1l\/","title":{"rendered":"Nappage de fleurs (1 l)"},"content":{"rendered":"<h2><a href=\"https:\/\/gervi.be\/fr\/marques\/klafs\/\"><img decoding=\"async\" class=\"alignleft wp-image-17003\" src=\"https:\/\/gervi.be\/wp-content\/uploads\/2023\/12\/Klafs-logo-300x115.png\" alt=\"Logo Klafs\" width=\"150\" height=\"57\" title=\"\" srcset=\"https:\/\/gervi.be\/wp-content\/uploads\/2023\/12\/Klafs-logo-300x115.png 300w, https:\/\/gervi.be\/wp-content\/uploads\/2023\/12\/Klafs-logo-1024x393.png 1024w, https:\/\/gervi.be\/wp-content\/uploads\/2023\/12\/Klafs-logo-768x294.png 768w, https:\/\/gervi.be\/wp-content\/uploads\/2023\/12\/Klafs-logo-600x230.png 600w, https:\/\/gervi.be\/wp-content\/uploads\/2023\/12\/Klafs-logo.png 1200w\" sizes=\"(max-width: 150px) 100vw, 150px\" \/><\/a><\/h2>\n<p>&nbsp;<\/p>\n<p>&nbsp;<\/p>\n<h2>Description<\/h2>\n<p>Floral Temptation est une combinaison sophistiqu\u00e9e de diff\u00e9rents parfums floraux qui cr\u00e9ent une atmosph\u00e8re douce et enchanteresse dans le sauna. Soigneusement m\u00e9lang\u00e9 aux essences de fleurs, cet ar\u00f4me invite \u00e0 une profonde relaxation et favorise un sentiment de bien-\u00eatre et d&#8217;harmonie. Les notes d\u00e9licates de fleurs telles que la lavande, le jasmin et la rose cr\u00e9ent une ambiance \u00e0 la fois apaisante et rafra\u00eechissante.<\/p>\n<p>Pour utiliser le parfum pour sauna Flower Beading, il est recommand\u00e9 de m\u00e9langer environ 10 millilitres du concentr\u00e9 de parfum \u00e0 un litre d&#8217;eau. Cela permet une r\u00e9partition \u00e9quilibr\u00e9e de l&#8217;ar\u00f4me lorsqu&#8217;il est vers\u00e9 sur les pierres chaudes du sauna. L&#8217;\u00e9vaporation compl\u00e8te de ce m\u00e9lange assure une diffusion continue et uniforme du parfum, remplissant tout le sauna d&#8217;un ar\u00f4me floral agr\u00e9able et durable.<\/p>\n<p>La composition de la Tentation florale contient des notes de t\u00eate, de c\u0153ur et de fond soigneusement choisies pour cr\u00e9er un profil de parfum harmonieux et persistant. Les huiles essentielles contenues dans ce concentr\u00e9 sont de haute qualit\u00e9 et s&#8217;\u00e9vaporent compl\u00e8tement, ce qui permet une utilisation propre sans r\u00e9sidus sur les pierres du sauna.<\/p>\n<p>Ce parfum est enti\u00e8rement v\u00e9g\u00e9talien et fabriqu\u00e9 sans tests sur les animaux, ce qui en fait un choix \u00e9thique pour les amateurs de bien-\u00eatre. Les perles de fleurs sont produites en Allemagne, en tenant compte des processus respectueux de l&#8217;environnement et en \u00e9vitant les longs trajets de transport, ce qui contribue \u00e0 la durabilit\u00e9 du produit.<\/p>\n<p>Sp\u00e9cialement con\u00e7u pour les saunas traditionnels et les sanariums, Flower Temptation peut \u00eatre appliqu\u00e9 de mani\u00e8re optimale en m\u00e9langeant le concentr\u00e9 de parfum avec de l&#8217;eau et en le pla\u00e7ant dans un calice ou un bol \u00e0 parfum, selon l&#8217;intensit\u00e9 souhait\u00e9e. Ce processus garantit que les senteurs florales douces et s\u00e9duisantes emplissent la pi\u00e8ce pendant longtemps, faisant de chaque s\u00e9ance de sauna une exp\u00e9rience profond\u00e9ment relaxante et enrichissante.<\/p>\n","protected":false},"excerpt":{"rendered":"<ul>\n<li>Contenu : 1 litre<\/li>\n<li>V\u00e9g\u00e9talien<\/li>\n<li>D\u00e9velopp\u00e9 sans tests sur les animaux<\/li>\n<li>Fabriqu\u00e9 en Allemagne<\/li>\n<\/ul>\n","protected":false},"featured_media":25570,"template":"","meta":{"_acf_changed":false,"_uag_custom_page_level_css":"","site-sidebar-layout":"default","site-content-layout":"","ast-site-content-layout":"default","site-content-style":"default","site-sidebar-style":"default","ast-global-header-display":"","ast-banner-title-visibility":"","ast-main-header-display":"","ast-hfb-above-header-display":"","ast-hfb-below-header-display":"","ast-hfb-mobile-header-display":"","site-post-title":"","ast-breadcrumbs-content":"","ast-featured-img":"","footer-sml-layout":"","ast-disable-related-posts":"","theme-transparent-header-meta":"default","adv-header-id-meta":"","stick-header-meta":"","header-above-stick-meta":"","header-main-stick-meta":"","header-below-stick-meta":"","astra-migrate-meta-layouts":"default","ast-page-background-enabled":"default","ast-page-background-meta":{"desktop":{"background-color":"","background-image":"","background-repeat":"repeat","background-position":"center center","background-size":"auto","background-attachment":"scroll","background-type":"","background-media":"","overlay-type":"","overlay-color":"","overlay-opacity":"","overlay-gradient":""},"tablet":{"background-color":"","background-image":"","background-repeat":"repeat","background-position":"center center","background-size":"auto","background-attachment":"scroll","background-type":"","background-media":"","overlay-type":"","overlay-color":"","overlay-opacity":"","overlay-gradient":""},"mobile":{"background-color":"","background-image":"","background-repeat":"repeat","background-position":"center center","background-size":"auto","background-attachment":"scroll","background-type":"","background-media":"","overlay-type":"","overlay-color":"","overlay-opacity":"","overlay-gradient":""}},"ast-content-background-meta":{"desktop":{"background-color":"var(--ast-global-color-5)","background-image":"","background-repeat":"repeat","background-position":"center center","background-size":"auto","background-attachment":"scroll","background-type":"","background-media":"","overlay-type":"","overlay-color":"","overlay-opacity":"","overlay-gradient":""},"tablet":{"background-color":"var(--ast-global-color-5)","background-image":"","background-repeat":"repeat","background-position":"center center","background-size":"auto","background-attachment":"scroll","background-type":"","background-media":"","overlay-type":"","overlay-color":"","overlay-opacity":"","overlay-gradient":""},"mobile":{"background-color":"var(--ast-global-color-5)","background-image":"","background-repeat":"repeat","background-position":"center center","background-size":"auto","background-attachment":"scroll","background-type":"","background-media":"","overlay-type":"","overlay-color":"","overlay-opacity":"","overlay-gradient":""}}},"product_brand":[],"product_cat":[786,3367,643],"product_tag":[3320,3227,3229,3243,3313,3322,3237,3268,3242,3264,1708,1314,3232,1339,3317,3318,1341,3319,3321,3228,1343,3315,3316,3230,3266,3265,1357,3314,3323,3295],"class_list":{"0":"post-13133","1":"product","2":"type-product","3":"status-publish","4":"has-post-thumbnail","6":"product_cat-aromes-pour-le-sauna","7":"product_cat-parfums-de-maquillage-pour-sauna","8":"product_cat-sauna-fr","9":"product_tag-arome-de-jasmin","10":"product_tag-aromes","11":"product_tag-aromes-pour-sauna","12":"product_tag-bien-etre-et-spa","13":"product_tag-blossom-spray-sauna-fragrance","14":"product_tag-blossom-wellness","15":"product_tag-cosmetiques-sans-animaux","16":"product_tag-diffusion-prolongee-des-odeurs","17":"product_tag-effets-de-purification-de-lair","18":"product_tag-experience-rafraichissante-du-sauna","19":"product_tag-explorez-votre-mode-de-vie","20":"product_tag-gervi-fr","21":"product_tag-huiles-essentielles","22":"product_tag-klafs-fr","23":"product_tag-laromatherapie-par-les-fleurs","24":"product_tag-notes-de-parfum-delicates","25":"product_tag-odeur","26":"product_tag-parfum-de-lavande-fr","27":"product_tag-parfum-de-rose","28":"product_tag-parfum-de-sauna-fr","29":"product_tag-parfum-de-sauna","30":"product_tag-parfum-floral-relaxant","31":"product_tag-parfums-naturels-de-fleurs","32":"product_tag-parfums-pour-sauna","33":"product_tag-production-en-allemagne","34":"product_tag-produits-de-sauna-vegetaliens-fr","35":"product_tag-sauna-fr","36":"product_tag-sauna-a-larome-floral","37":"product_tag-sensation-de-parfum-apaisant","38":"product_tag-une-experience-olfactive-harmonieuse","39":"desktop-align-left","40":"tablet-align-left","41":"mobile-align-left","43":"first","44":"instock","45":"purchasable","46":"product-type-simple"},"acf":[],"uagb_featured_image_src":{"full":["https:\/\/gervi.be\/wp-content\/uploads\/2023\/08\/Aromas-voor-Sauna-Bloesembekoring-KLAFS-Gervi.jpg",2000,2000,false],"thumbnail":["https:\/\/gervi.be\/wp-content\/uploads\/2023\/08\/Aromas-voor-Sauna-Bloesembekoring-KLAFS-Gervi-150x150.jpg",150,150,true],"medium":["https:\/\/gervi.be\/wp-content\/uploads\/2023\/08\/Aromas-voor-Sauna-Bloesembekoring-KLAFS-Gervi-300x300.jpg",300,300,true],"medium_large":["https:\/\/gervi.be\/wp-content\/uploads\/2023\/08\/Aromas-voor-Sauna-Bloesembekoring-KLAFS-Gervi-768x768.jpg",768,768,true],"large":["https:\/\/gervi.be\/wp-content\/uploads\/2023\/08\/Aromas-voor-Sauna-Bloesembekoring-KLAFS-Gervi-1024x1024.jpg",1024,1024,true],"1536x1536":["https:\/\/gervi.be\/wp-content\/uploads\/2023\/08\/Aromas-voor-Sauna-Bloesembekoring-KLAFS-Gervi-1536x1536.jpg",1536,1536,true],"2048x2048":["https:\/\/gervi.be\/wp-content\/uploads\/2023\/08\/Aromas-voor-Sauna-Bloesembekoring-KLAFS-Gervi.jpg",2000,2000,false],"woocommerce_thumbnail":["https:\/\/gervi.be\/wp-content\/uploads\/2023\/08\/Aromas-voor-Sauna-Bloesembekoring-KLAFS-Gervi-2000x1500.jpg",2000,1500,true],"woocommerce_single":["https:\/\/gervi.be\/wp-content\/uploads\/2023\/08\/Aromas-voor-Sauna-Bloesembekoring-KLAFS-Gervi.jpg",2000,2000,false],"woocommerce_gallery_thumbnail":["https:\/\/gervi.be\/wp-content\/uploads\/2023\/08\/Aromas-voor-Sauna-Bloesembekoring-KLAFS-Gervi-100x100.jpg",100,100,true],"dgwt-wcas-product-suggestion":["https:\/\/gervi.be\/wp-content\/uploads\/2023\/08\/Aromas-voor-Sauna-Bloesembekoring-KLAFS-Gervi.jpg",64,64,false]},"uagb_author_info":{"display_name":"Marjolein Nijs","author_link":"https:\/\/gervi.be\/fr\/author\/"},"uagb_comment_info":0,"uagb_excerpt":"Contenu : 1 litre V\u00e9g\u00e9talien D\u00e9velopp\u00e9 sans tests sur les animaux Fabriqu\u00e9 en Allemagne","_links":{"self":[{"href":"https:\/\/gervi.be\/fr\/wp-json\/wp\/v2\/product\/13133","targetHints":{"allow":["GET"]}}],"collection":[{"href":"https:\/\/gervi.be\/fr\/wp-json\/wp\/v2\/product"}],"about":[{"href":"https:\/\/gervi.be\/fr\/wp-json\/wp\/v2\/types\/product"}],"wp:featuredmedia":[{"embeddable":true,"href":"https:\/\/gervi.be\/fr\/wp-json\/wp\/v2\/media\/25570"}],"wp:attachment":[{"href":"https:\/\/gervi.be\/fr\/wp-json\/wp\/v2\/media?parent=13133"}],"wp:term":[{"taxonomy":"product_brand","embeddable":true,"href":"https:\/\/gervi.be\/fr\/wp-json\/wp\/v2\/product_brand?post=13133"},{"taxonomy":"product_cat","embeddable":true,"href":"https:\/\/gervi.be\/fr\/wp-json\/wp\/v2\/product_cat?post=13133"},{"taxonomy":"product_tag","embeddable":true,"href":"https:\/\/gervi.be\/fr\/wp-json\/wp\/v2\/product_tag?post=13133"}],"curies":[{"name":"wp","href":"https:\/\/api.w.org\/{rel}","templated":true}]}}