{"id":13130,"date":"2023-08-29T13:48:31","date_gmt":"2023-08-29T13:48:31","guid":{"rendered":"https:\/\/gervi.be\/shop\/tubsonic\/"},"modified":"2023-12-12T09:40:37","modified_gmt":"2023-12-12T09:40:37","slug":"tubsonic","status":"publish","type":"product","link":"https:\/\/gervi.be\/fr\/produit\/tubsonic\/","title":{"rendered":"TubSonic"},"content":{"rendered":"<p>TubSonic s&#8217;occupe de l&#8217;entretien de votre spa. Les vibrations ultrasoniques d\u00e9composent les mati\u00e8res organiques et emp\u00eachent le d\u00e9veloppement des algues, des bact\u00e9ries et du calcaire. Cela r\u00e9duit consid\u00e9rablement la n\u00e9cessit\u00e9 d&#8217;utiliser des produits d&#8217;entretien chimiques, ce qui est meilleur pour la peau et l&#8217;environnement.<\/p>\n","protected":false},"excerpt":{"rendered":"<p>TubSonic s&#8217;occupe de l&#8217;entretien de votre spa. Les vibrations ultrasoniques d\u00e9composent les mati\u00e8res organiques et emp\u00eachent le d\u00e9veloppement des algues, des bact\u00e9ries et du calcaire. Cela r\u00e9duit consid\u00e9rablement la n\u00e9cessit\u00e9 d&#8217;utiliser des produits d&#8217;entretien chimiques, ce qui est meilleur pour la peau et l&#8217;environnement.<\/p>\n","protected":false},"featured_media":16939,"template":"","meta":{"_acf_changed":false,"_uag_custom_page_level_css":"","site-sidebar-layout":"default","site-content-layout":"","ast-site-content-layout":"default","site-content-style":"default","site-sidebar-style":"default","ast-global-header-display":"","ast-banner-title-visibility":"","ast-main-header-display":"","ast-hfb-above-header-display":"","ast-hfb-below-header-display":"","ast-hfb-mobile-header-display":"","site-post-title":"","ast-breadcrumbs-content":"","ast-featured-img":"","footer-sml-layout":"","ast-disable-related-posts":"","theme-transparent-header-meta":"default","adv-header-id-meta":"","stick-header-meta":"","header-above-stick-meta":"","header-main-stick-meta":"","header-below-stick-meta":"","astra-migrate-meta-layouts":"default","ast-page-background-enabled":"default","ast-page-background-meta":{"desktop":{"background-color":"","background-image":"","background-repeat":"repeat","background-position":"center center","background-size":"auto","background-attachment":"scroll","background-type":"","background-media":"","overlay-type":"","overlay-color":"","overlay-opacity":"","overlay-gradient":""},"tablet":{"background-color":"","background-image":"","background-repeat":"repeat","background-position":"center center","background-size":"auto","background-attachment":"scroll","background-type":"","background-media":"","overlay-type":"","overlay-color":"","overlay-opacity":"","overlay-gradient":""},"mobile":{"background-color":"","background-image":"","background-repeat":"repeat","background-position":"center center","background-size":"auto","background-attachment":"scroll","background-type":"","background-media":"","overlay-type":"","overlay-color":"","overlay-opacity":"","overlay-gradient":""}},"ast-content-background-meta":{"desktop":{"background-color":"var(--ast-global-color-5)","background-image":"","background-repeat":"repeat","background-position":"center center","background-size":"auto","background-attachment":"scroll","background-type":"","background-media":"","overlay-type":"","overlay-color":"","overlay-opacity":"","overlay-gradient":""},"tablet":{"background-color":"var(--ast-global-color-5)","background-image":"","background-repeat":"repeat","background-position":"center center","background-size":"auto","background-attachment":"scroll","background-type":"","background-media":"","overlay-type":"","overlay-color":"","overlay-opacity":"","overlay-gradient":""},"mobile":{"background-color":"var(--ast-global-color-5)","background-image":"","background-repeat":"repeat","background-position":"center center","background-size":"auto","background-attachment":"scroll","background-type":"","background-media":"","overlay-type":"","overlay-color":"","overlay-opacity":"","overlay-gradient":""}}},"product_brand":[],"product_cat":[635,690],"product_tag":[],"class_list":{"0":"post-13130","1":"product","2":"type-product","3":"status-publish","4":"has-post-thumbnail","6":"product_cat-jacuzzi-fr","7":"product_cat-produits-dentretien","8":"desktop-align-left","9":"tablet-align-left","10":"mobile-align-left","12":"first","13":"instock","14":"purchasable","15":"product-type-simple"},"acf":[],"uagb_featured_image_src":{"full":["https:\/\/gervi.be\/wp-content\/uploads\/2023\/08\/TubSonic.jpg",600,620,false],"thumbnail":["https:\/\/gervi.be\/wp-content\/uploads\/2023\/08\/TubSonic-150x150.jpg",150,150,true],"medium":["https:\/\/gervi.be\/wp-content\/uploads\/2023\/08\/TubSonic-290x300.jpg",290,300,true],"medium_large":["https:\/\/gervi.be\/wp-content\/uploads\/2023\/08\/TubSonic.jpg",600,620,false],"large":["https:\/\/gervi.be\/wp-content\/uploads\/2023\/08\/TubSonic.jpg",600,620,false],"1536x1536":["https:\/\/gervi.be\/wp-content\/uploads\/2023\/08\/TubSonic.jpg",600,620,false],"2048x2048":["https:\/\/gervi.be\/wp-content\/uploads\/2023\/08\/TubSonic.jpg",600,620,false],"woocommerce_thumbnail":["https:\/\/gervi.be\/wp-content\/uploads\/2023\/08\/TubSonic-300x300.jpg",300,300,true],"woocommerce_single":["https:\/\/gervi.be\/wp-content\/uploads\/2023\/08\/TubSonic.jpg",600,620,false],"woocommerce_gallery_thumbnail":["https:\/\/gervi.be\/wp-content\/uploads\/2023\/08\/TubSonic-100x100.jpg",100,100,true],"dgwt-wcas-product-suggestion":["https:\/\/gervi.be\/wp-content\/uploads\/2023\/08\/TubSonic.jpg",64,66,false]},"uagb_author_info":{"display_name":"Marjolein Nijs","author_link":"https:\/\/gervi.be\/fr\/author\/"},"uagb_comment_info":0,"uagb_excerpt":"TubSonic s&#8217;occupe de l&#8217;entretien de votre spa. Les vibrations ultrasoniques d\u00e9composent les mati\u00e8res organiques et emp\u00eachent le d\u00e9veloppement des algues, des bact\u00e9ries et du calcaire. Cela r\u00e9duit consid\u00e9rablement la n\u00e9cessit\u00e9 d&#8217;utiliser des produits d&#8217;entretien chimiques, ce qui est meilleur pour la peau et l&#8217;environnement.","_links":{"self":[{"href":"https:\/\/gervi.be\/fr\/wp-json\/wp\/v2\/product\/13130","targetHints":{"allow":["GET"]}}],"collection":[{"href":"https:\/\/gervi.be\/fr\/wp-json\/wp\/v2\/product"}],"about":[{"href":"https:\/\/gervi.be\/fr\/wp-json\/wp\/v2\/types\/product"}],"wp:featuredmedia":[{"embeddable":true,"href":"https:\/\/gervi.be\/fr\/wp-json\/wp\/v2\/media\/16939"}],"wp:attachment":[{"href":"https:\/\/gervi.be\/fr\/wp-json\/wp\/v2\/media?parent=13130"}],"wp:term":[{"taxonomy":"product_brand","embeddable":true,"href":"https:\/\/gervi.be\/fr\/wp-json\/wp\/v2\/product_brand?post=13130"},{"taxonomy":"product_cat","embeddable":true,"href":"https:\/\/gervi.be\/fr\/wp-json\/wp\/v2\/product_cat?post=13130"},{"taxonomy":"product_tag","embeddable":true,"href":"https:\/\/gervi.be\/fr\/wp-json\/wp\/v2\/product_tag?post=13130"}],"curies":[{"name":"wp","href":"https:\/\/api.w.org\/{rel}","templated":true}]}}