{"id":13129,"date":"2023-08-29T13:48:31","date_gmt":"2023-08-29T13:48:31","guid":{"rendered":"https:\/\/gervi.be\/shop\/miel-1l\/"},"modified":"2026-04-20T10:14:14","modified_gmt":"2026-04-20T08:14:14","slug":"miel-1l","status":"publish","type":"product","link":"https:\/\/gervi.be\/fr\/produit\/miel-1l\/","title":{"rendered":"Miel (1 l)"},"content":{"rendered":"<h2><a href=\"https:\/\/gervi.be\/fr\/marques\/klafs\/\"><img decoding=\"async\" class=\"alignleft wp-image-17003\" src=\"https:\/\/gervi.be\/wp-content\/uploads\/2023\/12\/Klafs-logo-300x115.png\" alt=\"Logo Klafs\" width=\"150\" height=\"57\" title=\"\" srcset=\"https:\/\/gervi.be\/wp-content\/uploads\/2023\/12\/Klafs-logo-300x115.png 300w, https:\/\/gervi.be\/wp-content\/uploads\/2023\/12\/Klafs-logo-1024x393.png 1024w, https:\/\/gervi.be\/wp-content\/uploads\/2023\/12\/Klafs-logo-768x294.png 768w, https:\/\/gervi.be\/wp-content\/uploads\/2023\/12\/Klafs-logo-600x230.png 600w, https:\/\/gervi.be\/wp-content\/uploads\/2023\/12\/Klafs-logo.png 1200w\" sizes=\"(max-width: 150px) 100vw, 150px\" \/><\/a><\/h2>\n<p>&nbsp;<\/p>\n<p>&nbsp;<\/p>\n<h2>Description<\/h2>\n<p>Le parfum Honey sauna offre une sensation unique et sucr\u00e9e, parfaite pour cr\u00e9er une atmosph\u00e8re chaleureuse et accueillante dans le sauna. Inspir\u00e9 par la douceur naturelle et les propri\u00e9t\u00e9s apaisantes du miel, cet ar\u00f4me est id\u00e9al pour ceux qui souhaitent une s\u00e9ance de sauna apaisante et confortable. Des notes riches et profondes de miel sont m\u00e9lang\u00e9es \u00e0 de l\u00e9gers accents \u00e9pic\u00e9s pour offrir une exp\u00e9rience olfactive compl\u00e8te et enveloppante.<\/p>\n<p>Pour appliquer le parfum Honey sauna, il est recommand\u00e9 de m\u00e9langer environ 10 millilitres du concentr\u00e9 de parfum \u00e0 un litre d&#8217;eau. Ce m\u00e9lange doit \u00eatre bien remu\u00e9 pour que les huiles essentielles se r\u00e9partissent uniform\u00e9ment. Une fois ajout\u00e9 aux pierres chaudes du sauna, le m\u00e9lange s&#8217;\u00e9vapore rapidement, cr\u00e9ant un parfum riche et durable qui remplit tout le sauna.<\/p>\n<p>Le parfum Honey est soigneusement compos\u00e9 de diverses notes de parfum qui, ensemble, cr\u00e9ent une exp\u00e9rience olfactive harmonieuse et persistante. Les huiles essentielles naturelles contenues dans ce concentr\u00e9 sont de haute qualit\u00e9 et s&#8217;\u00e9vaporent compl\u00e8tement sans laisser de r\u00e9sidus sur les pierres du sauna, contribuant ainsi \u00e0 une exp\u00e9rience d&#8217;utilisation soign\u00e9e et n\u00e9cessitant peu d&#8217;entretien.<\/p>\n<p>Ce produit de parfumerie est enti\u00e8rement v\u00e9g\u00e9talien et n&#8217;est pas test\u00e9 sur les animaux, ce qui en fait un choix \u00e9thique pour les consommateurs. Fabriqu\u00e9 en Allemagne, il garantit les normes de qualit\u00e9 les plus \u00e9lev\u00e9es et des processus de production respectueux de l&#8217;environnement, en \u00e9vitant les itin\u00e9raires de transport inutiles.<\/p>\n<p>Sp\u00e9cialement con\u00e7u pour \u00eatre utilis\u00e9 dans les saunas traditionnels et les sanariums, le parfum Honey pour sauna peut \u00eatre appliqu\u00e9 de mani\u00e8re optimale en pla\u00e7ant le m\u00e9lange dans un calice d&#8217;ar\u00f4mes ou un bol de parfums, selon l&#8217;intensit\u00e9 souhait\u00e9e. Cette m\u00e9thode garantit que le parfum chaud et sucr\u00e9 du miel remplit la pi\u00e8ce pendant longtemps, enrichissant chaque s\u00e9ance de sauna d&#8217;une exp\u00e9rience parfum\u00e9e profonde, apaisante et agr\u00e9able.<\/p>\n","protected":false},"excerpt":{"rendered":"<ul>\n<li>Contenu : 1 litre<\/li>\n<li>V\u00e9g\u00e9talien<\/li>\n<li>D\u00e9velopp\u00e9 sans tests sur les animaux<\/li>\n<li>Fabriqu\u00e9 en Allemagne<\/li>\n<\/ul>\n","protected":false},"featured_media":25564,"template":"","meta":{"_acf_changed":false,"_uag_custom_page_level_css":"","site-sidebar-layout":"default","site-content-layout":"","ast-site-content-layout":"default","site-content-style":"default","site-sidebar-style":"default","ast-global-header-display":"","ast-banner-title-visibility":"","ast-main-header-display":"","ast-hfb-above-header-display":"","ast-hfb-below-header-display":"","ast-hfb-mobile-header-display":"","site-post-title":"","ast-breadcrumbs-content":"","ast-featured-img":"","footer-sml-layout":"","ast-disable-related-posts":"","theme-transparent-header-meta":"default","adv-header-id-meta":"","stick-header-meta":"","header-above-stick-meta":"","header-main-stick-meta":"","header-below-stick-meta":"","astra-migrate-meta-layouts":"default","ast-page-background-enabled":"default","ast-page-background-meta":{"desktop":{"background-color":"","background-image":"","background-repeat":"repeat","background-position":"center center","background-size":"auto","background-attachment":"scroll","background-type":"","background-media":"","overlay-type":"","overlay-color":"","overlay-opacity":"","overlay-gradient":""},"tablet":{"background-color":"","background-image":"","background-repeat":"repeat","background-position":"center center","background-size":"auto","background-attachment":"scroll","background-type":"","background-media":"","overlay-type":"","overlay-color":"","overlay-opacity":"","overlay-gradient":""},"mobile":{"background-color":"","background-image":"","background-repeat":"repeat","background-position":"center center","background-size":"auto","background-attachment":"scroll","background-type":"","background-media":"","overlay-type":"","overlay-color":"","overlay-opacity":"","overlay-gradient":""}},"ast-content-background-meta":{"desktop":{"background-color":"var(--ast-global-color-5)","background-image":"","background-repeat":"repeat","background-position":"center center","background-size":"auto","background-attachment":"scroll","background-type":"","background-media":"","overlay-type":"","overlay-color":"","overlay-opacity":"","overlay-gradient":""},"tablet":{"background-color":"var(--ast-global-color-5)","background-image":"","background-repeat":"repeat","background-position":"center center","background-size":"auto","background-attachment":"scroll","background-type":"","background-media":"","overlay-type":"","overlay-color":"","overlay-opacity":"","overlay-gradient":""},"mobile":{"background-color":"var(--ast-global-color-5)","background-image":"","background-repeat":"repeat","background-position":"center center","background-size":"auto","background-attachment":"scroll","background-type":"","background-media":"","overlay-type":"","overlay-color":"","overlay-opacity":"","overlay-gradient":""}}},"product_brand":[],"product_cat":[786,3367,643],"product_tag":[3336,3227,3229,3243,3237,3268,3242,1708,3238,1314,3232,1339,3339,3342,1341,3337,3228,1343,3335,3340,3230,3300,3236,1357,3344,3338,3295,3341,3343,3345],"class_list":{"0":"post-13129","1":"product","2":"type-product","3":"status-publish","4":"has-post-thumbnail","6":"product_cat-aromes-pour-le-sauna","7":"product_cat-parfums-de-maquillage-pour-sauna","8":"product_cat-sauna-fr","9":"product_tag-arome-doux-du-sauna","10":"product_tag-aromes","11":"product_tag-aromes-pour-sauna","12":"product_tag-bien-etre-et-spa","13":"product_tag-cosmetiques-sans-animaux","14":"product_tag-diffusion-prolongee-des-odeurs","15":"product_tag-effets-de-purification-de-lair","16":"product_tag-explorez-votre-mode-de-vie","17":"product_tag-fabrique-en-allemagne","18":"product_tag-gervi-fr","19":"product_tag-huiles-essentielles","20":"product_tag-klafs-fr","21":"product_tag-laromatherapie-au-miel","22":"product_tag-miel-bien-etre","23":"product_tag-odeur","24":"product_tag-parfum-apaisant-au-miel","25":"product_tag-parfum-de-sauna-fr","26":"product_tag-parfum-de-sauna","27":"product_tag-parfum-de-sauna-au-miel","28":"product_tag-parfums-epices","29":"product_tag-parfums-pour-sauna","30":"product_tag-produit-de-parfumerie-de-luxe","31":"product_tag-produits-de-sauna-vegetaliens","32":"product_tag-sauna-fr","33":"product_tag-sensation-de-parfum-apaisant-fr","34":"product_tag-senteurs-naturelles-de-miel","35":"product_tag-une-experience-olfactive-harmonieuse","36":"product_tag-une-experience-olfactive-profonde","37":"product_tag-une-experience-riche-en-saunas","38":"product_tag-utilisation-soignee-du-sauna","39":"desktop-align-left","40":"tablet-align-left","41":"mobile-align-left","43":"first","44":"instock","45":"purchasable","46":"product-type-simple"},"acf":[],"uagb_featured_image_src":{"full":["https:\/\/gervi.be\/wp-content\/uploads\/2023\/08\/Aromas-voor-Sauna-Honing-KLAFS-Gervi.jpg",2000,2000,false],"thumbnail":["https:\/\/gervi.be\/wp-content\/uploads\/2023\/08\/Aromas-voor-Sauna-Honing-KLAFS-Gervi-150x150.jpg",150,150,true],"medium":["https:\/\/gervi.be\/wp-content\/uploads\/2023\/08\/Aromas-voor-Sauna-Honing-KLAFS-Gervi-300x300.jpg",300,300,true],"medium_large":["https:\/\/gervi.be\/wp-content\/uploads\/2023\/08\/Aromas-voor-Sauna-Honing-KLAFS-Gervi-768x768.jpg",768,768,true],"large":["https:\/\/gervi.be\/wp-content\/uploads\/2023\/08\/Aromas-voor-Sauna-Honing-KLAFS-Gervi-1024x1024.jpg",1024,1024,true],"1536x1536":["https:\/\/gervi.be\/wp-content\/uploads\/2023\/08\/Aromas-voor-Sauna-Honing-KLAFS-Gervi-1536x1536.jpg",1536,1536,true],"2048x2048":["https:\/\/gervi.be\/wp-content\/uploads\/2023\/08\/Aromas-voor-Sauna-Honing-KLAFS-Gervi.jpg",2000,2000,false],"woocommerce_thumbnail":["https:\/\/gervi.be\/wp-content\/uploads\/2023\/08\/Aromas-voor-Sauna-Honing-KLAFS-Gervi-2000x1500.jpg",2000,1500,true],"woocommerce_single":["https:\/\/gervi.be\/wp-content\/uploads\/2023\/08\/Aromas-voor-Sauna-Honing-KLAFS-Gervi.jpg",2000,2000,false],"woocommerce_gallery_thumbnail":["https:\/\/gervi.be\/wp-content\/uploads\/2023\/08\/Aromas-voor-Sauna-Honing-KLAFS-Gervi-100x100.jpg",100,100,true],"dgwt-wcas-product-suggestion":["https:\/\/gervi.be\/wp-content\/uploads\/2023\/08\/Aromas-voor-Sauna-Honing-KLAFS-Gervi.jpg",64,64,false]},"uagb_author_info":{"display_name":"Marjolein Nijs","author_link":"https:\/\/gervi.be\/fr\/author\/"},"uagb_comment_info":0,"uagb_excerpt":"Contenu : 1 litre V\u00e9g\u00e9talien D\u00e9velopp\u00e9 sans tests sur les animaux Fabriqu\u00e9 en Allemagne","_links":{"self":[{"href":"https:\/\/gervi.be\/fr\/wp-json\/wp\/v2\/product\/13129","targetHints":{"allow":["GET"]}}],"collection":[{"href":"https:\/\/gervi.be\/fr\/wp-json\/wp\/v2\/product"}],"about":[{"href":"https:\/\/gervi.be\/fr\/wp-json\/wp\/v2\/types\/product"}],"wp:featuredmedia":[{"embeddable":true,"href":"https:\/\/gervi.be\/fr\/wp-json\/wp\/v2\/media\/25564"}],"wp:attachment":[{"href":"https:\/\/gervi.be\/fr\/wp-json\/wp\/v2\/media?parent=13129"}],"wp:term":[{"taxonomy":"product_brand","embeddable":true,"href":"https:\/\/gervi.be\/fr\/wp-json\/wp\/v2\/product_brand?post=13129"},{"taxonomy":"product_cat","embeddable":true,"href":"https:\/\/gervi.be\/fr\/wp-json\/wp\/v2\/product_cat?post=13129"},{"taxonomy":"product_tag","embeddable":true,"href":"https:\/\/gervi.be\/fr\/wp-json\/wp\/v2\/product_tag?post=13129"}],"curies":[{"name":"wp","href":"https:\/\/api.w.org\/{rel}","templated":true}]}}