{"id":13128,"date":"2023-08-29T13:48:31","date_gmt":"2023-08-29T13:48:31","guid":{"rendered":"https:\/\/gervi.be\/shop\/k183-00-rc-2\/"},"modified":"2023-08-29T13:48:31","modified_gmt":"2023-08-29T13:48:31","slug":"k183-00-rc-2","status":"publish","type":"product","link":"https:\/\/gervi.be\/fr\/produit\/k183-00-rc-2\/","title":{"rendered":"K183-00-RC"},"content":{"rendered":"<p>Ce canon Grizzly a une longueur de 183 centim\u00e8tres et un diam\u00e8tre de 183 centim\u00e8tres. A l&#8217;exclusion du four. Vous pouvez choisir votre propre four dans notre gamme (les prix vont de 460 euros \u00e0 1 995 euros).<\/p>\n","protected":false},"excerpt":{"rendered":"<ul>\n<li>Options :\n<\/li>\n<li>Plaque de sol\n<\/li>\n<li>Veste de pluie\n<\/li>\n<li>Mur de pierres d\u00e9coratives  <\/li>\n<\/ul>\n","protected":false},"featured_media":13132,"template":"","meta":{"_acf_changed":false,"_uag_custom_page_level_css":"","site-sidebar-layout":"default","site-content-layout":"","ast-site-content-layout":"default","site-content-style":"default","site-sidebar-style":"default","ast-global-header-display":"","ast-banner-title-visibility":"","ast-main-header-display":"","ast-hfb-above-header-display":"","ast-hfb-below-header-display":"","ast-hfb-mobile-header-display":"","site-post-title":"","ast-breadcrumbs-content":"","ast-featured-img":"","footer-sml-layout":"","ast-disable-related-posts":"","theme-transparent-header-meta":"","adv-header-id-meta":"","stick-header-meta":"","header-above-stick-meta":"","header-main-stick-meta":"","header-below-stick-meta":"","astra-migrate-meta-layouts":"default","ast-page-background-enabled":"default","ast-page-background-meta":{"desktop":{"background-color":"","background-image":"","background-repeat":"repeat","background-position":"center center","background-size":"auto","background-attachment":"scroll","background-type":"","background-media":"","overlay-type":"","overlay-color":"","overlay-opacity":"","overlay-gradient":""},"tablet":{"background-color":"","background-image":"","background-repeat":"repeat","background-position":"center center","background-size":"auto","background-attachment":"scroll","background-type":"","background-media":"","overlay-type":"","overlay-color":"","overlay-opacity":"","overlay-gradient":""},"mobile":{"background-color":"","background-image":"","background-repeat":"repeat","background-position":"center center","background-size":"auto","background-attachment":"scroll","background-type":"","background-media":"","overlay-type":"","overlay-color":"","overlay-opacity":"","overlay-gradient":""}},"ast-content-background-meta":{"desktop":{"background-color":"var(--ast-global-color-5)","background-image":"","background-repeat":"repeat","background-position":"center center","background-size":"auto","background-attachment":"scroll","background-type":"","background-media":"","overlay-type":"","overlay-color":"","overlay-opacity":"","overlay-gradient":""},"tablet":{"background-color":"var(--ast-global-color-5)","background-image":"","background-repeat":"repeat","background-position":"center center","background-size":"auto","background-attachment":"scroll","background-type":"","background-media":"","overlay-type":"","overlay-color":"","overlay-opacity":"","overlay-gradient":""},"mobile":{"background-color":"var(--ast-global-color-5)","background-image":"","background-repeat":"repeat","background-position":"center center","background-size":"auto","background-attachment":"scroll","background-type":"","background-media":"","overlay-type":"","overlay-color":"","overlay-opacity":"","overlay-gradient":""}}},"product_brand":[],"product_cat":[783,644,643],"product_tag":[],"class_list":{"0":"post-13128","1":"product","2":"type-product","3":"status-publish","4":"has-post-thumbnail","6":"product_cat-cedre-rustique","7":"product_cat-futs-grizzly","8":"product_cat-sauna-fr","9":"desktop-align-left","10":"tablet-align-left","11":"mobile-align-left","13":"first","14":"instock","15":"purchasable","16":"product-type-simple"},"acf":[],"uagb_featured_image_src":{"full":["https:\/\/gervi.be\/wp-content\/uploads\/2023\/08\/nr3grizzlybarrelzonderportaal.jpg",597,448,false],"thumbnail":["https:\/\/gervi.be\/wp-content\/uploads\/2023\/08\/nr3grizzlybarrelzonderportaal-150x150.jpg",150,150,true],"medium":["https:\/\/gervi.be\/wp-content\/uploads\/2023\/08\/nr3grizzlybarrelzonderportaal-300x225.jpg",300,225,true],"medium_large":["https:\/\/gervi.be\/wp-content\/uploads\/2023\/08\/nr3grizzlybarrelzonderportaal.jpg",597,448,false],"large":["https:\/\/gervi.be\/wp-content\/uploads\/2023\/08\/nr3grizzlybarrelzonderportaal.jpg",597,448,false],"1536x1536":["https:\/\/gervi.be\/wp-content\/uploads\/2023\/08\/nr3grizzlybarrelzonderportaal.jpg",597,448,false],"2048x2048":["https:\/\/gervi.be\/wp-content\/uploads\/2023\/08\/nr3grizzlybarrelzonderportaal.jpg",597,448,false],"woocommerce_thumbnail":["https:\/\/gervi.be\/wp-content\/uploads\/2023\/08\/nr3grizzlybarrelzonderportaal-300x300.jpg",300,300,true],"woocommerce_single":["https:\/\/gervi.be\/wp-content\/uploads\/2023\/08\/nr3grizzlybarrelzonderportaal.jpg",597,448,false],"woocommerce_gallery_thumbnail":["https:\/\/gervi.be\/wp-content\/uploads\/2023\/08\/nr3grizzlybarrelzonderportaal-100x100.jpg",100,100,true],"dgwt-wcas-product-suggestion":["https:\/\/gervi.be\/wp-content\/uploads\/2023\/08\/nr3grizzlybarrelzonderportaal.jpg",64,48,false]},"uagb_author_info":{"display_name":"Marjolein Nijs","author_link":"https:\/\/gervi.be\/fr\/author\/"},"uagb_comment_info":0,"uagb_excerpt":"Options : Plaque de sol Veste de pluie Mur de pierres d\u00e9coratives","_links":{"self":[{"href":"https:\/\/gervi.be\/fr\/wp-json\/wp\/v2\/product\/13128","targetHints":{"allow":["GET"]}}],"collection":[{"href":"https:\/\/gervi.be\/fr\/wp-json\/wp\/v2\/product"}],"about":[{"href":"https:\/\/gervi.be\/fr\/wp-json\/wp\/v2\/types\/product"}],"wp:featuredmedia":[{"embeddable":true,"href":"https:\/\/gervi.be\/fr\/wp-json\/wp\/v2\/media\/13132"}],"wp:attachment":[{"href":"https:\/\/gervi.be\/fr\/wp-json\/wp\/v2\/media?parent=13128"}],"wp:term":[{"taxonomy":"product_brand","embeddable":true,"href":"https:\/\/gervi.be\/fr\/wp-json\/wp\/v2\/product_brand?post=13128"},{"taxonomy":"product_cat","embeddable":true,"href":"https:\/\/gervi.be\/fr\/wp-json\/wp\/v2\/product_cat?post=13128"},{"taxonomy":"product_tag","embeddable":true,"href":"https:\/\/gervi.be\/fr\/wp-json\/wp\/v2\/product_tag?post=13128"}],"curies":[{"name":"wp","href":"https:\/\/api.w.org\/{rel}","templated":true}]}}