{"id":13126,"date":"2023-08-29T13:48:31","date_gmt":"2023-08-29T13:48:31","guid":{"rendered":"https:\/\/gervi.be\/shop\/tilleul-1l\/"},"modified":"2026-04-20T10:14:15","modified_gmt":"2026-04-20T08:14:15","slug":"tilleul-1l","status":"publish","type":"product","link":"https:\/\/gervi.be\/fr\/produit\/tilleul-1l\/","title":{"rendered":"Tilleul 1 (l)"},"content":{"rendered":"<h2><a href=\"https:\/\/gervi.be\/fr\/marques\/klafs\/\"><img decoding=\"async\" class=\"alignleft wp-image-17003\" src=\"https:\/\/gervi.be\/wp-content\/uploads\/2023\/12\/Klafs-logo-300x115.png\" alt=\"Logo Klafs\" width=\"150\" height=\"57\" title=\"\" srcset=\"https:\/\/gervi.be\/wp-content\/uploads\/2023\/12\/Klafs-logo-300x115.png 300w, https:\/\/gervi.be\/wp-content\/uploads\/2023\/12\/Klafs-logo-1024x393.png 1024w, https:\/\/gervi.be\/wp-content\/uploads\/2023\/12\/Klafs-logo-768x294.png 768w, https:\/\/gervi.be\/wp-content\/uploads\/2023\/12\/Klafs-logo-600x230.png 600w, https:\/\/gervi.be\/wp-content\/uploads\/2023\/12\/Klafs-logo.png 1200w\" sizes=\"(max-width: 150px) 100vw, 150px\" \/><\/a><\/h2>\n<p>&nbsp;<\/p>\n<p>&nbsp;<\/p>\n<h2>Description<\/h2>\n<p>Le parfum pour sauna Lime Grass offre un ar\u00f4me rafra\u00eechissant et purifiant, id\u00e9al pour cr\u00e9er une atmosph\u00e8re vivante et \u00e9nergique dans le sauna. Extraite de l&#8217;essence de tilleul, cette fragrance est connue pour ses propri\u00e9t\u00e9s stimulantes et rafra\u00eechissantes. Il apporte une l\u00e9g\u00e8re fra\u00eecheur citronn\u00e9e qui contribue \u00e0 une sensation de renouveau et de vitalit\u00e9 pendant la s\u00e9ance de sauna. Les notes piquantes et lumineuses du tilleul aident \u00e9galement \u00e0 clarifier l&#8217;esprit et \u00e0 r\u00e9duire le stress.<\/p>\n<p>Pour appliquer le parfum de sauna &#8216;Lime Grass&#8217;, il est recommand\u00e9 de m\u00e9langer environ 10 millilitres du concentr\u00e9 de parfum \u00e0 un litre d&#8217;eau. Ce m\u00e9lange doit \u00eatre bien remu\u00e9 pour garantir une r\u00e9partition homog\u00e8ne des ar\u00f4mes. Vers\u00e9 sur les pierres chaudes du sauna, ce m\u00e9lange s&#8217;\u00e9vapore rapidement, favorisant une diffusion imm\u00e9diate et durable du parfum dans tout le sauna.<\/p>\n<p>La composition du parfum Lime Grass est soigneusement \u00e9labor\u00e9e avec un \u00e9quilibre de notes de parfum qui offrent un ar\u00f4me harmonieux et durable. Les huiles essentielles naturelles contenues dans le concentr\u00e9 sont d&#8217;excellente qualit\u00e9 et s&#8217;\u00e9vaporent compl\u00e8tement, ne laissant aucun r\u00e9sidu sur les pierres du sauna. Cela garantit une exp\u00e9rience utilisateur propre et n\u00e9cessitant peu de maintenance.<\/p>\n<p>Ce produit est enti\u00e8rement v\u00e9g\u00e9talien et a \u00e9t\u00e9 d\u00e9velopp\u00e9 sans tests sur les animaux, ce qui en fait un choix \u00e9thique pour les consommateurs. Lime Grass&#8221; est produit en Allemagne, o\u00f9 des normes de qualit\u00e9 \u00e9lev\u00e9es sont maintenues et des processus de production respectueux de l&#8217;environnement sont utilis\u00e9s, contribuant ainsi \u00e0 la durabilit\u00e9 du produit.<\/p>\n<p>Sp\u00e9cialement con\u00e7u pour \u00eatre utilis\u00e9 dans les saunas traditionnels et les sanariums, le parfum Lime Grass peut \u00eatre utilis\u00e9 \u00e0 son plein potentiel en pla\u00e7ant le m\u00e9lange dans un calice aromatique ou un bol parfum\u00e9, en fonction de l&#8217;intensit\u00e9 du parfum d\u00e9sir\u00e9. Gr\u00e2ce \u00e0 cette m\u00e9thode, le parfum frais et \u00e9nergique du tilleul impr\u00e8gne la pi\u00e8ce pendant longtemps, enrichissant chaque s\u00e9ance de sauna d&#8217;une exp\u00e9rience olfactive vivante et agr\u00e9able.<\/p>\n","protected":false},"excerpt":{"rendered":"<p>&nbsp; &nbsp; Description Le parfum pour sauna Lime Grass offre un ar\u00f4me rafra\u00eechissant et purifiant, id\u00e9al pour cr\u00e9er une atmosph\u00e8re vivante et \u00e9nergique dans le sauna. Extraite de l&#8217;essence de tilleul, cette fragrance est connue pour ses propri\u00e9t\u00e9s stimulantes et rafra\u00eechissantes. Il apporte une l\u00e9g\u00e8re fra\u00eecheur citronn\u00e9e qui contribue \u00e0 une sensation de renouveau et [&hellip;]<\/p>\n","protected":false},"featured_media":25566,"template":"","meta":{"_acf_changed":false,"_uag_custom_page_level_css":"","site-sidebar-layout":"default","site-content-layout":"","ast-site-content-layout":"default","site-content-style":"default","site-sidebar-style":"default","ast-global-header-display":"","ast-banner-title-visibility":"","ast-main-header-display":"","ast-hfb-above-header-display":"","ast-hfb-below-header-display":"","ast-hfb-mobile-header-display":"","site-post-title":"","ast-breadcrumbs-content":"","ast-featured-img":"","footer-sml-layout":"","ast-disable-related-posts":"","theme-transparent-header-meta":"default","adv-header-id-meta":"","stick-header-meta":"","header-above-stick-meta":"","header-main-stick-meta":"","header-below-stick-meta":"","astra-migrate-meta-layouts":"default","ast-page-background-enabled":"default","ast-page-background-meta":{"desktop":{"background-color":"","background-image":"","background-repeat":"repeat","background-position":"center center","background-size":"auto","background-attachment":"scroll","background-type":"","background-media":"","overlay-type":"","overlay-color":"","overlay-opacity":"","overlay-gradient":""},"tablet":{"background-color":"","background-image":"","background-repeat":"repeat","background-position":"center center","background-size":"auto","background-attachment":"scroll","background-type":"","background-media":"","overlay-type":"","overlay-color":"","overlay-opacity":"","overlay-gradient":""},"mobile":{"background-color":"","background-image":"","background-repeat":"repeat","background-position":"center center","background-size":"auto","background-attachment":"scroll","background-type":"","background-media":"","overlay-type":"","overlay-color":"","overlay-opacity":"","overlay-gradient":""}},"ast-content-background-meta":{"desktop":{"background-color":"var(--ast-global-color-5)","background-image":"","background-repeat":"repeat","background-position":"center center","background-size":"auto","background-attachment":"scroll","background-type":"","background-media":"","overlay-type":"","overlay-color":"","overlay-opacity":"","overlay-gradient":""},"tablet":{"background-color":"var(--ast-global-color-5)","background-image":"","background-repeat":"repeat","background-position":"center center","background-size":"auto","background-attachment":"scroll","background-type":"","background-media":"","overlay-type":"","overlay-color":"","overlay-opacity":"","overlay-gradient":""},"mobile":{"background-color":"var(--ast-global-color-5)","background-image":"","background-repeat":"repeat","background-position":"center center","background-size":"auto","background-attachment":"scroll","background-type":"","background-media":"","overlay-type":"","overlay-color":"","overlay-opacity":"","overlay-gradient":""}}},"product_brand":[],"product_cat":[786,3367,643],"product_tag":[3357,3365,3227,3229,3243,3237,3268,3242,3363,1708,3238,1314,3232,1339,3360,3362,3361,1341,3228,1343,3356,3358,3230,3300,3236,1357,3364,3359,3295,3299],"class_list":{"0":"post-13126","1":"product","2":"type-product","3":"status-publish","4":"has-post-thumbnail","6":"product_cat-aromes-pour-le-sauna","7":"product_cat-parfums-de-maquillage-pour-sauna","8":"product_cat-sauna-fr","9":"product_tag-arome-de-sauna-aux-agrumes","10":"product_tag-arome-de-sauna-reduisant-le-stress","11":"product_tag-aromes","12":"product_tag-aromes-pour-sauna","13":"product_tag-bien-etre-et-spa","14":"product_tag-cosmetiques-sans-animaux","15":"product_tag-diffusion-prolongee-des-odeurs","16":"product_tag-effets-de-purification-de-lair","17":"product_tag-experience-energetique-du-sauna","18":"product_tag-explorez-votre-mode-de-vie","19":"product_tag-fabrique-en-allemagne","20":"product_tag-gervi-fr","21":"product_tag-huiles-essentielles","22":"product_tag-klafs-fr","23":"product_tag-laromatherapie-avec-le-tilleul","24":"product_tag-lime-grass-wellness","25":"product_tag-notes-olfactives-prononcees","26":"product_tag-odeur","27":"product_tag-parfum-de-sauna-fr","28":"product_tag-parfum-de-sauna","29":"product_tag-parfum-de-sauna-au-tilleul","30":"product_tag-parfum-rafraichissant-de-tilleul","31":"product_tag-parfums-pour-sauna","32":"product_tag-produit-de-parfumerie-de-luxe","33":"product_tag-produits-de-sauna-vegetaliens","34":"product_tag-sauna-fr","35":"product_tag-sensation-de-parfum-vif","36":"product_tag-senteurs-naturelles-dagrumes","37":"product_tag-une-experience-olfactive-harmonieuse","38":"product_tag-utilisation-propre-du-sauna","39":"desktop-align-left","40":"tablet-align-left","41":"mobile-align-left","43":"first","44":"instock","45":"purchasable","46":"product-type-simple"},"acf":[],"uagb_featured_image_src":{"full":["https:\/\/gervi.be\/wp-content\/uploads\/2023\/08\/Aromas-voor-Sauna-Limoengras-KLAFS-Gervi.jpg",2000,2000,false],"thumbnail":["https:\/\/gervi.be\/wp-content\/uploads\/2023\/08\/Aromas-voor-Sauna-Limoengras-KLAFS-Gervi-150x150.jpg",150,150,true],"medium":["https:\/\/gervi.be\/wp-content\/uploads\/2023\/08\/Aromas-voor-Sauna-Limoengras-KLAFS-Gervi-300x300.jpg",300,300,true],"medium_large":["https:\/\/gervi.be\/wp-content\/uploads\/2023\/08\/Aromas-voor-Sauna-Limoengras-KLAFS-Gervi-768x768.jpg",768,768,true],"large":["https:\/\/gervi.be\/wp-content\/uploads\/2023\/08\/Aromas-voor-Sauna-Limoengras-KLAFS-Gervi-1024x1024.jpg",1024,1024,true],"1536x1536":["https:\/\/gervi.be\/wp-content\/uploads\/2023\/08\/Aromas-voor-Sauna-Limoengras-KLAFS-Gervi-1536x1536.jpg",1536,1536,true],"2048x2048":["https:\/\/gervi.be\/wp-content\/uploads\/2023\/08\/Aromas-voor-Sauna-Limoengras-KLAFS-Gervi.jpg",2000,2000,false],"woocommerce_thumbnail":["https:\/\/gervi.be\/wp-content\/uploads\/2023\/08\/Aromas-voor-Sauna-Limoengras-KLAFS-Gervi-2000x1500.jpg",2000,1500,true],"woocommerce_single":["https:\/\/gervi.be\/wp-content\/uploads\/2023\/08\/Aromas-voor-Sauna-Limoengras-KLAFS-Gervi.jpg",2000,2000,false],"woocommerce_gallery_thumbnail":["https:\/\/gervi.be\/wp-content\/uploads\/2023\/08\/Aromas-voor-Sauna-Limoengras-KLAFS-Gervi-100x100.jpg",100,100,true],"dgwt-wcas-product-suggestion":["https:\/\/gervi.be\/wp-content\/uploads\/2023\/08\/Aromas-voor-Sauna-Limoengras-KLAFS-Gervi.jpg",64,64,false]},"uagb_author_info":{"display_name":"Marjolein Nijs","author_link":"https:\/\/gervi.be\/fr\/author\/"},"uagb_comment_info":0,"uagb_excerpt":"&nbsp; &nbsp; Description Le parfum pour sauna Lime Grass offre un ar\u00f4me rafra\u00eechissant et purifiant, id\u00e9al pour cr\u00e9er une atmosph\u00e8re vivante et \u00e9nergique dans le sauna. Extraite de l&#8217;essence de tilleul, cette fragrance est connue pour ses propri\u00e9t\u00e9s stimulantes et rafra\u00eechissantes. Il apporte une l\u00e9g\u00e8re fra\u00eecheur citronn\u00e9e qui contribue \u00e0 une sensation de renouveau et\u2026","_links":{"self":[{"href":"https:\/\/gervi.be\/fr\/wp-json\/wp\/v2\/product\/13126","targetHints":{"allow":["GET"]}}],"collection":[{"href":"https:\/\/gervi.be\/fr\/wp-json\/wp\/v2\/product"}],"about":[{"href":"https:\/\/gervi.be\/fr\/wp-json\/wp\/v2\/types\/product"}],"wp:featuredmedia":[{"embeddable":true,"href":"https:\/\/gervi.be\/fr\/wp-json\/wp\/v2\/media\/25566"}],"wp:attachment":[{"href":"https:\/\/gervi.be\/fr\/wp-json\/wp\/v2\/media?parent=13126"}],"wp:term":[{"taxonomy":"product_brand","embeddable":true,"href":"https:\/\/gervi.be\/fr\/wp-json\/wp\/v2\/product_brand?post=13126"},{"taxonomy":"product_cat","embeddable":true,"href":"https:\/\/gervi.be\/fr\/wp-json\/wp\/v2\/product_cat?post=13126"},{"taxonomy":"product_tag","embeddable":true,"href":"https:\/\/gervi.be\/fr\/wp-json\/wp\/v2\/product_tag?post=13126"}],"curies":[{"name":"wp","href":"https:\/\/api.w.org\/{rel}","templated":true}]}}