{"id":13107,"date":"2023-08-29T13:48:18","date_gmt":"2023-08-29T11:48:18","guid":{"rendered":"https:\/\/gervi.be\/shop\/e550\/"},"modified":"2024-06-18T09:52:44","modified_gmt":"2024-06-18T07:52:44","slug":"e550","status":"publish","type":"product","link":"https:\/\/gervi.be\/fr\/produit\/e550\/","title":{"rendered":"E550"},"content":{"rendered":"<p><a href=\"https:\/\/gervi.be\/merken\/endless-pools\/\"><img decoding=\"async\" class=\"alignnone wp-image-20326\" src=\"https:\/\/gervi.be\/wp-content\/uploads\/2024\/03\/Endless-Pools-Logo-300x126.png\" alt=\"Logo Endless Pools\" width=\"150\" height=\"63\" title=\"\"><\/a><\/p>\n<h2>Description<\/h2>\n<p>Nager sur place contre un courant d&#8217;eau stable et si doux qu&#8217;on a l&#8217;impression de nager en eau libre. Marchez et courez avec une r\u00e9sistance de 360 degr\u00e9s et laissez la flottabilit\u00e9 de l&#8217;eau prot\u00e9ger vos articulations et vos muscles. Avec un syst\u00e8me de fitness d&#8217;Endless Pools, il n&#8217;y a pas de limites \u00e0 l&#8217;entra\u00eenement complet de tout le corps. Nagez, faites du v\u00e9lo, marchez, faites de l&#8217;exercice et d\u00e9tendez-vous ensuite contre les jets d&#8217;hydromassage apaisants, quand vous le souhaitez et dans le confort de votre maison.<\/p>\n<p>Le spa de nage E550 se distingue des autres spas de nage par son design sportif : des marches sur le c\u00f4t\u00e9 de la machine de nage, plus d&#8217;espace pour nager gr\u00e2ce \u00e0 une largeur de 239 cm et un espace suppl\u00e9mentaire pour les exercices de fitness. En outre, un tapis roulant dans le spa de natation est disponible en option pour une exp\u00e9rience sportive intense.<\/p>\n<p>Le E550 d&#8217;Endless Pools repr\u00e9sente le summum dans la gamme des swim pass avanc\u00e9s, combinant \u00e0 la fois le fitness et la relaxation en un seul syst\u00e8me. Avec une largeur de 239 cm et une longueur de 459 cm, ce spa de nage offre de l&#8217;espace pour un entra\u00eenement de tout le corps, ce qui en fait un choix id\u00e9al pour les exercices aquatiques les plus dynamiques. Gr\u00e2ce \u00e0 sa technologie innovante Hydrodrive, le E550 offre un d\u00e9bit d&#8217;eau particuli\u00e8rement puissant, stable et r\u00e9glable, essentiel pour un entra\u00eenement efficace \u00e0 la natation.<\/p>\n<p>Le E550 est con\u00e7u de mani\u00e8re unique, sans si\u00e8ges traditionnels mais avec des zones de spa debout, offrant ainsi un espace plus actif. Cette conception permet aux utilisateurs de perfectionner leurs mouvements de natation et de s&#8217;\u00e9tirer sans aucune restriction. Le spa de nage est \u00e9galement \u00e9quip\u00e9 de 23 jets d&#8217;hydromassage en position debout, ce qui constitue un excellent moyen de r\u00e9cup\u00e9ration musculaire apr\u00e8s des s\u00e9ances d&#8217;entra\u00eenement intenses.<\/p>\n<p>Ce mod\u00e8le est dot\u00e9 d&#8217;une coque en acrylique disponible en blanc alpin ou en gris glacier, tandis que l&#8217;armoire est disponible en moka ou en gris, ce qui lui conf\u00e8re un aspect \u00e9l\u00e9gant qui conviendra \u00e0 tous les environnements. La structure du spa est constitu\u00e9e d&#8217;un cadre en acier galvanis\u00e9 de calibre 14 et \u00e9quip\u00e9e de barres d&#8217;appui en acier inoxydable, ce qui accro\u00eet la durabilit\u00e9 et la stabilit\u00e9.<\/p>\n<p>Le E550 r\u00e9pond \u00e9galement aux besoins technologiques modernes, avec des options telles qu&#8217;un syst\u00e8me audio compatible Bluetooth et un syst\u00e8me d&#8217;\u00e9clairage avanc\u00e9 compos\u00e9 de 24 points LED multicolores et d&#8217;une barre lumineuse LED externe, qui am\u00e9liorent l&#8217;atmosph\u00e8re pendant la baignade ou la relaxation. Ce mod\u00e8le propose \u00e9galement une gamme d&#8217;accessoires optionnels tels qu&#8217;un tapis roulant sous-marin, un aquabike, ainsi que divers kits d&#8217;entra\u00eenement et miroirs pour personnaliser davantage l&#8217;exp\u00e9rience de remise en forme.<\/p>\n<p>Avec une capacit\u00e9 d&#8217;environ 8 935 \u00e0 9 050 litres et un syst\u00e8me de chauffage de 4 000 watts, le E550 est con\u00e7u pour fonctionner efficacement. Le syst\u00e8me de d\u00e9sinfection de l&#8217;eau utilise la technologie UVC + ozone CD pour faciliter l&#8217;entretien et garantir une qualit\u00e9 d&#8217;eau constante.<\/p>\n<p>Ce mod\u00e8le de Endless Pools n&#8217;est pas un simple spa de nage, mais une solution polyvalente qui attire \u00e0 la fois les amateurs de natation et les adeptes du bien-\u00eatre. Il offre une solution compl\u00e8te de remise en forme \u00e0 domicile, permettant aux utilisateurs de profiter des avantages de la natation, de la remise en forme et de la relaxation dans l&#8217;intimit\u00e9 de leur propre maison. Tout cela fait du E550 un excellent investissement pour ceux qui recherchent une solution int\u00e9gr\u00e9e pour am\u00e9liorer leur sant\u00e9 et leur bien-\u00eatre mental.<\/p>\n","protected":false},"excerpt":{"rendered":"<ul>\n<li>Dimensions : 457 x 239 x 147 cm<\/li>\n<li>Capacit\u00e9 d&#8217;eau : 8 935 litres avec convoyeur sous-marin et 9 050 litres sans convoyeur sous-marin<\/li>\n<li>Poids \u00e0 vide : 1 680 kg avec convoyeur sous-marin et 1 625 kg sans convoyeur sous-marin.<\/li>\n<li>Poids rempli : 11,390 kg avec tapis roulant sous-marin et 11,450 kg sans tapis roulant sous-marin.<\/li>\n<li>Technologie de nage : Hydrodrive<\/li>\n<li>Possibilit\u00e9 d&#8217;installation partielle<\/li>\n<li>Tapis de course (optionnel)<\/li>\n<li>Syst\u00e8me musical via Bluetooth (en option)<\/li>\n<\/ul>\n","protected":false},"featured_media":21760,"template":"","meta":{"_acf_changed":false,"_uag_custom_page_level_css":"","site-sidebar-layout":"default","site-content-layout":"","ast-site-content-layout":"default","site-content-style":"default","site-sidebar-style":"default","ast-global-header-display":"","ast-banner-title-visibility":"","ast-main-header-display":"","ast-hfb-above-header-display":"","ast-hfb-below-header-display":"","ast-hfb-mobile-header-display":"","site-post-title":"","ast-breadcrumbs-content":"","ast-featured-img":"","footer-sml-layout":"","ast-disable-related-posts":"","theme-transparent-header-meta":"default","adv-header-id-meta":"","stick-header-meta":"","header-above-stick-meta":"","header-main-stick-meta":"","header-below-stick-meta":"","astra-migrate-meta-layouts":"default","ast-page-background-enabled":"default","ast-page-background-meta":{"desktop":{"background-color":"","background-image":"","background-repeat":"repeat","background-position":"center center","background-size":"auto","background-attachment":"scroll","background-type":"","background-media":"","overlay-type":"","overlay-color":"","overlay-opacity":"","overlay-gradient":""},"tablet":{"background-color":"","background-image":"","background-repeat":"repeat","background-position":"center center","background-size":"auto","background-attachment":"scroll","background-type":"","background-media":"","overlay-type":"","overlay-color":"","overlay-opacity":"","overlay-gradient":""},"mobile":{"background-color":"","background-image":"","background-repeat":"repeat","background-position":"center center","background-size":"auto","background-attachment":"scroll","background-type":"","background-media":"","overlay-type":"","overlay-color":"","overlay-opacity":"","overlay-gradient":""}},"ast-content-background-meta":{"desktop":{"background-color":"var(--ast-global-color-5)","background-image":"","background-repeat":"repeat","background-position":"center center","background-size":"auto","background-attachment":"scroll","background-type":"","background-media":"","overlay-type":"","overlay-color":"","overlay-opacity":"","overlay-gradient":""},"tablet":{"background-color":"var(--ast-global-color-5)","background-image":"","background-repeat":"repeat","background-position":"center center","background-size":"auto","background-attachment":"scroll","background-type":"","background-media":"","overlay-type":"","overlay-color":"","overlay-opacity":"","overlay-gradient":""},"mobile":{"background-color":"var(--ast-global-color-5)","background-image":"","background-repeat":"repeat","background-position":"center center","background-size":"auto","background-attachment":"scroll","background-type":"","background-media":"","overlay-type":"","overlay-color":"","overlay-opacity":"","overlay-gradient":""}}},"product_brand":[],"product_cat":[648,1614,647],"product_tag":[1561,1587,1559,1598,1589,1314,1562,1596,1558,1582,1311,1312,1590],"class_list":{"0":"post-13107","1":"product","2":"type-product","3":"status-publish","4":"has-post-thumbnail","6":"product_cat-endless-pools","7":"product_cat-endless-pools-fitness-systems-fr","8":"product_cat-spa-de-nage","9":"product_tag-a-contre-courant","10":"product_tag-cours-deau-de-natation","11":"product_tag-des-piscines-a-perte-de-vue","12":"product_tag-e550-fr","13":"product_tag-endless-pools-fitness-systems-fr","14":"product_tag-gervi-fr","15":"product_tag-jetstream-fr","16":"product_tag-monobloc","17":"product_tag-natation","18":"product_tag-serie-e","19":"product_tag-spa-de-natation","20":"product_tag-swimspa-fr","21":"product_tag-systemes-de-remise-en-forme","22":"desktop-align-left","23":"tablet-align-left","24":"mobile-align-left","26":"first","27":"instock","28":"product-type-simple"},"acf":[],"uagb_featured_image_src":{"full":["https:\/\/gervi.be\/wp-content\/uploads\/2023\/08\/E550-Endless-Pools-Zwemspa-1.jpg",2000,2000,false],"thumbnail":["https:\/\/gervi.be\/wp-content\/uploads\/2023\/08\/E550-Endless-Pools-Zwemspa-1-150x150.jpg",150,150,true],"medium":["https:\/\/gervi.be\/wp-content\/uploads\/2023\/08\/E550-Endless-Pools-Zwemspa-1-300x300.jpg",300,300,true],"medium_large":["https:\/\/gervi.be\/wp-content\/uploads\/2023\/08\/E550-Endless-Pools-Zwemspa-1-768x768.jpg",768,768,true],"large":["https:\/\/gervi.be\/wp-content\/uploads\/2023\/08\/E550-Endless-Pools-Zwemspa-1-1024x1024.jpg",1024,1024,true],"1536x1536":["https:\/\/gervi.be\/wp-content\/uploads\/2023\/08\/E550-Endless-Pools-Zwemspa-1-1536x1536.jpg",1536,1536,true],"2048x2048":["https:\/\/gervi.be\/wp-content\/uploads\/2023\/08\/E550-Endless-Pools-Zwemspa-1.jpg",2000,2000,false],"woocommerce_thumbnail":["https:\/\/gervi.be\/wp-content\/uploads\/2023\/08\/E550-Endless-Pools-Zwemspa-1-2000x1500.jpg",2000,1500,true],"woocommerce_single":["https:\/\/gervi.be\/wp-content\/uploads\/2023\/08\/E550-Endless-Pools-Zwemspa-1.jpg",2000,2000,false],"woocommerce_gallery_thumbnail":["https:\/\/gervi.be\/wp-content\/uploads\/2023\/08\/E550-Endless-Pools-Zwemspa-1-100x100.jpg",100,100,true],"dgwt-wcas-product-suggestion":["https:\/\/gervi.be\/wp-content\/uploads\/2023\/08\/E550-Endless-Pools-Zwemspa-1.jpg",64,64,false]},"uagb_author_info":{"display_name":"Marjolein Nijs","author_link":"https:\/\/gervi.be\/fr\/author\/"},"uagb_comment_info":0,"uagb_excerpt":"Dimensions : 457 x 239 x 147 cm Capacit\u00e9 d'eau : 8 935 litres avec convoyeur sous-marin et 9 050 litres sans convoyeur sous-marin Poids \u00e0 vide : 1 680 kg avec convoyeur sous-marin et 1 625 kg sans convoyeur sous-marin. Poids rempli : 11,390 kg avec tapis roulant sous-marin et 11,450 kg sans tapis\u2026","_links":{"self":[{"href":"https:\/\/gervi.be\/fr\/wp-json\/wp\/v2\/product\/13107","targetHints":{"allow":["GET"]}}],"collection":[{"href":"https:\/\/gervi.be\/fr\/wp-json\/wp\/v2\/product"}],"about":[{"href":"https:\/\/gervi.be\/fr\/wp-json\/wp\/v2\/types\/product"}],"wp:featuredmedia":[{"embeddable":true,"href":"https:\/\/gervi.be\/fr\/wp-json\/wp\/v2\/media\/21760"}],"wp:attachment":[{"href":"https:\/\/gervi.be\/fr\/wp-json\/wp\/v2\/media?parent=13107"}],"wp:term":[{"taxonomy":"product_brand","embeddable":true,"href":"https:\/\/gervi.be\/fr\/wp-json\/wp\/v2\/product_brand?post=13107"},{"taxonomy":"product_cat","embeddable":true,"href":"https:\/\/gervi.be\/fr\/wp-json\/wp\/v2\/product_cat?post=13107"},{"taxonomy":"product_tag","embeddable":true,"href":"https:\/\/gervi.be\/fr\/wp-json\/wp\/v2\/product_tag?post=13107"}],"curies":[{"name":"wp","href":"https:\/\/api.w.org\/{rel}","templated":true}]}}