{"id":13100,"date":"2023-08-29T13:48:18","date_gmt":"2023-08-29T11:48:18","guid":{"rendered":"https:\/\/gervi.be\/shop\/x500\/"},"modified":"2024-06-18T09:56:36","modified_gmt":"2024-06-18T07:56:36","slug":"x500","status":"publish","type":"product","link":"https:\/\/gervi.be\/fr\/produit\/x500\/","title":{"rendered":"X500"},"content":{"rendered":"<p><a href=\"https:\/\/gervi.be\/merken\/endless-pools\/\"><img decoding=\"async\" class=\"alignnone wp-image-20326\" src=\"https:\/\/gervi.be\/wp-content\/uploads\/2024\/03\/Endless-Pools-Logo-300x126.png\" alt=\"Logo Endless Pools\" width=\"150\" height=\"63\" title=\"\"><\/a><\/p>\n<h2>Description<\/h2>\n<p>Sentez la r\u00e9sistance de l&#8217;eau pendant tout exercice d&#8217;entra\u00eenement, \u00e0 tout moment de la journ\u00e9e.<\/p>\n<p>Profitez de la baignade avec des jets comme dans aucun autre spa de nage. Trois jets de natation situ\u00e9s en haut offrent une r\u00e9sistance, tandis que le jet de la rivi\u00e8re (en bas) vous soul\u00e8ve. Tous les jets utilisent un effet d&#8217;amplification pour aspirer plus d&#8217;eau et augmenter le volume. Les deux vannes de d\u00e9rivation permettent aux utilisateurs d&#8217;ajuster le d\u00e9bit tr\u00e8s variable en fonction de leur capacit\u00e9 de nage et de leur entra\u00eenement dans l&#8217;eau. Avec les syst\u00e8mes d&#8217;entra\u00eenement SwimCross confortables et polyvalents, il n&#8217;est pas difficile de combiner un emploi du temps charg\u00e9 avec une vie active. Avec un syst\u00e8me d&#8217;entra\u00eenement SwimCross \u00e0 quelques pas de votre porte, vous n&#8217;aurez plus jamais \u00e0 vous demander comment int\u00e9grer une s\u00e9ance d&#8217;entra\u00eenement dans votre journ\u00e9e.<\/p>\n<p>Le X500 n&#8217;est pas seulement impressionnant sur le plan visuel, il a \u00e9galement \u00e9t\u00e9 sp\u00e9cialement con\u00e7u pour permettre aux utilisateurs de tout niveau de b\u00e9n\u00e9ficier d&#8217;un entra\u00eenement complet du corps. Avec sa zone de natation et d&#8217;entra\u00eenement spacieuse, son acc\u00e8s facile et son syst\u00e8me de jets de natation \u00e0 vitesse variable, le X500 donne une toute nouvelle dimension \u00e0 la remise en forme dans le jardin. Il est temps d&#8217;ajouter le bien-\u00eatre \u00e0 votre routine quotidienne.<\/p>\n<div class=\"flex flex-grow flex-col max-w-full\">\n<div class=\"min-h-[20px] text-message flex flex-col items-start gap-3 whitespace-pre-wrap break-words [.text-message+&amp;]:mt-5 overflow-x-auto\" dir=\"auto\" data-message-author-role=\"assistant\" data-message-id=\"db109a68-7b2a-4cf5-afaa-dcdfb0d10ee9\">\n<div class=\"markdown prose w-full break-words dark:prose-invert light\">\n<p>L&#8217;Endless Pools X500 est un spa de nage fantastique con\u00e7u dans un souci de polyvalence et d&#8217;efficacit\u00e9, ce qui le rend id\u00e9al pour les activit\u00e9s de remise en forme et de relaxation en famille. Combinant les caract\u00e9ristiques d&#8217;une piscine et celles d&#8217;un spa de luxe, ce spa de nage permet aux utilisateurs de nager, de faire de l&#8217;exercice et de se d\u00e9tendre dans le confort de leur propre maison.<\/p>\n<p>Le X500 est \u00e9quip\u00e9 du syst\u00e8me d&#8217;exercice SwimCross, qui comprend cinq jets puissants cr\u00e9ant un flux r\u00e9glable. Ce courant simule la nage \u00e0 contre-courant et offre un entra\u00eenement complet du corps qui s&#8217;adresse aussi bien aux d\u00e9butants qu&#8217;aux nageurs confirm\u00e9s. Les jets peuvent \u00eatre r\u00e9gl\u00e9s pour augmenter ou diminuer l&#8217;intensit\u00e9 de l&#8217;entra\u00eenement, ce qui permet aux utilisateurs d&#8217;adapter leurs objectifs de remise en forme \u00e0 leurs besoins personnels et \u00e0 leurs capacit\u00e9s.<\/p>\n<p>Les dimensions du X500 sont pratiques pour les petites pi\u00e8ces, avec une longueur d&#8217;environ 4,57 m\u00e8tres et une largeur de 2,26 m\u00e8tres. Cela permet au X500 de s&#8217;adapter \u00e0 de nombreux environnements diff\u00e9rents, qu&#8217;il s&#8217;agisse d&#8217;une arri\u00e8re-cour urbaine ou d&#8217;un patio spacieux. Le volume total de la X500 est de 6 250 litres, ce qui permet d&#8217;avoir suffisamment d&#8217;eau pour nager et se d\u00e9tendre, sans les co\u00fbts \u00e9lev\u00e9s et l&#8217;entretien des piscines plus grandes.<\/p>\n<p>Pour la d\u00e9tente, le X500 comprend un espace spa s\u00e9par\u00e9 \u00e9quip\u00e9 de jets d&#8217;hydroth\u00e9rapie luxueux. Ces jets sont strat\u00e9giquement plac\u00e9s pour offrir une relaxation maximale aux muscles fatigu\u00e9s et procurer une exp\u00e9rience apaisante apr\u00e8s une s\u00e9ance d&#8217;entra\u00eenement. La conception ergonomique des si\u00e8ges de l&#8217;espace spa permet de soutenir confortablement diff\u00e9rentes formes et tailles de corps, am\u00e9liorant ainsi l&#8217;exp\u00e9rience globale.<\/p>\n<p>Une autre caract\u00e9ristique importante du X500 est sa durabilit\u00e9. Fabriqu\u00e9 avec un cadre en acier et une base en ABS pour r\u00e9sister aux \u00e9l\u00e9ments et \u00e0 une utilisation fr\u00e9quente. Le spa de nage est \u00e9galement \u00e9quip\u00e9 de syst\u00e8mes de traitement de l&#8217;eau par UV-C et ozone qui permettent de garder l&#8217;eau propre et claire avec un minimum d&#8217;additifs chimiques. Ce n&#8217;est pas seulement meilleur pour la sant\u00e9 des utilisateurs, mais aussi pour l&#8217;environnement.<\/p>\n<p>En termes de technologie, le X500 offre des caract\u00e9ristiques modernes telles que des pompes et des syst\u00e8mes de chauffage \u00e9conomes en \u00e9nergie qui r\u00e9duisent les co\u00fbts d&#8217;exploitation et minimisent l&#8217;impact sur l&#8217;environnement. L&#8217;\u00e9clairage LED \u00e0 l&#8217;int\u00e9rieur et \u00e0 l&#8217;ext\u00e9rieur du spa augmente la s\u00e9curit\u00e9 et ajoute une dimension esth\u00e9tique attrayante \u00e0 l&#8217;exp\u00e9rience de la baignade, en particulier la nuit.<\/p>\n<p>Pour ceux qui souhaitent passer \u00e0 la vitesse sup\u00e9rieure, le X500 propose des accessoires en option tels que des bandes de r\u00e9sistance et un syst\u00e8me de musique Bluetooth. Ces accessoires sont con\u00e7us pour fournir un entra\u00eenement vari\u00e9 et stimulant qui am\u00e9liore la sant\u00e9 cardiovasculaire et d\u00e9veloppe la force musculaire.<\/p>\n<\/div>\n<\/div>\n<\/div>\n","protected":false},"excerpt":{"rendered":"<ul>\n<li>Dimensions : 457 x 226 x 127 cm<\/li>\n<li>Capacit\u00e9 en eau : 6 250 litres<\/li>\n<li>Poids \u00e0 vide : 1 230 kg<\/li>\n<li>Poids \u00e0 vide : 8,260 kg<\/li>\n<li>Technologie de natation : SwimCross<\/li>\n<li>Possibilit\u00e9 d&#8217;installation partielle<\/li>\n<li>Syst\u00e8me musical via Bluetooth (en option)<\/li>\n<\/ul>\n","protected":false},"featured_media":21796,"template":"","meta":{"_acf_changed":false,"_uag_custom_page_level_css":"","site-sidebar-layout":"default","site-content-layout":"","ast-site-content-layout":"default","site-content-style":"default","site-sidebar-style":"default","ast-global-header-display":"","ast-banner-title-visibility":"","ast-main-header-display":"","ast-hfb-above-header-display":"","ast-hfb-below-header-display":"","ast-hfb-mobile-header-display":"","site-post-title":"","ast-breadcrumbs-content":"","ast-featured-img":"","footer-sml-layout":"","ast-disable-related-posts":"","theme-transparent-header-meta":"default","adv-header-id-meta":"","stick-header-meta":"","header-above-stick-meta":"","header-main-stick-meta":"","header-below-stick-meta":"","astra-migrate-meta-layouts":"default","ast-page-background-enabled":"default","ast-page-background-meta":{"desktop":{"background-color":"","background-image":"","background-repeat":"repeat","background-position":"center center","background-size":"auto","background-attachment":"scroll","background-type":"","background-media":"","overlay-type":"","overlay-color":"","overlay-opacity":"","overlay-gradient":""},"tablet":{"background-color":"","background-image":"","background-repeat":"repeat","background-position":"center center","background-size":"auto","background-attachment":"scroll","background-type":"","background-media":"","overlay-type":"","overlay-color":"","overlay-opacity":"","overlay-gradient":""},"mobile":{"background-color":"","background-image":"","background-repeat":"repeat","background-position":"center center","background-size":"auto","background-attachment":"scroll","background-type":"","background-media":"","overlay-type":"","overlay-color":"","overlay-opacity":"","overlay-gradient":""}},"ast-content-background-meta":{"desktop":{"background-color":"var(--ast-global-color-5)","background-image":"","background-repeat":"repeat","background-position":"center center","background-size":"auto","background-attachment":"scroll","background-type":"","background-media":"","overlay-type":"","overlay-color":"","overlay-opacity":"","overlay-gradient":""},"tablet":{"background-color":"var(--ast-global-color-5)","background-image":"","background-repeat":"repeat","background-position":"center center","background-size":"auto","background-attachment":"scroll","background-type":"","background-media":"","overlay-type":"","overlay-color":"","overlay-opacity":"","overlay-gradient":""},"mobile":{"background-color":"var(--ast-global-color-5)","background-image":"","background-repeat":"repeat","background-position":"center center","background-size":"auto","background-attachment":"scroll","background-type":"","background-media":"","overlay-type":"","overlay-color":"","overlay-opacity":"","overlay-gradient":""}}},"product_brand":[],"product_cat":[648,1612,647],"product_tag":[1561,1587,1559,1609,1314,1562,1596,1558,1603,1311,1312,1610,1606],"class_list":{"0":"post-13100","1":"product","2":"type-product","3":"status-publish","4":"has-post-thumbnail","6":"product_cat-endless-pools","7":"product_cat-endless-pools-systemes-dexercice","8":"product_cat-spa-de-nage","9":"product_tag-a-contre-courant","10":"product_tag-cours-deau-de-natation","11":"product_tag-des-piscines-a-perte-de-vue","12":"product_tag-endless-pools-systemes-dexercice","13":"product_tag-gervi-fr","14":"product_tag-jetstream-fr","15":"product_tag-monobloc","16":"product_tag-natation","17":"product_tag-serie-x","18":"product_tag-spa-de-natation","19":"product_tag-swimspa-fr","20":"product_tag-systemes-dexercice","21":"product_tag-x500-fr","22":"desktop-align-left","23":"tablet-align-left","24":"mobile-align-left","26":"first","27":"instock","28":"product-type-simple"},"acf":[],"uagb_featured_image_src":{"full":["https:\/\/gervi.be\/wp-content\/uploads\/2023\/08\/X500-Endless-Pools-Swimspa.jpg",2000,2000,false],"thumbnail":["https:\/\/gervi.be\/wp-content\/uploads\/2023\/08\/X500-Endless-Pools-Swimspa-150x150.jpg",150,150,true],"medium":["https:\/\/gervi.be\/wp-content\/uploads\/2023\/08\/X500-Endless-Pools-Swimspa-300x300.jpg",300,300,true],"medium_large":["https:\/\/gervi.be\/wp-content\/uploads\/2023\/08\/X500-Endless-Pools-Swimspa-768x768.jpg",768,768,true],"large":["https:\/\/gervi.be\/wp-content\/uploads\/2023\/08\/X500-Endless-Pools-Swimspa-1024x1024.jpg",1024,1024,true],"1536x1536":["https:\/\/gervi.be\/wp-content\/uploads\/2023\/08\/X500-Endless-Pools-Swimspa-1536x1536.jpg",1536,1536,true],"2048x2048":["https:\/\/gervi.be\/wp-content\/uploads\/2023\/08\/X500-Endless-Pools-Swimspa.jpg",2000,2000,false],"woocommerce_thumbnail":["https:\/\/gervi.be\/wp-content\/uploads\/2023\/08\/X500-Endless-Pools-Swimspa-2000x1500.jpg",2000,1500,true],"woocommerce_single":["https:\/\/gervi.be\/wp-content\/uploads\/2023\/08\/X500-Endless-Pools-Swimspa.jpg",2000,2000,false],"woocommerce_gallery_thumbnail":["https:\/\/gervi.be\/wp-content\/uploads\/2023\/08\/X500-Endless-Pools-Swimspa-100x100.jpg",100,100,true],"dgwt-wcas-product-suggestion":["https:\/\/gervi.be\/wp-content\/uploads\/2023\/08\/X500-Endless-Pools-Swimspa.jpg",64,64,false]},"uagb_author_info":{"display_name":"Marjolein Nijs","author_link":"https:\/\/gervi.be\/fr\/author\/"},"uagb_comment_info":0,"uagb_excerpt":"Dimensions : 457 x 226 x 127 cm Capacit\u00e9 en eau : 6 250 litres Poids \u00e0 vide : 1 230 kg Poids \u00e0 vide : 8,260 kg Technologie de natation : SwimCross Possibilit\u00e9 d'installation partielle Syst\u00e8me musical via Bluetooth (en option)","_links":{"self":[{"href":"https:\/\/gervi.be\/fr\/wp-json\/wp\/v2\/product\/13100","targetHints":{"allow":["GET"]}}],"collection":[{"href":"https:\/\/gervi.be\/fr\/wp-json\/wp\/v2\/product"}],"about":[{"href":"https:\/\/gervi.be\/fr\/wp-json\/wp\/v2\/types\/product"}],"wp:featuredmedia":[{"embeddable":true,"href":"https:\/\/gervi.be\/fr\/wp-json\/wp\/v2\/media\/21796"}],"wp:attachment":[{"href":"https:\/\/gervi.be\/fr\/wp-json\/wp\/v2\/media?parent=13100"}],"wp:term":[{"taxonomy":"product_brand","embeddable":true,"href":"https:\/\/gervi.be\/fr\/wp-json\/wp\/v2\/product_brand?post=13100"},{"taxonomy":"product_cat","embeddable":true,"href":"https:\/\/gervi.be\/fr\/wp-json\/wp\/v2\/product_cat?post=13100"},{"taxonomy":"product_tag","embeddable":true,"href":"https:\/\/gervi.be\/fr\/wp-json\/wp\/v2\/product_tag?post=13100"}],"curies":[{"name":"wp","href":"https:\/\/api.w.org\/{rel}","templated":true}]}}