{"id":13084,"date":"2023-08-29T13:48:18","date_gmt":"2023-08-29T11:48:18","guid":{"rendered":"https:\/\/gervi.be\/shop\/e500\/"},"modified":"2024-06-18T09:53:36","modified_gmt":"2024-06-18T07:53:36","slug":"e500","status":"publish","type":"product","link":"https:\/\/gervi.be\/fr\/produit\/e500\/","title":{"rendered":"E500"},"content":{"rendered":"<p><a href=\"https:\/\/gervi.be\/merken\/endless-pools\/\"><img decoding=\"async\" class=\"alignnone wp-image-20326\" src=\"https:\/\/gervi.be\/wp-content\/uploads\/2024\/03\/Endless-Pools-Logo-300x126.png\" alt=\"Logo Endless Pools\" width=\"150\" height=\"63\" title=\"\"><\/a><\/p>\n<h2>Description<\/h2>\n<p>Sur place, vous nagez dans un courant d&#8217;eau r\u00e9gulier qui est si doux que vous avez l&#8217;impression de nager en eau libre. Marchez et courez avec une r\u00e9sistance de 360 degr\u00e9s et laissez la flottabilit\u00e9 de l&#8217;eau prot\u00e9ger vos articulations et vos muscles.<\/p>\n<p>Dans un syst\u00e8me de fitness d&#8217;Endless Pools, il n&#8217;y a pas de limites \u00e0 l&#8217;entra\u00eenement complet du corps. Nagez, faites du v\u00e9lo, marchez, faites de l&#8217;exercice et d\u00e9tendez-vous ensuite contre les jets d&#8217;hydromassage apaisants, quand vous le souhaitez et dans le confort de votre maison. Le E500 combine un beau design fonctionnel avec l&#8217;innovante machine de natation Endless Pools et le tapis de course en option pour diverses options de remise en forme. Le polyvalent E500 est con\u00e7u pour cr\u00e9er un lieu o\u00f9 votre bien-\u00eatre d\u00e9sir\u00e9 fera plus facilement partie de votre routine quotidienne.<\/p>\n<div class=\"flex flex-grow flex-col max-w-full\">\n<div class=\"min-h-[20px] text-message flex flex-col items-start gap-3 whitespace-pre-wrap break-words [.text-message+&amp;]:mt-5 overflow-x-auto\" dir=\"auto\" data-message-author-role=\"assistant\" data-message-id=\"37ebc065-da28-443b-ac48-0844e1d63bcf\">\n<div class=\"markdown prose w-full break-words dark:prose-invert light\">\n<p>Le E500 d&#8217;Endless Pools est un exemple de conception innovante qui int\u00e8gre \u00e0 la fois le fitness et la relaxation dans un espace compact. Ce spa de nage est sp\u00e9cialement con\u00e7u pour s&#8217;adapter aux petits espaces sans sacrifier la fonctionnalit\u00e9. Avec des dimensions de 4,57 m\u00e8tres de long et 2,26 m\u00e8tres de large, le E500 s&#8217;int\u00e8gre facilement dans n&#8217;importe quel jardin.<\/p>\n<p>Le E500 est \u00e9quip\u00e9 du syst\u00e8me de natation Hydrodrive d&#8217;Endless Pools, qui offre une zone d&#8217;\u00e9coulement large et profonde permettant aux utilisateurs de nager sur place avec un d\u00e9bit r\u00e9glable adapt\u00e9 \u00e0 tous les niveaux, des athl\u00e8tes professionnels aux nageurs occasionnels. Outre la natation, les utilisateurs peuvent \u00e9galement profiter des avantages d&#8217;un syst\u00e8me d&#8217;hydromassage. Le E500 dispose de trois si\u00e8ges d&#8217;hydromassage ergonomiques, chacun dot\u00e9 d&#8217;une configuration unique de 27 jets, id\u00e9ale pour d\u00e9tendre les diff\u00e9rents groupes musculaires apr\u00e8s une s\u00e9ance d&#8217;entra\u00eenement.<\/p>\n<p>Pour ceux qui recherchent une option d&#8217;exercice accessible, le E500 propose des accessoires en option tels qu&#8217;un tapis roulant sous-marin, un v\u00e9lo ou un kit d&#8217;aviron. Ces options sont id\u00e9ales pour les exercices \u00e0 faible impact qui permettent d&#8217;\u00e9viter ou de r\u00e9parer les douleurs articulaires, et conviennent particuli\u00e8rement aux personnes \u00e2g\u00e9es ou \u00e0 celles qui souffrent de blessures de surmenage.<\/p>\n<p>En termes de maintenance, le E500 a \u00e9t\u00e9 con\u00e7u dans un souci d&#8217;efficacit\u00e9. Il est dot\u00e9 d&#8217;un syst\u00e8me de purification de l&#8217;eau qui combine les traitements aux ultraviolets et \u00e0 l&#8217;ozone, ce qui permet de garder l&#8217;eau propre et s\u00fbre pour une utilisation continue. De plus, le spa de nage est \u00e9quip\u00e9 d&#8217;un \u00e9l\u00e9ment chauffant de 4 000 watts. Ce mod\u00e8le n&#8217;est pas seulement fonctionnel, il est \u00e9galement \u00e9l\u00e9gant gr\u00e2ce \u00e0 un choix de couleurs pour la baignoire et les parois, ce qui ajoute \u00e0 la valeur esth\u00e9tique de n&#8217;importe quelle pi\u00e8ce. Avec l&#8217;option d&#8217;accessoires suppl\u00e9mentaires tels qu&#8217;un syst\u00e8me audio compatible Bluetooth et un \u00e9clairage LED, le E500 peut \u00eatre personnalis\u00e9 en fonction des pr\u00e9f\u00e9rences personnelles de chaque utilisateur, ce qui en fait un choix attrayant tant pour les amateurs de fitness actif que pour ceux qui recherchent la d\u00e9tente.<\/p>\n<\/div>\n<\/div>\n<\/div>\n","protected":false},"excerpt":{"rendered":"<ul>\n<li>Dimensions : 457 x 226 x 147 cm<\/li>\n<li>Capacit\u00e9 en eau : 6 570 litres avec convoyeur sous-marin et 6 705 litres sans convoyeur sous-marin.<\/li>\n<li>Poids \u00e0 vide : 1 375 kg avec tapis roulant sous-marin et 1 320 kg sans tapis roulant sous-marin.<\/li>\n<li>Poids rempli : 8 725 kg avec convoyeur sous-marin et 8 800 kg sans convoyeur sous-marin.<\/li>\n<li>Technologie de nage : Hydrodrive<\/li>\n<li>Possibilit\u00e9 d&#8217;installation partielle<\/li>\n<li>Tapis de course (optionnel)<\/li>\n<li>Syst\u00e8me musical via Bluetooth (en option)<\/li>\n<\/ul>\n","protected":false},"featured_media":21772,"template":"","meta":{"_acf_changed":false,"_uag_custom_page_level_css":"","site-sidebar-layout":"default","site-content-layout":"","ast-site-content-layout":"default","site-content-style":"default","site-sidebar-style":"default","ast-global-header-display":"","ast-banner-title-visibility":"","ast-main-header-display":"","ast-hfb-above-header-display":"","ast-hfb-below-header-display":"","ast-hfb-mobile-header-display":"","site-post-title":"","ast-breadcrumbs-content":"","ast-featured-img":"","footer-sml-layout":"","ast-disable-related-posts":"","theme-transparent-header-meta":"default","adv-header-id-meta":"","stick-header-meta":"","header-above-stick-meta":"","header-main-stick-meta":"","header-below-stick-meta":"","astra-migrate-meta-layouts":"default","ast-page-background-enabled":"default","ast-page-background-meta":{"desktop":{"background-color":"","background-image":"","background-repeat":"repeat","background-position":"center center","background-size":"auto","background-attachment":"scroll","background-type":"","background-media":"","overlay-type":"","overlay-color":"","overlay-opacity":"","overlay-gradient":""},"tablet":{"background-color":"","background-image":"","background-repeat":"repeat","background-position":"center center","background-size":"auto","background-attachment":"scroll","background-type":"","background-media":"","overlay-type":"","overlay-color":"","overlay-opacity":"","overlay-gradient":""},"mobile":{"background-color":"","background-image":"","background-repeat":"repeat","background-position":"center center","background-size":"auto","background-attachment":"scroll","background-type":"","background-media":"","overlay-type":"","overlay-color":"","overlay-opacity":"","overlay-gradient":""}},"ast-content-background-meta":{"desktop":{"background-color":"var(--ast-global-color-5)","background-image":"","background-repeat":"repeat","background-position":"center center","background-size":"auto","background-attachment":"scroll","background-type":"","background-media":"","overlay-type":"","overlay-color":"","overlay-opacity":"","overlay-gradient":""},"tablet":{"background-color":"var(--ast-global-color-5)","background-image":"","background-repeat":"repeat","background-position":"center center","background-size":"auto","background-attachment":"scroll","background-type":"","background-media":"","overlay-type":"","overlay-color":"","overlay-opacity":"","overlay-gradient":""},"mobile":{"background-color":"var(--ast-global-color-5)","background-image":"","background-repeat":"repeat","background-position":"center center","background-size":"auto","background-attachment":"scroll","background-type":"","background-media":"","overlay-type":"","overlay-color":"","overlay-opacity":"","overlay-gradient":""}}},"product_brand":[],"product_cat":[648,1614,647],"product_tag":[1561,1587,1559,1600,1589,1314,1562,1596,1558,1582,1311,1312,1590],"class_list":{"0":"post-13084","1":"product","2":"type-product","3":"status-publish","4":"has-post-thumbnail","6":"product_cat-endless-pools","7":"product_cat-endless-pools-fitness-systems-fr","8":"product_cat-spa-de-nage","9":"product_tag-a-contre-courant","10":"product_tag-cours-deau-de-natation","11":"product_tag-des-piscines-a-perte-de-vue","12":"product_tag-e500-fr","13":"product_tag-endless-pools-fitness-systems-fr","14":"product_tag-gervi-fr","15":"product_tag-jetstream-fr","16":"product_tag-monobloc","17":"product_tag-natation","18":"product_tag-serie-e","19":"product_tag-spa-de-natation","20":"product_tag-swimspa-fr","21":"product_tag-systemes-de-remise-en-forme","22":"desktop-align-left","23":"tablet-align-left","24":"mobile-align-left","26":"first","27":"instock","28":"product-type-simple"},"acf":[],"uagb_featured_image_src":{"full":["https:\/\/gervi.be\/wp-content\/uploads\/2023\/08\/E500-Endless-Pools-1.jpg",2000,2000,false],"thumbnail":["https:\/\/gervi.be\/wp-content\/uploads\/2023\/08\/E500-Endless-Pools-1-150x150.jpg",150,150,true],"medium":["https:\/\/gervi.be\/wp-content\/uploads\/2023\/08\/E500-Endless-Pools-1-300x300.jpg",300,300,true],"medium_large":["https:\/\/gervi.be\/wp-content\/uploads\/2023\/08\/E500-Endless-Pools-1-768x768.jpg",768,768,true],"large":["https:\/\/gervi.be\/wp-content\/uploads\/2023\/08\/E500-Endless-Pools-1-1024x1024.jpg",1024,1024,true],"1536x1536":["https:\/\/gervi.be\/wp-content\/uploads\/2023\/08\/E500-Endless-Pools-1-1536x1536.jpg",1536,1536,true],"2048x2048":["https:\/\/gervi.be\/wp-content\/uploads\/2023\/08\/E500-Endless-Pools-1.jpg",2000,2000,false],"woocommerce_thumbnail":["https:\/\/gervi.be\/wp-content\/uploads\/2023\/08\/E500-Endless-Pools-1-2000x1500.jpg",2000,1500,true],"woocommerce_single":["https:\/\/gervi.be\/wp-content\/uploads\/2023\/08\/E500-Endless-Pools-1.jpg",2000,2000,false],"woocommerce_gallery_thumbnail":["https:\/\/gervi.be\/wp-content\/uploads\/2023\/08\/E500-Endless-Pools-1-100x100.jpg",100,100,true],"dgwt-wcas-product-suggestion":["https:\/\/gervi.be\/wp-content\/uploads\/2023\/08\/E500-Endless-Pools-1.jpg",64,64,false]},"uagb_author_info":{"display_name":"Marjolein Nijs","author_link":"https:\/\/gervi.be\/fr\/author\/"},"uagb_comment_info":0,"uagb_excerpt":"Dimensions : 457 x 226 x 147 cm Capacit\u00e9 en eau : 6 570 litres avec convoyeur sous-marin et 6 705 litres sans convoyeur sous-marin. Poids \u00e0 vide : 1 375 kg avec tapis roulant sous-marin et 1 320 kg sans tapis roulant sous-marin. Poids rempli : 8 725 kg avec convoyeur sous-marin et 8\u2026","_links":{"self":[{"href":"https:\/\/gervi.be\/fr\/wp-json\/wp\/v2\/product\/13084","targetHints":{"allow":["GET"]}}],"collection":[{"href":"https:\/\/gervi.be\/fr\/wp-json\/wp\/v2\/product"}],"about":[{"href":"https:\/\/gervi.be\/fr\/wp-json\/wp\/v2\/types\/product"}],"wp:featuredmedia":[{"embeddable":true,"href":"https:\/\/gervi.be\/fr\/wp-json\/wp\/v2\/media\/21772"}],"wp:attachment":[{"href":"https:\/\/gervi.be\/fr\/wp-json\/wp\/v2\/media?parent=13084"}],"wp:term":[{"taxonomy":"product_brand","embeddable":true,"href":"https:\/\/gervi.be\/fr\/wp-json\/wp\/v2\/product_brand?post=13084"},{"taxonomy":"product_cat","embeddable":true,"href":"https:\/\/gervi.be\/fr\/wp-json\/wp\/v2\/product_cat?post=13084"},{"taxonomy":"product_tag","embeddable":true,"href":"https:\/\/gervi.be\/fr\/wp-json\/wp\/v2\/product_tag?post=13084"}],"curies":[{"name":"wp","href":"https:\/\/api.w.org\/{rel}","templated":true}]}}