{"id":13083,"date":"2023-08-29T13:48:18","date_gmt":"2023-08-29T13:48:18","guid":{"rendered":"https:\/\/gervi.be\/shop\/hammam-nordique\/"},"modified":"2025-12-18T14:18:06","modified_gmt":"2025-12-18T13:18:06","slug":"hammam-nordic","status":"publish","type":"product","link":"https:\/\/gervi.be\/fr\/produit\/hammam-nordic\/","title":{"rendered":"Hammam nordique"},"content":{"rendered":"<p>La serviette de hammam extra-large en 100 % coton est douce, moelleuse et tiss\u00e9e \u00e0 partir de fils torsad\u00e9s. La serviette est tr\u00e8s absorbante et s\u00e8che rapidement, ce qui en fait le compagnon id\u00e9al pour le sauna et le bien-\u00eatre. Les serviettes de Hamam s\u00e8chent tr\u00e8s rapidement gr\u00e2ce \u00e0 la m\u00e9thode sp\u00e9ciale de traitement du coton. Elle est tr\u00e8s l\u00e9g\u00e8re et plus fine qu&#8217;une serviette ordinaire. Il est donc id\u00e9al pour le sauna ou le centre de bien-\u00eatre. Il est \u00e9galement pratique en voyage car il est peu encombrant.<\/p>\n","protected":false},"excerpt":{"rendered":"<p>La serviette de hammam extra-large en 100 % coton est douce, moelleuse et tiss\u00e9e \u00e0 partir de fils torsad\u00e9s. La serviette est tr\u00e8s absorbante et s\u00e8che rapidement, ce qui en fait le compagnon id\u00e9al pour le sauna et le bien-\u00eatre. Les serviettes de Hamam s\u00e8chent tr\u00e8s rapidement gr\u00e2ce \u00e0 la m\u00e9thode sp\u00e9ciale de traitement du [&hellip;]<\/p>\n","protected":false},"featured_media":13090,"template":"","meta":{"_acf_changed":false,"_uag_custom_page_level_css":"","site-sidebar-layout":"default","site-content-layout":"","ast-site-content-layout":"default","site-content-style":"default","site-sidebar-style":"default","ast-global-header-display":"","ast-banner-title-visibility":"","ast-main-header-display":"","ast-hfb-above-header-display":"","ast-hfb-below-header-display":"","ast-hfb-mobile-header-display":"","site-post-title":"","ast-breadcrumbs-content":"","ast-featured-img":"","footer-sml-layout":"","ast-disable-related-posts":"","theme-transparent-header-meta":"","adv-header-id-meta":"","stick-header-meta":"","header-above-stick-meta":"","header-main-stick-meta":"","header-below-stick-meta":"","astra-migrate-meta-layouts":"default","ast-page-background-enabled":"default","ast-page-background-meta":{"desktop":{"background-color":"","background-image":"","background-repeat":"repeat","background-position":"center center","background-size":"auto","background-attachment":"scroll","background-type":"","background-media":"","overlay-type":"","overlay-color":"","overlay-opacity":"","overlay-gradient":""},"tablet":{"background-color":"","background-image":"","background-repeat":"repeat","background-position":"center center","background-size":"auto","background-attachment":"scroll","background-type":"","background-media":"","overlay-type":"","overlay-color":"","overlay-opacity":"","overlay-gradient":""},"mobile":{"background-color":"","background-image":"","background-repeat":"repeat","background-position":"center center","background-size":"auto","background-attachment":"scroll","background-type":"","background-media":"","overlay-type":"","overlay-color":"","overlay-opacity":"","overlay-gradient":""}},"ast-content-background-meta":{"desktop":{"background-color":"var(--ast-global-color-5)","background-image":"","background-repeat":"repeat","background-position":"center center","background-size":"auto","background-attachment":"scroll","background-type":"","background-media":"","overlay-type":"","overlay-color":"","overlay-opacity":"","overlay-gradient":""},"tablet":{"background-color":"var(--ast-global-color-5)","background-image":"","background-repeat":"repeat","background-position":"center center","background-size":"auto","background-attachment":"scroll","background-type":"","background-media":"","overlay-type":"","overlay-color":"","overlay-opacity":"","overlay-gradient":""},"mobile":{"background-color":"var(--ast-global-color-5)","background-image":"","background-repeat":"repeat","background-position":"center center","background-size":"auto","background-attachment":"scroll","background-type":"","background-media":"","overlay-type":"","overlay-color":"","overlay-opacity":"","overlay-gradient":""}}},"product_brand":[],"product_cat":[643,6420],"product_tag":[],"class_list":{"0":"post-13083","1":"product","2":"type-product","3":"status-publish","4":"has-post-thumbnail","6":"product_cat-sauna-fr","7":"product_cat-textiles-pour-saunas","8":"desktop-align-left","9":"tablet-align-left","10":"mobile-align-left","12":"first","13":"instock","14":"purchasable","15":"product-type-simple"},"acf":[],"uagb_featured_image_src":{"full":["https:\/\/gervi.be\/wp-content\/uploads\/2023\/08\/nr331600263hamamtuchnordic1795x17951920x1920.jpg",448,448,false],"thumbnail":["https:\/\/gervi.be\/wp-content\/uploads\/2023\/08\/nr331600263hamamtuchnordic1795x17951920x1920-150x150.jpg",150,150,true],"medium":["https:\/\/gervi.be\/wp-content\/uploads\/2023\/08\/nr331600263hamamtuchnordic1795x17951920x1920-300x300.jpg",300,300,true],"medium_large":["https:\/\/gervi.be\/wp-content\/uploads\/2023\/08\/nr331600263hamamtuchnordic1795x17951920x1920.jpg",448,448,false],"large":["https:\/\/gervi.be\/wp-content\/uploads\/2023\/08\/nr331600263hamamtuchnordic1795x17951920x1920.jpg",448,448,false],"1536x1536":["https:\/\/gervi.be\/wp-content\/uploads\/2023\/08\/nr331600263hamamtuchnordic1795x17951920x1920.jpg",448,448,false],"2048x2048":["https:\/\/gervi.be\/wp-content\/uploads\/2023\/08\/nr331600263hamamtuchnordic1795x17951920x1920.jpg",448,448,false],"woocommerce_thumbnail":["https:\/\/gervi.be\/wp-content\/uploads\/2023\/08\/nr331600263hamamtuchnordic1795x17951920x1920-300x300.jpg",300,300,true],"woocommerce_single":["https:\/\/gervi.be\/wp-content\/uploads\/2023\/08\/nr331600263hamamtuchnordic1795x17951920x1920.jpg",448,448,false],"woocommerce_gallery_thumbnail":["https:\/\/gervi.be\/wp-content\/uploads\/2023\/08\/nr331600263hamamtuchnordic1795x17951920x1920-100x100.jpg",100,100,true],"dgwt-wcas-product-suggestion":["https:\/\/gervi.be\/wp-content\/uploads\/2023\/08\/nr331600263hamamtuchnordic1795x17951920x1920.jpg",64,64,false]},"uagb_author_info":{"display_name":"Marjolein Nijs","author_link":"https:\/\/gervi.be\/fr\/author\/"},"uagb_comment_info":0,"uagb_excerpt":"La serviette de hammam extra-large en 100 % coton est douce, moelleuse et tiss\u00e9e \u00e0 partir de fils torsad\u00e9s. La serviette est tr\u00e8s absorbante et s\u00e8che rapidement, ce qui en fait le compagnon id\u00e9al pour le sauna et le bien-\u00eatre. Les serviettes de Hamam s\u00e8chent tr\u00e8s rapidement gr\u00e2ce \u00e0 la m\u00e9thode sp\u00e9ciale de traitement du\u2026","_links":{"self":[{"href":"https:\/\/gervi.be\/fr\/wp-json\/wp\/v2\/product\/13083","targetHints":{"allow":["GET"]}}],"collection":[{"href":"https:\/\/gervi.be\/fr\/wp-json\/wp\/v2\/product"}],"about":[{"href":"https:\/\/gervi.be\/fr\/wp-json\/wp\/v2\/types\/product"}],"wp:featuredmedia":[{"embeddable":true,"href":"https:\/\/gervi.be\/fr\/wp-json\/wp\/v2\/media\/13090"}],"wp:attachment":[{"href":"https:\/\/gervi.be\/fr\/wp-json\/wp\/v2\/media?parent=13083"}],"wp:term":[{"taxonomy":"product_brand","embeddable":true,"href":"https:\/\/gervi.be\/fr\/wp-json\/wp\/v2\/product_brand?post=13083"},{"taxonomy":"product_cat","embeddable":true,"href":"https:\/\/gervi.be\/fr\/wp-json\/wp\/v2\/product_cat?post=13083"},{"taxonomy":"product_tag","embeddable":true,"href":"https:\/\/gervi.be\/fr\/wp-json\/wp\/v2\/product_tag?post=13083"}],"curies":[{"name":"wp","href":"https:\/\/api.w.org\/{rel}","templated":true}]}}