{"id":13079,"date":"2023-08-29T13:48:18","date_gmt":"2023-08-29T13:48:18","guid":{"rendered":"https:\/\/gervi.be\/shop\/facile\/"},"modified":"2023-12-21T10:25:04","modified_gmt":"2023-12-21T10:25:04","slug":"easy","status":"publish","type":"product","link":"https:\/\/gervi.be\/fr\/produit\/easy\/","title":{"rendered":"EASY"},"content":{"rendered":"<p>Vous aimez la flexibilit\u00e9 et attendez la m\u00eame chose de votre sauna ? Le mod\u00e8le EASY est une conception intelligente destin\u00e9e \u00e0 faciliter l&#8217;auto-assemblage et le d\u00e9sassemblage. L&#8217;EASY s&#8217;int\u00e8gre sans effort \u00e0 l&#8217;int\u00e9rieur de votre maison et prouve que la cr\u00e9ation de votre propre espace de bien-\u00eatre ne n\u00e9cessite pas une logistique complexe et\/ou un espace sup\u00e9rieur \u00e0 la moyenne. Vous choisissez la taille et le mod\u00e8le et vous \u00eates pr\u00eat \u00e0 vous faire dorloter \u00e0 la maison. Le sauna est disponible en blanc et dans diff\u00e9rents tons de bois, avec ou sans fa\u00e7ade en verre. L&#8217;EASY offre \u00e0 l&#8217;amateur de sauna soucieux de son style une relaxation \u00e0 l&#8217;allure urbaine et chic.<\/p>\n","protected":false},"excerpt":{"rendered":"<ul>\n<li>Disponible \u00e0 partir d&#8217;une taille de (lxdxh) : 140 x 125 x 210 cm<\/li>\n<li>Int\u00e9rieur rev\u00eatu de pruche, de noyer ou de pin suisse<\/li>\n<li>Ext\u00e9rieur avec rev\u00eatement blanc ou diff\u00e9rentes essences de bois, \u00e9galement disponible avec une fa\u00e7ade en miroir ou en verre.<\/li>\n<li>Appui-t\u00eate et dossier amovibles et rembourr\u00e9s pour un confort optimal<\/li>\n<li>Composants pr\u00e9-assembl\u00e9s et syst\u00e8me \u00e9lectrique simple<\/li>\n<\/ul>\n","protected":false},"featured_media":13085,"template":"","meta":{"_acf_changed":false,"_uag_custom_page_level_css":"","site-sidebar-layout":"default","site-content-layout":"","ast-site-content-layout":"default","site-content-style":"default","site-sidebar-style":"default","ast-global-header-display":"","ast-banner-title-visibility":"","ast-main-header-display":"","ast-hfb-above-header-display":"","ast-hfb-below-header-display":"","ast-hfb-mobile-header-display":"","site-post-title":"","ast-breadcrumbs-content":"","ast-featured-img":"","footer-sml-layout":"","ast-disable-related-posts":"","theme-transparent-header-meta":"","adv-header-id-meta":"","stick-header-meta":"","header-above-stick-meta":"","header-main-stick-meta":"","header-below-stick-meta":"","astra-migrate-meta-layouts":"set","ast-page-background-enabled":"default","ast-page-background-meta":{"desktop":{"background-color":"","background-image":"","background-repeat":"repeat","background-position":"center center","background-size":"auto","background-attachment":"scroll","background-type":"","background-media":"","overlay-type":"","overlay-color":"","overlay-opacity":"","overlay-gradient":""},"tablet":{"background-color":"","background-image":"","background-repeat":"repeat","background-position":"center center","background-size":"auto","background-attachment":"scroll","background-type":"","background-media":"","overlay-type":"","overlay-color":"","overlay-opacity":"","overlay-gradient":""},"mobile":{"background-color":"","background-image":"","background-repeat":"repeat","background-position":"center center","background-size":"auto","background-attachment":"scroll","background-type":"","background-media":"","overlay-type":"","overlay-color":"","overlay-opacity":"","overlay-gradient":""}},"ast-content-background-meta":{"desktop":{"background-color":"var(--ast-global-color-5)","background-image":"","background-repeat":"repeat","background-position":"center center","background-size":"auto","background-attachment":"scroll","background-type":"","background-media":"","overlay-type":"","overlay-color":"","overlay-opacity":"","overlay-gradient":""},"tablet":{"background-color":"var(--ast-global-color-5)","background-image":"","background-repeat":"repeat","background-position":"center center","background-size":"auto","background-attachment":"scroll","background-type":"","background-media":"","overlay-type":"","overlay-color":"","overlay-opacity":"","overlay-gradient":""},"mobile":{"background-color":"var(--ast-global-color-5)","background-image":"","background-repeat":"repeat","background-position":"center center","background-size":"auto","background-attachment":"scroll","background-type":"","background-media":"","overlay-type":"","overlay-color":"","overlay-opacity":"","overlay-gradient":""}}},"product_brand":[],"product_cat":[765,643],"product_tag":[],"class_list":{"0":"post-13079","1":"product","2":"type-product","3":"status-publish","4":"has-post-thumbnail","6":"product_cat-modeles-klafs","7":"product_cat-sauna-fr","8":"desktop-align-left","9":"tablet-align-left","10":"mobile-align-left","12":"first","13":"instock","14":"product-type-simple"},"acf":[],"uagb_featured_image_src":{"full":["https:\/\/gervi.be\/wp-content\/uploads\/2023\/08\/nr3webshopeasy.jpg",597,448,false],"thumbnail":["https:\/\/gervi.be\/wp-content\/uploads\/2023\/08\/nr3webshopeasy-150x150.jpg",150,150,true],"medium":["https:\/\/gervi.be\/wp-content\/uploads\/2023\/08\/nr3webshopeasy-300x225.jpg",300,225,true],"medium_large":["https:\/\/gervi.be\/wp-content\/uploads\/2023\/08\/nr3webshopeasy.jpg",597,448,false],"large":["https:\/\/gervi.be\/wp-content\/uploads\/2023\/08\/nr3webshopeasy.jpg",597,448,false],"1536x1536":["https:\/\/gervi.be\/wp-content\/uploads\/2023\/08\/nr3webshopeasy.jpg",597,448,false],"2048x2048":["https:\/\/gervi.be\/wp-content\/uploads\/2023\/08\/nr3webshopeasy.jpg",597,448,false],"woocommerce_thumbnail":["https:\/\/gervi.be\/wp-content\/uploads\/2023\/08\/nr3webshopeasy-300x300.jpg",300,300,true],"woocommerce_single":["https:\/\/gervi.be\/wp-content\/uploads\/2023\/08\/nr3webshopeasy.jpg",597,448,false],"woocommerce_gallery_thumbnail":["https:\/\/gervi.be\/wp-content\/uploads\/2023\/08\/nr3webshopeasy-100x100.jpg",100,100,true],"dgwt-wcas-product-suggestion":["https:\/\/gervi.be\/wp-content\/uploads\/2023\/08\/nr3webshopeasy.jpg",64,48,false]},"uagb_author_info":{"display_name":"Marjolein Nijs","author_link":"https:\/\/gervi.be\/fr\/author\/"},"uagb_comment_info":0,"uagb_excerpt":"Disponible \u00e0 partir d'une taille de (lxdxh) : 140 x 125 x 210 cm Int\u00e9rieur rev\u00eatu de pruche, de noyer ou de pin suisse Ext\u00e9rieur avec rev\u00eatement blanc ou diff\u00e9rentes essences de bois, \u00e9galement disponible avec une fa\u00e7ade en miroir ou en verre. Appui-t\u00eate et dossier amovibles et rembourr\u00e9s pour un confort optimal Composants pr\u00e9-assembl\u00e9s\u2026","_links":{"self":[{"href":"https:\/\/gervi.be\/fr\/wp-json\/wp\/v2\/product\/13079","targetHints":{"allow":["GET"]}}],"collection":[{"href":"https:\/\/gervi.be\/fr\/wp-json\/wp\/v2\/product"}],"about":[{"href":"https:\/\/gervi.be\/fr\/wp-json\/wp\/v2\/types\/product"}],"wp:featuredmedia":[{"embeddable":true,"href":"https:\/\/gervi.be\/fr\/wp-json\/wp\/v2\/media\/13085"}],"wp:attachment":[{"href":"https:\/\/gervi.be\/fr\/wp-json\/wp\/v2\/media?parent=13079"}],"wp:term":[{"taxonomy":"product_brand","embeddable":true,"href":"https:\/\/gervi.be\/fr\/wp-json\/wp\/v2\/product_brand?post=13079"},{"taxonomy":"product_cat","embeddable":true,"href":"https:\/\/gervi.be\/fr\/wp-json\/wp\/v2\/product_cat?post=13079"},{"taxonomy":"product_tag","embeddable":true,"href":"https:\/\/gervi.be\/fr\/wp-json\/wp\/v2\/product_tag?post=13079"}],"curies":[{"name":"wp","href":"https:\/\/api.w.org\/{rel}","templated":true}]}}