{"id":13078,"date":"2023-08-29T13:48:18","date_gmt":"2023-08-29T13:48:18","guid":{"rendered":"https:\/\/gervi.be\/shop\/pure\/"},"modified":"2023-08-29T13:48:18","modified_gmt":"2023-08-29T13:48:18","slug":"pur","status":"publish","type":"product","link":"https:\/\/gervi.be\/fr\/produit\/pur\/","title":{"rendered":"PURE"},"content":{"rendered":"<p>Un design puriste qui respire l&#8217;\u00e9l\u00e9gance modeste et suscite une sensation agr\u00e9able \u00e0 la simple vue. L&#8217;ext\u00e9rieur \u00e9l\u00e9gant et brillant s&#8217;int\u00e8gre parfaitement \u00e0 tous les int\u00e9rieurs et la g\u00e9n\u00e9reuse porte vitr\u00e9e vous permet de laisser vagabonder vos pens\u00e9es et votre regard pendant le bain de sauna. Les murs sont rev\u00eatus d&#8217;une pruche de haute qualit\u00e9 et les poutres plac\u00e9es horizontalement apportent un accent sophistiqu\u00e9. La beaut\u00e9 du design n&#8217;a pas seulement attir\u00e9 l&#8217;attention des utilisateurs de sauna enthousiastes, le jury du iF product design awards a \u00e9galement \u00e9t\u00e9 convaincu.<\/p>\n","protected":false},"excerpt":{"rendered":"<ul>\n<li>Finition murale en placage de bois v\u00e9ritable surmont\u00e9e de barres horizontales en bois de pruche massif.\n<\/li>\n<li>Rev\u00eatement ext\u00e9rieur en peinture blanche brillante\n<\/li>\n<li>Tapisserie d&#8217;int\u00e9rieur et canap\u00e9s en hemlock\n<\/li>\n<li>\u00c9clairage indirect SUNSET<\/li>\n<\/ul>\n","protected":false},"featured_media":13086,"template":"","meta":{"_acf_changed":false,"_uag_custom_page_level_css":"","site-sidebar-layout":"default","site-content-layout":"","ast-site-content-layout":"default","site-content-style":"default","site-sidebar-style":"default","ast-global-header-display":"","ast-banner-title-visibility":"","ast-main-header-display":"","ast-hfb-above-header-display":"","ast-hfb-below-header-display":"","ast-hfb-mobile-header-display":"","site-post-title":"","ast-breadcrumbs-content":"","ast-featured-img":"","footer-sml-layout":"","ast-disable-related-posts":"","theme-transparent-header-meta":"","adv-header-id-meta":"","stick-header-meta":"","header-above-stick-meta":"","header-main-stick-meta":"","header-below-stick-meta":"","astra-migrate-meta-layouts":"default","ast-page-background-enabled":"default","ast-page-background-meta":{"desktop":{"background-color":"","background-image":"","background-repeat":"repeat","background-position":"center center","background-size":"auto","background-attachment":"scroll","background-type":"","background-media":"","overlay-type":"","overlay-color":"","overlay-opacity":"","overlay-gradient":""},"tablet":{"background-color":"","background-image":"","background-repeat":"repeat","background-position":"center center","background-size":"auto","background-attachment":"scroll","background-type":"","background-media":"","overlay-type":"","overlay-color":"","overlay-opacity":"","overlay-gradient":""},"mobile":{"background-color":"","background-image":"","background-repeat":"repeat","background-position":"center center","background-size":"auto","background-attachment":"scroll","background-type":"","background-media":"","overlay-type":"","overlay-color":"","overlay-opacity":"","overlay-gradient":""}},"ast-content-background-meta":{"desktop":{"background-color":"var(--ast-global-color-5)","background-image":"","background-repeat":"repeat","background-position":"center center","background-size":"auto","background-attachment":"scroll","background-type":"","background-media":"","overlay-type":"","overlay-color":"","overlay-opacity":"","overlay-gradient":""},"tablet":{"background-color":"var(--ast-global-color-5)","background-image":"","background-repeat":"repeat","background-position":"center center","background-size":"auto","background-attachment":"scroll","background-type":"","background-media":"","overlay-type":"","overlay-color":"","overlay-opacity":"","overlay-gradient":""},"mobile":{"background-color":"var(--ast-global-color-5)","background-image":"","background-repeat":"repeat","background-position":"center center","background-size":"auto","background-attachment":"scroll","background-type":"","background-media":"","overlay-type":"","overlay-color":"","overlay-opacity":"","overlay-gradient":""}}},"product_brand":[],"product_cat":[765,643],"product_tag":[],"class_list":{"0":"post-13078","1":"product","2":"type-product","3":"status-publish","4":"has-post-thumbnail","6":"product_cat-modeles-klafs","7":"product_cat-sauna-fr","8":"desktop-align-left","9":"tablet-align-left","10":"mobile-align-left","12":"first","13":"instock","14":"product-type-simple"},"acf":[],"uagb_featured_image_src":{"full":["https:\/\/gervi.be\/wp-content\/uploads\/2023\/08\/nr3webshoppure.jpg",597,448,false],"thumbnail":["https:\/\/gervi.be\/wp-content\/uploads\/2023\/08\/nr3webshoppure-150x150.jpg",150,150,true],"medium":["https:\/\/gervi.be\/wp-content\/uploads\/2023\/08\/nr3webshoppure-300x225.jpg",300,225,true],"medium_large":["https:\/\/gervi.be\/wp-content\/uploads\/2023\/08\/nr3webshoppure.jpg",597,448,false],"large":["https:\/\/gervi.be\/wp-content\/uploads\/2023\/08\/nr3webshoppure.jpg",597,448,false],"1536x1536":["https:\/\/gervi.be\/wp-content\/uploads\/2023\/08\/nr3webshoppure.jpg",597,448,false],"2048x2048":["https:\/\/gervi.be\/wp-content\/uploads\/2023\/08\/nr3webshoppure.jpg",597,448,false],"woocommerce_thumbnail":["https:\/\/gervi.be\/wp-content\/uploads\/2023\/08\/nr3webshoppure-300x300.jpg",300,300,true],"woocommerce_single":["https:\/\/gervi.be\/wp-content\/uploads\/2023\/08\/nr3webshoppure.jpg",597,448,false],"woocommerce_gallery_thumbnail":["https:\/\/gervi.be\/wp-content\/uploads\/2023\/08\/nr3webshoppure-100x100.jpg",100,100,true],"dgwt-wcas-product-suggestion":["https:\/\/gervi.be\/wp-content\/uploads\/2023\/08\/nr3webshoppure.jpg",64,48,false]},"uagb_author_info":{"display_name":"Marjolein Nijs","author_link":"https:\/\/gervi.be\/fr\/author\/"},"uagb_comment_info":0,"uagb_excerpt":"Finition murale en placage de bois v\u00e9ritable surmont\u00e9e de barres horizontales en bois de pruche massif. Rev\u00eatement ext\u00e9rieur en peinture blanche brillante Tapisserie d'int\u00e9rieur et canap\u00e9s en hemlock \u00c9clairage indirect SUNSET","_links":{"self":[{"href":"https:\/\/gervi.be\/fr\/wp-json\/wp\/v2\/product\/13078","targetHints":{"allow":["GET"]}}],"collection":[{"href":"https:\/\/gervi.be\/fr\/wp-json\/wp\/v2\/product"}],"about":[{"href":"https:\/\/gervi.be\/fr\/wp-json\/wp\/v2\/types\/product"}],"wp:featuredmedia":[{"embeddable":true,"href":"https:\/\/gervi.be\/fr\/wp-json\/wp\/v2\/media\/13086"}],"wp:attachment":[{"href":"https:\/\/gervi.be\/fr\/wp-json\/wp\/v2\/media?parent=13078"}],"wp:term":[{"taxonomy":"product_brand","embeddable":true,"href":"https:\/\/gervi.be\/fr\/wp-json\/wp\/v2\/product_brand?post=13078"},{"taxonomy":"product_cat","embeddable":true,"href":"https:\/\/gervi.be\/fr\/wp-json\/wp\/v2\/product_cat?post=13078"},{"taxonomy":"product_tag","embeddable":true,"href":"https:\/\/gervi.be\/fr\/wp-json\/wp\/v2\/product_tag?post=13078"}],"curies":[{"name":"wp","href":"https:\/\/api.w.org\/{rel}","templated":true}]}}