{"id":13067,"date":"2023-08-29T13:48:05","date_gmt":"2023-08-29T13:48:05","guid":{"rendered":"https:\/\/gervi.be\/shop\/empire\/"},"modified":"2023-08-29T13:48:05","modified_gmt":"2023-08-29T13:48:05","slug":"empire","status":"publish","type":"product","link":"https:\/\/gervi.be\/fr\/produit\/empire\/","title":{"rendered":"EMPIRE"},"content":{"rendered":"<p>Dans le sauna EMPIRE de KLAFS, la construction en bois massif joue un r\u00f4le pr\u00e9pond\u00e9rant. Le bois et le design clair cr\u00e9ent une ambiance finlandaise authentique avec une sensation d&#8217;espace. Disponible dans une gamme de designs et de tailles, l&#8217;EMPIRE sait trouver sa place dans presque toutes les pi\u00e8ces. Le sauna est un \u00e9l\u00e9ment de style. Fini en \u00e9pic\u00e9a de Car\u00e9lie, le sauna prend une allure naturelle, habill\u00e9 de pruche du Canada, l&#8217;EMPIRE est plut\u00f4t raffin\u00e9. La finition int\u00e9rieure \u00e9l\u00e9gante et la lumi\u00e8re agr\u00e9able de la lampe de sauna LUMA cr\u00e9ent une sensation de sauna authentique.<\/p>\n","protected":false},"excerpt":{"rendered":"<ul>\n<li>Construction en bois massif, peut \u00eatre produite dans diff\u00e9rentes tailles et conceptions\n<\/li>\n<li>Bancs de sauna stables, dossiers et appuis-t\u00eate en bois massif\n<\/li>\n<li>Choix entre 2 essences de bois : \u00e9pic\u00e9a de Car\u00e9lie ou pruche du Canada\n<\/li>\n<li>Disponible en version 4 ou 5 coins<\/li>\n<\/ul>\n","protected":false},"featured_media":6594,"template":"","meta":{"_acf_changed":false,"_uag_custom_page_level_css":"","site-sidebar-layout":"default","site-content-layout":"","ast-site-content-layout":"default","site-content-style":"default","site-sidebar-style":"default","ast-global-header-display":"","ast-banner-title-visibility":"","ast-main-header-display":"","ast-hfb-above-header-display":"","ast-hfb-below-header-display":"","ast-hfb-mobile-header-display":"","site-post-title":"","ast-breadcrumbs-content":"","ast-featured-img":"","footer-sml-layout":"","ast-disable-related-posts":"","theme-transparent-header-meta":"","adv-header-id-meta":"","stick-header-meta":"","header-above-stick-meta":"","header-main-stick-meta":"","header-below-stick-meta":"","astra-migrate-meta-layouts":"default","ast-page-background-enabled":"default","ast-page-background-meta":{"desktop":{"background-color":"","background-image":"","background-repeat":"repeat","background-position":"center center","background-size":"auto","background-attachment":"scroll","background-type":"","background-media":"","overlay-type":"","overlay-color":"","overlay-opacity":"","overlay-gradient":""},"tablet":{"background-color":"","background-image":"","background-repeat":"repeat","background-position":"center center","background-size":"auto","background-attachment":"scroll","background-type":"","background-media":"","overlay-type":"","overlay-color":"","overlay-opacity":"","overlay-gradient":""},"mobile":{"background-color":"","background-image":"","background-repeat":"repeat","background-position":"center center","background-size":"auto","background-attachment":"scroll","background-type":"","background-media":"","overlay-type":"","overlay-color":"","overlay-opacity":"","overlay-gradient":""}},"ast-content-background-meta":{"desktop":{"background-color":"var(--ast-global-color-5)","background-image":"","background-repeat":"repeat","background-position":"center center","background-size":"auto","background-attachment":"scroll","background-type":"","background-media":"","overlay-type":"","overlay-color":"","overlay-opacity":"","overlay-gradient":""},"tablet":{"background-color":"var(--ast-global-color-5)","background-image":"","background-repeat":"repeat","background-position":"center center","background-size":"auto","background-attachment":"scroll","background-type":"","background-media":"","overlay-type":"","overlay-color":"","overlay-opacity":"","overlay-gradient":""},"mobile":{"background-color":"var(--ast-global-color-5)","background-image":"","background-repeat":"repeat","background-position":"center center","background-size":"auto","background-attachment":"scroll","background-type":"","background-media":"","overlay-type":"","overlay-color":"","overlay-opacity":"","overlay-gradient":""}}},"product_brand":[],"product_cat":[765,643],"product_tag":[],"class_list":{"0":"post-13067","1":"product","2":"type-product","3":"status-publish","4":"has-post-thumbnail","6":"product_cat-modeles-klafs","7":"product_cat-sauna-fr","8":"desktop-align-left","9":"tablet-align-left","10":"mobile-align-left","12":"first","13":"instock","14":"product-type-simple"},"acf":[],"uagb_featured_image_src":{"full":["https:\/\/gervi.be\/wp-content\/uploads\/2023\/08\/nr3webshopempire.jpg",597,448,false],"thumbnail":["https:\/\/gervi.be\/wp-content\/uploads\/2023\/08\/nr3webshopempire-150x150.jpg",150,150,true],"medium":["https:\/\/gervi.be\/wp-content\/uploads\/2023\/08\/nr3webshopempire-300x225.jpg",300,225,true],"medium_large":["https:\/\/gervi.be\/wp-content\/uploads\/2023\/08\/nr3webshopempire.jpg",597,448,false],"large":["https:\/\/gervi.be\/wp-content\/uploads\/2023\/08\/nr3webshopempire.jpg",597,448,false],"1536x1536":["https:\/\/gervi.be\/wp-content\/uploads\/2023\/08\/nr3webshopempire.jpg",597,448,false],"2048x2048":["https:\/\/gervi.be\/wp-content\/uploads\/2023\/08\/nr3webshopempire.jpg",597,448,false],"woocommerce_thumbnail":["https:\/\/gervi.be\/wp-content\/uploads\/2023\/08\/nr3webshopempire-300x300.jpg",300,300,true],"woocommerce_single":["https:\/\/gervi.be\/wp-content\/uploads\/2023\/08\/nr3webshopempire.jpg",597,448,false],"woocommerce_gallery_thumbnail":["https:\/\/gervi.be\/wp-content\/uploads\/2023\/08\/nr3webshopempire-100x100.jpg",100,100,true],"dgwt-wcas-product-suggestion":["https:\/\/gervi.be\/wp-content\/uploads\/2023\/08\/nr3webshopempire.jpg",64,48,false]},"uagb_author_info":{"display_name":"Marjolein Nijs","author_link":"https:\/\/gervi.be\/fr\/author\/"},"uagb_comment_info":0,"uagb_excerpt":"Construction en bois massif, peut \u00eatre produite dans diff\u00e9rentes tailles et conceptions Bancs de sauna stables, dossiers et appuis-t\u00eate en bois massif Choix entre 2 essences de bois : \u00e9pic\u00e9a de Car\u00e9lie ou pruche du Canada Disponible en version 4 ou 5 coins","_links":{"self":[{"href":"https:\/\/gervi.be\/fr\/wp-json\/wp\/v2\/product\/13067","targetHints":{"allow":["GET"]}}],"collection":[{"href":"https:\/\/gervi.be\/fr\/wp-json\/wp\/v2\/product"}],"about":[{"href":"https:\/\/gervi.be\/fr\/wp-json\/wp\/v2\/types\/product"}],"wp:featuredmedia":[{"embeddable":true,"href":"https:\/\/gervi.be\/fr\/wp-json\/wp\/v2\/media\/6594"}],"wp:attachment":[{"href":"https:\/\/gervi.be\/fr\/wp-json\/wp\/v2\/media?parent=13067"}],"wp:term":[{"taxonomy":"product_brand","embeddable":true,"href":"https:\/\/gervi.be\/fr\/wp-json\/wp\/v2\/product_brand?post=13067"},{"taxonomy":"product_cat","embeddable":true,"href":"https:\/\/gervi.be\/fr\/wp-json\/wp\/v2\/product_cat?post=13067"},{"taxonomy":"product_tag","embeddable":true,"href":"https:\/\/gervi.be\/fr\/wp-json\/wp\/v2\/product_tag?post=13067"}],"curies":[{"name":"wp","href":"https:\/\/api.w.org\/{rel}","templated":true}]}}