{"id":13064,"date":"2023-08-29T13:48:18","date_gmt":"2023-08-29T11:48:18","guid":{"rendered":"https:\/\/gervi.be\/shop\/s1-manuel\/"},"modified":"2025-06-12T09:58:05","modified_gmt":"2025-06-12T07:58:05","slug":"s1-manuel","status":"publish","type":"product","link":"https:\/\/gervi.be\/fr\/produit\/s1-manuel\/","title":{"rendered":"S1 MANUEL"},"content":{"rendered":"<p><a href=\"https:\/\/gervi.be\/merken\/klafs\/\"><img decoding=\"async\" class=\"alignnone wp-image-17003\" src=\"https:\/\/gervi.be\/wp-content\/uploads\/2023\/12\/Klafs-logo-300x115.png\" alt=\"Logo Klafs\" width=\"150\" height=\"57\" title=\"\" srcset=\"https:\/\/gervi.be\/wp-content\/uploads\/2023\/12\/Klafs-logo-300x115.png 300w, https:\/\/gervi.be\/wp-content\/uploads\/2023\/12\/Klafs-logo-1024x393.png 1024w, https:\/\/gervi.be\/wp-content\/uploads\/2023\/12\/Klafs-logo-768x294.png 768w, https:\/\/gervi.be\/wp-content\/uploads\/2023\/12\/Klafs-logo-600x230.png 600w, https:\/\/gervi.be\/wp-content\/uploads\/2023\/12\/Klafs-logo.png 1200w\" sizes=\"(max-width: 150px) 100vw, 150px\" \/><\/a><\/p>\n<h2>Description<\/h2>\n<p>Le concept de zoom unique de la S1 &#8211; r\u00e9duit \u00e0 son essence. Le sauna est tir\u00e9 manuellement \u00e0 l&#8217;aide d&#8217;une rampe stable mais magnifiquement con\u00e7ue. Le m\u00e9canisme souple et synchronis\u00e9 permet au S1 de se d\u00e9ployer sans effort \u00e0 la main. Vous avez le choix entre deux mod\u00e8les de po\u00eales \u00e0 sauna compacts. Les radiateurs discr\u00e8tement int\u00e9gr\u00e9s sous le canap\u00e9 garantissent le maintien d&#8217;une sensation d&#8217;espace. Et gr\u00e2ce \u00e0 la banquette sp\u00e9ciale, le S1 offre \u00e9galement de la place pour deux personnes.<\/p>\n<p>Le sauna manuel S1 de KLAFS est un sauna r\u00e9volutionnaire et peu encombrant qui s&#8217;int\u00e8gre parfaitement dans les maisons modernes. Le concept unique de zoom permet au sauna de s&#8217;\u00e9tendre pour devenir un sauna de taille normale et de se r\u00e9tracter pour atteindre la taille d&#8217;une armoire, ce qui fait qu&#8217;il ne fait que 60 cm de profondeur lorsqu&#8217;il est ferm\u00e9. Ce design innovant permet au S1 de s&#8217;int\u00e9grer dans presque toutes les pi\u00e8ces, sans compromis sur la fonctionnalit\u00e9 et le confort.<\/p>\n<p>Le sauna manuel S1 est \u00e9quip\u00e9 d&#8217;une rampe stable et \u00e9l\u00e9gante qui peut \u00eatre tir\u00e9e manuellement. Le m\u00e9canisme souple et synchronis\u00e9 garantit que la S1 se d\u00e9plie sans effort et de mani\u00e8re r\u00e9guli\u00e8re. Ce mod\u00e8le manuel offre la m\u00eame exp\u00e9rience de haute qualit\u00e9 que la variante automatique, mais avec le charme d&#8217;un m\u00e9canisme de fonctionnement manuel.<\/p>\n<p>L&#8217;int\u00e9rieur du sauna S1 est con\u00e7u avec le souci du d\u00e9tail et du confort. Les bancs et les dossiers sont fabriqu\u00e9s dans des bois de haute qualit\u00e9 qui sont non seulement durables, mais qui contribuent \u00e9galement \u00e0 cr\u00e9er une atmosph\u00e8re chaleureuse et accueillante. Le po\u00eale int\u00e9gr\u00e9 MONO avec commandes int\u00e9gr\u00e9es est discr\u00e8tement plac\u00e9 sous le canap\u00e9, ce qui permet d&#8217;utiliser au mieux l&#8217;espace et de donner \u00e0 l&#8217;int\u00e9rieur un aspect propre et net.<\/p>\n<p>Une autre caract\u00e9ristique du sauna S1 est la fa\u00e7ade en verre int\u00e9gr\u00e9e dans la paroi avant du sauna et les fen\u00eatres lat\u00e9rales, qui cr\u00e9ent une sensation d&#8217;espace et offrent une vue d\u00e9gag\u00e9e. Ce design moderne s&#8217;int\u00e8gre parfaitement \u00e0 tous les styles d&#8217;int\u00e9rieur, tout en cr\u00e9ant une atmosph\u00e8re ouverte et a\u00e9r\u00e9e \u00e0 l&#8217;int\u00e9rieur du sauna.<\/p>\n<p>Le manuel du sauna S1 a \u00e9t\u00e9 con\u00e7u dans un souci de polyvalence et de facilit\u00e9 d&#8217;utilisation. La banquette sp\u00e9ciale peut accueillir deux personnes, ce qui vous permet de profiter du sauna avec votre partenaire. Le S1 est donc id\u00e9al pour la relaxation individuelle et les s\u00e9ances de sauna en amoureux.<\/p>\n<p>Gr\u00e2ce \u00e0 son design innovant et \u00e0 ses mat\u00e9riaux de haute qualit\u00e9, le sauna S1 n&#8217;est pas seulement fonctionnel, il est aussi un ajout \u00e9l\u00e9gant \u00e0 toute maison. Sa taille compacte lorsqu&#8217;il est ferm\u00e9 permet au sauna d&#8217;\u00eatre plac\u00e9 dans des espaces restreints sans compromettre l&#8217;exp\u00e9rience du sauna. Cela fait du S1 un excellent choix pour les maisons de ville, les appartements et autres espaces restreints.<\/p>\n<p>Le mod\u00e8le manuel de la S1 offre la m\u00eame robustesse et la m\u00eame durabilit\u00e9 que la version automatique, mais avec le charme d&#8217;un m\u00e9canisme de fonctionnement traditionnel. Il s&#8217;agit donc d&#8217;une option int\u00e9ressante pour les personnes qui pr\u00e9f\u00e8rent une approche plus pratique de leur exp\u00e9rience du sauna.<\/p>\n<p>Le manuel du sauna S1 de KLAFS associe la technologie moderne \u00e0 l&#8217;artisanat traditionnel pour offrir un sauna non seulement fonctionnel et confortable, mais aussi esth\u00e9tique. Si vous cherchez \u00e0 vous d\u00e9tendre apr\u00e8s une longue journ\u00e9e ou \u00e0 am\u00e9liorer votre sant\u00e9 et votre bien-\u00eatre mais que vous disposez d&#8217;un espace limit\u00e9, le S1 offre tout ce dont vous avez besoin pour une exp\u00e9rience de sauna luxueuse et revigorante.<\/p>\n<p>L&#8217;entretien du sauna S1 est simple et facile. Les mat\u00e9riaux de haute qualit\u00e9 sont durables et faciles \u00e0 nettoyer, ce qui signifie que vous passez moins de temps \u00e0 l&#8217;entretien et plus de temps \u00e0 profiter de votre sauna. Le po\u00eale et les commandes int\u00e9gr\u00e9s sont con\u00e7us pour \u00eatre faciles \u00e0 utiliser et fiables, contribuant ainsi \u00e0 une exp\u00e9rience de sauna sans souci.<\/p>\n<p>Le manuel du sauna S1 de KLAFS est un exemple de la fa\u00e7on dont l&#8217;innovation et le design peuvent s&#8217;associer pour cr\u00e9er un produit \u00e0 la fois pratique et esth\u00e9tique. Le concept unique de zoom permet au sauna de s&#8217;adapter \u00e0 n&#8217;importe quel espace limit\u00e9, tandis que les mat\u00e9riaux et la fabrication de haute qualit\u00e9 garantissent une exp\u00e9rience durable et confortable.<\/p>\n<p>Le sauna manuel S1 de KLAFS est une excellente combinaison d&#8217;innovation, de design et de fonctionnalit\u00e9. Son concept de zoom unique, ses mat\u00e9riaux de haute qualit\u00e9 et son design \u00e9l\u00e9gant en font un compl\u00e9ment pr\u00e9cieux pour toute maison. Que vous recherchiez un sauna compact pour un petit espace ou un sauna \u00e9l\u00e9gant et fonctionnel pour votre maison, le manuel S1 offre tout ce dont vous avez besoin pour une exp\u00e9rience de sauna ultime dans le cadre de l&#8217;artisanat allemand.<\/p>\n<p>&nbsp;<\/p>\n","protected":false},"excerpt":{"rendered":"<div>\n<ul>\n<li>Le design \u00e9l\u00e9gant du <a href=\"https:\/\/gervi.be\/shop\/s1\/\">S1 SAUNA<\/a> associ\u00e9 \u00e0 un m\u00e9canisme de tirage manuel<\/li>\n<li>Disponible en 6 tailles diff\u00e9rentes<\/li>\n<li>Hauteur pour toutes les versions : 2 010 mm<\/li>\n<li>Convient \u00e0 toutes les pi\u00e8ces gr\u00e2ce \u00e0 la prise de courant (230V)<\/li>\n<li>Mat\u00e9riaux et finitions : finition int\u00e9rieure de haute qualit\u00e9 en hemlock, noyer ou pin suisse, avec une fa\u00e7ade de sauna en verre transparent, en verre bronze ou en miroir.<\/li>\n<li>Verre isolant S1 EcoSmart et fen\u00eatre en option pour la version \u00e0 trois \u00e9l\u00e9ments<\/li>\n<li>Rallonges de si\u00e8ge et de chaise longue en option, comme la rallonge de si\u00e8ge et de chaise longue COMFORT, id\u00e9ale pour les bains de sauna pour deux personnes.<\/li>\n<\/ul>\n<\/div>\n","protected":false},"featured_media":30813,"template":"","meta":{"_acf_changed":false,"_uag_custom_page_level_css":"","site-sidebar-layout":"default","site-content-layout":"","ast-site-content-layout":"default","site-content-style":"default","site-sidebar-style":"default","ast-global-header-display":"","ast-banner-title-visibility":"","ast-main-header-display":"","ast-hfb-above-header-display":"","ast-hfb-below-header-display":"","ast-hfb-mobile-header-display":"","site-post-title":"","ast-breadcrumbs-content":"","ast-featured-img":"","footer-sml-layout":"","ast-disable-related-posts":"","theme-transparent-header-meta":"default","adv-header-id-meta":"","stick-header-meta":"","header-above-stick-meta":"","header-main-stick-meta":"","header-below-stick-meta":"","astra-migrate-meta-layouts":"default","ast-page-background-enabled":"default","ast-page-background-meta":{"desktop":{"background-color":"","background-image":"","background-repeat":"repeat","background-position":"center center","background-size":"auto","background-attachment":"scroll","background-type":"","background-media":"","overlay-type":"","overlay-color":"","overlay-opacity":"","overlay-gradient":""},"tablet":{"background-color":"","background-image":"","background-repeat":"repeat","background-position":"center center","background-size":"auto","background-attachment":"scroll","background-type":"","background-media":"","overlay-type":"","overlay-color":"","overlay-opacity":"","overlay-gradient":""},"mobile":{"background-color":"","background-image":"","background-repeat":"repeat","background-position":"center center","background-size":"auto","background-attachment":"scroll","background-type":"","background-media":"","overlay-type":"","overlay-color":"","overlay-opacity":"","overlay-gradient":""}},"ast-content-background-meta":{"desktop":{"background-color":"var(--ast-global-color-5)","background-image":"","background-repeat":"repeat","background-position":"center center","background-size":"auto","background-attachment":"scroll","background-type":"","background-media":"","overlay-type":"","overlay-color":"","overlay-opacity":"","overlay-gradient":""},"tablet":{"background-color":"var(--ast-global-color-5)","background-image":"","background-repeat":"repeat","background-position":"center center","background-size":"auto","background-attachment":"scroll","background-type":"","background-media":"","overlay-type":"","overlay-color":"","overlay-opacity":"","overlay-gradient":""},"mobile":{"background-color":"var(--ast-global-color-5)","background-image":"","background-repeat":"repeat","background-position":"center center","background-size":"auto","background-attachment":"scroll","background-type":"","background-media":"","overlay-type":"","overlay-color":"","overlay-opacity":"","overlay-gradient":""}}},"product_brand":[],"product_cat":[765,643],"product_tag":[2653,1315,3473,3444,3471,3479,3476,1344,3478,1708,3472,1314,1339,2463,3469,1357,2457,2206,3453,3477,3468,3470,2458,2454,3475,3474],"class_list":{"0":"post-13064","1":"product","2":"type-product","3":"status-publish","4":"has-post-thumbnail","6":"product_cat-modeles-klafs","7":"product_cat-sauna-fr","8":"product_tag-avantages-pour-la-sante","9":"product_tag-bien-etre","10":"product_tag-chauffage-integre","11":"product_tag-cigue","12":"product_tag-concept-de-zoom","13":"product_tag-controle-traditionnel","14":"product_tag-design-elegant-fr","15":"product_tag-detente","16":"product_tag-experience-du-sauna","17":"product_tag-explorez-votre-mode-de-vie","18":"product_tag-facade-en-verre-fr","19":"product_tag-gervi-fr","20":"product_tag-klafs-fr","21":"product_tag-materiaux-de-haute-qualite","22":"product_tag-s1-sauna-fr","23":"product_tag-sauna-fr","24":"product_tag-sauna-compact","25":"product_tag-sauna-de-luxe","26":"product_tag-sauna-domestique-fr","27":"product_tag-sauna-durable","28":"product_tag-sauna-extractible","29":"product_tag-sauna-manuel","30":"product_tag-sauna-moderne","31":"product_tag-sauna-peu-encombrant","32":"product_tag-sauna-pour-petites-pieces","33":"product_tag-tabouret-de-marche","34":"desktop-align-left","35":"tablet-align-left","36":"mobile-align-left","38":"first","39":"instock","40":"product-type-simple"},"acf":[],"uagb_featured_image_src":{"full":["https:\/\/gervi.be\/wp-content\/uploads\/2023\/08\/S1-Sauna-Handmatig-KLAFS-Gervi.png",1000,750,false],"thumbnail":["https:\/\/gervi.be\/wp-content\/uploads\/2023\/08\/S1-Sauna-Handmatig-KLAFS-Gervi-150x150.png",150,150,true],"medium":["https:\/\/gervi.be\/wp-content\/uploads\/2023\/08\/S1-Sauna-Handmatig-KLAFS-Gervi-300x225.png",300,225,true],"medium_large":["https:\/\/gervi.be\/wp-content\/uploads\/2023\/08\/S1-Sauna-Handmatig-KLAFS-Gervi-768x576.png",768,576,true],"large":["https:\/\/gervi.be\/wp-content\/uploads\/2023\/08\/S1-Sauna-Handmatig-KLAFS-Gervi.png",1000,750,false],"1536x1536":["https:\/\/gervi.be\/wp-content\/uploads\/2023\/08\/S1-Sauna-Handmatig-KLAFS-Gervi.png",1000,750,false],"2048x2048":["https:\/\/gervi.be\/wp-content\/uploads\/2023\/08\/S1-Sauna-Handmatig-KLAFS-Gervi.png",1000,750,false],"woocommerce_thumbnail":["https:\/\/gervi.be\/wp-content\/uploads\/2023\/08\/S1-Sauna-Handmatig-KLAFS-Gervi.png",1000,750,false],"woocommerce_single":["https:\/\/gervi.be\/wp-content\/uploads\/2023\/08\/S1-Sauna-Handmatig-KLAFS-Gervi.png",1000,750,false],"woocommerce_gallery_thumbnail":["https:\/\/gervi.be\/wp-content\/uploads\/2023\/08\/S1-Sauna-Handmatig-KLAFS-Gervi-100x100.png",100,100,true],"dgwt-wcas-product-suggestion":["https:\/\/gervi.be\/wp-content\/uploads\/2023\/08\/S1-Sauna-Handmatig-KLAFS-Gervi.png",64,48,false]},"uagb_author_info":{"display_name":"Marjolein Nijs","author_link":"https:\/\/gervi.be\/fr\/author\/"},"uagb_comment_info":0,"uagb_excerpt":"Le design \u00e9l\u00e9gant du S1 SAUNA associ\u00e9 \u00e0 un m\u00e9canisme de tirage manuel Disponible en 6 tailles diff\u00e9rentes Hauteur pour toutes les versions : 2 010 mm Convient \u00e0 toutes les pi\u00e8ces gr\u00e2ce \u00e0 la prise de courant (230V) Mat\u00e9riaux et finitions : finition int\u00e9rieure de haute qualit\u00e9 en hemlock, noyer ou pin suisse, avec\u2026","_links":{"self":[{"href":"https:\/\/gervi.be\/fr\/wp-json\/wp\/v2\/product\/13064","targetHints":{"allow":["GET"]}}],"collection":[{"href":"https:\/\/gervi.be\/fr\/wp-json\/wp\/v2\/product"}],"about":[{"href":"https:\/\/gervi.be\/fr\/wp-json\/wp\/v2\/types\/product"}],"wp:featuredmedia":[{"embeddable":true,"href":"https:\/\/gervi.be\/fr\/wp-json\/wp\/v2\/media\/30813"}],"wp:attachment":[{"href":"https:\/\/gervi.be\/fr\/wp-json\/wp\/v2\/media?parent=13064"}],"wp:term":[{"taxonomy":"product_brand","embeddable":true,"href":"https:\/\/gervi.be\/fr\/wp-json\/wp\/v2\/product_brand?post=13064"},{"taxonomy":"product_cat","embeddable":true,"href":"https:\/\/gervi.be\/fr\/wp-json\/wp\/v2\/product_cat?post=13064"},{"taxonomy":"product_tag","embeddable":true,"href":"https:\/\/gervi.be\/fr\/wp-json\/wp\/v2\/product_tag?post=13064"}],"curies":[{"name":"wp","href":"https:\/\/api.w.org\/{rel}","templated":true}]}}