{"id":13020,"date":"2023-08-29T13:47:53","date_gmt":"2023-08-29T13:47:53","guid":{"rendered":"https:\/\/gervi.be\/shop\/island-100-teck\/"},"modified":"2025-10-06T14:42:48","modified_gmt":"2025-10-06T12:42:48","slug":"ile-100-teak","status":"publish","type":"product","link":"https:\/\/gervi.be\/fr\/produit\/ile-100-teak\/","title":{"rendered":"\u00cele 100"},"content":{"rendered":"<p>Cette cuisine ext\u00e9rieure tout-en-un combine un style unique et une fonctionnalit\u00e9 dans un design compact. Il se compose d&#8217;une cuisini\u00e8re OFYR avec rangement en bois, d&#8217;un bloc de coupe robuste et d&#8217;un support pratique pour les ustensiles et les \u00e9pices. La base est en acier Corten ou en acier rev\u00eatu de noir et est surmont\u00e9e d&#8217;un anneau de cuisson de 100 cm de diam\u00e8tre. Le bloc de coupe est disponible en bois de teck et en c\u00e9ramique gris fonc\u00e9. Tous les accessoires Ofyr, tels que le gril, le four \u00e0 pizza, le pare-chocs alimentaire, &#8230; sont applicables \u00e0 ce mod\u00e8le Ofyr.<\/p>\n","protected":false},"excerpt":{"rendered":"<ul>\n<li>Diam\u00e8tre : 100 cm\n<\/li>\n<li>Dimensions : 100 x 170 x 98 cm\n<\/li>\n<li>Mat\u00e9riau : acier corten \/ acier laqu\u00e9 noir\n<\/li>\n<li>Poids : 167 kg<\/li>\n<\/ul>\n","protected":false},"featured_media":13023,"template":"","meta":{"_acf_changed":false,"_uag_custom_page_level_css":"","site-sidebar-layout":"default","site-content-layout":"","ast-site-content-layout":"default","site-content-style":"default","site-sidebar-style":"default","ast-global-header-display":"","ast-banner-title-visibility":"","ast-main-header-display":"","ast-hfb-above-header-display":"","ast-hfb-below-header-display":"","ast-hfb-mobile-header-display":"","site-post-title":"","ast-breadcrumbs-content":"","ast-featured-img":"","footer-sml-layout":"","ast-disable-related-posts":"","theme-transparent-header-meta":"default","adv-header-id-meta":"","stick-header-meta":"","header-above-stick-meta":"","header-main-stick-meta":"","header-below-stick-meta":"","astra-migrate-meta-layouts":"default","ast-page-background-enabled":"default","ast-page-background-meta":{"desktop":{"background-color":"","background-image":"","background-repeat":"repeat","background-position":"center center","background-size":"auto","background-attachment":"scroll","background-type":"","background-media":"","overlay-type":"","overlay-color":"","overlay-opacity":"","overlay-gradient":""},"tablet":{"background-color":"","background-image":"","background-repeat":"repeat","background-position":"center center","background-size":"auto","background-attachment":"scroll","background-type":"","background-media":"","overlay-type":"","overlay-color":"","overlay-opacity":"","overlay-gradient":""},"mobile":{"background-color":"","background-image":"","background-repeat":"repeat","background-position":"center center","background-size":"auto","background-attachment":"scroll","background-type":"","background-media":"","overlay-type":"","overlay-color":"","overlay-opacity":"","overlay-gradient":""}},"ast-content-background-meta":{"desktop":{"background-color":"var(--ast-global-color-5)","background-image":"","background-repeat":"repeat","background-position":"center center","background-size":"auto","background-attachment":"scroll","background-type":"","background-media":"","overlay-type":"","overlay-color":"","overlay-opacity":"","overlay-gradient":""},"tablet":{"background-color":"var(--ast-global-color-5)","background-image":"","background-repeat":"repeat","background-position":"center center","background-size":"auto","background-attachment":"scroll","background-type":"","background-media":"","overlay-type":"","overlay-color":"","overlay-opacity":"","overlay-gradient":""},"mobile":{"background-color":"var(--ast-global-color-5)","background-image":"","background-repeat":"repeat","background-position":"center center","background-size":"auto","background-attachment":"scroll","background-type":"","background-media":"","overlay-type":"","overlay-color":"","overlay-opacity":"","overlay-gradient":""}}},"product_brand":[],"product_cat":[651,654],"product_tag":[],"class_list":{"0":"post-13020","1":"product","2":"type-product","3":"status-publish","4":"has-post-thumbnail","6":"product_cat-bbq-fr","7":"product_cat-ofyr-fr","8":"desktop-align-left","9":"tablet-align-left","10":"mobile-align-left","12":"first","13":"instock","14":"product-type-simple"},"acf":[],"uagb_featured_image_src":{"full":["https:\/\/gervi.be\/wp-content\/uploads\/2023\/08\/nr3OFYR-Island-Black-100-Donker-Grijs-Keramiek.jpg",597,448,false],"thumbnail":["https:\/\/gervi.be\/wp-content\/uploads\/2023\/08\/nr3OFYR-Island-Black-100-Donker-Grijs-Keramiek-150x150.jpg",150,150,true],"medium":["https:\/\/gervi.be\/wp-content\/uploads\/2023\/08\/nr3OFYR-Island-Black-100-Donker-Grijs-Keramiek-300x225.jpg",300,225,true],"medium_large":["https:\/\/gervi.be\/wp-content\/uploads\/2023\/08\/nr3OFYR-Island-Black-100-Donker-Grijs-Keramiek.jpg",597,448,false],"large":["https:\/\/gervi.be\/wp-content\/uploads\/2023\/08\/nr3OFYR-Island-Black-100-Donker-Grijs-Keramiek.jpg",597,448,false],"1536x1536":["https:\/\/gervi.be\/wp-content\/uploads\/2023\/08\/nr3OFYR-Island-Black-100-Donker-Grijs-Keramiek.jpg",597,448,false],"2048x2048":["https:\/\/gervi.be\/wp-content\/uploads\/2023\/08\/nr3OFYR-Island-Black-100-Donker-Grijs-Keramiek.jpg",597,448,false],"woocommerce_thumbnail":["https:\/\/gervi.be\/wp-content\/uploads\/2023\/08\/nr3OFYR-Island-Black-100-Donker-Grijs-Keramiek-300x300.jpg",300,300,true],"woocommerce_single":["https:\/\/gervi.be\/wp-content\/uploads\/2023\/08\/nr3OFYR-Island-Black-100-Donker-Grijs-Keramiek.jpg",597,448,false],"woocommerce_gallery_thumbnail":["https:\/\/gervi.be\/wp-content\/uploads\/2023\/08\/nr3OFYR-Island-Black-100-Donker-Grijs-Keramiek-100x100.jpg",100,100,true],"dgwt-wcas-product-suggestion":["https:\/\/gervi.be\/wp-content\/uploads\/2023\/08\/nr3OFYR-Island-Black-100-Donker-Grijs-Keramiek.jpg",64,48,false]},"uagb_author_info":{"display_name":"Marjolein Nijs","author_link":"https:\/\/gervi.be\/fr\/author\/"},"uagb_comment_info":0,"uagb_excerpt":"Diam\u00e8tre : 100 cm Dimensions : 100 x 170 x 98 cm Mat\u00e9riau : acier corten \/ acier laqu\u00e9 noir Poids : 167 kg","_links":{"self":[{"href":"https:\/\/gervi.be\/fr\/wp-json\/wp\/v2\/product\/13020","targetHints":{"allow":["GET"]}}],"collection":[{"href":"https:\/\/gervi.be\/fr\/wp-json\/wp\/v2\/product"}],"about":[{"href":"https:\/\/gervi.be\/fr\/wp-json\/wp\/v2\/types\/product"}],"wp:featuredmedia":[{"embeddable":true,"href":"https:\/\/gervi.be\/fr\/wp-json\/wp\/v2\/media\/13023"}],"wp:attachment":[{"href":"https:\/\/gervi.be\/fr\/wp-json\/wp\/v2\/media?parent=13020"}],"wp:term":[{"taxonomy":"product_brand","embeddable":true,"href":"https:\/\/gervi.be\/fr\/wp-json\/wp\/v2\/product_brand?post=13020"},{"taxonomy":"product_cat","embeddable":true,"href":"https:\/\/gervi.be\/fr\/wp-json\/wp\/v2\/product_cat?post=13020"},{"taxonomy":"product_tag","embeddable":true,"href":"https:\/\/gervi.be\/fr\/wp-json\/wp\/v2\/product_tag?post=13020"}],"curies":[{"name":"wp","href":"https:\/\/api.w.org\/{rel}","templated":true}]}}