{"id":13013,"date":"2023-08-29T13:47:53","date_gmt":"2023-08-29T13:47:53","guid":{"rendered":"https:\/\/gervi.be\/shop\/bodylove-h\/"},"modified":"2023-08-29T13:47:53","modified_gmt":"2023-08-29T13:47:53","slug":"bodylove-h","status":"publish","type":"product","link":"https:\/\/gervi.be\/fr\/produit\/bodylove-h\/","title":{"rendered":"Bodylove H"},"content":{"rendered":"<p>Ce hammam se caract\u00e9rise par sa fonctionnalit\u00e9, son style et sa finition luxueuse. Le c\u00e9l\u00e8bre designer Rodolfo Dordoni, en collaboration avec Michele Angelini, a con\u00e7u un hammam qui fait appel \u00e0 tous les sens.<br \/>\nBodyLove garantit une qualit\u00e9 de vapeur in\u00e9gal\u00e9e en termes de densit\u00e9, de temp\u00e9rature et d&#8217;hygi\u00e8ne.<br \/>\nLe hammam est \u00e9quip\u00e9 du g\u00e9n\u00e9rateur de vapeur Nuvola Smart Power, le g\u00e9n\u00e9rateur de vapeur le plus avanc\u00e9 du march\u00e9.<br \/>\nUn panneau de marbre Botticino abrite le robinet, les commandes et une cuvette en acier inoxydable avec finition en cuivre.<br \/>\nBodyLove offre de nombreuses possibilit\u00e9s de personnalisation en termes de choix et de combinaison de mat\u00e9riaux.<\/p>\n","protected":false},"excerpt":{"rendered":"<p>Ce hammam se caract\u00e9rise par sa fonctionnalit\u00e9, son style et sa finition luxueuse. Le c\u00e9l\u00e8bre designer Rodolfo Dordoni, en collaboration avec Michele Angelini, a con\u00e7u un hammam qui fait appel \u00e0 tous les sens. BodyLove garantit une qualit\u00e9 de vapeur in\u00e9gal\u00e9e en termes de densit\u00e9, de temp\u00e9rature et d&#8217;hygi\u00e8ne. Le hammam est \u00e9quip\u00e9 du g\u00e9n\u00e9rateur [&hellip;]<\/p>\n","protected":false},"featured_media":13017,"template":"","meta":{"_acf_changed":false,"_uag_custom_page_level_css":"","site-sidebar-layout":"default","site-content-layout":"","ast-site-content-layout":"default","site-content-style":"default","site-sidebar-style":"default","ast-global-header-display":"","ast-banner-title-visibility":"","ast-main-header-display":"","ast-hfb-above-header-display":"","ast-hfb-below-header-display":"","ast-hfb-mobile-header-display":"","site-post-title":"","ast-breadcrumbs-content":"","ast-featured-img":"","footer-sml-layout":"","ast-disable-related-posts":"","theme-transparent-header-meta":"","adv-header-id-meta":"","stick-header-meta":"","header-above-stick-meta":"","header-main-stick-meta":"","header-below-stick-meta":"","astra-migrate-meta-layouts":"default","ast-page-background-enabled":"default","ast-page-background-meta":{"desktop":{"background-color":"","background-image":"","background-repeat":"repeat","background-position":"center center","background-size":"auto","background-attachment":"scroll","background-type":"","background-media":"","overlay-type":"","overlay-color":"","overlay-opacity":"","overlay-gradient":""},"tablet":{"background-color":"","background-image":"","background-repeat":"repeat","background-position":"center center","background-size":"auto","background-attachment":"scroll","background-type":"","background-media":"","overlay-type":"","overlay-color":"","overlay-opacity":"","overlay-gradient":""},"mobile":{"background-color":"","background-image":"","background-repeat":"repeat","background-position":"center center","background-size":"auto","background-attachment":"scroll","background-type":"","background-media":"","overlay-type":"","overlay-color":"","overlay-opacity":"","overlay-gradient":""}},"ast-content-background-meta":{"desktop":{"background-color":"var(--ast-global-color-5)","background-image":"","background-repeat":"repeat","background-position":"center center","background-size":"auto","background-attachment":"scroll","background-type":"","background-media":"","overlay-type":"","overlay-color":"","overlay-opacity":"","overlay-gradient":""},"tablet":{"background-color":"var(--ast-global-color-5)","background-image":"","background-repeat":"repeat","background-position":"center center","background-size":"auto","background-attachment":"scroll","background-type":"","background-media":"","overlay-type":"","overlay-color":"","overlay-opacity":"","overlay-gradient":""},"mobile":{"background-color":"var(--ast-global-color-5)","background-image":"","background-repeat":"repeat","background-position":"center center","background-size":"auto","background-attachment":"scroll","background-type":"","background-media":"","overlay-type":"","overlay-color":"","overlay-opacity":"","overlay-gradient":""}}},"product_brand":[],"product_cat":[708,709],"product_tag":[],"class_list":{"0":"post-13013","1":"product","2":"type-product","3":"status-publish","4":"has-post-thumbnail","6":"product_cat-bain-de-vapeur","7":"product_cat-effegibi-fr","8":"desktop-align-left","9":"tablet-align-left","10":"mobile-align-left","12":"first","13":"instock","14":"product-type-simple"},"acf":[],"uagb_featured_image_src":{"full":["https:\/\/gervi.be\/wp-content\/uploads\/2023\/08\/nr3effegibibodylove.jpg",597,448,false],"thumbnail":["https:\/\/gervi.be\/wp-content\/uploads\/2023\/08\/nr3effegibibodylove-150x150.jpg",150,150,true],"medium":["https:\/\/gervi.be\/wp-content\/uploads\/2023\/08\/nr3effegibibodylove-300x225.jpg",300,225,true],"medium_large":["https:\/\/gervi.be\/wp-content\/uploads\/2023\/08\/nr3effegibibodylove.jpg",597,448,false],"large":["https:\/\/gervi.be\/wp-content\/uploads\/2023\/08\/nr3effegibibodylove.jpg",597,448,false],"1536x1536":["https:\/\/gervi.be\/wp-content\/uploads\/2023\/08\/nr3effegibibodylove.jpg",597,448,false],"2048x2048":["https:\/\/gervi.be\/wp-content\/uploads\/2023\/08\/nr3effegibibodylove.jpg",597,448,false],"woocommerce_thumbnail":["https:\/\/gervi.be\/wp-content\/uploads\/2023\/08\/nr3effegibibodylove-300x300.jpg",300,300,true],"woocommerce_single":["https:\/\/gervi.be\/wp-content\/uploads\/2023\/08\/nr3effegibibodylove.jpg",597,448,false],"woocommerce_gallery_thumbnail":["https:\/\/gervi.be\/wp-content\/uploads\/2023\/08\/nr3effegibibodylove-100x100.jpg",100,100,true],"dgwt-wcas-product-suggestion":["https:\/\/gervi.be\/wp-content\/uploads\/2023\/08\/nr3effegibibodylove.jpg",64,48,false]},"uagb_author_info":{"display_name":"Marjolein Nijs","author_link":"https:\/\/gervi.be\/fr\/author\/"},"uagb_comment_info":0,"uagb_excerpt":"Ce hammam se caract\u00e9rise par sa fonctionnalit\u00e9, son style et sa finition luxueuse. Le c\u00e9l\u00e8bre designer Rodolfo Dordoni, en collaboration avec Michele Angelini, a con\u00e7u un hammam qui fait appel \u00e0 tous les sens. BodyLove garantit une qualit\u00e9 de vapeur in\u00e9gal\u00e9e en termes de densit\u00e9, de temp\u00e9rature et d&#8217;hygi\u00e8ne. Le hammam est \u00e9quip\u00e9 du g\u00e9n\u00e9rateur\u2026","_links":{"self":[{"href":"https:\/\/gervi.be\/fr\/wp-json\/wp\/v2\/product\/13013","targetHints":{"allow":["GET"]}}],"collection":[{"href":"https:\/\/gervi.be\/fr\/wp-json\/wp\/v2\/product"}],"about":[{"href":"https:\/\/gervi.be\/fr\/wp-json\/wp\/v2\/types\/product"}],"wp:featuredmedia":[{"embeddable":true,"href":"https:\/\/gervi.be\/fr\/wp-json\/wp\/v2\/media\/13017"}],"wp:attachment":[{"href":"https:\/\/gervi.be\/fr\/wp-json\/wp\/v2\/media?parent=13013"}],"wp:term":[{"taxonomy":"product_brand","embeddable":true,"href":"https:\/\/gervi.be\/fr\/wp-json\/wp\/v2\/product_brand?post=13013"},{"taxonomy":"product_cat","embeddable":true,"href":"https:\/\/gervi.be\/fr\/wp-json\/wp\/v2\/product_cat?post=13013"},{"taxonomy":"product_tag","embeddable":true,"href":"https:\/\/gervi.be\/fr\/wp-json\/wp\/v2\/product_tag?post=13013"}],"curies":[{"name":"wp","href":"https:\/\/api.w.org\/{rel}","templated":true}]}}