{"id":13010,"date":"2023-08-29T13:47:53","date_gmt":"2023-08-29T13:47:53","guid":{"rendered":"https:\/\/gervi.be\/shop\/banc-technogym\/"},"modified":"2025-12-04T11:49:59","modified_gmt":"2025-12-04T10:49:59","slug":"technogym-bench","status":"publish","type":"product","link":"https:\/\/gervi.be\/fr\/produit\/technogym-bench\/","title":{"rendered":"Technogym Bench"},"content":{"rendered":"<p><a href=\"https:\/\/gervi.be\/fr\/marques\/technogym\/\"><img decoding=\"async\" class=\"alignnone wp-image-16880\" src=\"https:\/\/gervi.be\/wp-content\/uploads\/2023\/12\/TechnoGym-300x131.png\" alt=\"Logo TechnoGym\" width=\"150\" height=\"66\" title=\"\" srcset=\"https:\/\/gervi.be\/wp-content\/uploads\/2023\/12\/TechnoGym-300x131.png 300w, https:\/\/gervi.be\/wp-content\/uploads\/2023\/12\/TechnoGym.png 322w\" sizes=\"(max-width: 150px) 100vw, 150px\" \/><\/a><\/p>\n<h2>Description<\/h2>\n<p>Le Technogym Bench est un banc de fitness fonctionnel tout-en-un qui vous permet d&#8217;effectuer d&#8217;innombrables exercices pour l&#8217;ensemble du corps. Le Technogym Bench combine des bandes de r\u00e9sistance, des halt\u00e8res hexagonaux, des poign\u00e9es lest\u00e9es et un tapis de fitness dans un seul banc compact.<\/p>\n<p>Le Technogym Bench est un banc de fitness polyvalent et innovant, con\u00e7u pour permettre un large \u00e9ventail d&#8217;exercices, des plus basiques aux plus avanc\u00e9s. Le banc est \u00e9quip\u00e9 de roues int\u00e9gr\u00e9es pour un d\u00e9placement ais\u00e9 et d&#8217;un syst\u00e8me de rangement pour tous les accessoires, garantissant un espace d&#8217;entra\u00eenement organis\u00e9 et efficace. Le banc comprend cinq paires d&#8217;halt\u00e8res hexagonaux avec des poids allant de 2,5 kg \u00e0 10 kg, des bandes de r\u00e9sistance \u00e9lastiques avec trois niveaux diff\u00e9rents (l\u00e9ger, moyen, lourd) et des poign\u00e9es de poids allant de 0,5 kg \u00e0 1,5 kg. Un tapis de fitness est \u00e9galement inclus pour offrir un maximum de confort et de stabilit\u00e9 pendant les exercices.<\/p>\n<p>Le Technogym Bench n&#8217;est pas seulement fonctionnel, il est aussi esth\u00e9tique, avec un look \u00e9pur\u00e9 et moderne qui s&#8217;int\u00e8gre dans n&#8217;importe quelle pi\u00e8ce. Le banc est compact avec des dimensions de 1 113 x 376 x 440 mm et un poids de 35 kg sans accessoires et de 90 kg avec tous les accessoires. Ces caract\u00e9ristiques rendent le banc facile \u00e0 d\u00e9placer et \u00e0 ranger, ce qui est id\u00e9al pour une utilisation \u00e0 domicile ou dans une salle de sport professionnelle. Le poids maximal de l&#8217;utilisateur est de 130 kg, ce qui garantit une grande accessibilit\u00e9 pour diff\u00e9rents utilisateurs.<\/p>\n<p>L&#8217;utilisation du le Technogym Bench offre de nombreux avantages. Tout d&#8217;abord, il offre une exp\u00e9rience d&#8217;entra\u00eenement vari\u00e9e gr\u00e2ce aux divers accessoires fournis, ce qui permet d&#8217;entra\u00eener efficacement presque toutes les parties du corps. Les bandes de r\u00e9sistance incluses ajoutent une dimension suppl\u00e9mentaire aux s\u00e9ances d&#8217;entra\u00eenement, en aidant \u00e0 d\u00e9velopper la force et la souplesse. Les halt\u00e8res hexagonaux sont id\u00e9aux pour la musculation et offrent une stabilit\u00e9 gr\u00e2ce \u00e0 leur forme, qui les emp\u00eache de rouler pendant l&#8217;utilisation. Les articulations lest\u00e9es sont parfaites pour renforcer le tronc et am\u00e9liorer la stabilit\u00e9 et l&#8217;\u00e9quilibre.<\/p>\n<p>Un autre avantage cl\u00e9 du Technogym Bench est la durabilit\u00e9 et la qualit\u00e9 des mat\u00e9riaux utilis\u00e9s. Le banc et les accessoires sont fabriqu\u00e9s dans des mat\u00e9riaux de haute qualit\u00e9 qui r\u00e9sistent \u00e0 un usage intensif, ce qui leur conf\u00e8re une longue dur\u00e9e de vie. Cela signifie que les utilisateurs peuvent compter sur un appareil de fitness fiable et efficace qui soutient et am\u00e9liore leur entra\u00eenement. Le banc peut \u00eatre r\u00e9gl\u00e9 rapidement et facilement pour diff\u00e9rents exercices, et les accessoires peuvent \u00eatre rang\u00e9s proprement dans les compartiments pr\u00e9vus \u00e0 cet effet apr\u00e8s utilisation. Cela permet de maintenir un espace de formation organis\u00e9 et ordonn\u00e9, contribuant ainsi \u00e0 une meilleure exp\u00e9rience de formation.<\/p>\n<p>Le Technogym Bench a \u00e9t\u00e9 con\u00e7u en pensant \u00e0 l&#8217;utilisateur, ce qui se refl\u00e8te dans l&#8217;attention port\u00e9e aux d\u00e9tails et \u00e0 la finition de haute qualit\u00e9. Le banc offre une base confortable et stable pour tous les exercices, tandis que les accessoires inclus garantissent la polyvalence et la vari\u00e9t\u00e9 de l&#8217;entra\u00eenement. Il est ainsi possible d&#8217;effectuer un entra\u00eenement complet du corps sans \u00e9quipement suppl\u00e9mentaire, ce qui permet d&#8217;\u00e9conomiser du temps et de l&#8217;espace.<\/p>\n<p>Le Technogym Bench est le choix id\u00e9al pour tous ceux qui recherchent une solution de fitness tout-en-un. Que vous soyez un d\u00e9butant qui s&#8217;initie \u00e0 la musculation ou un utilisateur exp\u00e9riment\u00e9 qui cherche \u00e0 \u00e9largir son programme d&#8217;entra\u00eenement, le banc Technogym offre la flexibilit\u00e9 et la fonctionnalit\u00e9 n\u00e9cessaires pour atteindre vos objectifs de remise en forme. Avec sa construction durable, ses accessoires polyvalents et sa conception conviviale, le banc Technogym est un compl\u00e9ment pr\u00e9cieux \u00e0 toute salle de sport.<\/p>\n","protected":false},"excerpt":{"rendered":"<ul>\n<li>Dimensions : 1 113 x 376 x 440 mm<\/li>\n<li>Poids du banc de fitness : 90 kg<\/li>\n<li>Poids maximal de l&#8217;utilisateur : 130 kg<\/li>\n<li>Compartiments de rangement int\u00e9gr\u00e9s pour les accessoires<\/li>\n<li>Comprend cinq paires d&#8217;halt\u00e8res hexagonaux (2,5 kg &#8211; 3,5 kg &#8211; 5 kg &#8211; 7,5 kg &#8211; 10 kg)<\/li>\n<li>Tapis d&#8217;entra\u00eenement inclus<\/li>\n<li>Comprend 3 paires de bandes de r\u00e9sistance \u00e9lastiques (l\u00e9g\u00e8res, moyennes, lourdes)<\/li>\n<li>Comprend 3 poign\u00e9es lest\u00e9es (0,5 kg &#8211; 1,0 kg &#8211; 1,5 kg)<\/li>\n<\/ul>\n","protected":false},"featured_media":24645,"template":"","meta":{"_acf_changed":false,"_uag_custom_page_level_css":"","site-sidebar-layout":"default","site-content-layout":"","ast-site-content-layout":"default","site-content-style":"default","site-sidebar-style":"default","ast-global-header-display":"","ast-banner-title-visibility":"","ast-main-header-display":"","ast-hfb-above-header-display":"","ast-hfb-below-header-display":"","ast-hfb-mobile-header-display":"","site-post-title":"","ast-breadcrumbs-content":"","ast-featured-img":"","footer-sml-layout":"","ast-disable-related-posts":"","theme-transparent-header-meta":"default","adv-header-id-meta":"","stick-header-meta":"","header-above-stick-meta":"","header-main-stick-meta":"","header-below-stick-meta":"","astra-migrate-meta-layouts":"set","ast-page-background-enabled":"default","ast-page-background-meta":{"desktop":{"background-color":"","background-image":"","background-repeat":"repeat","background-position":"center center","background-size":"auto","background-attachment":"scroll","background-type":"","background-media":"","overlay-type":"","overlay-color":"","overlay-opacity":"","overlay-gradient":""},"tablet":{"background-color":"","background-image":"","background-repeat":"repeat","background-position":"center center","background-size":"auto","background-attachment":"scroll","background-type":"","background-media":"","overlay-type":"","overlay-color":"","overlay-opacity":"","overlay-gradient":""},"mobile":{"background-color":"","background-image":"","background-repeat":"repeat","background-position":"center center","background-size":"auto","background-attachment":"scroll","background-type":"","background-media":"","overlay-type":"","overlay-color":"","overlay-opacity":"","overlay-gradient":""}},"ast-content-background-meta":{"desktop":{"background-color":"var(--ast-global-color-5)","background-image":"","background-repeat":"repeat","background-position":"center center","background-size":"auto","background-attachment":"scroll","background-type":"","background-media":"","overlay-type":"","overlay-color":"","overlay-opacity":"","overlay-gradient":""},"tablet":{"background-color":"var(--ast-global-color-5)","background-image":"","background-repeat":"repeat","background-position":"center center","background-size":"auto","background-attachment":"scroll","background-type":"","background-media":"","overlay-type":"","overlay-color":"","overlay-opacity":"","overlay-gradient":""},"mobile":{"background-color":"var(--ast-global-color-5)","background-image":"","background-repeat":"repeat","background-position":"center center","background-size":"auto","background-attachment":"scroll","background-type":"","background-media":"","overlay-type":"","overlay-color":"","overlay-opacity":"","overlay-gradient":""}}},"product_brand":[],"product_cat":[710,665],"product_tag":[],"class_list":{"0":"post-13010","1":"product","2":"type-product","3":"status-publish","4":"has-post-thumbnail","6":"product_cat-entrainement-fonctionnel","7":"product_cat-equipements-de-remise-en-forme","8":"desktop-align-left","9":"tablet-align-left","10":"mobile-align-left","12":"first","13":"instock","14":"purchasable","15":"product-type-simple"},"acf":[],"uagb_featured_image_src":{"full":["https:\/\/gervi.be\/wp-content\/uploads\/2023\/08\/Technogym-Bench-Gervi.jpg",2000,2000,false],"thumbnail":["https:\/\/gervi.be\/wp-content\/uploads\/2023\/08\/Technogym-Bench-Gervi-150x150.jpg",150,150,true],"medium":["https:\/\/gervi.be\/wp-content\/uploads\/2023\/08\/Technogym-Bench-Gervi-300x300.jpg",300,300,true],"medium_large":["https:\/\/gervi.be\/wp-content\/uploads\/2023\/08\/Technogym-Bench-Gervi-768x768.jpg",768,768,true],"large":["https:\/\/gervi.be\/wp-content\/uploads\/2023\/08\/Technogym-Bench-Gervi-1024x1024.jpg",1024,1024,true],"1536x1536":["https:\/\/gervi.be\/wp-content\/uploads\/2023\/08\/Technogym-Bench-Gervi-1536x1536.jpg",1536,1536,true],"2048x2048":["https:\/\/gervi.be\/wp-content\/uploads\/2023\/08\/Technogym-Bench-Gervi.jpg",2000,2000,false],"woocommerce_thumbnail":["https:\/\/gervi.be\/wp-content\/uploads\/2023\/08\/Technogym-Bench-Gervi-2000x1500.jpg",2000,1500,true],"woocommerce_single":["https:\/\/gervi.be\/wp-content\/uploads\/2023\/08\/Technogym-Bench-Gervi.jpg",2000,2000,false],"woocommerce_gallery_thumbnail":["https:\/\/gervi.be\/wp-content\/uploads\/2023\/08\/Technogym-Bench-Gervi-100x100.jpg",100,100,true],"dgwt-wcas-product-suggestion":["https:\/\/gervi.be\/wp-content\/uploads\/2023\/08\/Technogym-Bench-Gervi.jpg",64,64,false]},"uagb_author_info":{"display_name":"Marjolein Nijs","author_link":"https:\/\/gervi.be\/fr\/author\/"},"uagb_comment_info":0,"uagb_excerpt":"Dimensions : 1 113 x 376 x 440 mm Poids du banc de fitness : 90 kg Poids maximal de l'utilisateur : 130 kg Compartiments de rangement int\u00e9gr\u00e9s pour les accessoires Comprend cinq paires d'halt\u00e8res hexagonaux (2,5 kg - 3,5 kg - 5 kg - 7,5 kg - 10 kg) Tapis d'entra\u00eenement inclus Comprend 3\u2026","_links":{"self":[{"href":"https:\/\/gervi.be\/fr\/wp-json\/wp\/v2\/product\/13010","targetHints":{"allow":["GET"]}}],"collection":[{"href":"https:\/\/gervi.be\/fr\/wp-json\/wp\/v2\/product"}],"about":[{"href":"https:\/\/gervi.be\/fr\/wp-json\/wp\/v2\/types\/product"}],"wp:featuredmedia":[{"embeddable":true,"href":"https:\/\/gervi.be\/fr\/wp-json\/wp\/v2\/media\/24645"}],"wp:attachment":[{"href":"https:\/\/gervi.be\/fr\/wp-json\/wp\/v2\/media?parent=13010"}],"wp:term":[{"taxonomy":"product_brand","embeddable":true,"href":"https:\/\/gervi.be\/fr\/wp-json\/wp\/v2\/product_brand?post=13010"},{"taxonomy":"product_cat","embeddable":true,"href":"https:\/\/gervi.be\/fr\/wp-json\/wp\/v2\/product_cat?post=13010"},{"taxonomy":"product_tag","embeddable":true,"href":"https:\/\/gervi.be\/fr\/wp-json\/wp\/v2\/product_tag?post=13010"}],"curies":[{"name":"wp","href":"https:\/\/api.w.org\/{rel}","templated":true}]}}