{"id":12997,"date":"2023-08-29T13:47:53","date_gmt":"2023-08-29T13:47:53","guid":{"rendered":"https:\/\/gervi.be\/shop\/hydrostride\/"},"modified":"2024-05-07T09:25:41","modified_gmt":"2024-05-07T09:25:41","slug":"hydrostride","status":"publish","type":"product","link":"https:\/\/gervi.be\/fr\/produit\/hydrostride\/","title":{"rendered":"Hydrostride"},"content":{"rendered":"<p><a href=\"https:\/\/gervi.be\/merken\/endless-pools\/\"><img decoding=\"async\" class=\"alignnone wp-image-20326\" src=\"https:\/\/gervi.be\/wp-content\/uploads\/2024\/03\/Endless-Pools-Logo-300x126.png\" alt=\"Logo Endless Pools\" width=\"150\" height=\"63\" title=\"\"><\/a><\/p>\n<h2>Description<\/h2>\n<p>Avec le tapis roulant sous-marin Hydrostride de Endless Pools, vous pouvez marcher, courir ou faire du jogging dans l&#8217;eau. Vous pouvez exercer l&#8217;ensemble du corps pour perdre du poids, r\u00e9duire le stress et avoir plus d&#8217;\u00e9nergie.<\/p>\n<div class=\"flex flex-grow flex-col max-w-full\">\n<div class=\"min-h-[20px] text-message flex flex-col items-start whitespace-pre-wrap break-words [.text-message+&amp;]:mt-5 overflow-x-auto gap-3\" dir=\"auto\" data-message-author-role=\"assistant\" data-message-id=\"34534313-af56-4237-87d8-adeb67ffcf22\">\n<div class=\"markdown prose w-full break-words dark:prose-invert light\">\n<p>Le tapis roulant sous-marin Hydrostride d&#8217;Endless Pools offre une exp\u00e9rience unique de remise en forme qui fait passer la marche ou le jogging traditionnels \u00e0 un niveau sup\u00e9rieur. Cet appareil utilise la r\u00e9sistance de l&#8217;eau pour fournir un entra\u00eenement complet du corps avec une r\u00e9duction significative du stress sur les articulations, ce qui le rend id\u00e9al pour les amateurs de fitness ainsi que pour les personnes qui se remettent de blessures ou qui font face \u00e0 des douleurs chroniques.<\/p>\n<p>L&#8217;Hydrostride est \u00e9quip\u00e9 d&#8217;un tapis roulant \u00e0 commande hydraulique dont la vitesse varie de 0,8 \u00e0 8 km\/h, ce qui permet aux utilisateurs d&#8217;adapter leur entra\u00eenement \u00e0 leurs besoins personnels et \u00e0 leurs objectifs de remise en forme. La surface de roulement de la ceinture est large de 53 cm, ce qui offre suffisamment d&#8217;espace pour le confort de la marche ou du jogging. Le tapis de course lui-m\u00eame est fabriqu\u00e9 en acier inoxydable et pr\u00e9sente une finition bleu saphir, ce qui lui conf\u00e8re une grande durabilit\u00e9 et un aspect attrayant dans le cadre d&#8217;un spa ou d&#8217;une piscine.<\/p>\n<p>L&#8217;un des avantages notables de l&#8217;utilisation d&#8217;un tapis roulant sous-marin comme l&#8217;Hydrostride est la possibilit\u00e9 d&#8217;effectuer des s\u00e9ances d&#8217;entra\u00eenement intenses avec moins de risques de courbatures ou de douleurs articulaires le lendemain. En effet, la r\u00e9sistance de l&#8217;eau permet de r\u00e9duire l&#8217;impact sur le corps, tout en assurant un entra\u00eenement cardio et musculaire efficace. L&#8217;eau offre jusqu&#8217;\u00e0 12 fois plus de r\u00e9sistance que l&#8217;air, ce qui signifie que vous pouvez br\u00fbler plus de calories et d\u00e9velopper votre force musculaire plus rapidement.<\/p>\n<p>De plus, l&#8217;Hydrostride est parfait pour une vari\u00e9t\u00e9 d&#8217;utilisateurs, y compris ceux qui s&#8217;entra\u00eenent pour un marathon, qui veulent perdre du poids ou am\u00e9liorer leur condition physique g\u00e9n\u00e9rale. Il convient \u00e9galement parfaitement \u00e0 des fins th\u00e9rapeutiques et de r\u00e9\u00e9ducation, par exemple pour aider les personnes souffrant d&#8217;arthrose en r\u00e9duisant la douleur pendant l&#8217;exercice et en am\u00e9liorant la mobilit\u00e9 et l&#8217;\u00e9quilibre.<\/p>\n<p>En r\u00e9sum\u00e9, le tapis roulant sous-marin Hydrostride d&#8217;Endless Pools offre un moyen innovant, efficace et agr\u00e9able de rester en forme, de perdre du poids et d&#8217;am\u00e9liorer la sant\u00e9 en g\u00e9n\u00e9ral, tout cela dans le confort de votre spa ou de votre piscine.<\/p>\n<\/div>\n<\/div>\n<\/div>\n<p>&nbsp;<\/p>\n<p>&nbsp;<\/p>\n","protected":false},"excerpt":{"rendered":"<ul>\n<li>Dimensions : 157 x 53,3 x 11,4 cm<\/li>\n<li>Vitesse : 0,8 km\/h \u00e0 8,85 km\/h<\/li>\n<\/ul>\n","protected":false},"featured_media":22194,"template":"","meta":{"_acf_changed":false,"_uag_custom_page_level_css":"","site-sidebar-layout":"default","site-content-layout":"","ast-site-content-layout":"default","site-content-style":"default","site-sidebar-style":"default","ast-global-header-display":"","ast-banner-title-visibility":"","ast-main-header-display":"","ast-hfb-above-header-display":"","ast-hfb-below-header-display":"","ast-hfb-mobile-header-display":"","site-post-title":"","ast-breadcrumbs-content":"","ast-featured-img":"","footer-sml-layout":"","ast-disable-related-posts":"","theme-transparent-header-meta":"default","adv-header-id-meta":"","stick-header-meta":"","header-above-stick-meta":"","header-main-stick-meta":"","header-below-stick-meta":"","astra-migrate-meta-layouts":"default","ast-page-background-enabled":"default","ast-page-background-meta":{"desktop":{"background-color":"","background-image":"","background-repeat":"repeat","background-position":"center center","background-size":"auto","background-attachment":"scroll","background-type":"","background-media":"","overlay-type":"","overlay-color":"","overlay-opacity":"","overlay-gradient":""},"tablet":{"background-color":"","background-image":"","background-repeat":"repeat","background-position":"center center","background-size":"auto","background-attachment":"scroll","background-type":"","background-media":"","overlay-type":"","overlay-color":"","overlay-opacity":"","overlay-gradient":""},"mobile":{"background-color":"","background-image":"","background-repeat":"repeat","background-position":"center center","background-size":"auto","background-attachment":"scroll","background-type":"","background-media":"","overlay-type":"","overlay-color":"","overlay-opacity":"","overlay-gradient":""}},"ast-content-background-meta":{"desktop":{"background-color":"var(--ast-global-color-5)","background-image":"","background-repeat":"repeat","background-position":"center center","background-size":"auto","background-attachment":"scroll","background-type":"","background-media":"","overlay-type":"","overlay-color":"","overlay-opacity":"","overlay-gradient":""},"tablet":{"background-color":"var(--ast-global-color-5)","background-image":"","background-repeat":"repeat","background-position":"center center","background-size":"auto","background-attachment":"scroll","background-type":"","background-media":"","overlay-type":"","overlay-color":"","overlay-opacity":"","overlay-gradient":""},"mobile":{"background-color":"var(--ast-global-color-5)","background-image":"","background-repeat":"repeat","background-position":"center center","background-size":"auto","background-attachment":"scroll","background-type":"","background-media":"","overlay-type":"","overlay-color":"","overlay-opacity":"","overlay-gradient":""}}},"product_brand":[],"product_cat":[648,1656,647],"product_tag":[1561,1587,1559,1314,1650,1562,1426,1558,1311,1312,1620,1430,1651,1652],"class_list":{"0":"post-12997","1":"product","2":"type-product","3":"status-publish","4":"has-post-thumbnail","6":"product_cat-endless-pools","7":"product_cat-hydrostride-fr","8":"product_cat-spa-de-nage","9":"product_tag-a-contre-courant","10":"product_tag-cours-deau-de-natation","11":"product_tag-des-piscines-a-perte-de-vue","12":"product_tag-gervi-fr","13":"product_tag-hydrostride-fr","14":"product_tag-jetstream-fr","15":"product_tag-la-remise-en-forme","16":"product_tag-natation","17":"product_tag-spa-de-natation","18":"product_tag-swimspa-fr","19":"product_tag-systemes-de-loisirs","20":"product_tag-tapis-roulant","21":"product_tag-tapis-roulant-sous-marin","22":"product_tag-tapis-roulant-sous-marin-fr","23":"desktop-align-left","24":"tablet-align-left","25":"mobile-align-left","27":"first","28":"instock","29":"product-type-simple"},"acf":[],"uagb_featured_image_src":{"full":["https:\/\/gervi.be\/wp-content\/uploads\/2023\/08\/Endless-Pools-Hydrostride-Onderwaterloopband-Gervi.jpg",2000,2000,false],"thumbnail":["https:\/\/gervi.be\/wp-content\/uploads\/2023\/08\/Endless-Pools-Hydrostride-Onderwaterloopband-Gervi-150x150.jpg",150,150,true],"medium":["https:\/\/gervi.be\/wp-content\/uploads\/2023\/08\/Endless-Pools-Hydrostride-Onderwaterloopband-Gervi-300x300.jpg",300,300,true],"medium_large":["https:\/\/gervi.be\/wp-content\/uploads\/2023\/08\/Endless-Pools-Hydrostride-Onderwaterloopband-Gervi-768x768.jpg",768,768,true],"large":["https:\/\/gervi.be\/wp-content\/uploads\/2023\/08\/Endless-Pools-Hydrostride-Onderwaterloopband-Gervi-1024x1024.jpg",1024,1024,true],"1536x1536":["https:\/\/gervi.be\/wp-content\/uploads\/2023\/08\/Endless-Pools-Hydrostride-Onderwaterloopband-Gervi-1536x1536.jpg",1536,1536,true],"2048x2048":["https:\/\/gervi.be\/wp-content\/uploads\/2023\/08\/Endless-Pools-Hydrostride-Onderwaterloopband-Gervi.jpg",2000,2000,false],"woocommerce_thumbnail":["https:\/\/gervi.be\/wp-content\/uploads\/2023\/08\/Endless-Pools-Hydrostride-Onderwaterloopband-Gervi-2000x1500.jpg",2000,1500,true],"woocommerce_single":["https:\/\/gervi.be\/wp-content\/uploads\/2023\/08\/Endless-Pools-Hydrostride-Onderwaterloopband-Gervi.jpg",2000,2000,false],"woocommerce_gallery_thumbnail":["https:\/\/gervi.be\/wp-content\/uploads\/2023\/08\/Endless-Pools-Hydrostride-Onderwaterloopband-Gervi-100x100.jpg",100,100,true],"dgwt-wcas-product-suggestion":["https:\/\/gervi.be\/wp-content\/uploads\/2023\/08\/Endless-Pools-Hydrostride-Onderwaterloopband-Gervi.jpg",64,64,false]},"uagb_author_info":{"display_name":"Marjolein Nijs","author_link":"https:\/\/gervi.be\/fr\/author\/"},"uagb_comment_info":0,"uagb_excerpt":"Dimensions : 157 x 53,3 x 11,4 cm Vitesse : 0,8 km\/h \u00e0 8,85 km\/h","_links":{"self":[{"href":"https:\/\/gervi.be\/fr\/wp-json\/wp\/v2\/product\/12997","targetHints":{"allow":["GET"]}}],"collection":[{"href":"https:\/\/gervi.be\/fr\/wp-json\/wp\/v2\/product"}],"about":[{"href":"https:\/\/gervi.be\/fr\/wp-json\/wp\/v2\/types\/product"}],"wp:featuredmedia":[{"embeddable":true,"href":"https:\/\/gervi.be\/fr\/wp-json\/wp\/v2\/media\/22194"}],"wp:attachment":[{"href":"https:\/\/gervi.be\/fr\/wp-json\/wp\/v2\/media?parent=12997"}],"wp:term":[{"taxonomy":"product_brand","embeddable":true,"href":"https:\/\/gervi.be\/fr\/wp-json\/wp\/v2\/product_brand?post=12997"},{"taxonomy":"product_cat","embeddable":true,"href":"https:\/\/gervi.be\/fr\/wp-json\/wp\/v2\/product_cat?post=12997"},{"taxonomy":"product_tag","embeddable":true,"href":"https:\/\/gervi.be\/fr\/wp-json\/wp\/v2\/product_tag?post=12997"}],"curies":[{"name":"wp","href":"https:\/\/api.w.org\/{rel}","templated":true}]}}