{"id":12988,"date":"2023-08-29T13:47:53","date_gmt":"2023-08-29T13:47:53","guid":{"rendered":"https:\/\/gervi.be\/shop\/ofyr-butcher-block\/"},"modified":"2025-10-06T14:51:53","modified_gmt":"2025-10-06T12:51:53","slug":"deyr-butcher-block","status":"publish","type":"product","link":"https:\/\/gervi.be\/fr\/produit\/deyr-butcher-block\/","title":{"rendered":"OFYR Butcher Block"},"content":{"rendered":"<p>Le bloc de boucherie OFYR est un compl\u00e9ment id\u00e9al aux mod\u00e8les OFYR Classic. Il est dot\u00e9 d&#8217;un plan de travail robuste pour la pr\u00e9paration des aliments et d&#8217;un support pratique pour les accessoires. Le bloc de coupe est disponible en teck et, en plus, en c\u00e9ramique gris fonc\u00e9.<\/p>\n","protected":false},"excerpt":{"rendered":"<ul>\n<li>Disponible uniquement chez Gervi Outdoor Concepts<\/li>\n<\/ul>\n","protected":false},"featured_media":33850,"template":"","meta":{"_acf_changed":false,"_uag_custom_page_level_css":"","site-sidebar-layout":"default","site-content-layout":"","ast-site-content-layout":"default","site-content-style":"default","site-sidebar-style":"default","ast-global-header-display":"","ast-banner-title-visibility":"","ast-main-header-display":"","ast-hfb-above-header-display":"","ast-hfb-below-header-display":"","ast-hfb-mobile-header-display":"","site-post-title":"","ast-breadcrumbs-content":"","ast-featured-img":"","footer-sml-layout":"","ast-disable-related-posts":"","theme-transparent-header-meta":"default","adv-header-id-meta":"","stick-header-meta":"","header-above-stick-meta":"","header-main-stick-meta":"","header-below-stick-meta":"","astra-migrate-meta-layouts":"default","ast-page-background-enabled":"default","ast-page-background-meta":{"desktop":{"background-color":"","background-image":"","background-repeat":"repeat","background-position":"center center","background-size":"auto","background-attachment":"scroll","background-type":"","background-media":"","overlay-type":"","overlay-color":"","overlay-opacity":"","overlay-gradient":""},"tablet":{"background-color":"","background-image":"","background-repeat":"repeat","background-position":"center center","background-size":"auto","background-attachment":"scroll","background-type":"","background-media":"","overlay-type":"","overlay-color":"","overlay-opacity":"","overlay-gradient":""},"mobile":{"background-color":"","background-image":"","background-repeat":"repeat","background-position":"center center","background-size":"auto","background-attachment":"scroll","background-type":"","background-media":"","overlay-type":"","overlay-color":"","overlay-opacity":"","overlay-gradient":""}},"ast-content-background-meta":{"desktop":{"background-color":"var(--ast-global-color-5)","background-image":"","background-repeat":"repeat","background-position":"center center","background-size":"auto","background-attachment":"scroll","background-type":"","background-media":"","overlay-type":"","overlay-color":"","overlay-opacity":"","overlay-gradient":""},"tablet":{"background-color":"var(--ast-global-color-5)","background-image":"","background-repeat":"repeat","background-position":"center center","background-size":"auto","background-attachment":"scroll","background-type":"","background-media":"","overlay-type":"","overlay-color":"","overlay-opacity":"","overlay-gradient":""},"mobile":{"background-color":"var(--ast-global-color-5)","background-image":"","background-repeat":"repeat","background-position":"center center","background-size":"auto","background-attachment":"scroll","background-type":"","background-media":"","overlay-type":"","overlay-color":"","overlay-opacity":"","overlay-gradient":""}}},"product_brand":[],"product_cat":[651,654],"product_tag":[],"class_list":{"0":"post-12988","1":"product","2":"type-product","3":"status-publish","4":"has-post-thumbnail","6":"product_cat-bbq-fr","7":"product_cat-ofyr-fr","8":"desktop-align-left","9":"tablet-align-left","10":"mobile-align-left","12":"first","13":"instock","14":"product-type-simple"},"acf":[],"uagb_featured_image_src":{"full":["https:\/\/gervi.be\/wp-content\/uploads\/2023\/08\/Ofyr-butcher-block-foto-4-scaled.webp",2560,1922,false],"thumbnail":["https:\/\/gervi.be\/wp-content\/uploads\/2023\/08\/Ofyr-butcher-block-foto-4-150x150.webp",150,150,true],"medium":["https:\/\/gervi.be\/wp-content\/uploads\/2023\/08\/Ofyr-butcher-block-foto-4-300x225.webp",300,225,true],"medium_large":["https:\/\/gervi.be\/wp-content\/uploads\/2023\/08\/Ofyr-butcher-block-foto-4-768x577.webp",768,577,true],"large":["https:\/\/gervi.be\/wp-content\/uploads\/2023\/08\/Ofyr-butcher-block-foto-4-1024x769.webp",1024,769,true],"1536x1536":["https:\/\/gervi.be\/wp-content\/uploads\/2023\/08\/Ofyr-butcher-block-foto-4-1536x1153.webp",1536,1153,true],"2048x2048":["https:\/\/gervi.be\/wp-content\/uploads\/2023\/08\/Ofyr-butcher-block-foto-4-2048x1537.webp",2048,1537,true],"woocommerce_thumbnail":["https:\/\/gervi.be\/wp-content\/uploads\/2023\/08\/Ofyr-butcher-block-foto-4-scaled-2000x1500.webp",2000,1500,true],"woocommerce_single":["https:\/\/gervi.be\/wp-content\/uploads\/2023\/08\/Ofyr-butcher-block-foto-4-scaled-2000x1502.webp",2000,1502,true],"woocommerce_gallery_thumbnail":["https:\/\/gervi.be\/wp-content\/uploads\/2023\/08\/Ofyr-butcher-block-foto-4-scaled-100x100.webp",100,100,true],"dgwt-wcas-product-suggestion":["https:\/\/gervi.be\/wp-content\/uploads\/2023\/08\/Ofyr-butcher-block-foto-4-scaled.webp",64,48,false]},"uagb_author_info":{"display_name":"Marjolein Nijs","author_link":"https:\/\/gervi.be\/fr\/author\/"},"uagb_comment_info":0,"uagb_excerpt":"Disponible uniquement chez Gervi Outdoor Concepts","_links":{"self":[{"href":"https:\/\/gervi.be\/fr\/wp-json\/wp\/v2\/product\/12988","targetHints":{"allow":["GET"]}}],"collection":[{"href":"https:\/\/gervi.be\/fr\/wp-json\/wp\/v2\/product"}],"about":[{"href":"https:\/\/gervi.be\/fr\/wp-json\/wp\/v2\/types\/product"}],"wp:featuredmedia":[{"embeddable":true,"href":"https:\/\/gervi.be\/fr\/wp-json\/wp\/v2\/media\/33850"}],"wp:attachment":[{"href":"https:\/\/gervi.be\/fr\/wp-json\/wp\/v2\/media?parent=12988"}],"wp:term":[{"taxonomy":"product_brand","embeddable":true,"href":"https:\/\/gervi.be\/fr\/wp-json\/wp\/v2\/product_brand?post=12988"},{"taxonomy":"product_cat","embeddable":true,"href":"https:\/\/gervi.be\/fr\/wp-json\/wp\/v2\/product_cat?post=12988"},{"taxonomy":"product_tag","embeddable":true,"href":"https:\/\/gervi.be\/fr\/wp-json\/wp\/v2\/product_tag?post=12988"}],"curies":[{"name":"wp","href":"https:\/\/api.w.org\/{rel}","templated":true}]}}