{"id":12976,"date":"2023-08-29T13:47:38","date_gmt":"2023-08-29T13:47:38","guid":{"rendered":"https:\/\/gervi.be\/shop\/addizio\/"},"modified":"2023-08-29T13:47:38","modified_gmt":"2023-08-29T13:47:38","slug":"addizio","status":"publish","type":"product","link":"https:\/\/gervi.be\/fr\/produit\/addizio\/","title":{"rendered":"Addizio"},"content":{"rendered":"<p>Ce mod\u00e8le industriel est compact et tr\u00e8s polyvalent. L&#8217;Addizio est presque identique au c\u00e9l\u00e8bre barbecue Fratello, sauf qu&#8217;il s&#8217;agit de la version au gaz et que le barbecue fonctionne alors un peu plus rapidement. La popularit\u00e9 des barbecues \u00e0 gaz augmente \u00e0 juste titre : leur rapidit\u00e9 et leur simplicit\u00e9 d&#8217;utilisation les rendent plus adapt\u00e9s aux journ\u00e9es charg\u00e9es. Il est facile \u00e0 d\u00e9placer, tr\u00e8s tendance et s&#8217;int\u00e8gre parfaitement dans tout jardin. Le barbecue dispose d&#8217;une grande surface de cuisson et de pas moins de trois br\u00fbleurs \u00e0 gaz, de sorte que les grandes entreprises sont les bienvenues. L&#8217;Addizio est \u00e9quip\u00e9 de poign\u00e9es r\u00e9sistantes \u00e0 la chaleur et est tr\u00e8s facile \u00e0 nettoyer gr\u00e2ce au bac \u00e0 cendres amovible. Le thermom\u00e8tre int\u00e9gr\u00e9 dans le couvercle est id\u00e9al pour un contr\u00f4le optimal de la temp\u00e9rature.<\/p>\n","protected":false},"excerpt":{"rendered":"<ul>\n<li>Type de barbecue : gaz\n<\/li>\n<li>Br\u00fbleur principal : 3\n<\/li>\n<li>Bac de r\u00e9cup\u00e9ration des graisses : oui\n<\/li>\n<li>Thermom\u00e8tre int\u00e9gr\u00e9 : oui\n<\/li>\n<li>Poids : 32 kg\n<\/li>\n<li>Dimensions : 81 x 52 x 104 cm\n<\/li>\n<li>Dimensions Surface de cuisson : 60 x 41cm<\/li>\n<\/ul>\n","protected":false},"featured_media":12983,"template":"","meta":{"_acf_changed":false,"_uag_custom_page_level_css":"","site-sidebar-layout":"default","site-content-layout":"","ast-site-content-layout":"default","site-content-style":"default","site-sidebar-style":"default","ast-global-header-display":"","ast-banner-title-visibility":"","ast-main-header-display":"","ast-hfb-above-header-display":"","ast-hfb-below-header-display":"","ast-hfb-mobile-header-display":"","site-post-title":"","ast-breadcrumbs-content":"","ast-featured-img":"","footer-sml-layout":"","ast-disable-related-posts":"","theme-transparent-header-meta":"default","adv-header-id-meta":"","stick-header-meta":"","header-above-stick-meta":"","header-main-stick-meta":"","header-below-stick-meta":"","astra-migrate-meta-layouts":"default","ast-page-background-enabled":"default","ast-page-background-meta":{"desktop":{"background-color":"","background-image":"","background-repeat":"repeat","background-position":"center center","background-size":"auto","background-attachment":"scroll","background-type":"","background-media":"","overlay-type":"","overlay-color":"","overlay-opacity":"","overlay-gradient":""},"tablet":{"background-color":"","background-image":"","background-repeat":"repeat","background-position":"center center","background-size":"auto","background-attachment":"scroll","background-type":"","background-media":"","overlay-type":"","overlay-color":"","overlay-opacity":"","overlay-gradient":""},"mobile":{"background-color":"","background-image":"","background-repeat":"repeat","background-position":"center center","background-size":"auto","background-attachment":"scroll","background-type":"","background-media":"","overlay-type":"","overlay-color":"","overlay-opacity":"","overlay-gradient":""}},"ast-content-background-meta":{"desktop":{"background-color":"var(--ast-global-color-5)","background-image":"","background-repeat":"repeat","background-position":"center center","background-size":"auto","background-attachment":"scroll","background-type":"","background-media":"","overlay-type":"","overlay-color":"","overlay-opacity":"","overlay-gradient":""},"tablet":{"background-color":"var(--ast-global-color-5)","background-image":"","background-repeat":"repeat","background-position":"center center","background-size":"auto","background-attachment":"scroll","background-type":"","background-media":"","overlay-type":"","overlay-color":"","overlay-opacity":"","overlay-gradient":""},"mobile":{"background-color":"var(--ast-global-color-5)","background-image":"","background-repeat":"repeat","background-position":"center center","background-size":"auto","background-attachment":"scroll","background-type":"","background-media":"","overlay-type":"","overlay-color":"","overlay-opacity":"","overlay-gradient":""}}},"product_brand":[],"product_cat":[651,658],"product_tag":[],"class_list":{"0":"post-12976","1":"product","2":"type-product","3":"status-publish","4":"has-post-thumbnail","6":"product_cat-bbq-fr","7":"product_cat-boretti-fr","8":"desktop-align-left","9":"tablet-align-left","10":"mobile-align-left","12":"first","13":"instock","14":"purchasable","15":"product-type-simple"},"acf":[],"uagb_featured_image_src":{"full":["https:\/\/gervi.be\/wp-content\/uploads\/2023\/08\/nr3addizio1.jpg",597,448,false],"thumbnail":["https:\/\/gervi.be\/wp-content\/uploads\/2023\/08\/nr3addizio1-150x150.jpg",150,150,true],"medium":["https:\/\/gervi.be\/wp-content\/uploads\/2023\/08\/nr3addizio1-300x225.jpg",300,225,true],"medium_large":["https:\/\/gervi.be\/wp-content\/uploads\/2023\/08\/nr3addizio1.jpg",597,448,false],"large":["https:\/\/gervi.be\/wp-content\/uploads\/2023\/08\/nr3addizio1.jpg",597,448,false],"1536x1536":["https:\/\/gervi.be\/wp-content\/uploads\/2023\/08\/nr3addizio1.jpg",597,448,false],"2048x2048":["https:\/\/gervi.be\/wp-content\/uploads\/2023\/08\/nr3addizio1.jpg",597,448,false],"woocommerce_thumbnail":["https:\/\/gervi.be\/wp-content\/uploads\/2023\/08\/nr3addizio1-300x300.jpg",300,300,true],"woocommerce_single":["https:\/\/gervi.be\/wp-content\/uploads\/2023\/08\/nr3addizio1.jpg",597,448,false],"woocommerce_gallery_thumbnail":["https:\/\/gervi.be\/wp-content\/uploads\/2023\/08\/nr3addizio1-100x100.jpg",100,100,true],"dgwt-wcas-product-suggestion":["https:\/\/gervi.be\/wp-content\/uploads\/2023\/08\/nr3addizio1.jpg",64,48,false]},"uagb_author_info":{"display_name":"Marjolein Nijs","author_link":"https:\/\/gervi.be\/fr\/author\/"},"uagb_comment_info":0,"uagb_excerpt":"Type de barbecue : gaz Br\u00fbleur principal : 3 Bac de r\u00e9cup\u00e9ration des graisses : oui Thermom\u00e8tre int\u00e9gr\u00e9 : oui Poids : 32 kg Dimensions : 81 x 52 x 104 cm Dimensions Surface de cuisson : 60 x 41cm","_links":{"self":[{"href":"https:\/\/gervi.be\/fr\/wp-json\/wp\/v2\/product\/12976","targetHints":{"allow":["GET"]}}],"collection":[{"href":"https:\/\/gervi.be\/fr\/wp-json\/wp\/v2\/product"}],"about":[{"href":"https:\/\/gervi.be\/fr\/wp-json\/wp\/v2\/types\/product"}],"wp:featuredmedia":[{"embeddable":true,"href":"https:\/\/gervi.be\/fr\/wp-json\/wp\/v2\/media\/12983"}],"wp:attachment":[{"href":"https:\/\/gervi.be\/fr\/wp-json\/wp\/v2\/media?parent=12976"}],"wp:term":[{"taxonomy":"product_brand","embeddable":true,"href":"https:\/\/gervi.be\/fr\/wp-json\/wp\/v2\/product_brand?post=12976"},{"taxonomy":"product_cat","embeddable":true,"href":"https:\/\/gervi.be\/fr\/wp-json\/wp\/v2\/product_cat?post=12976"},{"taxonomy":"product_tag","embeddable":true,"href":"https:\/\/gervi.be\/fr\/wp-json\/wp\/v2\/product_tag?post=12976"}],"curies":[{"name":"wp","href":"https:\/\/api.w.org\/{rel}","templated":true}]}}