{"id":12966,"date":"2023-08-29T13:47:38","date_gmt":"2023-08-29T13:47:38","guid":{"rendered":"https:\/\/gervi.be\/shop\/velo-aquatique\/"},"modified":"2024-05-07T08:40:48","modified_gmt":"2024-05-07T08:40:48","slug":"aqua-bike","status":"publish","type":"product","link":"https:\/\/gervi.be\/fr\/produit\/aqua-bike\/","title":{"rendered":"Aquabike"},"content":{"rendered":"<p><a href=\"https:\/\/gervi.be\/merken\/endless-pools\/\"><img decoding=\"async\" class=\"alignnone wp-image-20326\" src=\"https:\/\/gervi.be\/wp-content\/uploads\/2024\/03\/Endless-Pools-Logo-300x126.png\" alt=\"Logo Endless Pools\" width=\"150\" height=\"63\" title=\"\"><\/a><\/p>\n<h2>Description<\/h2>\n<p>Avec l&#8217;Aquabike d&#8217;Endless Pools, vous pouvez profiter encore plus de votre entra\u00eenement dans l&#8217;eau. Le v\u00e9lo est construit sur un cadre l\u00e9ger en aluminium qui ne p\u00e8se que 10 kg. Il dispose d&#8217;une base, d&#8217;un si\u00e8ge et de poign\u00e9es r\u00e9glables pour tous les types d&#8217;utilisateurs. Adapt\u00e9 \u00e0 tous les mod\u00e8les de spas de nage, l&#8217;Aquabike est id\u00e9al pour les entra\u00eenements d&#8217;intensit\u00e9 faible \u00e0 moyenne. Le v\u00e9ritable avantage r\u00e9side dans la combinaison avec des jets de natation ou du courant. La course est plus difficile lorsque le v\u00e9lo se trouve devant les jets de natation. C&#8217;est un outil indispensable pour tous ceux qui recherchent la polyvalence dans l&#8217;entra\u00eenement !<\/p>\n<p>L&#8217;Aquabike d&#8217;Endless Pools est un appareil de fitness innovant qui combine les avantages du v\u00e9lo avec la douce r\u00e9sistance de l&#8217;eau. Ce produit offre un moyen unique de profiter d&#8217;un entra\u00eenement cycliste intensif sans jamais prendre la route. En pla\u00e7ant cet appareil l\u00e9ger et stationnaire dans un spa de nage Endless Pools, les utilisateurs peuvent am\u00e9liorer leur sant\u00e9 cardiovasculaire et br\u00fbler des calories dans une eau r\u00e9gl\u00e9e \u00e0 leur temp\u00e9rature id\u00e9ale.<\/p>\n<p>L&#8217;Aquabike est con\u00e7u pour maximiser le confort et l&#8217;efficacit\u00e9 gr\u00e2ce \u00e0 une gamme de caract\u00e9ristiques personnalisables. Le cadre, fabriqu\u00e9 en aluminium robuste, garantit la durabilit\u00e9 tout en restant suffisamment l\u00e9ger, avec un poids de seulement 9,5 kg, pour \u00eatre facilement d\u00e9plac\u00e9 dans le spa. Les dimensions sont flexibles, avec une taille maximale de 46 cm de large, 102 cm de long et 149 cm de haut, et une hauteur minimale de 116 cm. L&#8217;Aquabike convient donc \u00e0 des utilisateurs mesurant jusqu&#8217;\u00e0 2 m\u00e8tres et pesant 150 kg.<\/p>\n<p>L&#8217;une des principales caract\u00e9ristiques de l&#8217;Aquabike est sa capacit\u00e9 \u00e0 \u00eatre utilis\u00e9 sans impact significatif sur les articulations, ce qui le rend id\u00e9al pour les personnes de tous \u00e2ges et de tous niveaux de condition physique. La r\u00e9sistance de l&#8217;eau permet un entra\u00eenement efficace qui favorise le d\u00e9veloppement musculaire et une r\u00e9cup\u00e9ration plus rapide apr\u00e8s l&#8217;exercice. De plus, la n\u00e9cessit\u00e9 de maintenir la stabilit\u00e9 dans l&#8217;eau augmente l&#8217;implication des muscles du tronc, ce qui am\u00e9liore la force du tronc.<\/p>\n<p>L&#8217;Aquabike est \u00e9quip\u00e9 de p\u00e9dales rembourr\u00e9es qui permettent de p\u00e9daler confortablement pieds nus, et de pieds de stabilit\u00e9 en silicone qui assurent une bonne prise sur le sol du spa de nage. De plus, le dessous du v\u00e9lo contient des perforations qui assurent un drainage rapide, permettant \u00e0 l&#8217;eau de s&#8217;\u00e9couler facilement apr\u00e8s utilisation. Le cadre en cinq parties, facile \u00e0 assembler, peut \u00eatre mont\u00e9 en quelques minutes, ce qui simplifie le stockage ou l&#8217;installation.<\/p>\n<p>Les utilisateurs de l&#8217;Aquabike se d\u00e9clarent tr\u00e8s satisfaits et \u00e9voquent souvent la sensation unique d&#8217;euphorie que l&#8217;on peut ressentir apr\u00e8s seulement 20 minutes de v\u00e9lo. Cette pouss\u00e9e naturelle d&#8217;endorphine contribue \u00e0 un sentiment g\u00e9n\u00e9ral de bien-\u00eatre et de motivation, faisant de l&#8217;Aquabike non seulement un appareil d&#8217;entra\u00eenement efficace, mais aussi un \u00e9l\u00e9ment stimulant et amusant de tout programme de remise en forme.<\/p>\n<p>De plus, l&#8217;Aquabike est \u00e9quip\u00e9 de cinq points de r\u00e9glage pour les jambes, la selle et le guidon, ce qui permet aux utilisateurs d&#8217;adapter parfaitement le v\u00e9lo \u00e0 leurs dimensions corporelles et \u00e0 leurs pr\u00e9f\u00e9rences. Cela garantit une position d&#8217;entra\u00eenement optimale et r\u00e9duit le risque de blessure. Des caract\u00e9ristiques suppl\u00e9mentaires telles qu&#8217;un porte-bouteille d&#8217;eau et des roues en silicone pour un positionnement en douceur augmentent sa facilit\u00e9 d&#8217;utilisation et sa fonctionnalit\u00e9.<\/p>\n<p>L&#8217;Aquabike est id\u00e9al pour ceux qui cherchent une nouvelle fa\u00e7on de se maintenir en forme, d&#8217;am\u00e9liorer leur sant\u00e9 cardiovasculaire et d&#8217;enrichir leur quotidien d&#8217;une activit\u00e9 unique et agr\u00e9able. Qu&#8217;il s&#8217;agisse d&#8217;un entra\u00eenement de r\u00e9\u00e9ducation en douceur ou d&#8217;une s\u00e9ance de cardio intense, ce v\u00e9lo aquatique s&#8217;adapte aux besoins de chaque utilisateur. Tirez le meilleur parti de votre spa de nage Endless Pools !<\/p>\n","protected":false},"excerpt":{"rendered":"<ul>\n<li>Dimensions : 46 cm de large, 102 cm de long et 149 cm de haut<\/li>\n<li>Poids : 9,5 kg<\/li>\n<\/ul>\n","protected":false},"featured_media":22189,"template":"","meta":{"_acf_changed":false,"_uag_custom_page_level_css":"","site-sidebar-layout":"default","site-content-layout":"","ast-site-content-layout":"default","site-content-style":"default","site-sidebar-style":"default","ast-global-header-display":"","ast-banner-title-visibility":"","ast-main-header-display":"","ast-hfb-above-header-display":"","ast-hfb-below-header-display":"","ast-hfb-mobile-header-display":"","site-post-title":"","ast-breadcrumbs-content":"","ast-featured-img":"","footer-sml-layout":"","ast-disable-related-posts":"","theme-transparent-header-meta":"default","adv-header-id-meta":"","stick-header-meta":"","header-above-stick-meta":"","header-main-stick-meta":"","header-below-stick-meta":"","astra-migrate-meta-layouts":"default","ast-page-background-enabled":"default","ast-page-background-meta":{"desktop":{"background-color":"","background-image":"","background-repeat":"repeat","background-position":"center center","background-size":"auto","background-attachment":"scroll","background-type":"","background-media":"","overlay-type":"","overlay-color":"","overlay-opacity":"","overlay-gradient":""},"tablet":{"background-color":"","background-image":"","background-repeat":"repeat","background-position":"center center","background-size":"auto","background-attachment":"scroll","background-type":"","background-media":"","overlay-type":"","overlay-color":"","overlay-opacity":"","overlay-gradient":""},"mobile":{"background-color":"","background-image":"","background-repeat":"repeat","background-position":"center center","background-size":"auto","background-attachment":"scroll","background-type":"","background-media":"","overlay-type":"","overlay-color":"","overlay-opacity":"","overlay-gradient":""}},"ast-content-background-meta":{"desktop":{"background-color":"var(--ast-global-color-5)","background-image":"","background-repeat":"repeat","background-position":"center center","background-size":"auto","background-attachment":"scroll","background-type":"","background-media":"","overlay-type":"","overlay-color":"","overlay-opacity":"","overlay-gradient":""},"tablet":{"background-color":"var(--ast-global-color-5)","background-image":"","background-repeat":"repeat","background-position":"center center","background-size":"auto","background-attachment":"scroll","background-type":"","background-media":"","overlay-type":"","overlay-color":"","overlay-opacity":"","overlay-gradient":""},"mobile":{"background-color":"var(--ast-global-color-5)","background-image":"","background-repeat":"repeat","background-position":"center center","background-size":"auto","background-attachment":"scroll","background-type":"","background-media":"","overlay-type":"","overlay-color":"","overlay-opacity":"","overlay-gradient":""}}},"product_brand":[],"product_cat":[1641,648,647],"product_tag":[1561,1642,1587,1559,1314,1562,1558,1311,1312,1620,1645,1643,1644,1646],"class_list":{"0":"post-12966","1":"product","2":"type-product","3":"status-publish","4":"has-post-thumbnail","6":"product_cat-aquabike-fr","7":"product_cat-endless-pools","8":"product_cat-spa-de-nage","9":"product_tag-a-contre-courant","10":"product_tag-aquabike-fr","11":"product_tag-cours-deau-de-natation","12":"product_tag-des-piscines-a-perte-de-vue","13":"product_tag-gervi-fr","14":"product_tag-jetstream-fr","15":"product_tag-natation","16":"product_tag-spa-de-natation","17":"product_tag-swimspa-fr","18":"product_tag-systemes-de-loisirs","19":"product_tag-velo","20":"product_tag-velo-aquatique","21":"product_tag-velo-aquatique-fr","22":"product_tag-velo-sous-marin","23":"desktop-align-left","24":"tablet-align-left","25":"mobile-align-left","27":"first","28":"instock","29":"purchasable","30":"product-type-simple"},"acf":[],"uagb_featured_image_src":{"full":["https:\/\/gervi.be\/wp-content\/uploads\/2023\/08\/Endless-Pools-Aquabike-Zwemspa-Gervi.jpg",2000,2000,false],"thumbnail":["https:\/\/gervi.be\/wp-content\/uploads\/2023\/08\/Endless-Pools-Aquabike-Zwemspa-Gervi-150x150.jpg",150,150,true],"medium":["https:\/\/gervi.be\/wp-content\/uploads\/2023\/08\/Endless-Pools-Aquabike-Zwemspa-Gervi-300x300.jpg",300,300,true],"medium_large":["https:\/\/gervi.be\/wp-content\/uploads\/2023\/08\/Endless-Pools-Aquabike-Zwemspa-Gervi-768x768.jpg",768,768,true],"large":["https:\/\/gervi.be\/wp-content\/uploads\/2023\/08\/Endless-Pools-Aquabike-Zwemspa-Gervi-1024x1024.jpg",1024,1024,true],"1536x1536":["https:\/\/gervi.be\/wp-content\/uploads\/2023\/08\/Endless-Pools-Aquabike-Zwemspa-Gervi-1536x1536.jpg",1536,1536,true],"2048x2048":["https:\/\/gervi.be\/wp-content\/uploads\/2023\/08\/Endless-Pools-Aquabike-Zwemspa-Gervi.jpg",2000,2000,false],"woocommerce_thumbnail":["https:\/\/gervi.be\/wp-content\/uploads\/2023\/08\/Endless-Pools-Aquabike-Zwemspa-Gervi-2000x1500.jpg",2000,1500,true],"woocommerce_single":["https:\/\/gervi.be\/wp-content\/uploads\/2023\/08\/Endless-Pools-Aquabike-Zwemspa-Gervi.jpg",2000,2000,false],"woocommerce_gallery_thumbnail":["https:\/\/gervi.be\/wp-content\/uploads\/2023\/08\/Endless-Pools-Aquabike-Zwemspa-Gervi-100x100.jpg",100,100,true],"dgwt-wcas-product-suggestion":["https:\/\/gervi.be\/wp-content\/uploads\/2023\/08\/Endless-Pools-Aquabike-Zwemspa-Gervi.jpg",64,64,false]},"uagb_author_info":{"display_name":"Marjolein Nijs","author_link":"https:\/\/gervi.be\/fr\/author\/"},"uagb_comment_info":0,"uagb_excerpt":"Dimensions : 46 cm de large, 102 cm de long et 149 cm de haut Poids : 9,5 kg","_links":{"self":[{"href":"https:\/\/gervi.be\/fr\/wp-json\/wp\/v2\/product\/12966","targetHints":{"allow":["GET"]}}],"collection":[{"href":"https:\/\/gervi.be\/fr\/wp-json\/wp\/v2\/product"}],"about":[{"href":"https:\/\/gervi.be\/fr\/wp-json\/wp\/v2\/types\/product"}],"wp:featuredmedia":[{"embeddable":true,"href":"https:\/\/gervi.be\/fr\/wp-json\/wp\/v2\/media\/22189"}],"wp:attachment":[{"href":"https:\/\/gervi.be\/fr\/wp-json\/wp\/v2\/media?parent=12966"}],"wp:term":[{"taxonomy":"product_brand","embeddable":true,"href":"https:\/\/gervi.be\/fr\/wp-json\/wp\/v2\/product_brand?post=12966"},{"taxonomy":"product_cat","embeddable":true,"href":"https:\/\/gervi.be\/fr\/wp-json\/wp\/v2\/product_cat?post=12966"},{"taxonomy":"product_tag","embeddable":true,"href":"https:\/\/gervi.be\/fr\/wp-json\/wp\/v2\/product_tag?post=12966"}],"curies":[{"name":"wp","href":"https:\/\/api.w.org\/{rel}","templated":true}]}}