{"id":12962,"date":"2023-08-29T13:47:38","date_gmt":"2023-08-29T11:47:38","guid":{"rendered":"https:\/\/gervi.be\/shop\/couverture-craddle\/"},"modified":"2025-05-16T11:26:11","modified_gmt":"2025-05-16T09:26:11","slug":"couverture-craddle","status":"publish","type":"product","link":"https:\/\/gervi.be\/fr\/produit\/couverture-craddle\/","title":{"rendered":"CouvertureCradle"},"content":{"rendered":"<p>Gr\u00e2ce aux doubles ressorts pneumatiques \u00e0 gaz situ\u00e9s dans les bras de ce syst\u00e8me de levage, le retrait de la housse est un jeu d&#8217;enfant. Ce syst\u00e8me a un design discret et un m\u00e9canisme de glissement ultra doux. N\u00e9cessite 64 cm d&#8217;espace derri\u00e8re le spa.<\/p>\n","protected":false},"excerpt":{"rendered":"<p>Gr\u00e2ce aux doubles ressorts pneumatiques \u00e0 gaz situ\u00e9s dans les bras de ce syst\u00e8me de levage, le retrait de la housse est un jeu d&#8217;enfant. Ce syst\u00e8me a un design discret et un m\u00e9canisme de glissement ultra doux. N\u00e9cessite 64 cm d&#8217;espace derri\u00e8re le spa.<\/p>\n","protected":false},"featured_media":16949,"template":"","meta":{"_acf_changed":false,"_uag_custom_page_level_css":"","site-sidebar-layout":"default","site-content-layout":"","ast-site-content-layout":"default","site-content-style":"default","site-sidebar-style":"default","ast-global-header-display":"","ast-banner-title-visibility":"","ast-main-header-display":"","ast-hfb-above-header-display":"","ast-hfb-below-header-display":"","ast-hfb-mobile-header-display":"","site-post-title":"","ast-breadcrumbs-content":"","ast-featured-img":"","footer-sml-layout":"","ast-disable-related-posts":"","theme-transparent-header-meta":"default","adv-header-id-meta":"","stick-header-meta":"","header-above-stick-meta":"","header-main-stick-meta":"","header-below-stick-meta":"","astra-migrate-meta-layouts":"default","ast-page-background-enabled":"default","ast-page-background-meta":{"desktop":{"background-color":"","background-image":"","background-repeat":"repeat","background-position":"center center","background-size":"auto","background-attachment":"scroll","background-type":"","background-media":"","overlay-type":"","overlay-color":"","overlay-opacity":"","overlay-gradient":""},"tablet":{"background-color":"","background-image":"","background-repeat":"repeat","background-position":"center center","background-size":"auto","background-attachment":"scroll","background-type":"","background-media":"","overlay-type":"","overlay-color":"","overlay-opacity":"","overlay-gradient":""},"mobile":{"background-color":"","background-image":"","background-repeat":"repeat","background-position":"center center","background-size":"auto","background-attachment":"scroll","background-type":"","background-media":"","overlay-type":"","overlay-color":"","overlay-opacity":"","overlay-gradient":""}},"ast-content-background-meta":{"desktop":{"background-color":"var(--ast-global-color-5)","background-image":"","background-repeat":"repeat","background-position":"center center","background-size":"auto","background-attachment":"scroll","background-type":"","background-media":"","overlay-type":"","overlay-color":"","overlay-opacity":"","overlay-gradient":""},"tablet":{"background-color":"var(--ast-global-color-5)","background-image":"","background-repeat":"repeat","background-position":"center center","background-size":"auto","background-attachment":"scroll","background-type":"","background-media":"","overlay-type":"","overlay-color":"","overlay-opacity":"","overlay-gradient":""},"mobile":{"background-color":"var(--ast-global-color-5)","background-image":"","background-repeat":"repeat","background-position":"center center","background-size":"auto","background-attachment":"scroll","background-type":"","background-media":"","overlay-type":"","overlay-color":"","overlay-opacity":"","overlay-gradient":""}}},"product_brand":[],"product_cat":[635,636],"product_tag":[],"class_list":{"0":"post-12962","1":"product","2":"type-product","3":"status-publish","4":"has-post-thumbnail","6":"product_cat-jacuzzi-fr","7":"product_cat-systemes-de-couverture","8":"desktop-align-left","9":"tablet-align-left","10":"mobile-align-left","12":"first","13":"instock","14":"purchasable","15":"product-type-simple"},"acf":[],"uagb_featured_image_src":{"full":["https:\/\/gervi.be\/wp-content\/uploads\/2023\/08\/Covercradle-open-HotSpring.jpg",640,480,false],"thumbnail":["https:\/\/gervi.be\/wp-content\/uploads\/2023\/08\/Covercradle-open-HotSpring-150x150.jpg",150,150,true],"medium":["https:\/\/gervi.be\/wp-content\/uploads\/2023\/08\/Covercradle-open-HotSpring-300x225.jpg",300,225,true],"medium_large":["https:\/\/gervi.be\/wp-content\/uploads\/2023\/08\/Covercradle-open-HotSpring.jpg",640,480,false],"large":["https:\/\/gervi.be\/wp-content\/uploads\/2023\/08\/Covercradle-open-HotSpring.jpg",640,480,false],"1536x1536":["https:\/\/gervi.be\/wp-content\/uploads\/2023\/08\/Covercradle-open-HotSpring.jpg",640,480,false],"2048x2048":["https:\/\/gervi.be\/wp-content\/uploads\/2023\/08\/Covercradle-open-HotSpring.jpg",640,480,false],"woocommerce_thumbnail":["https:\/\/gervi.be\/wp-content\/uploads\/2023\/08\/Covercradle-open-HotSpring-300x300.jpg",300,300,true],"woocommerce_single":["https:\/\/gervi.be\/wp-content\/uploads\/2023\/08\/Covercradle-open-HotSpring.jpg",640,480,false],"woocommerce_gallery_thumbnail":["https:\/\/gervi.be\/wp-content\/uploads\/2023\/08\/Covercradle-open-HotSpring-100x100.jpg",100,100,true],"dgwt-wcas-product-suggestion":["https:\/\/gervi.be\/wp-content\/uploads\/2023\/08\/Covercradle-open-HotSpring.jpg",64,48,false]},"uagb_author_info":{"display_name":"Marjolein Nijs","author_link":"https:\/\/gervi.be\/fr\/author\/"},"uagb_comment_info":0,"uagb_excerpt":"Gr\u00e2ce aux doubles ressorts pneumatiques \u00e0 gaz situ\u00e9s dans les bras de ce syst\u00e8me de levage, le retrait de la housse est un jeu d&#8217;enfant. Ce syst\u00e8me a un design discret et un m\u00e9canisme de glissement ultra doux. N\u00e9cessite 64 cm d&#8217;espace derri\u00e8re le spa.","_links":{"self":[{"href":"https:\/\/gervi.be\/fr\/wp-json\/wp\/v2\/product\/12962","targetHints":{"allow":["GET"]}}],"collection":[{"href":"https:\/\/gervi.be\/fr\/wp-json\/wp\/v2\/product"}],"about":[{"href":"https:\/\/gervi.be\/fr\/wp-json\/wp\/v2\/types\/product"}],"wp:featuredmedia":[{"embeddable":true,"href":"https:\/\/gervi.be\/fr\/wp-json\/wp\/v2\/media\/16949"}],"wp:attachment":[{"href":"https:\/\/gervi.be\/fr\/wp-json\/wp\/v2\/media?parent=12962"}],"wp:term":[{"taxonomy":"product_brand","embeddable":true,"href":"https:\/\/gervi.be\/fr\/wp-json\/wp\/v2\/product_brand?post=12962"},{"taxonomy":"product_cat","embeddable":true,"href":"https:\/\/gervi.be\/fr\/wp-json\/wp\/v2\/product_cat?post=12962"},{"taxonomy":"product_tag","embeddable":true,"href":"https:\/\/gervi.be\/fr\/wp-json\/wp\/v2\/product_tag?post=12962"}],"curies":[{"name":"wp","href":"https:\/\/api.w.org\/{rel}","templated":true}]}}