{"id":12929,"date":"2023-08-29T13:47:03","date_gmt":"2023-08-29T13:47:03","guid":{"rendered":"https:\/\/gervi.be\/shop\/fratello\/"},"modified":"2023-08-29T13:47:03","modified_gmt":"2023-08-29T13:47:03","slug":"fratello","status":"publish","type":"product","link":"https:\/\/gervi.be\/fr\/produit\/fratello\/","title":{"rendered":"Fratello"},"content":{"rendered":"<p>Le Fratello est un mod\u00e8le de charbon de bois tr\u00e8s appr\u00e9ci\u00e9 car il est peu encombrant et donne d&#8217;excellents r\u00e9sultats. Il s&#8217;agit en fait du petit fr\u00e8re du Barilo, le plus puissant de nos produits ; il est plus petit mais poss\u00e8de de nombreuses fonctionnalit\u00e9s. Le barbecue est \u00e9quip\u00e9 de deux grilles en fonte, de deux supports pour le charbon de bois et d&#8217;un grand cendrier. Le couvercle est dot\u00e9 d&#8217;un thermom\u00e8tre int\u00e9gr\u00e9 pratique pour contr\u00f4ler la temp\u00e9rature du barbecue. Le design est audacieux et unique avec ses diff\u00e9rents accents de marque. Convient parfaitement pour les grillades directes et indirectes et le fumage lent.<\/p>\n","protected":false},"excerpt":{"rendered":"<ul>\n<li>Type de barbecue : charbon de bois\n<\/li>\n<li>Nombre de paniers \u00e0 charbon : 2\n<\/li>\n<li>Bac \u00e0 charbon et cendrier amovibles pour faciliter le nettoyage : oui\n<\/li>\n<li>Nombre de bouches d&#8217;a\u00e9ration : 4\n<\/li>\n<li>Thermom\u00e8tre int\u00e9gr\u00e9 : oui\n<\/li>\n<li>Poids : 32 kg\n<\/li>\n<li>Dimensions : 81 x 52 x 104 cm\n<\/li>\n<li>Dimensions Surface de cuisson : 60 x 41cm<\/li>\n<\/ul>\n","protected":false},"featured_media":12934,"template":"","meta":{"_acf_changed":false,"_uag_custom_page_level_css":"","site-sidebar-layout":"default","site-content-layout":"","ast-site-content-layout":"default","site-content-style":"default","site-sidebar-style":"default","ast-global-header-display":"","ast-banner-title-visibility":"","ast-main-header-display":"","ast-hfb-above-header-display":"","ast-hfb-below-header-display":"","ast-hfb-mobile-header-display":"","site-post-title":"","ast-breadcrumbs-content":"","ast-featured-img":"","footer-sml-layout":"","ast-disable-related-posts":"","theme-transparent-header-meta":"","adv-header-id-meta":"","stick-header-meta":"","header-above-stick-meta":"","header-main-stick-meta":"","header-below-stick-meta":"","astra-migrate-meta-layouts":"default","ast-page-background-enabled":"default","ast-page-background-meta":{"desktop":{"background-color":"","background-image":"","background-repeat":"repeat","background-position":"center center","background-size":"auto","background-attachment":"scroll","background-type":"","background-media":"","overlay-type":"","overlay-color":"","overlay-opacity":"","overlay-gradient":""},"tablet":{"background-color":"","background-image":"","background-repeat":"repeat","background-position":"center center","background-size":"auto","background-attachment":"scroll","background-type":"","background-media":"","overlay-type":"","overlay-color":"","overlay-opacity":"","overlay-gradient":""},"mobile":{"background-color":"","background-image":"","background-repeat":"repeat","background-position":"center center","background-size":"auto","background-attachment":"scroll","background-type":"","background-media":"","overlay-type":"","overlay-color":"","overlay-opacity":"","overlay-gradient":""}},"ast-content-background-meta":{"desktop":{"background-color":"var(--ast-global-color-5)","background-image":"","background-repeat":"repeat","background-position":"center center","background-size":"auto","background-attachment":"scroll","background-type":"","background-media":"","overlay-type":"","overlay-color":"","overlay-opacity":"","overlay-gradient":""},"tablet":{"background-color":"var(--ast-global-color-5)","background-image":"","background-repeat":"repeat","background-position":"center center","background-size":"auto","background-attachment":"scroll","background-type":"","background-media":"","overlay-type":"","overlay-color":"","overlay-opacity":"","overlay-gradient":""},"mobile":{"background-color":"var(--ast-global-color-5)","background-image":"","background-repeat":"repeat","background-position":"center center","background-size":"auto","background-attachment":"scroll","background-type":"","background-media":"","overlay-type":"","overlay-color":"","overlay-opacity":"","overlay-gradient":""}}},"product_brand":[],"product_cat":[651,658],"product_tag":[],"class_list":{"0":"post-12929","1":"product","2":"type-product","3":"status-publish","4":"has-post-thumbnail","6":"product_cat-bbq-fr","7":"product_cat-boretti-fr","8":"desktop-align-left","9":"tablet-align-left","10":"mobile-align-left","12":"first","13":"instock","14":"purchasable","15":"product-type-simple"},"acf":[],"uagb_featured_image_src":{"full":["https:\/\/gervi.be\/wp-content\/uploads\/2023\/08\/nr3borettifratello1.jpg",597,448,false],"thumbnail":["https:\/\/gervi.be\/wp-content\/uploads\/2023\/08\/nr3borettifratello1-150x150.jpg",150,150,true],"medium":["https:\/\/gervi.be\/wp-content\/uploads\/2023\/08\/nr3borettifratello1-300x225.jpg",300,225,true],"medium_large":["https:\/\/gervi.be\/wp-content\/uploads\/2023\/08\/nr3borettifratello1.jpg",597,448,false],"large":["https:\/\/gervi.be\/wp-content\/uploads\/2023\/08\/nr3borettifratello1.jpg",597,448,false],"1536x1536":["https:\/\/gervi.be\/wp-content\/uploads\/2023\/08\/nr3borettifratello1.jpg",597,448,false],"2048x2048":["https:\/\/gervi.be\/wp-content\/uploads\/2023\/08\/nr3borettifratello1.jpg",597,448,false],"woocommerce_thumbnail":["https:\/\/gervi.be\/wp-content\/uploads\/2023\/08\/nr3borettifratello1-300x300.jpg",300,300,true],"woocommerce_single":["https:\/\/gervi.be\/wp-content\/uploads\/2023\/08\/nr3borettifratello1.jpg",597,448,false],"woocommerce_gallery_thumbnail":["https:\/\/gervi.be\/wp-content\/uploads\/2023\/08\/nr3borettifratello1-100x100.jpg",100,100,true],"dgwt-wcas-product-suggestion":["https:\/\/gervi.be\/wp-content\/uploads\/2023\/08\/nr3borettifratello1.jpg",64,48,false]},"uagb_author_info":{"display_name":"Marjolein Nijs","author_link":"https:\/\/gervi.be\/fr\/author\/"},"uagb_comment_info":0,"uagb_excerpt":"Type de barbecue : charbon de bois Nombre de paniers \u00e0 charbon : 2 Bac \u00e0 charbon et cendrier amovibles pour faciliter le nettoyage : oui Nombre de bouches d'a\u00e9ration : 4 Thermom\u00e8tre int\u00e9gr\u00e9 : oui Poids : 32 kg Dimensions : 81 x 52 x 104 cm Dimensions Surface de cuisson : 60 x\u2026","_links":{"self":[{"href":"https:\/\/gervi.be\/fr\/wp-json\/wp\/v2\/product\/12929","targetHints":{"allow":["GET"]}}],"collection":[{"href":"https:\/\/gervi.be\/fr\/wp-json\/wp\/v2\/product"}],"about":[{"href":"https:\/\/gervi.be\/fr\/wp-json\/wp\/v2\/types\/product"}],"wp:featuredmedia":[{"embeddable":true,"href":"https:\/\/gervi.be\/fr\/wp-json\/wp\/v2\/media\/12934"}],"wp:attachment":[{"href":"https:\/\/gervi.be\/fr\/wp-json\/wp\/v2\/media?parent=12929"}],"wp:term":[{"taxonomy":"product_brand","embeddable":true,"href":"https:\/\/gervi.be\/fr\/wp-json\/wp\/v2\/product_brand?post=12929"},{"taxonomy":"product_cat","embeddable":true,"href":"https:\/\/gervi.be\/fr\/wp-json\/wp\/v2\/product_cat?post=12929"},{"taxonomy":"product_tag","embeddable":true,"href":"https:\/\/gervi.be\/fr\/wp-json\/wp\/v2\/product_tag?post=12929"}],"curies":[{"name":"wp","href":"https:\/\/api.w.org\/{rel}","templated":true}]}}