{"id":12923,"date":"2023-08-29T13:47:03","date_gmt":"2023-08-29T13:47:03","guid":{"rendered":"https:\/\/gervi.be\/shop\/kilt-de-sauna\/"},"modified":"2025-12-18T14:13:54","modified_gmt":"2025-12-18T13:13:54","slug":"kilt-de-sauna","status":"publish","type":"product","link":"https:\/\/gervi.be\/fr\/produit\/kilt-de-sauna\/","title":{"rendered":"Kilt de sauna"},"content":{"rendered":"<p>Par\u00e9o de sauna avec logo Klafs cousu, 100 % coton, int\u00e9rieur en tissu \u00e9ponge tr\u00e8s r\u00e9sistant, ext\u00e9rieur en tissu \u00e9ponge velours tr\u00e8s doux, fermeture pratique par boutons-pression. Pour une circonf\u00e9rence abdominale de 78 \u00e0 105 cm, la longueur est d&#8217;environ 47 cm. Disponible en blanc et en gris.<\/p>\n","protected":false},"excerpt":{"rendered":"<p>Par\u00e9o de sauna avec logo Klafs cousu, 100 % coton, int\u00e9rieur en tissu \u00e9ponge tr\u00e8s r\u00e9sistant, ext\u00e9rieur en tissu \u00e9ponge velours tr\u00e8s doux, fermeture pratique par boutons-pression. Pour une circonf\u00e9rence abdominale de 78 \u00e0 105 cm, la longueur est d&#8217;environ 47 cm. Disponible en blanc et en gris.<\/p>\n","protected":false},"featured_media":12924,"template":"","meta":{"_acf_changed":false,"_uag_custom_page_level_css":"","site-sidebar-layout":"default","site-content-layout":"","ast-site-content-layout":"default","site-content-style":"default","site-sidebar-style":"default","ast-global-header-display":"","ast-banner-title-visibility":"","ast-main-header-display":"","ast-hfb-above-header-display":"","ast-hfb-below-header-display":"","ast-hfb-mobile-header-display":"","site-post-title":"","ast-breadcrumbs-content":"","ast-featured-img":"","footer-sml-layout":"","ast-disable-related-posts":"","theme-transparent-header-meta":"","adv-header-id-meta":"","stick-header-meta":"","header-above-stick-meta":"","header-main-stick-meta":"","header-below-stick-meta":"","astra-migrate-meta-layouts":"default","ast-page-background-enabled":"default","ast-page-background-meta":{"desktop":{"background-color":"","background-image":"","background-repeat":"repeat","background-position":"center center","background-size":"auto","background-attachment":"scroll","background-type":"","background-media":"","overlay-type":"","overlay-color":"","overlay-opacity":"","overlay-gradient":""},"tablet":{"background-color":"","background-image":"","background-repeat":"repeat","background-position":"center center","background-size":"auto","background-attachment":"scroll","background-type":"","background-media":"","overlay-type":"","overlay-color":"","overlay-opacity":"","overlay-gradient":""},"mobile":{"background-color":"","background-image":"","background-repeat":"repeat","background-position":"center center","background-size":"auto","background-attachment":"scroll","background-type":"","background-media":"","overlay-type":"","overlay-color":"","overlay-opacity":"","overlay-gradient":""}},"ast-content-background-meta":{"desktop":{"background-color":"var(--ast-global-color-5)","background-image":"","background-repeat":"repeat","background-position":"center center","background-size":"auto","background-attachment":"scroll","background-type":"","background-media":"","overlay-type":"","overlay-color":"","overlay-opacity":"","overlay-gradient":""},"tablet":{"background-color":"var(--ast-global-color-5)","background-image":"","background-repeat":"repeat","background-position":"center center","background-size":"auto","background-attachment":"scroll","background-type":"","background-media":"","overlay-type":"","overlay-color":"","overlay-opacity":"","overlay-gradient":""},"mobile":{"background-color":"var(--ast-global-color-5)","background-image":"","background-repeat":"repeat","background-position":"center center","background-size":"auto","background-attachment":"scroll","background-type":"","background-media":"","overlay-type":"","overlay-color":"","overlay-opacity":"","overlay-gradient":""}}},"product_brand":[],"product_cat":[643,6420],"product_tag":[],"class_list":{"0":"post-12923","1":"product","2":"type-product","3":"status-publish","4":"has-post-thumbnail","6":"product_cat-sauna-fr","7":"product_cat-textiles-pour-saunas","8":"desktop-align-left","9":"tablet-align-left","10":"mobile-align-left","12":"first","13":"instock","14":"purchasable","15":"product-type-simple"},"acf":[],"uagb_featured_image_src":{"full":["https:\/\/gervi.be\/wp-content\/uploads\/2023\/08\/nr3316001071920x1920.jpg",448,448,false],"thumbnail":["https:\/\/gervi.be\/wp-content\/uploads\/2023\/08\/nr3316001071920x1920-150x150.jpg",150,150,true],"medium":["https:\/\/gervi.be\/wp-content\/uploads\/2023\/08\/nr3316001071920x1920-300x300.jpg",300,300,true],"medium_large":["https:\/\/gervi.be\/wp-content\/uploads\/2023\/08\/nr3316001071920x1920.jpg",448,448,false],"large":["https:\/\/gervi.be\/wp-content\/uploads\/2023\/08\/nr3316001071920x1920.jpg",448,448,false],"1536x1536":["https:\/\/gervi.be\/wp-content\/uploads\/2023\/08\/nr3316001071920x1920.jpg",448,448,false],"2048x2048":["https:\/\/gervi.be\/wp-content\/uploads\/2023\/08\/nr3316001071920x1920.jpg",448,448,false],"woocommerce_thumbnail":["https:\/\/gervi.be\/wp-content\/uploads\/2023\/08\/nr3316001071920x1920-300x300.jpg",300,300,true],"woocommerce_single":["https:\/\/gervi.be\/wp-content\/uploads\/2023\/08\/nr3316001071920x1920.jpg",448,448,false],"woocommerce_gallery_thumbnail":["https:\/\/gervi.be\/wp-content\/uploads\/2023\/08\/nr3316001071920x1920-100x100.jpg",100,100,true],"dgwt-wcas-product-suggestion":["https:\/\/gervi.be\/wp-content\/uploads\/2023\/08\/nr3316001071920x1920.jpg",64,64,false]},"uagb_author_info":{"display_name":"Marjolein Nijs","author_link":"https:\/\/gervi.be\/fr\/author\/"},"uagb_comment_info":0,"uagb_excerpt":"Par\u00e9o de sauna avec logo Klafs cousu, 100 % coton, int\u00e9rieur en tissu \u00e9ponge tr\u00e8s r\u00e9sistant, ext\u00e9rieur en tissu \u00e9ponge velours tr\u00e8s doux, fermeture pratique par boutons-pression. Pour une circonf\u00e9rence abdominale de 78 \u00e0 105 cm, la longueur est d&#8217;environ 47 cm. Disponible en blanc et en gris.","_links":{"self":[{"href":"https:\/\/gervi.be\/fr\/wp-json\/wp\/v2\/product\/12923","targetHints":{"allow":["GET"]}}],"collection":[{"href":"https:\/\/gervi.be\/fr\/wp-json\/wp\/v2\/product"}],"about":[{"href":"https:\/\/gervi.be\/fr\/wp-json\/wp\/v2\/types\/product"}],"wp:featuredmedia":[{"embeddable":true,"href":"https:\/\/gervi.be\/fr\/wp-json\/wp\/v2\/media\/12924"}],"wp:attachment":[{"href":"https:\/\/gervi.be\/fr\/wp-json\/wp\/v2\/media?parent=12923"}],"wp:term":[{"taxonomy":"product_brand","embeddable":true,"href":"https:\/\/gervi.be\/fr\/wp-json\/wp\/v2\/product_brand?post=12923"},{"taxonomy":"product_cat","embeddable":true,"href":"https:\/\/gervi.be\/fr\/wp-json\/wp\/v2\/product_cat?post=12923"},{"taxonomy":"product_tag","embeddable":true,"href":"https:\/\/gervi.be\/fr\/wp-json\/wp\/v2\/product_tag?post=12923"}],"curies":[{"name":"wp","href":"https:\/\/api.w.org\/{rel}","templated":true}]}}