{"id":12904,"date":"2023-08-29T13:47:38","date_gmt":"2023-08-29T11:47:38","guid":{"rendered":"https:\/\/gervi.be\/shop\/escape-p6-bt-noir\/"},"modified":"2023-08-29T13:47:38","modified_gmt":"2023-08-29T13:47:38","slug":"escape-p6-bt-noir","status":"publish","type":"product","link":"https:\/\/gervi.be\/fr\/produit\/escape-p6-bt-noir\/","title":{"rendered":"Escape P6 BT Noir"},"content":{"rendered":"<p>L&#8217;Escape P6 BT partage de nombreuses caract\u00e9ristiques uniques avec le P9.<br \/>\nFabriqu\u00e9 \u00e0 partir des mat\u00e9riaux les plus fins pour \u00e9couter votre musique pr\u00e9f\u00e9r\u00e9e avec style.<br \/>\nLe P6 BT est l&#8217;\u00e9quilibre parfait entre design et performance. Profitez de l&#8217;interaction \u00e9quilibr\u00e9e entre les basses, les m\u00e9diums et les aigus gr\u00e2ce aux deux haut-parleurs exclusifs et personnalis\u00e9s (du m\u00eame type que le P9) et \u00e0 un caisson de basse de 17 cm de diam\u00e8tre.<br \/>\nUn amplificateur num\u00e9rique haute performance de 60 watts RMS et un puissant processeur DSP 24 bits garantissent une reproduction sonore \u00e0 360\u00b0, en parfaite ad\u00e9quation avec notre philosophie &#8211; la passion de la musique.<\/p>\n","protected":false},"excerpt":{"rendered":"<ul>\n<li>550 mm (h) x 200 mm (l) x 200 (p)\n<\/li>\n<li>Bluetooth\n<\/li>\n<li>Conception r\u00e9sistante aux intemp\u00e9ries<\/li>\n<\/ul>\n","protected":false},"featured_media":12905,"template":"","meta":{"_acf_changed":false,"_uag_custom_page_level_css":"","site-sidebar-layout":"default","site-content-layout":"","ast-site-content-layout":"default","site-content-style":"default","site-sidebar-style":"default","ast-global-header-display":"","ast-banner-title-visibility":"","ast-main-header-display":"","ast-hfb-above-header-display":"","ast-hfb-below-header-display":"","ast-hfb-mobile-header-display":"","site-post-title":"","ast-breadcrumbs-content":"","ast-featured-img":"","footer-sml-layout":"","ast-disable-related-posts":"","theme-transparent-header-meta":"","adv-header-id-meta":"","stick-header-meta":"","header-above-stick-meta":"","header-main-stick-meta":"","header-below-stick-meta":"","astra-migrate-meta-layouts":"default","ast-page-background-enabled":"default","ast-page-background-meta":{"desktop":{"background-color":"","background-image":"","background-repeat":"repeat","background-position":"center center","background-size":"auto","background-attachment":"scroll","background-type":"","background-media":"","overlay-type":"","overlay-color":"","overlay-opacity":"","overlay-gradient":""},"tablet":{"background-color":"","background-image":"","background-repeat":"repeat","background-position":"center center","background-size":"auto","background-attachment":"scroll","background-type":"","background-media":"","overlay-type":"","overlay-color":"","overlay-opacity":"","overlay-gradient":""},"mobile":{"background-color":"","background-image":"","background-repeat":"repeat","background-position":"center center","background-size":"auto","background-attachment":"scroll","background-type":"","background-media":"","overlay-type":"","overlay-color":"","overlay-opacity":"","overlay-gradient":""}},"ast-content-background-meta":{"desktop":{"background-color":"var(--ast-global-color-5)","background-image":"","background-repeat":"repeat","background-position":"center center","background-size":"auto","background-attachment":"scroll","background-type":"","background-media":"","overlay-type":"","overlay-color":"","overlay-opacity":"","overlay-gradient":""},"tablet":{"background-color":"var(--ast-global-color-5)","background-image":"","background-repeat":"repeat","background-position":"center center","background-size":"auto","background-attachment":"scroll","background-type":"","background-media":"","overlay-type":"","overlay-color":"","overlay-opacity":"","overlay-gradient":""},"mobile":{"background-color":"var(--ast-global-color-5)","background-image":"","background-repeat":"repeat","background-position":"center center","background-size":"auto","background-attachment":"scroll","background-type":"","background-media":"","overlay-type":"","overlay-color":"","overlay-opacity":"","overlay-gradient":""}}},"product_brand":[],"product_cat":[639],"product_tag":[],"class_list":{"0":"post-12904","1":"product","2":"type-product","3":"status-publish","4":"has-post-thumbnail","6":"product_cat-appareils-audio","7":"desktop-align-left","8":"tablet-align-left","9":"mobile-align-left","11":"first","12":"instock","13":"purchasable","14":"product-type-simple"},"acf":[],"uagb_featured_image_src":{"full":["https:\/\/gervi.be\/wp-content\/uploads\/2023\/08\/nr31.jpg",628,438,false],"thumbnail":["https:\/\/gervi.be\/wp-content\/uploads\/2023\/08\/nr31-150x150.jpg",150,150,true],"medium":["https:\/\/gervi.be\/wp-content\/uploads\/2023\/08\/nr31-300x209.jpg",300,209,true],"medium_large":["https:\/\/gervi.be\/wp-content\/uploads\/2023\/08\/nr31.jpg",628,438,false],"large":["https:\/\/gervi.be\/wp-content\/uploads\/2023\/08\/nr31.jpg",628,438,false],"1536x1536":["https:\/\/gervi.be\/wp-content\/uploads\/2023\/08\/nr31.jpg",628,438,false],"2048x2048":["https:\/\/gervi.be\/wp-content\/uploads\/2023\/08\/nr31.jpg",628,438,false],"woocommerce_thumbnail":["https:\/\/gervi.be\/wp-content\/uploads\/2023\/08\/nr31-300x300.jpg",300,300,true],"woocommerce_single":["https:\/\/gervi.be\/wp-content\/uploads\/2023\/08\/nr31.jpg",628,438,false],"woocommerce_gallery_thumbnail":["https:\/\/gervi.be\/wp-content\/uploads\/2023\/08\/nr31-100x100.jpg",100,100,true],"dgwt-wcas-product-suggestion":["https:\/\/gervi.be\/wp-content\/uploads\/2023\/08\/nr31.jpg",64,45,false]},"uagb_author_info":{"display_name":"Marjolein Nijs","author_link":"https:\/\/gervi.be\/fr\/author\/"},"uagb_comment_info":0,"uagb_excerpt":"550 mm (h) x 200 mm (l) x 200 (p) Bluetooth Conception r\u00e9sistante aux intemp\u00e9ries","_links":{"self":[{"href":"https:\/\/gervi.be\/fr\/wp-json\/wp\/v2\/product\/12904","targetHints":{"allow":["GET"]}}],"collection":[{"href":"https:\/\/gervi.be\/fr\/wp-json\/wp\/v2\/product"}],"about":[{"href":"https:\/\/gervi.be\/fr\/wp-json\/wp\/v2\/types\/product"}],"wp:featuredmedia":[{"embeddable":true,"href":"https:\/\/gervi.be\/fr\/wp-json\/wp\/v2\/media\/12905"}],"wp:attachment":[{"href":"https:\/\/gervi.be\/fr\/wp-json\/wp\/v2\/media?parent=12904"}],"wp:term":[{"taxonomy":"product_brand","embeddable":true,"href":"https:\/\/gervi.be\/fr\/wp-json\/wp\/v2\/product_brand?post=12904"},{"taxonomy":"product_cat","embeddable":true,"href":"https:\/\/gervi.be\/fr\/wp-json\/wp\/v2\/product_cat?post=12904"},{"taxonomy":"product_tag","embeddable":true,"href":"https:\/\/gervi.be\/fr\/wp-json\/wp\/v2\/product_tag?post=12904"}],"curies":[{"name":"wp","href":"https:\/\/api.w.org\/{rel}","templated":true}]}}