{"id":12902,"date":"2023-08-29T13:47:03","date_gmt":"2023-08-29T13:47:03","guid":{"rendered":"https:\/\/gervi.be\/shop\/covercar\/"},"modified":"2023-08-29T13:47:03","modified_gmt":"2023-08-29T13:47:03","slug":"voiture-de-couverture","status":"publish","type":"product","link":"https:\/\/gervi.be\/fr\/produit\/voiture-de-couverture\/","title":{"rendered":"Covercar"},"content":{"rendered":"<p>&#8211; Syst\u00e8me de couverture (unique au monde) fabriqu\u00e9 en Belgique<br \/>\n&#8211; Seul syst\u00e8me de couverture qui vous permet de profiter d&#8217;une vue \u00e0 360\u00b0 depuis votre baignoire<br \/>\n&#8211; Simple et convivial<br \/>\n&#8211; Largeur r\u00e9glable pour que le HotSpring CoverCar s&#8217;adapte parfaitement \u00e0 votre baignoire.<br \/>\n&#8211; Le CoverCar est \u00e9quip\u00e9 de quatre roues afin qu&#8217;une personne puisse d\u00e9placer le syst\u00e8me de canop\u00e9e rapidement et facilement.<br \/>\n&#8211; Les roues orient\u00e9es vers l&#8217;int\u00e9rieur permettent au CoverCar de glisser en douceur le long de votre piscine (sans risque d&#8217;endommagement).<br \/>\n&#8211; Possibilit\u00e9 de bloquer les roues pour que le CoverCar soit \u00e0 l&#8217;arr\u00eat<\/p>\n","protected":false},"excerpt":{"rendered":"<p>&#8211; Syst\u00e8me de couverture (unique au monde) fabriqu\u00e9 en Belgique &#8211; Seul syst\u00e8me de couverture qui vous permet de profiter d&#8217;une vue \u00e0 360\u00b0 depuis votre baignoire &#8211; Simple et convivial &#8211; Largeur r\u00e9glable pour que le HotSpring CoverCar s&#8217;adapte parfaitement \u00e0 votre baignoire. &#8211; Le CoverCar est \u00e9quip\u00e9 de quatre roues afin qu&#8217;une personne [&hellip;]<\/p>\n","protected":false},"featured_media":12903,"template":"","meta":{"_acf_changed":false,"_uag_custom_page_level_css":"","site-sidebar-layout":"default","site-content-layout":"","ast-site-content-layout":"default","site-content-style":"default","site-sidebar-style":"default","ast-global-header-display":"","ast-banner-title-visibility":"","ast-main-header-display":"","ast-hfb-above-header-display":"","ast-hfb-below-header-display":"","ast-hfb-mobile-header-display":"","site-post-title":"","ast-breadcrumbs-content":"","ast-featured-img":"","footer-sml-layout":"","ast-disable-related-posts":"","theme-transparent-header-meta":"","adv-header-id-meta":"","stick-header-meta":"","header-above-stick-meta":"","header-main-stick-meta":"","header-below-stick-meta":"","astra-migrate-meta-layouts":"default","ast-page-background-enabled":"default","ast-page-background-meta":{"desktop":{"background-color":"","background-image":"","background-repeat":"repeat","background-position":"center center","background-size":"auto","background-attachment":"scroll","background-type":"","background-media":"","overlay-type":"","overlay-color":"","overlay-opacity":"","overlay-gradient":""},"tablet":{"background-color":"","background-image":"","background-repeat":"repeat","background-position":"center center","background-size":"auto","background-attachment":"scroll","background-type":"","background-media":"","overlay-type":"","overlay-color":"","overlay-opacity":"","overlay-gradient":""},"mobile":{"background-color":"","background-image":"","background-repeat":"repeat","background-position":"center center","background-size":"auto","background-attachment":"scroll","background-type":"","background-media":"","overlay-type":"","overlay-color":"","overlay-opacity":"","overlay-gradient":""}},"ast-content-background-meta":{"desktop":{"background-color":"var(--ast-global-color-5)","background-image":"","background-repeat":"repeat","background-position":"center center","background-size":"auto","background-attachment":"scroll","background-type":"","background-media":"","overlay-type":"","overlay-color":"","overlay-opacity":"","overlay-gradient":""},"tablet":{"background-color":"var(--ast-global-color-5)","background-image":"","background-repeat":"repeat","background-position":"center center","background-size":"auto","background-attachment":"scroll","background-type":"","background-media":"","overlay-type":"","overlay-color":"","overlay-opacity":"","overlay-gradient":""},"mobile":{"background-color":"var(--ast-global-color-5)","background-image":"","background-repeat":"repeat","background-position":"center center","background-size":"auto","background-attachment":"scroll","background-type":"","background-media":"","overlay-type":"","overlay-color":"","overlay-opacity":"","overlay-gradient":""}}},"product_brand":[],"product_cat":[635,636],"product_tag":[],"class_list":{"0":"post-12902","1":"product","2":"type-product","3":"status-publish","4":"has-post-thumbnail","6":"product_cat-jacuzzi-fr","7":"product_cat-systemes-de-couverture","8":"desktop-align-left","9":"tablet-align-left","10":"mobile-align-left","12":"first","13":"instock","14":"purchasable","15":"product-type-simple"},"acf":[],"uagb_featured_image_src":{"full":["https:\/\/gervi.be\/wp-content\/uploads\/2023\/08\/nr3covercar1.jpg",597,448,false],"thumbnail":["https:\/\/gervi.be\/wp-content\/uploads\/2023\/08\/nr3covercar1-150x150.jpg",150,150,true],"medium":["https:\/\/gervi.be\/wp-content\/uploads\/2023\/08\/nr3covercar1-300x225.jpg",300,225,true],"medium_large":["https:\/\/gervi.be\/wp-content\/uploads\/2023\/08\/nr3covercar1.jpg",597,448,false],"large":["https:\/\/gervi.be\/wp-content\/uploads\/2023\/08\/nr3covercar1.jpg",597,448,false],"1536x1536":["https:\/\/gervi.be\/wp-content\/uploads\/2023\/08\/nr3covercar1.jpg",597,448,false],"2048x2048":["https:\/\/gervi.be\/wp-content\/uploads\/2023\/08\/nr3covercar1.jpg",597,448,false],"woocommerce_thumbnail":["https:\/\/gervi.be\/wp-content\/uploads\/2023\/08\/nr3covercar1-300x300.jpg",300,300,true],"woocommerce_single":["https:\/\/gervi.be\/wp-content\/uploads\/2023\/08\/nr3covercar1.jpg",597,448,false],"woocommerce_gallery_thumbnail":["https:\/\/gervi.be\/wp-content\/uploads\/2023\/08\/nr3covercar1-100x100.jpg",100,100,true],"dgwt-wcas-product-suggestion":["https:\/\/gervi.be\/wp-content\/uploads\/2023\/08\/nr3covercar1.jpg",64,48,false]},"uagb_author_info":{"display_name":"Marjolein Nijs","author_link":"https:\/\/gervi.be\/fr\/author\/"},"uagb_comment_info":0,"uagb_excerpt":"&#8211; Syst\u00e8me de couverture (unique au monde) fabriqu\u00e9 en Belgique &#8211; Seul syst\u00e8me de couverture qui vous permet de profiter d&#8217;une vue \u00e0 360\u00b0 depuis votre baignoire &#8211; Simple et convivial &#8211; Largeur r\u00e9glable pour que le HotSpring CoverCar s&#8217;adapte parfaitement \u00e0 votre baignoire. &#8211; Le CoverCar est \u00e9quip\u00e9 de quatre roues afin qu&#8217;une personne\u2026","_links":{"self":[{"href":"https:\/\/gervi.be\/fr\/wp-json\/wp\/v2\/product\/12902","targetHints":{"allow":["GET"]}}],"collection":[{"href":"https:\/\/gervi.be\/fr\/wp-json\/wp\/v2\/product"}],"about":[{"href":"https:\/\/gervi.be\/fr\/wp-json\/wp\/v2\/types\/product"}],"wp:featuredmedia":[{"embeddable":true,"href":"https:\/\/gervi.be\/fr\/wp-json\/wp\/v2\/media\/12903"}],"wp:attachment":[{"href":"https:\/\/gervi.be\/fr\/wp-json\/wp\/v2\/media?parent=12902"}],"wp:term":[{"taxonomy":"product_brand","embeddable":true,"href":"https:\/\/gervi.be\/fr\/wp-json\/wp\/v2\/product_brand?post=12902"},{"taxonomy":"product_cat","embeddable":true,"href":"https:\/\/gervi.be\/fr\/wp-json\/wp\/v2\/product_cat?post=12902"},{"taxonomy":"product_tag","embeddable":true,"href":"https:\/\/gervi.be\/fr\/wp-json\/wp\/v2\/product_tag?post=12902"}],"curies":[{"name":"wp","href":"https:\/\/api.w.org\/{rel}","templated":true}]}}