{"id":37221,"date":"2026-04-16T16:04:58","date_gmt":"2026-04-16T14:04:58","guid":{"rendered":"https:\/\/gervi.be\/?page_id=37221"},"modified":"2026-04-16T16:09:08","modified_gmt":"2026-04-16T14:09:08","slug":"contact-2","status":"publish","type":"page","link":"https:\/\/gervi.be\/fr\/contact-2\/","title":{"rendered":"Demande de devis"},"content":{"rendered":"\t\t<div data-elementor-type=\"wp-page\" data-elementor-id=\"37221\" class=\"elementor elementor-37221 elementor-37220\" data-elementor-post-type=\"page\">\n\t\t\t\t\t\t<section class=\"elementor-section elementor-top-section elementor-element elementor-element-0510924 elementor-section-boxed elementor-section-height-default elementor-section-height-default\" data-id=\"0510924\" data-element_type=\"section\" data-e-type=\"section\" data-settings=\"{&quot;background_background&quot;:&quot;classic&quot;}\">\n\t\t\t\t\t\t<div class=\"elementor-container elementor-column-gap-default\">\n\t\t\t\t\t<div class=\"elementor-column elementor-col-100 elementor-top-column elementor-element elementor-element-43d1ed0\" data-id=\"43d1ed0\" data-element_type=\"column\" data-e-type=\"column\">\n\t\t\t<div class=\"elementor-widget-wrap elementor-element-populated\">\n\t\t\t\t\t\t<section class=\"elementor-section elementor-inner-section elementor-element elementor-element-a35e47c elementor-section-boxed elementor-section-height-default elementor-section-height-default\" data-id=\"a35e47c\" data-element_type=\"section\" data-e-type=\"section\">\n\t\t\t\t\t\t<div class=\"elementor-container elementor-column-gap-default\">\n\t\t\t\t\t<div class=\"elementor-column elementor-col-50 elementor-inner-column elementor-element elementor-element-103581e\" data-id=\"103581e\" data-element_type=\"column\" data-e-type=\"column\" data-settings=\"{&quot;background_background&quot;:&quot;classic&quot;}\">\n\t\t\t<div class=\"elementor-widget-wrap elementor-element-populated\">\n\t\t\t\t\t\t<div class=\"elementor-element elementor-element-4e9789f elementor-widget elementor-widget-heading\" data-id=\"4e9789f\" data-element_type=\"widget\" data-e-type=\"widget\" data-widget_type=\"heading.default\">\n\t\t\t\t\t<h2 class=\"elementor-heading-title elementor-size-default\">Demande de devis<\/h2>\t\t\t\t<\/div>\n\t\t\t\t<div class=\"elementor-element elementor-element-f880cd4 elementor-widget elementor-widget-text-editor\" data-id=\"f880cd4\" data-element_type=\"widget\" data-e-type=\"widget\" data-widget_type=\"text-editor.default\">\n\t\t\t\t\t\t\t\t\t<p>Int\u00e9ress\u00e9 par l&#8217;une de nos solutions Lifestyle ? Besoin de conseils ou de produits ? Demandez votre offre sur mesure sans engagement !  <\/p>\t\t\t\t\t\t\t\t<\/div>\n\t\t\t\t\t<\/div>\n\t\t<\/div>\n\t\t\t\t<div class=\"elementor-column elementor-col-50 elementor-inner-column elementor-element elementor-element-cd06b1d\" data-id=\"cd06b1d\" data-element_type=\"column\" data-e-type=\"column\">\n\t\t\t<div class=\"elementor-widget-wrap\">\n\t\t\t\t\t\t\t<\/div>\n\t\t<\/div>\n\t\t\t\t\t<\/div>\n\t\t<\/section>\n\t\t\t\t\t<\/div>\n\t\t<\/div>\n\t\t\t\t\t<\/div>\n\t\t<\/section>\n\t\t\t\t<section class=\"elementor-section elementor-top-section elementor-element elementor-element-b5a0286 elementor-section-boxed elementor-section-height-default elementor-section-height-default\" data-id=\"b5a0286\" data-element_type=\"section\" data-e-type=\"section\" data-settings=\"{&quot;background_background&quot;:&quot;classic&quot;}\">\n\t\t\t\t\t\t<div class=\"elementor-container elementor-column-gap-default\">\n\t\t\t\t\t<div class=\"elementor-column elementor-col-100 elementor-top-column elementor-element elementor-element-334b619\" data-id=\"334b619\" data-element_type=\"column\" data-e-type=\"column\">\n\t\t\t<div class=\"elementor-widget-wrap elementor-element-populated\">\n\t\t\t\t\t\t<div class=\"elementor-element elementor-element-7669ebe elementor-align-center broodkruim elementor-widget elementor-widget-breadcrumbs\" data-id=\"7669ebe\" data-element_type=\"widget\" data-e-type=\"widget\" data-widget_type=\"breadcrumbs.default\">\n\t\t\t\t<div class=\"elementor-widget-container\">\n\t\t\t\t\t<nav aria-label=\"breadcrumbs\" class=\"rank-math-breadcrumb\"><p><span class=\"last\">Home<\/span><\/p><\/nav>\t\t\t\t<\/div>\n\t\t\t\t<\/div>\n\t\t\t\t\t<\/div>\n\t\t<\/div>\n\t\t\t\t\t<\/div>\n\t\t<\/section>\n\t\t\t\t<section class=\"elementor-section elementor-top-section elementor-element elementor-element-5ef86f8 elementor-section-boxed elementor-section-height-default elementor-section-height-default\" data-id=\"5ef86f8\" data-element_type=\"section\" data-e-type=\"section\" id=\"contact\" data-settings=\"{&quot;background_background&quot;:&quot;classic&quot;}\">\n\t\t\t\t\t\t<div class=\"elementor-container elementor-column-gap-default\">\n\t\t\t\t\t<div class=\"elementor-column elementor-col-50 elementor-top-column elementor-element elementor-element-fb06009\" data-id=\"fb06009\" data-element_type=\"column\" data-e-type=\"column\">\n\t\t\t<div class=\"elementor-widget-wrap elementor-element-populated\">\n\t\t\t\t\t\t<div class=\"elementor-element elementor-element-aa8ff41 elementor-widget elementor-widget-heading\" data-id=\"aa8ff41\" data-element_type=\"widget\" data-e-type=\"widget\" data-widget_type=\"heading.default\">\n\t\t\t\t\t<h2 class=\"elementor-heading-title elementor-size-default\">Coordonn\u00e9es de la personne \u00e0 contacter<\/h2>\t\t\t\t<\/div>\n\t\t\t\t<div class=\"elementor-element elementor-element-38e6e0d elementor-icon-list--layout-traditional elementor-list-item-link-full_width elementor-widget elementor-widget-icon-list\" data-id=\"38e6e0d\" data-element_type=\"widget\" data-e-type=\"widget\" data-widget_type=\"icon-list.default\">\n\t\t\t\t\t\t\t<ul class=\"elementor-icon-list-items\">\n\t\t\t\t\t\t\t<li class=\"elementor-icon-list-item\">\n\t\t\t\t\t\t\t\t\t\t\t<span class=\"elementor-icon-list-icon\">\n\t\t\t\t\t\t\t<svg aria-hidden=\"true\" class=\"e-font-icon-svg e-fas-location-arrow\" viewBox=\"0 0 512 512\" xmlns=\"http:\/\/www.w3.org\/2000\/svg\"><path d=\"M444.52 3.52L28.74 195.42c-47.97 22.39-31.98 92.75 19.19 92.75h175.91v175.91c0 51.17 70.36 67.17 92.75 19.19l191.9-415.78c15.99-38.39-25.59-79.97-63.97-63.97z\"><\/path><\/svg>\t\t\t\t\t\t<\/span>\n\t\t\t\t\t\t\t\t\t\t<span class=\"elementor-icon-list-text\">Rijksweg 539, 3630 Maasmechelen (Si\u00e8ge)<\/span>\n\t\t\t\t\t\t\t\t\t<\/li>\n\t\t\t\t\t\t\t\t<li class=\"elementor-icon-list-item\">\n\t\t\t\t\t\t\t\t\t\t\t<a href=\"tel:+3289760536\">\n\n\t\t\t\t\t\t\t\t\t\t\t\t<span class=\"elementor-icon-list-icon\">\n\t\t\t\t\t\t\t<svg aria-hidden=\"true\" class=\"e-font-icon-svg e-fas-phone-alt\" viewBox=\"0 0 512 512\" xmlns=\"http:\/\/www.w3.org\/2000\/svg\"><path d=\"M497.39 361.8l-112-48a24 24 0 0 0-28 6.9l-49.6 60.6A370.66 370.66 0 0 1 130.6 204.11l60.6-49.6a23.94 23.94 0 0 0 6.9-28l-48-112A24.16 24.16 0 0 0 122.6.61l-104 24A24 24 0 0 0 0 48c0 256.5 207.9 464 464 464a24 24 0 0 0 23.4-18.6l24-104a24.29 24.29 0 0 0-14.01-27.6z\"><\/path><\/svg>\t\t\t\t\t\t<\/span>\n\t\t\t\t\t\t\t\t\t\t<span class=\"elementor-icon-list-text\">089\/76 05 36<\/span>\n\t\t\t\t\t\t\t\t\t\t\t<\/a>\n\t\t\t\t\t\t\t\t\t<\/li>\n\t\t\t\t\t\t\t\t<li class=\"elementor-icon-list-item\">\n\t\t\t\t\t\t\t\t\t\t\t<a href=\"mailto:contact@gervi.be\">\n\n\t\t\t\t\t\t\t\t\t\t\t\t<span class=\"elementor-icon-list-icon\">\n\t\t\t\t\t\t\t<svg aria-hidden=\"true\" class=\"e-font-icon-svg e-far-envelope\" viewBox=\"0 0 512 512\" xmlns=\"http:\/\/www.w3.org\/2000\/svg\"><path d=\"M464 64H48C21.49 64 0 85.49 0 112v288c0 26.51 21.49 48 48 48h416c26.51 0 48-21.49 48-48V112c0-26.51-21.49-48-48-48zm0 48v40.805c-22.422 18.259-58.168 46.651-134.587 106.49-16.841 13.247-50.201 45.072-73.413 44.701-23.208.375-56.579-31.459-73.413-44.701C106.18 199.465 70.425 171.067 48 152.805V112h416zM48 400V214.398c22.914 18.251 55.409 43.862 104.938 82.646 21.857 17.205 60.134 55.186 103.062 54.955 42.717.231 80.509-37.199 103.053-54.947 49.528-38.783 82.032-64.401 104.947-82.653V400H48z\"><\/path><\/svg>\t\t\t\t\t\t<\/span>\n\t\t\t\t\t\t\t\t\t\t<span class=\"elementor-icon-list-text\">contact@gervi.be<\/span>\n\t\t\t\t\t\t\t\t\t\t\t<\/a>\n\t\t\t\t\t\t\t\t\t<\/li>\n\t\t\t\t\t\t\t\t<li class=\"elementor-icon-list-item\">\n\t\t\t\t\t\t\t\t\t\t<span class=\"elementor-icon-list-text\">Num\u00e9ro d'entreprise : BE 0450.868.371<\/span>\n\t\t\t\t\t\t\t\t\t<\/li>\n\t\t\t\t\t\t<\/ul>\n\t\t\t\t\t\t<\/div>\n\t\t\t\t<div class=\"elementor-element elementor-element-0be8893 elementor-widget elementor-widget-heading\" data-id=\"0be8893\" data-element_type=\"widget\" data-e-type=\"widget\" data-widget_type=\"heading.default\">\n\t\t\t\t\t<h2 class=\"elementor-heading-title elementor-size-default\">Coordonn\u00e9es de la personne \u00e0 contacter<\/h2>\t\t\t\t<\/div>\n\t\t\t\t<div class=\"elementor-element elementor-element-43fcff6 elementor-widget elementor-widget-text-editor\" data-id=\"43fcff6\" data-element_type=\"widget\" data-e-type=\"widget\" data-widget_type=\"text-editor.default\">\n\t\t\t\t\t\t\t\t\t<table class=\"openingsuren\"><tbody><tr class=\"ou-rij\"><td class=\"ou-dagen\">Lundi<\/td><td class=\"ou-uren\">10 h &#8211; 18 h<\/td><\/tr><tr class=\"ou-rij\"><td class=\"ou-dagen\">Mardi<\/td><td class=\"ou-uren\">10 h &#8211; 18 h<\/td><\/tr><tr class=\"ou-rij\"><td class=\"ou-dagen\">Mercredi<\/td><td class=\"ou-uren\">10 h &#8211; 18 h<\/td><\/tr><tr class=\"ou-rij\"><td class=\"ou-dagen\">Jeudi<\/td><td class=\"ou-uren\">10 h &#8211; 18 h<\/td><\/tr><tr class=\"ou-rij\"><td class=\"ou-dagen\">Vendredi<\/td><td class=\"ou-uren\">10 h &#8211; 18 h<\/td><\/tr><tr class=\"ou-rij\"><td class=\"ou-dagen\">Samedi<\/td><td class=\"ou-uren\">10 h &#8211; 18 h<\/td><\/tr><tr class=\"ou-rij\"><td class=\"ou-dagen\">Dimanche<\/td><td class=\"ou-uren\">13 h &#8211; 17 h<\/td><\/tr><\/tbody><\/table>\t\t\t\t\t\t\t\t<\/div>\n\t\t\t\t<div class=\"elementor-element elementor-element-68cf309 elementor-widget elementor-widget-text-editor\" data-id=\"68cf309\" data-element_type=\"widget\" data-e-type=\"widget\" data-widget_type=\"text-editor.default\">\n\t\t\t\t\t\t\t\t\t<p>Une visite sur rendez-vous est \u00e9galement toujours possible. Pour ce faire, contactez-nous par t\u00e9l\u00e9phone ou par e-mail : <a href=\"tel:+3289760536\">089 76 05 36<\/a> ou <a href=\"mailto:contact@gervi.be\">contact@gervi.be<\/a>.<br><br><a href=\"https:\/\/gervi.be\/fr\/salles-dexposition\/\">Cliquez ici<\/a> pour obtenir la liste de nos 8 agences locales afin de trouver un showroom Gervi pr\u00e8s de chez vous.<\/p>\t\t\t\t\t\t\t\t<\/div>\n\t\t\t\t\t<\/div>\n\t\t<\/div>\n\t\t\t\t<div class=\"elementor-column elementor-col-50 elementor-top-column elementor-element elementor-element-88c8619\" data-id=\"88c8619\" data-element_type=\"column\" data-e-type=\"column\" data-settings=\"{&quot;background_background&quot;:&quot;classic&quot;}\">\n\t\t\t<div class=\"elementor-widget-wrap elementor-element-populated\">\n\t\t\t\t\t\t<div class=\"elementor-element elementor-element-05acfdc elementor-widget elementor-widget-html\" data-id=\"05acfdc\" data-element_type=\"widget\" data-e-type=\"widget\" data-widget_type=\"html.default\">\n\t\t\t\t\t<div class=\"frm_forms  with_frm_style frm_style_service\" id=\"frm_form_67_container\" data-token=\"7e075c95ec330e821d2fc3b7510e4b44\">\n<form enctype=\"multipart\/form-data\" method=\"post\" class=\"frm-show-form  frm_ajax_submit  frm_pro_form \" id=\"form_offerteaanvragen2\" data-token=\"7e075c95ec330e821d2fc3b7510e4b44\">\n<div class=\"frm_form_fields \">\n<fieldset>\n<legend class=\"frm_screen_reader\">Offerte aanvragen 2026<\/legend>\r\n\r\n<div class=\"frm_fields_container\">\n<input type=\"hidden\" name=\"frm_action\" value=\"create\" \/>\n<input type=\"hidden\" name=\"form_id\" value=\"67\" \/>\n<input type=\"hidden\" name=\"frm_hide_fields_67\" id=\"frm_hide_fields_67\" value=\"\" \/>\n<input type=\"hidden\" name=\"form_key\" value=\"offerteaanvragen2\" \/>\n<input type=\"hidden\" name=\"item_meta[0]\" value=\"\" \/>\n<input type=\"hidden\" id=\"frm_submit_entry_67\" name=\"frm_submit_entry_67\" value=\"708a0c7f48\" \/><input type=\"hidden\" name=\"_wp_http_referer\" value=\"\/fr\/wp-json\/wp\/v2\/pages\/37221\" \/>\t\t<input  type=\"hidden\" name=\"item_meta[698]\" id=\"field_e6ss7\" value=\"Demande de devis\"  data-frmval=\"Demande de devis\"   \/>\n\t\t<div id=\"frm_field_699_container\" class=\"frm_form_field form-field  frm_required_field frm_none_container frm6 frm_first\">\r\n    <label for=\"field_su16q58\" id=\"field_su16q58_label\" class=\"frm_primary_label\">Votre pr\u00e9nom\r\n        <span class=\"frm_required\" aria-hidden=\"true\">*<\/span>\r\n    <\/label>\r\n    <input  type=\"text\" id=\"field_su16q58\" name=\"item_meta[699]\" value=\"\"  placeholder=\"Voornaam\" data-reqmsg=\"Ce champ ne doit pas \u00eatre vide.\" aria-required=\"true\" data-invmsg=\"Tekst is ongeldig\" aria-invalid=\"false\"   \/>\r\n    \r\n    \r\n<\/div>\n<div id=\"frm_field_700_container\" class=\"frm_form_field form-field  frm_required_field frm_none_container frm6\">\r\n    <label for=\"field_s6r8p58\" id=\"field_s6r8p58_label\" class=\"frm_primary_label\">Votre nom de famille\r\n        <span class=\"frm_required\" aria-hidden=\"true\">*<\/span>\r\n    <\/label>\r\n    <input  type=\"text\" id=\"field_s6r8p58\" name=\"item_meta[700]\" value=\"\"  placeholder=\"Achternaam\" data-reqmsg=\"Ce champ ne doit pas \u00eatre vide.\" aria-required=\"true\" data-invmsg=\"Tekst is ongeldig\" aria-invalid=\"false\"   \/>\r\n    \r\n    \r\n<\/div>\n<div id=\"frm_field_701_container\" class=\"frm_form_field form-field  frm_required_field frm_none_container frm12 frm_first\">\r\n    <label for=\"field_bozyy58\" id=\"field_bozyy58_label\" class=\"frm_primary_label\">Votre adresse \u00e9lectronique\r\n        <span class=\"frm_required\" aria-hidden=\"true\">*<\/span>\r\n    <\/label>\r\n    <input type=\"email\" id=\"field_bozyy58\" name=\"item_meta[701]\" value=\"\"  placeholder=\"E-mailadres\" data-reqmsg=\"Ce champ ne doit pas \u00eatre vide.\" aria-required=\"true\" data-invmsg=\"L&#039;adresse \u00e9lectronique n&#039;est pas valide\" aria-invalid=\"false\"  \/>\r\n    \r\n    \r\n<\/div>\n<div id=\"frm_field_702_container\" class=\"frm_form_field form-field  frm_required_field frm_none_container frm12 frm_first\">\r\n    <label for=\"field_nhw8s58\" id=\"field_nhw8s58_label\" class=\"frm_primary_label\">Votre num\u00e9ro de t\u00e9l\u00e9phone\r\n        <span class=\"frm_required\" aria-hidden=\"true\">*<\/span>\r\n    <\/label>\r\n    <input  type=\"text\" id=\"field_nhw8s58\" name=\"item_meta[702]\" value=\"\"  placeholder=\"Telefoonnummer\" data-reqmsg=\"Ce champ ne doit pas \u00eatre vide.\" aria-required=\"true\" data-invmsg=\"Le t\u00e9l\u00e9phone n&#039;est pas valide\" aria-invalid=\"false\"   \/>\r\n    \r\n    \r\n<\/div>\n<div id=\"frm_field_712_container\" class=\"frm_form_field form-field  frm_required_field frm_top_container frm10\">\r\n\t<label for=\"field_qli7x\" id=\"field_qli7x_label\" class=\"frm_primary_label\">Plaats\r\n\t\t<span class=\"frm_required\" aria-hidden=\"true\">*<\/span>\r\n\t<\/label>\r\n\t<input  type=\"text\" id=\"field_qli7x\" name=\"item_meta[712]\" value=\"\"  data-reqmsg=\"Ce champ ne doit pas \u00eatre vide.\" aria-required=\"true\" data-invmsg=\"Plaats is ongeldig\" aria-invalid=\"false\"   \/>\r\n\t\r\n\t\r\n<\/div>\n<div id=\"frm_field_714_container\" class=\"frm_form_field form-field  frm_required_field frm_top_container frm_sixth\">\r\n\t<label for=\"field_mmt95\" id=\"field_mmt95_label\" class=\"frm_primary_label\">Code postal\r\n\t\t<span class=\"frm_required\" aria-hidden=\"true\">*<\/span>\r\n\t<\/label>\r\n\t<input type=\"number\" id=\"field_mmt95\" name=\"item_meta[714]\" value=\"\" data-reqmsg=\"Ce champ ne doit pas \u00eatre vide.\" aria-required=\"true\" data-invmsg=\"Code postal is ongeldig\" aria-invalid=\"false\"   min=\"0\" max=\"9999999\" step=\"any\" \/>\r\n\t\r\n\t\r\n<\/div>\n<div id=\"frm_field_715_container\" class=\"frm_form_field form-field  frm_required_field frm_top_container frm_other_container\">\r\n\t<label for=\"field_vszzr\" id=\"field_vszzr_label\" class=\"frm_primary_label\">Type product\r\n\t\t<span class=\"frm_required\" aria-hidden=\"true\">*<\/span>\r\n\t<\/label>\r\n\t\t\t<select name=\"item_meta[715]\" id=\"field_vszzr\"  data-placeholder=\"Maak uw keuze\"  placeholder=\"Maak uw keuze\" data-reqmsg=\"Ce champ ne doit pas \u00eatre vide.\" aria-required=\"true\" data-invmsg=\"Type product is ongeldig\" aria-invalid=\"false\"  >\n\t\t<option  class=\"frm-select-placeholder\" value=\"\" data-placeholder=\"true\">Maak uw keuze<\/option><option  value=\"Sauna\">Sauna<\/option><option  value=\"Infraroodsauna\">Infraroodsauna<\/option><option  value=\"Jacuzzi\">Jacuzzi<\/option><option  value=\"Zwemspa\">Zwemspa<\/option><option  value=\"Infraroodcabine\">Infraroodcabine<\/option><option  value=\"Stoombad\">Stoombad<\/option><option  value=\"Andere\" class=\"frm_other_trigger\">Andere<\/option>\t<\/select>\n\t<label for=\"field_vszzr-otext\" class=\"frm_screen_reader frm_hidden\">Type product<\/label><input type=\"text\" id=\"field_vszzr-otext\" class=\"frm_other_input frm_pos_none\"  name=\"item_meta[other][715]\" value=\"\" \/>\r\n\t\r\n\t\r\n<\/div>\n<div id=\"frm_field_709_container\" class=\"frm_form_field form-field  frm_top_container\">\r\n    <label for=\"field_4m1he3\" id=\"field_4m1he3_label\" class=\"frm_primary_label\">Extra vraag of opmerking\r\n        <span class=\"frm_required\" aria-hidden=\"true\"><\/span>\r\n    <\/label>\r\n    <textarea name=\"item_meta[709]\" id=\"field_4m1he3\" rows=\"5\"  data-invmsg=\"Paragraaf is ongeldig\" aria-invalid=\"false\"  ><\/textarea>\r\n    \r\n    \r\n<\/div>\n<div id=\"frm_field_710_container\" class=\"frm_form_field form-field \">\r\n\t<div class=\"frm_submit\">\r\n\r\n<button class=\"frm_button_submit frm_final_submit\" type=\"submit\"   formnovalidate=\"formnovalidate\">Exp\u00e9dition<\/button>\r\n\r\n\r\n<\/div>\r\n<\/div>\n\t<input type=\"hidden\" name=\"item_key\" value=\"\" \/>\n\t\t\t<div id=\"frm_field_716_container\">\n\t\t\t<label for=\"field_7cwrm\" >\n\t\t\t\tSi vous \u00eates un humain, ne remplissez pas ce champ.\t\t\t<\/label>\n\t\t\t<input  id=\"field_7cwrm\" type=\"text\" class=\"frm_form_field form-field frm_verify\" name=\"item_meta[716]\" value=\"\"  \/>\n\t\t<\/div>\n\t\t<input name=\"frm_state\" type=\"hidden\" value=\"hkLJB86B3jik059klZuJR2Kbra09+oNtjEEaFqGIdTbaFs\/Z+xuZp3mlGngKoju8\" \/><\/div>\n<\/fieldset>\n<\/div>\n\n<\/form>\n<\/div>\n\t\t\t\t<\/div>\n\t\t\t\t\t<\/div>\n\t\t<\/div>\n\t\t\t\t\t<\/div>\n\t\t<\/section>\n\t\t\t\t<section class=\"elementor-section elementor-top-section elementor-element elementor-element-3e7589a elementor-section-boxed elementor-section-height-default elementor-section-height-default\" data-id=\"3e7589a\" data-element_type=\"section\" data-e-type=\"section\" data-settings=\"{&quot;background_background&quot;:&quot;classic&quot;}\">\n\t\t\t\t\t\t<div class=\"elementor-container elementor-column-gap-default\">\n\t\t\t\t\t<div class=\"elementor-column elementor-col-100 elementor-top-column elementor-element elementor-element-26b01fa\" data-id=\"26b01fa\" data-element_type=\"column\" data-e-type=\"column\">\n\t\t\t<div class=\"elementor-widget-wrap elementor-element-populated\">\n\t\t\t\t\t\t<div class=\"elementor-element elementor-element-4c38fca elementor-widget elementor-widget-uael-google-map\" data-id=\"4c38fca\" data-element_type=\"widget\" data-e-type=\"widget\" data-settings=\"{&quot;option_streeview&quot;:&quot;yes&quot;,&quot;type_control&quot;:&quot;yes&quot;,&quot;zoom_control&quot;:&quot;yes&quot;,&quot;fullscreen_control&quot;:&quot;yes&quot;}\" data-widget_type=\"uael-google-map.default\">\n\t\t\t\t<div class=\"elementor-widget-container\">\n\t\t\t\t\t\t\t<div class=\"uael-google-map-wrap\">\n\t\t\t<div id=\"uael-google-map-4c38fca\" class=\"uael-google-map\" data-map_options=\"{&quot;zoom&quot;:8,&quot;mapTypeId&quot;:&quot;roadmap&quot;,&quot;mapTypeControl&quot;:true,&quot;streetViewControl&quot;:true,&quot;zoomControl&quot;:true,&quot;fullscreenControl&quot;:true,&quot;gestureHandling&quot;:true}\" data-cluster=\"yes\" data-cluster-attr=\"[]\" data-max-width=\"250\" data-locations=\"[[&quot;50.946330&quot;,&quot;5.693640&quot;,true,&quot;Gervi Maasmechelen&quot;,&quot;Rijksweg 539, 3630 Maasmechelen&quot;,&quot;custom&quot;,&quot;https:\\\/\\\/gervi.be\\\/wp-content\\\/uploads\\\/2024\\\/02\\\/gervi_marker.png&quot;,&quot;&quot;,&quot;&quot;],[&quot;50.945970&quot;,&quot;5.693230&quot;,true,&quot;Gervi ext\\u00e9rieur&quot;,&quot;Rijksweg 543, 3630 Maasmechelen&quot;,&quot;custom&quot;,&quot;https:\\\/\\\/gervi.be\\\/wp-content\\\/uploads\\\/2024\\\/02\\\/gervi_marker.png&quot;,&quot;&quot;,&quot;&quot;],[&quot;50.635186171056546&quot;,&quot;6.0101127687723945&quot;,true,&quot;Gervi Eupen&quot;,&quot;Industriestra\\u00dfe 38, 4700 Eupen&quot;,&quot;custom&quot;,&quot;https:\\\/\\\/gervi.be\\\/wp-content\\\/uploads\\\/2024\\\/02\\\/gervi_marker.png&quot;,&quot;&quot;,&quot;&quot;],[&quot;50.9399929292845&quot;,&quot;5.3212662576435275&quot;,true,&quot;Gervi Hasselt&quot;,&quot;Herkenrodesingel 35 , 3500 Hasselt&quot;,&quot;custom&quot;,&quot;https:\\\/\\\/gervi.be\\\/wp-content\\\/uploads\\\/2024\\\/02\\\/gervi_marker.png&quot;,&quot;&quot;,&quot;&quot;],[&quot;51.23075554047082&quot;,&quot;4.500363010100359&quot;,true,&quot;Gervi Anvers&quot;,&quot;Vosveld 11a\\\/bus 3, 2110 Wijnegem&quot;,&quot;custom&quot;,&quot;https:\\\/\\\/gervi.be\\\/wp-content\\\/uploads\\\/2024\\\/02\\\/gervi_marker.png&quot;,&quot;&quot;,&quot;&quot;],[&quot;51.15087483144892&quot;,&quot;2.9526407721211543&quot;,true,&quot;Gervi Gistel&quot;,&quot;Oostendsebaan 24, 8470 Gistel&quot;,&quot;custom&quot;,&quot;https:\\\/\\\/gervi.be\\\/wp-content\\\/uploads\\\/2024\\\/02\\\/gervi_marker.png&quot;,&quot;&quot;,&quot;&quot;],[&quot;51.00508400958213&quot;,&quot;3.6235416285829385&quot;,true,&quot;Gervi Gand&quot;,&quot;Kortrijksesteenweg 200, 9830 St-Martens-Latem (Gand)&quot;,&quot;custom&quot;,&quot;https:\\\/\\\/gervi.be\\\/wp-content\\\/uploads\\\/2024\\\/02\\\/gervi_marker.png&quot;,&quot;&quot;,&quot;&quot;],[&quot;50.9221841&quot;,&quot;4.7203388&quot;,true,&quot;Gervi Gistel&quot;,&quot;Aarschotsesteenweg 584, 3012 Wilsele&quot;,&quot;custom&quot;,&quot;https:\\\/\\\/gervi.be\\\/wp-content\\\/uploads\\\/2024\\\/02\\\/gervi_marker.png&quot;,&quot;&quot;,&quot;&quot;]]\" data-animate=\"\" data-auto-center=\"center\" data-predefined-style=\"silver\"><\/div>\n\t\t<\/div>\n\t\t\t\t\t\t<\/div>\n\t\t\t\t<\/div>\n\t\t\t\t\t<\/div>\n\t\t<\/div>\n\t\t\t\t\t<\/div>\n\t\t<\/section>\n\t\t\t\t<\/div>\n\t\t","protected":false},"excerpt":{"rendered":"<p>Demande de devis Int\u00e9ress\u00e9 par l&#8217;une de nos solutions Lifestyle ? Besoin de conseils ou de produits ? Demandez votre offre sur mesure sans engagement ! Home Coordonn\u00e9es de la personne \u00e0 contacter Rijksweg 539, 3630 Maasmechelen (Si\u00e8ge) 089\/76 05 36 contact@gervi.be Num\u00e9ro d&#8217;entreprise : BE 0450.868.371 Coordonn\u00e9es de la personne \u00e0 contacter Lundi 10 [&hellip;]<\/p>\n","protected":false},"author":334,"featured_media":0,"parent":0,"menu_order":0,"comment_status":"closed","ping_status":"closed","template":"","meta":{"_acf_changed":false,"_uag_custom_page_level_css":"","site-sidebar-layout":"no-sidebar","site-content-layout":"page-builder","ast-site-content-layout":"full-width-container","site-content-style":"unboxed","site-sidebar-style":"unboxed","ast-global-header-display":"","ast-banner-title-visibility":"","ast-main-header-display":"","ast-hfb-above-header-display":"","ast-hfb-below-header-display":"","ast-hfb-mobile-header-display":"","site-post-title":"disabled","ast-breadcrumbs-content":"","ast-featured-img":"disabled","footer-sml-layout":"","ast-disable-related-posts":"","theme-transparent-header-meta":"default","adv-header-id-meta":"","stick-header-meta":"","header-above-stick-meta":"","header-main-stick-meta":"","header-below-stick-meta":"","astra-migrate-meta-layouts":"default","ast-page-background-enabled":"default","ast-page-background-meta":{"desktop":{"background-color":"","background-image":"","background-repeat":"repeat","background-position":"center center","background-size":"auto","background-attachment":"scroll","background-type":"","background-media":"","overlay-type":"","overlay-color":"","overlay-opacity":"","overlay-gradient":""},"tablet":{"background-color":"","background-image":"","background-repeat":"repeat","background-position":"center center","background-size":"auto","background-attachment":"scroll","background-type":"","background-media":"","overlay-type":"","overlay-color":"","overlay-opacity":"","overlay-gradient":""},"mobile":{"background-color":"","background-image":"","background-repeat":"repeat","background-position":"center center","background-size":"auto","background-attachment":"scroll","background-type":"","background-media":"","overlay-type":"","overlay-color":"","overlay-opacity":"","overlay-gradient":""}},"ast-content-background-meta":{"desktop":{"background-color":"var(--ast-global-color-5)","background-image":"","background-repeat":"repeat","background-position":"center center","background-size":"auto","background-attachment":"scroll","background-type":"","background-media":"","overlay-type":"","overlay-color":"","overlay-opacity":"","overlay-gradient":""},"tablet":{"background-color":"var(--ast-global-color-5)","background-image":"","background-repeat":"repeat","background-position":"center center","background-size":"auto","background-attachment":"scroll","background-type":"","background-media":"","overlay-type":"","overlay-color":"","overlay-opacity":"","overlay-gradient":""},"mobile":{"background-color":"var(--ast-global-color-5)","background-image":"","background-repeat":"repeat","background-position":"center center","background-size":"auto","background-attachment":"scroll","background-type":"","background-media":"","overlay-type":"","overlay-color":"","overlay-opacity":"","overlay-gradient":""}},"footnotes":""},"class_list":["post-37221","page","type-page","status-publish","hentry"],"acf":[],"uagb_featured_image_src":{"full":false,"thumbnail":false,"medium":false,"medium_large":false,"large":false,"1536x1536":false,"2048x2048":false,"woocommerce_thumbnail":false,"woocommerce_single":false,"woocommerce_gallery_thumbnail":false,"dgwt-wcas-product-suggestion":false},"uagb_author_info":{"display_name":"Jelle Jakobus","author_link":"https:\/\/gervi.be\/fr\/author\/jelle\/"},"uagb_comment_info":0,"uagb_excerpt":"Demande de devis Int\u00e9ress\u00e9 par l&#8217;une de nos solutions Lifestyle ? Besoin de conseils ou de produits ? Demandez votre offre sur mesure sans engagement ! Home Coordonn\u00e9es de la personne \u00e0 contacter Rijksweg 539, 3630 Maasmechelen (Si\u00e8ge) 089\/76 05 36 contact@gervi.be Num\u00e9ro d&#8217;entreprise : BE 0450.868.371 Coordonn\u00e9es de la personne \u00e0 contacter Lundi 10\u2026","_links":{"self":[{"href":"https:\/\/gervi.be\/fr\/wp-json\/wp\/v2\/pages\/37221","targetHints":{"allow":["GET"]}}],"collection":[{"href":"https:\/\/gervi.be\/fr\/wp-json\/wp\/v2\/pages"}],"about":[{"href":"https:\/\/gervi.be\/fr\/wp-json\/wp\/v2\/types\/page"}],"author":[{"embeddable":true,"href":"https:\/\/gervi.be\/fr\/wp-json\/wp\/v2\/users\/334"}],"replies":[{"embeddable":true,"href":"https:\/\/gervi.be\/fr\/wp-json\/wp\/v2\/comments?post=37221"}],"version-history":[{"count":4,"href":"https:\/\/gervi.be\/fr\/wp-json\/wp\/v2\/pages\/37221\/revisions"}],"predecessor-version":[{"id":37229,"href":"https:\/\/gervi.be\/fr\/wp-json\/wp\/v2\/pages\/37221\/revisions\/37229"}],"wp:attachment":[{"href":"https:\/\/gervi.be\/fr\/wp-json\/wp\/v2\/media?parent=37221"}],"curies":[{"name":"wp","href":"https:\/\/api.w.org\/{rel}","templated":true}]}}