{"id":37091,"date":"2026-04-01T16:40:44","date_gmt":"2026-04-01T14:40:44","guid":{"rendered":"https:\/\/gervi.be\/1-2-3-mai-evenement-exclusif-pour-les-jardins-flexform-rencontre-gervi-outdoor\/"},"modified":"2026-04-02T13:08:21","modified_gmt":"2026-04-02T11:08:21","slug":"1-2-3-mai-evenement-exclusif-pour-les-jardins-flexform-rencontre-gervi-outdoor","status":"publish","type":"page","link":"https:\/\/gervi.be\/fr\/1-2-3-mai-evenement-exclusif-pour-les-jardins-flexform-rencontre-gervi-outdoor\/","title":{"rendered":"1-2-3 mai | Ev\u00e9nement exclusif pour les jardins : Flexform rencontre Gervi Outdoor"},"content":{"rendered":"\t\t<div data-elementor-type=\"wp-page\" data-elementor-id=\"37091\" class=\"elementor elementor-37091 elementor-37084\" wpc-filter-elementor-widget=\"1\" data-elementor-post-type=\"page\">\n\t\t\t\t<div class=\"elementor-element elementor-element-58cc10b e-flex e-con-boxed e-con e-parent\" data-id=\"58cc10b\" data-element_type=\"container\" data-e-type=\"container\">\n\t\t\t\t\t<div class=\"e-con-inner\">\n\t\t\t\t<div class=\"elementor-element elementor-element-51cd3eb elementor-widget elementor-widget-image\" data-id=\"51cd3eb\" data-element_type=\"widget\" data-e-type=\"widget\" data-widget_type=\"image.default\">\n\t\t\t\t\t\t\t\t\t\t\t\t\t\t\t<img fetchpriority=\"high\" decoding=\"async\" width=\"1024\" height=\"512\" src=\"https:\/\/gervi.be\/wp-content\/uploads\/2026\/04\/GerviXFlexform-1-1024x512.jpeg\" class=\"attachment-large size-large wp-image-37098\" alt=\"- -\" srcset=\"https:\/\/gervi.be\/wp-content\/uploads\/2026\/04\/GerviXFlexform-1-1024x512.jpeg 1024w, https:\/\/gervi.be\/wp-content\/uploads\/2026\/04\/GerviXFlexform-1-300x150.jpeg 300w, https:\/\/gervi.be\/wp-content\/uploads\/2026\/04\/GerviXFlexform-1-768x384.jpeg 768w, https:\/\/gervi.be\/wp-content\/uploads\/2026\/04\/GerviXFlexform-1-1536x768.jpeg 1536w, https:\/\/gervi.be\/wp-content\/uploads\/2026\/04\/GerviXFlexform-1.jpeg 1920w\" sizes=\"(max-width: 1024px) 100vw, 1024px\" title=\"\">\t\t\t\t\t\t\t\t\t\t\t\t\t\t\t<\/div>\n\t\t\t\t\t<\/div>\n\t\t\t\t<\/div>\n\t\t<div class=\"elementor-element elementor-element-6df2fbb6 e-flex e-con-boxed e-con e-parent\" data-id=\"6df2fbb6\" data-element_type=\"container\" data-e-type=\"container\">\n\t\t\t\t\t<div class=\"e-con-inner\">\n\t\t\t\t<div class=\"elementor-element elementor-element-45601a88 elementor-widget elementor-widget-text-editor\" data-id=\"45601a88\" data-element_type=\"widget\" data-e-type=\"widget\" data-widget_type=\"text-editor.default\">\n\t\t\t\t\t\t\t\t\t<h1><strong>Ev\u00e9nement exclusif pour le jardin : Flexform rencontre Gervi Outdoor<\/strong><\/h1>\r\n<div><\/div>\r\n<div class=\"ac-designer-copy\"><span class=\"ac-designer-marked-selection ac-designer-copy\">Du 1er au 3 mai <strong><span class=\"ac-designer-copy\">1er au 3 mai<\/span> <\/strong>nous vous invitons \u00e0 un \u00e9v\u00e9nement unique en plein air dans un cadre exceptionnel.<\/span><\/div>\r\n<div class=\"ac-designer-copy\"><span class=\"ac-designer-marked-selection ac-designer-copy\"> <\/span><\/div>\r\n<div class=\"ac-designer-copy\"><span class=\"ac-designer-marked-selection ac-designer-copy\">Dans le magnifique jardin de l&#8217;architecte paysagiste Ken Verelst \u00e0 Herselt, nous r\u00e9unissons le <span class=\"ac-designer-copy\">design, le confort et l&#8217;exp\u00e9rience<\/span>. Pour l&#8217;occasion, l&#8217;ensemble du jardin sera d\u00e9cor\u00e9 avec les collections d&#8217;ext\u00e9rieur embl\u00e9matiques de <span class=\"ac-designer-copy\">Flexform<\/span>, connues pour leur \u00e9l\u00e9gance intemporelle et leur finition raffin\u00e9e. <\/span><\/div>\r\n<div class=\"ac-designer-copy\"><span class=\"ac-designer-marked-selection ac-designer-copy\"> <\/span><\/div>\r\n<div class=\"ac-designer-copy\"><span class=\"ac-designer-marked-selection ac-designer-copy\">Vous d\u00e9couvrirez \u00e9galement les <span class=\"ac-designer-copy\">installations de bien-\u00eatre<\/span> de <span class=\"ac-designer-copy\"> <strong>Gervi<\/strong><\/span>, notamment le sauna, le spa et la douche ext\u00e9rieure, parfaitement int\u00e9gr\u00e9s dans un environnement de jardin contemporain.<\/span><\/div>\r\n<div><\/div>\r\n<div class=\"ac-designer-copy\"><span class=\"ac-designer-marked-selection ac-designer-copy\">Lors de votre visite, vous profiterez d&#8217;une collation et d&#8217;une boisson offertes par l&#8217;<span class=\"ac-designer-copy\">Atelier V.<\/span><\/span><\/div>\r\n<div class=\"ac-designer-copy\"><span class=\"ac-designer-marked-selection ac-designer-copy\"> <\/span><\/div>\r\n<div><\/div>\r\n<div><strong>Informations pratiques :<\/strong><\/div>\r\n<div><\/div>\r\n<div>\r\n<div class=\"ac-designer-copy\"><b class=\"ac-designer-marked-selection ac-designer-copy\">Lieu : Jardin Ken Verelst<\/b><\/div>\r\n<div class=\"ac-designer-copy\"><span class=\"ac-designer-marked-selection ac-designer-copy\">Limberg 110, 2230 Herselt<\/span><\/div>\r\n<div class=\"ac-designer-copy\"><span class=\"ac-designer-marked-selection ac-designer-copy\"> <\/span><\/div>\r\n<div class=\"ac-designer-copy\"><b class=\"ac-designer-marked-selection ac-designer-copy\">Heures d&#8217;ouverture<\/b><\/div>\r\n<div class=\"ac-designer-copy\"><span class=\"ac-designer-marked-selection ac-designer-copy\">Vendredi 1er mai &#8211; de 13h \u00e0 20h<\/span><\/div>\r\n<div class=\"ac-designer-copy\"><span class=\"ac-designer-marked-selection ac-designer-copy\">Samedi 2 mai &#8211; 10h \u00e0 18h<\/span><\/div>\r\n<div class=\"ac-designer-copy\"><span class=\"ac-designer-marked-selection ac-designer-copy\">Dimanche 3 mai &#8211; 13h \u00e0 18h<\/span><\/div>\r\n<div class=\"ac-designer-copy\"><span class=\"ac-designer-marked-selection ac-designer-copy\"> <\/span><\/div>\r\n<div class=\"ac-designer-copy\"><b class=\"ac-designer-marked-selection ac-designer-copy\">S&#8217;abonner<\/b><\/div>\r\n<p class=\"p2 ac-designer-copy\"><span class=\"ac-designer-marked-selection ac-designer-copy\">Afin de vous garantir la meilleure exp\u00e9rience possible, nous vous demandons de vous inscrire \u00e0 l&#8217;avance.<\/span><\/p>\r\n\r\n<\/div>\r\n<div class=\"frm_forms  with_frm_style frm_style_formidable-stijlen\" id=\"frm_form_66_container\" data-token=\"f61e8135974c6273b74e9713e760e846\">\n<form enctype=\"multipart\/form-data\" method=\"post\" class=\"frm-show-form  frm_pro_form \" id=\"form_gervi-outdoor-x-flexform\" data-token=\"f61e8135974c6273b74e9713e760e846\">\n<div class=\"frm_form_fields \">\n<fieldset>\n<legend class=\"frm_screen_reader\">Gervi Outdoor x Flexform<\/legend>\n\n<div class=\"frm_fields_container\">\n<input type=\"hidden\" name=\"frm_action\" value=\"create\" \/>\n<input type=\"hidden\" name=\"form_id\" value=\"66\" \/>\n<input type=\"hidden\" name=\"frm_hide_fields_66\" id=\"frm_hide_fields_66\" value=\"\" \/>\n<input type=\"hidden\" name=\"form_key\" value=\"gervi-outdoor-x-flexform\" \/>\n<input type=\"hidden\" name=\"item_meta[0]\" value=\"\" \/>\n<input type=\"hidden\" id=\"frm_submit_entry_66\" name=\"frm_submit_entry_66\" value=\"62c8f9ee78\" \/><input type=\"hidden\" name=\"_wp_http_referer\" value=\"\/fr\/wp-json\/wp\/v2\/pages\/37091\" \/><div id=\"frm_field_692_container\" class=\"frm_form_field form-field  frm_top_container\">\n\t<div  id=\"field_ti9bj_label\" class=\"frm_primary_label\">Naam\n\t\t<span class=\"frm_required\" aria-hidden=\"true\"><\/span>\n\t<\/div>\n\t<fieldset aria-labelledby=\"field_ti9bj_label\">\n\t<legend class=\"frm_screen_reader frm_hidden\">\n\t\tNaam\t<\/legend>\n\n\t<div  class=\"frm_combo_inputs_container\" id=\"frm_combo_inputs_container_692\" data-name-layout=\"first_last\">\n\t\t\t\t\t<div\n\t\t\t\tid=\"frm_field_692-first_container\"\n\t\t\t\tclass=\"frm_form_field form-field frm_form_subfield-first  frm6\"\n\t\t\t\tdata-sub-field-name=\"first\"\n\t\t\t>\n\t\t\t\t<label for=\"field_ti9bj_first\" class=\"frm_screen_reader frm_hidden\">\n\t\t\t\t\tVoornaam\t\t\t\t<\/label>\n\n\t\t\t\t<input  type=\"text\" id=\"field_ti9bj_first\" value=\"\" name=\"item_meta[692][first]\" autocomplete=\"given-name\" data-invmsg=\"Naam est non valide\" aria-invalid=\"false\"  \/><div class=\"frm_description\" id=\"frm_field_692_first_desc\">Voornaam<\/div>\t\t\t<\/div>\n\t\t\t\t\t\t<div\n\t\t\t\tid=\"frm_field_692-last_container\"\n\t\t\t\tclass=\"frm_form_field form-field frm_form_subfield-last  frm6\"\n\t\t\t\tdata-sub-field-name=\"last\"\n\t\t\t>\n\t\t\t\t<label for=\"field_ti9bj_last\" class=\"frm_screen_reader frm_hidden\">\n\t\t\t\t\tAchternaam\t\t\t\t<\/label>\n\n\t\t\t\t<input  type=\"text\" id=\"field_ti9bj_last\" value=\"\" name=\"item_meta[692][last]\" autocomplete=\"family-name\" data-invmsg=\"Naam est non valide\" aria-invalid=\"false\"  \/><div class=\"frm_description\" id=\"frm_field_692_last_desc\">Achternaam<\/div>\t\t\t<\/div>\n\t\t\t\t<\/div>\n<\/fieldset>\n\n\t\n\t\n<\/div>\n<div id=\"frm_field_696_container\" class=\"frm_form_field form-field  frm_top_container\">\n\t<label for=\"field_vnmaf\" id=\"field_vnmaf_label\" class=\"frm_primary_label\">Telefoon\n\t\t<span class=\"frm_required\" aria-hidden=\"true\"><\/span>\n\t<\/label>\n\t<input type=\"tel\" id=\"field_vnmaf\" name=\"item_meta[696]\" value=\"\"  data-invmsg=\"Telefoon is ongeldig\" aria-invalid=\"false\" pattern=\"((\\+\\d{1,3}(-|.| )?\\(?\\d\\)?(-| |.)?\\d{1,5})|(\\(?\\d{2,6}\\)?))(-|.| )?(\\d{3,4})(-|.| )?(\\d{4})(( x| ext)\\d{1,5}){0,1}$\"  \/>\n\t\n\t\n<\/div>\n<div id=\"frm_field_693_container\" class=\"frm_form_field form-field  frm_top_container\">\n\t<label for=\"field_lpxtl\" id=\"field_lpxtl_label\" class=\"frm_primary_label\">E-mail\n\t\t<span class=\"frm_required\" aria-hidden=\"true\"><\/span>\n\t<\/label>\n\t<input type=\"email\" id=\"field_lpxtl\" name=\"item_meta[693]\" value=\"\"  autocomplete=\"email\"  data-invmsg=\"E-mail is ongeldig\" aria-invalid=\"false\"  \/>\n\t\n\t\n<\/div>\n<div id=\"frm_field_697_container\" class=\"frm_form_field form-field  frm_top_container\">\n\t<label for=\"field_6z34g\" id=\"field_6z34g_label\" class=\"frm_primary_label\">Aantal personen\n\t\t<span class=\"frm_required\" aria-hidden=\"true\"><\/span>\n\t<\/label>\n\t<div class=\"frm_with_box\"><input  type=\"text\" id=\"field_6z34g\" name=\"item_meta[697]\" value=\"\"  data-invmsg=\"Aantal personen is ongeldig\" class=\"frm-has-number-format\" aria-invalid=\"false\"   \/><\/div>\n\t\n\t\n<\/div>\n<div id=\"frm_field_694_container\" class=\"frm_form_field form-field  frm_top_container vertical_radio\">\n\t<div  id=\"field_z6bcr_label\" class=\"frm_primary_label\">Wij willen graag een bezoekje brengen op:\n\t\t<span class=\"frm_required\" aria-hidden=\"true\"><\/span>\n\t<\/div>\n\t<div class=\"frm_opt_container\" aria-labelledby=\"field_z6bcr_label\" role=\"group\">\t\t<div class=\"frm_checkbox\" id=\"frm_checkbox_694-0\">\t\t\t<label  for=\"field_z6bcr-0\">\n\t\t\t<input type=\"checkbox\" name=\"item_meta[694][]\" id=\"field_z6bcr-0\" value=\"Optie 1\"  data-invmsg=\"Wij willen graag een bezoekje brengen op: is ongeldig\"   \/> Vrijdag 1 mei &#8211; 13u tot 20u<\/label><\/div>\n\t\t<div class=\"frm_checkbox\" id=\"frm_checkbox_694-1\">\t\t\t<label  for=\"field_z6bcr-1\">\n\t\t\t<input type=\"checkbox\" name=\"item_meta[694][]\" id=\"field_z6bcr-1\" value=\"Optie 2\"  data-invmsg=\"Wij willen graag een bezoekje brengen op: is ongeldig\"   \/> Zaterdag 2 mei &#8211; 10u tot 18u<\/label><\/div>\n\t\t<div class=\"frm_checkbox\" id=\"frm_checkbox_694-3\">\t\t\t<label  for=\"field_z6bcr-3\">\n\t\t\t<input type=\"checkbox\" name=\"item_meta[694][]\" id=\"field_z6bcr-3\" value=\"Nieuwe optie\"  data-invmsg=\"Wij willen graag een bezoekje brengen op: is ongeldig\"   \/> Zondag 3 mei &#8211; 13u tot 18u<\/label><\/div>\n<\/div>\n\t\n\t\n<\/div>\n<div id=\"frm_field_690_container\" class=\"frm_form_field form-field \">\n\t<div class=\"frm_submit frm_flex\">\n<button class=\"frm_button_submit frm_final_submit\" type=\"submit\"   formnovalidate=\"formnovalidate\">Verzenden<\/button>\n\n\n\n<\/div>\n<\/div>\n\t<input type=\"hidden\" name=\"item_key\" value=\"\" \/>\n\t\t\t<div id=\"frm_field_698_container\">\n\t\t\t<label for=\"field_81c4d\" >\n\t\t\t\tSi vous \u00eates un humain, ne remplissez pas ce champ.\t\t\t<\/label>\n\t\t\t<input  id=\"field_81c4d\" type=\"text\" class=\"frm_form_field form-field frm_verify\" name=\"item_meta[698]\" value=\"\"  \/>\n\t\t<\/div>\n\t\t<input name=\"frm_state\" type=\"hidden\" value=\"hkLJB86B3jik059klZuJR8liQh8BtxqyWZnXfKHMuiTFP4yhrcegYtdvPk3RhtkJ\" \/><\/div>\n<\/fieldset>\n<\/div>\n\n<\/form>\n<\/div>\n\t\t\t\t\t\t\t\t<\/div>\n\t\t\t\t\t<\/div>\n\t\t\t\t<\/div>\n\t\t\t\t<\/div>\n\t\t","protected":false},"excerpt":{"rendered":"<p>Ev\u00e9nement exclusif pour le jardin : Flexform rencontre Gervi Outdoor Du 1er au 3 mai 1er au 3 mai nous vous invitons \u00e0 un \u00e9v\u00e9nement unique en plein air dans un cadre exceptionnel. Dans le magnifique jardin de l&#8217;architecte paysagiste Ken Verelst \u00e0 Herselt, nous r\u00e9unissons le design, le confort et l&#8217;exp\u00e9rience. Pour l&#8217;occasion, l&#8217;ensemble [&hellip;]<\/p>\n","protected":false},"author":243,"featured_media":37086,"parent":0,"menu_order":0,"comment_status":"closed","ping_status":"closed","template":"","meta":{"_acf_changed":false,"_uag_custom_page_level_css":"","site-sidebar-layout":"default","site-content-layout":"","ast-site-content-layout":"default","site-content-style":"default","site-sidebar-style":"default","ast-global-header-display":"","ast-banner-title-visibility":"","ast-main-header-display":"","ast-hfb-above-header-display":"","ast-hfb-below-header-display":"","ast-hfb-mobile-header-display":"","site-post-title":"","ast-breadcrumbs-content":"","ast-featured-img":"","footer-sml-layout":"","ast-disable-related-posts":"","theme-transparent-header-meta":"default","adv-header-id-meta":"","stick-header-meta":"","header-above-stick-meta":"","header-main-stick-meta":"","header-below-stick-meta":"","astra-migrate-meta-layouts":"set","ast-page-background-enabled":"default","ast-page-background-meta":{"desktop":{"background-color":"","background-image":"","background-repeat":"repeat","background-position":"center center","background-size":"auto","background-attachment":"scroll","background-type":"","background-media":"","overlay-type":"","overlay-color":"","overlay-opacity":"","overlay-gradient":""},"tablet":{"background-color":"","background-image":"","background-repeat":"repeat","background-position":"center center","background-size":"auto","background-attachment":"scroll","background-type":"","background-media":"","overlay-type":"","overlay-color":"","overlay-opacity":"","overlay-gradient":""},"mobile":{"background-color":"","background-image":"","background-repeat":"repeat","background-position":"center center","background-size":"auto","background-attachment":"scroll","background-type":"","background-media":"","overlay-type":"","overlay-color":"","overlay-opacity":"","overlay-gradient":""}},"ast-content-background-meta":{"desktop":{"background-color":"var(--ast-global-color-5)","background-image":"","background-repeat":"repeat","background-position":"center center","background-size":"auto","background-attachment":"scroll","background-type":"","background-media":"","overlay-type":"","overlay-color":"","overlay-opacity":"","overlay-gradient":""},"tablet":{"background-color":"var(--ast-global-color-5)","background-image":"","background-repeat":"repeat","background-position":"center center","background-size":"auto","background-attachment":"scroll","background-type":"","background-media":"","overlay-type":"","overlay-color":"","overlay-opacity":"","overlay-gradient":""},"mobile":{"background-color":"var(--ast-global-color-5)","background-image":"","background-repeat":"repeat","background-position":"center center","background-size":"auto","background-attachment":"scroll","background-type":"","background-media":"","overlay-type":"","overlay-color":"","overlay-opacity":"","overlay-gradient":""}},"footnotes":""},"class_list":["post-37091","page","type-page","status-publish","has-post-thumbnail","hentry"],"acf":[],"uagb_featured_image_src":{"full":["https:\/\/gervi.be\/wp-content\/uploads\/2026\/04\/GerviXFlexform.jpeg",1920,960,false],"thumbnail":["https:\/\/gervi.be\/wp-content\/uploads\/2026\/04\/GerviXFlexform-150x150.jpeg",150,150,true],"medium":["https:\/\/gervi.be\/wp-content\/uploads\/2026\/04\/GerviXFlexform-300x150.jpeg",300,150,true],"medium_large":["https:\/\/gervi.be\/wp-content\/uploads\/2026\/04\/GerviXFlexform-768x384.jpeg",768,384,true],"large":["https:\/\/gervi.be\/wp-content\/uploads\/2026\/04\/GerviXFlexform-1024x512.jpeg",1024,512,true],"1536x1536":["https:\/\/gervi.be\/wp-content\/uploads\/2026\/04\/GerviXFlexform-1536x768.jpeg",1536,768,true],"2048x2048":["https:\/\/gervi.be\/wp-content\/uploads\/2026\/04\/GerviXFlexform.jpeg",1920,960,false],"woocommerce_thumbnail":["https:\/\/gervi.be\/wp-content\/uploads\/2026\/04\/GerviXFlexform.jpeg",1920,960,false],"woocommerce_single":["https:\/\/gervi.be\/wp-content\/uploads\/2026\/04\/GerviXFlexform.jpeg",1920,960,false],"woocommerce_gallery_thumbnail":["https:\/\/gervi.be\/wp-content\/uploads\/2026\/04\/GerviXFlexform-100x100.jpeg",100,100,true]},"uagb_author_info":{"display_name":"Valeria","author_link":"https:\/\/gervi.be\/fr\/author\/valeria\/"},"uagb_comment_info":0,"uagb_excerpt":"Ev\u00e9nement exclusif pour le jardin : Flexform rencontre Gervi Outdoor Du 1er au 3 mai 1er au 3 mai nous vous invitons \u00e0 un \u00e9v\u00e9nement unique en plein air dans un cadre exceptionnel. Dans le magnifique jardin de l&#8217;architecte paysagiste Ken Verelst \u00e0 Herselt, nous r\u00e9unissons le design, le confort et l&#8217;exp\u00e9rience. Pour l&#8217;occasion, l&#8217;ensemble\u2026","_links":{"self":[{"href":"https:\/\/gervi.be\/fr\/wp-json\/wp\/v2\/pages\/37091","targetHints":{"allow":["GET"]}}],"collection":[{"href":"https:\/\/gervi.be\/fr\/wp-json\/wp\/v2\/pages"}],"about":[{"href":"https:\/\/gervi.be\/fr\/wp-json\/wp\/v2\/types\/page"}],"author":[{"embeddable":true,"href":"https:\/\/gervi.be\/fr\/wp-json\/wp\/v2\/users\/243"}],"replies":[{"embeddable":true,"href":"https:\/\/gervi.be\/fr\/wp-json\/wp\/v2\/comments?post=37091"}],"version-history":[{"count":3,"href":"https:\/\/gervi.be\/fr\/wp-json\/wp\/v2\/pages\/37091\/revisions"}],"predecessor-version":[{"id":37102,"href":"https:\/\/gervi.be\/fr\/wp-json\/wp\/v2\/pages\/37091\/revisions\/37102"}],"wp:featuredmedia":[{"embeddable":true,"href":"https:\/\/gervi.be\/fr\/wp-json\/wp\/v2\/media\/37086"}],"wp:attachment":[{"href":"https:\/\/gervi.be\/fr\/wp-json\/wp\/v2\/media?parent=37091"}],"curies":[{"name":"wp","href":"https:\/\/api.w.org\/{rel}","templated":true}]}}