{"id":29214,"date":"2025-04-14T23:17:52","date_gmt":"2025-04-14T21:17:52","guid":{"rendered":"https:\/\/gervi.be\/garden-party-de-gervi-un-week-end-plein-de-soleil-dambiance-et-dinspiration-estivale\/"},"modified":"2026-05-06T16:35:43","modified_gmt":"2026-05-06T14:35:43","slug":"garden-party-de-gervi-un-week-end-plein-de-soleil-dambiance-et-dinspiration-estivale","status":"publish","type":"page","link":"https:\/\/gervi.be\/fr\/garden-party-de-gervi-un-week-end-plein-de-soleil-dambiance-et-dinspiration-estivale\/","title":{"rendered":"Garden Party de Gervi : un week-end plein de soleil, d&#8217;ambiance et d&#8217;inspiration estivale"},"content":{"rendered":"\t\t<div data-elementor-type=\"wp-page\" data-elementor-id=\"29214\" class=\"elementor elementor-29214 elementor-29212\" data-elementor-post-type=\"page\">\n\t\t\t\t<div class=\"elementor-element elementor-element-41363a2 e-ecs-flex e-flex e-con-boxed e-con e-parent\" data-id=\"41363a2\" data-element_type=\"container\" data-e-type=\"container\" data-settings=\"{&quot;ecs_container_type&quot;:&quot;flex&quot;}\">\n\t\t\t\t\t<div class=\"e-con-inner\">\n\t\t<div class=\"elementor-element elementor-element-64812ad e-ecs-grid e-grid e-con-full e-con e-child\" data-id=\"64812ad\" data-element_type=\"container\" data-e-type=\"container\" data-settings=\"{&quot;background_background&quot;:&quot;classic&quot;,&quot;ecs_container_type&quot;:&quot;grid&quot;}\">\n\t\t\t\t<\/div>\n\t\t\t\t<div class=\"elementor-element elementor-element-73c3301 elementor-widget elementor-widget-heading\" data-id=\"73c3301\" data-element_type=\"widget\" data-e-type=\"widget\" data-widget_type=\"heading.default\">\n\t\t\t\t\t<h1 class=\"elementor-heading-title elementor-size-default\">La f\u00eate du jardin de Gervi<\/h1>\t\t\t\t<\/div>\n\t\t\t\t<div class=\"elementor-element elementor-element-fb692e3 elementor-widget elementor-widget-heading\" data-id=\"fb692e3\" data-element_type=\"widget\" data-e-type=\"widget\" data-widget_type=\"heading.default\">\n\t\t\t\t\t<h2 class=\"elementor-heading-title elementor-size-default\">Un week-end plein de soleil, d'ambiance et d'inspiration estivale<\/h2>\t\t\t\t<\/div>\n\t\t\t\t\t<\/div>\n\t\t\t\t<\/div>\n\t\t<div class=\"elementor-element elementor-element-b848793 e-ecs-flex e-flex e-con-boxed e-con e-parent\" data-id=\"b848793\" data-element_type=\"container\" data-e-type=\"container\" data-settings=\"{&quot;ecs_container_type&quot;:&quot;flex&quot;}\">\n\t\t\t\t\t<div class=\"e-con-inner\">\n\t\t\t\t<div class=\"elementor-element elementor-element-4550d46 elementor-widget elementor-widget-text-editor\" data-id=\"4550d46\" data-element_type=\"widget\" data-e-type=\"widget\" data-widget_type=\"text-editor.default\">\n\t\t\t\t\t\t\t\t\t<p>Le printemps est dans l&#8217;air. Les premiers rayons de soleil nous invitent \u00e0 sortir et, soudain, nous r\u00eavons \u00e0 nouveau de longues soir\u00e9es dans le jardin, de repas entre amis, avec le bruit de l&#8217;eau qui gargouille en arri\u00e8re-plan et l&#8217;odeur d&#8217;un barbecue fra\u00eechement pr\u00e9par\u00e9. <\/p><p>Cela sonne comme de la musique \u00e0 vos oreilles ? Dans ce cas, vous ne voudrez pas manquer ceci. <\/p><h2>Bienvenue \u00e0 la Garden Party de Gervi !<\/h2><p>Le samedi 16 mai de 10 \u00e0 18 heures et le dimanche 17 mai de 13 \u00e0 18 heures, nous ouvrirons les portes de tous nos showrooms et magasins d&#8217;ext\u00e9rieur pour un week-end portes ouvertes unique. Il ne s&#8217;agit pas d&#8217;une porte ouverte ordinaire, mais d&#8217;une garden party inspirante o\u00f9 vous trouverez de nombreuses id\u00e9es pour l&#8217;am\u00e9nagement ext\u00e9rieur de l&#8217;\u00e9t\u00e9. <\/p><h3>Localisation des sites<\/h3><ul><li>Gervi Maasmechelen<\/li><li>Hasselt<\/li><li>Wilsele<\/li><li>Laethem-Saint-Martin<\/li><li>Wijnegem<\/li><li>Gistel<\/li><li>+ Gervi Outdoor Maasmechelen &amp;Hasselt<\/li><\/ul><h2>\u00c0 quoi pouvez-vous vous attendre ?<\/h2><p>Nous plongerons nos magasins dans l&#8217;atmosph\u00e8re d&#8217;une v\u00e9ritable garden-party &#8211; et vous serez notre invit\u00e9 d&#8217;honneur.<\/p><ul><li>Am\u00e9nagements d&#8217;\u00e9t\u00e9 : des salons et parasols aux cuisines d&#8217;ext\u00e9rieur, en passant par le bien-\u00eatre et l&#8217;\u00e9clairage.<\/li><li>En-cas et boissons \u00e0 d\u00e9guster avec style pendant votre visite<\/li><li>Une musique d&#8217;ambiance et des d\u00e9cors qui vous emm\u00e8nent tout droit vers l&#8217;\u00e9t\u00e9<\/li><li>D\u00e9monstrations et coins d&#8217;inspiration avec nos experts<\/li><li>Promotions exclusives pendant le week-end<\/li><li>Le bien-\u00eatre dans votre jardin : d\u00e9couvrez les spas de nage, les douches ext\u00e9rieures, les saunas, etc.<\/li><li><p>Manifestation de l&#8217;OFYR le samedi 16\/05 de 13h \u00e0 17h et le dimanche 17\/05 de 13h \u00e0 17h \u00e0 Gervi Outdoor.<\/p><\/li><\/ul><h2>\u00c0 qui s&#8217;adresse cette garden-party ?<\/h2><p>Pour tous ceux qui veulent faire de leur jardin un endroit o\u00f9 l&#8217;on a vraiment envie d&#8217;\u00eatre.<br>Pour les amateurs de design, de bien-\u00eatre, de cuisine en plein air et de vie atmosph\u00e9rique.<br>Pour les r\u00eaveurs et les r\u00e9alisateurs.<\/p><h2>Inscrivez-le d\u00e9j\u00e0 dans votre agenda !<\/h2><p><strong>Gervi&#8217;s Garden Party &#8211; 16 &amp; 17 mai 2026<\/strong><br>L&#8217;entr\u00e9e est gratuite. Il n&#8217;est pas n\u00e9cessaire de r\u00e9server.<br>Venez quand vous le souhaitez et laissez-vous surprendre. <\/p><h4><strong>D&#8217;ici l\u00e0 ? L&#8217;\u00e9t\u00e9 commence \u00e0 Gervi. <\/strong><\/h4><h4>Vous avez des questions ?<br>Ou vous souhaitez savoir quel est le showroom le plus proche de chez vous ?<br>Consultez tous nos <a href=\"https:\/\/gervi.be\/fr\/salles-dexposition\/\">sites<\/a> ici<br><a href=\"https:\/\/gervi.be\/fr\/contact\/\">Contactez-nous<\/a><\/h4>\t\t\t\t\t\t\t\t<\/div>\n\t\t\t\t\t<\/div>\n\t\t\t\t<\/div>\n\t\t\t\t<\/div>\n\t\t","protected":false},"excerpt":{"rendered":"<p>La f\u00eate du jardin de Gervi Un week-end plein de soleil, d&#8217;ambiance et d&#8217;inspiration estivale Le printemps est dans l&#8217;air. Les premiers rayons de soleil nous invitent \u00e0 sortir et, soudain, nous r\u00eavons \u00e0 nouveau de longues soir\u00e9es dans le jardin, de repas entre amis, avec le bruit de l&#8217;eau qui gargouille en arri\u00e8re-plan et [&hellip;]<\/p>\n","protected":false},"author":159,"featured_media":0,"parent":0,"menu_order":0,"comment_status":"closed","ping_status":"closed","template":"","meta":{"_acf_changed":false,"_uag_custom_page_level_css":"","site-sidebar-layout":"no-sidebar","site-content-layout":"page-builder","ast-site-content-layout":"full-width-container","site-content-style":"default","site-sidebar-style":"default","ast-global-header-display":"","ast-banner-title-visibility":"","ast-main-header-display":"","ast-hfb-above-header-display":"","ast-hfb-below-header-display":"","ast-hfb-mobile-header-display":"","site-post-title":"disabled","ast-breadcrumbs-content":"","ast-featured-img":"disabled","footer-sml-layout":"","ast-disable-related-posts":"","theme-transparent-header-meta":"default","adv-header-id-meta":"","stick-header-meta":"","header-above-stick-meta":"","header-main-stick-meta":"","header-below-stick-meta":"","astra-migrate-meta-layouts":"set","ast-page-background-enabled":"default","ast-page-background-meta":{"desktop":{"background-color":"","background-image":"","background-repeat":"repeat","background-position":"center center","background-size":"auto","background-attachment":"scroll","background-type":"","background-media":"","overlay-type":"","overlay-color":"","overlay-opacity":"","overlay-gradient":""},"tablet":{"background-color":"","background-image":"","background-repeat":"repeat","background-position":"center center","background-size":"auto","background-attachment":"scroll","background-type":"","background-media":"","overlay-type":"","overlay-color":"","overlay-opacity":"","overlay-gradient":""},"mobile":{"background-color":"","background-image":"","background-repeat":"repeat","background-position":"center center","background-size":"auto","background-attachment":"scroll","background-type":"","background-media":"","overlay-type":"","overlay-color":"","overlay-opacity":"","overlay-gradient":""}},"ast-content-background-meta":{"desktop":{"background-color":"var(--ast-global-color-5)","background-image":"","background-repeat":"repeat","background-position":"center center","background-size":"auto","background-attachment":"scroll","background-type":"","background-media":"","overlay-type":"","overlay-color":"","overlay-opacity":"","overlay-gradient":""},"tablet":{"background-color":"var(--ast-global-color-5)","background-image":"","background-repeat":"repeat","background-position":"center center","background-size":"auto","background-attachment":"scroll","background-type":"","background-media":"","overlay-type":"","overlay-color":"","overlay-opacity":"","overlay-gradient":""},"mobile":{"background-color":"var(--ast-global-color-5)","background-image":"","background-repeat":"repeat","background-position":"center center","background-size":"auto","background-attachment":"scroll","background-type":"","background-media":"","overlay-type":"","overlay-color":"","overlay-opacity":"","overlay-gradient":""}},"footnotes":""},"class_list":["post-29214","page","type-page","status-publish","hentry"],"acf":[],"uagb_featured_image_src":{"full":false,"thumbnail":false,"medium":false,"medium_large":false,"large":false,"1536x1536":false,"2048x2048":false,"woocommerce_thumbnail":false,"woocommerce_single":false,"woocommerce_gallery_thumbnail":false,"dgwt-wcas-product-suggestion":false},"uagb_author_info":{"display_name":"creativitijd","author_link":"https:\/\/gervi.be\/fr\/author\/creativitijd\/"},"uagb_comment_info":0,"uagb_excerpt":"La f\u00eate du jardin de Gervi Un week-end plein de soleil, d&#8217;ambiance et d&#8217;inspiration estivale Le printemps est dans l&#8217;air. Les premiers rayons de soleil nous invitent \u00e0 sortir et, soudain, nous r\u00eavons \u00e0 nouveau de longues soir\u00e9es dans le jardin, de repas entre amis, avec le bruit de l&#8217;eau qui gargouille en arri\u00e8re-plan et\u2026","_links":{"self":[{"href":"https:\/\/gervi.be\/fr\/wp-json\/wp\/v2\/pages\/29214","targetHints":{"allow":["GET"]}}],"collection":[{"href":"https:\/\/gervi.be\/fr\/wp-json\/wp\/v2\/pages"}],"about":[{"href":"https:\/\/gervi.be\/fr\/wp-json\/wp\/v2\/types\/page"}],"author":[{"embeddable":true,"href":"https:\/\/gervi.be\/fr\/wp-json\/wp\/v2\/users\/159"}],"replies":[{"embeddable":true,"href":"https:\/\/gervi.be\/fr\/wp-json\/wp\/v2\/comments?post=29214"}],"version-history":[{"count":21,"href":"https:\/\/gervi.be\/fr\/wp-json\/wp\/v2\/pages\/29214\/revisions"}],"predecessor-version":[{"id":37571,"href":"https:\/\/gervi.be\/fr\/wp-json\/wp\/v2\/pages\/29214\/revisions\/37571"}],"wp:attachment":[{"href":"https:\/\/gervi.be\/fr\/wp-json\/wp\/v2\/media?parent=29214"}],"curies":[{"name":"wp","href":"https:\/\/api.w.org\/{rel}","templated":true}]}}