{"id":22500,"date":"2024-05-13T12:29:22","date_gmt":"2024-05-13T12:29:22","guid":{"rendered":"https:\/\/gervi.be\/modeles-de-spa-de-nage-riptide\/spa-de-nage-duoblock-riptide\/"},"modified":"2024-05-14T14:26:50","modified_gmt":"2024-05-14T14:26:50","slug":"spa-de-nage-duoblock-riptide","status":"publish","type":"page","link":"https:\/\/gervi.be\/fr\/modeles-de-spa-de-nage-riptide\/spa-de-nage-duoblock-riptide\/","title":{"rendered":"Spa de nage Duoblock Riptide"},"content":{"rendered":"\t\t<div data-elementor-type=\"wp-page\" data-elementor-id=\"22500\" class=\"elementor elementor-22500 elementor-22489\" data-elementor-post-type=\"page\">\n\t\t\t\t\t\t<section class=\"elementor-section elementor-top-section elementor-element elementor-element-bd83880 elementor-section-boxed elementor-section-height-default elementor-section-height-default\" data-id=\"bd83880\" data-element_type=\"section\" data-e-type=\"section\" data-settings=\"{&quot;background_background&quot;:&quot;classic&quot;}\">\n\t\t\t\t\t\t\t<div class=\"elementor-background-overlay\"><\/div>\n\t\t\t\t\t\t\t<div class=\"elementor-container elementor-column-gap-default\">\n\t\t\t\t\t<div class=\"elementor-column elementor-col-100 elementor-top-column elementor-element elementor-element-85d50b3\" data-id=\"85d50b3\" data-element_type=\"column\" data-e-type=\"column\">\n\t\t\t<div class=\"elementor-widget-wrap elementor-element-populated\">\n\t\t\t\t\t\t<div class=\"elementor-element elementor-element-09571ae elementor-widget elementor-widget-breadcrumbs\" data-id=\"09571ae\" data-element_type=\"widget\" data-e-type=\"widget\" data-widget_type=\"breadcrumbs.default\">\n\t\t\t\t<div class=\"elementor-widget-container\">\n\t\t\t\t\t<nav aria-label=\"breadcrumbs\" class=\"rank-math-breadcrumb\"><p><span class=\"last\">Home<\/span><\/p><\/nav>\t\t\t\t<\/div>\n\t\t\t\t<\/div>\n\t\t\t\t\t<\/div>\n\t\t<\/div>\n\t\t\t\t\t<\/div>\n\t\t<\/section>\n\t\t\t\t<section class=\"elementor-section elementor-top-section elementor-element elementor-element-553220c elementor-section-boxed elementor-section-height-default elementor-section-height-default\" data-id=\"553220c\" data-element_type=\"section\" data-e-type=\"section\" data-settings=\"{&quot;background_background&quot;:&quot;classic&quot;}\">\n\t\t\t\t\t\t<div class=\"elementor-container elementor-column-gap-default\">\n\t\t\t\t\t<div class=\"elementor-column elementor-col-100 elementor-top-column elementor-element elementor-element-f89abdd\" data-id=\"f89abdd\" data-element_type=\"column\" data-e-type=\"column\">\n\t\t\t<div class=\"elementor-widget-wrap elementor-element-populated\">\n\t\t\t\t\t\t<section class=\"elementor-section elementor-inner-section elementor-element elementor-element-baf1a79 elementor-section-boxed elementor-section-height-default elementor-section-height-default\" data-id=\"baf1a79\" data-element_type=\"section\" data-e-type=\"section\">\n\t\t\t\t\t\t<div class=\"elementor-container elementor-column-gap-wide\">\n\t\t\t\t\t<div class=\"elementor-column elementor-col-50 elementor-inner-column elementor-element elementor-element-7557595\" data-id=\"7557595\" data-element_type=\"column\" data-e-type=\"column\">\n\t\t\t<div class=\"elementor-widget-wrap elementor-element-populated\">\n\t\t\t\t\t\t<div class=\"elementor-element elementor-element-34d25f0 elementor-widget__width-initial elementor-widget elementor-widget-image\" data-id=\"34d25f0\" data-element_type=\"widget\" data-e-type=\"widget\" data-widget_type=\"image.default\">\n\t\t\t\t\t\t\t\t\t\t\t\t\t\t\t\t<a href=\"https:\/\/gervi.be\/fr\/modeles-de-spa-de-nage-riptide\/\">\n\t\t\t\t\t\t\t<img fetchpriority=\"high\" decoding=\"async\" width=\"1597\" height=\"490\" src=\"https:\/\/gervi.be\/wp-content\/uploads\/2023\/08\/Riptide-logo.png\" class=\"attachment-full size-full wp-image-20327\" alt=\"Riptide logo\" srcset=\"https:\/\/gervi.be\/wp-content\/uploads\/2023\/08\/Riptide-logo.png 1597w, https:\/\/gervi.be\/wp-content\/uploads\/2023\/08\/Riptide-logo-300x92.png 300w, https:\/\/gervi.be\/wp-content\/uploads\/2023\/08\/Riptide-logo-1024x314.png 1024w, https:\/\/gervi.be\/wp-content\/uploads\/2023\/08\/Riptide-logo-768x236.png 768w, https:\/\/gervi.be\/wp-content\/uploads\/2023\/08\/Riptide-logo-1536x471.png 1536w\" sizes=\"(max-width: 1597px) 100vw, 1597px\" title=\"\">\t\t\t\t\t\t\t\t<\/a>\n\t\t\t\t\t\t\t\t\t\t\t\t\t\t\t<\/div>\n\t\t\t\t\t<\/div>\n\t\t<\/div>\n\t\t\t\t<div class=\"elementor-column elementor-col-50 elementor-inner-column elementor-element elementor-element-b38f276\" data-id=\"b38f276\" data-element_type=\"column\" data-e-type=\"column\">\n\t\t\t<div class=\"elementor-widget-wrap elementor-element-populated\">\n\t\t\t\t\t\t<div class=\"elementor-element elementor-element-c072845 elementor-widget elementor-widget-text-editor\" data-id=\"c072845\" data-element_type=\"widget\" data-e-type=\"widget\" data-widget_type=\"text-editor.default\">\n\t\t\t\t\t\t\t\t\t<p>Les spas de nage Duoblock de Riptide se distinguent par leur fonction<strong> double zone<\/strong>, o\u00f9 la zone de nage et la zone de spa ont chacune des <strong>commandes de temp\u00e9rature s\u00e9par\u00e9es<\/strong>, garantissant une exp\u00e9rience optimale \u00e0 la fois de nage active et d&#8217;hydroth\u00e9rapie relaxante. Que vous soyez nageur amateur, athl\u00e8te ou bon vivant, les r\u00e9glages personnalisables du syst\u00e8me TurboJet vous offrent d&#8217;excellentes possibilit\u00e9s d&#8217;entra\u00eenement dans une eau plus fra\u00eeche, tandis que l&#8217;espace spa vous invite \u00e0 vous d\u00e9tendre et \u00e0 profiter des bienfaits d&#8217;une eau d\u00e9licieusement chaude. Par rapport \u00e0 leurs concurrents, les spas Riptide disposent d&#8217;<span dir=\"ltr\" role=\"presentation\">un <strong>espace de baignade<\/strong> remarquablement <strong>spacieux<\/strong><\/span>.<\/p>\n<p>Qu&#8217;est-ce qui rend les spas de nage Duoblock de Riptide si particuliers ? Ils sont dot\u00e9s d&#8217;un <strong>syst\u00e8me de r\u00e9sistance<\/strong> innovant et <strong>brevet\u00e9, le TurboJet<\/strong>. Ce syst\u00e8me offre un flux de natation fluide et puissant, enti\u00e8rement personnalisable pour la natation, la remise en forme et l&#8217;amusement de la famille active. Ces spas de nage combinent une technologie d&#8217;\u00e9coulement avanc\u00e9e avec des <strong>si\u00e8ges de massage hydroth\u00e9rapeutiques luxueux<\/strong>, un meuble au design \u00e9l\u00e9gant et de nombreux autres extras. Toute la famille appr\u00e9ciera la convivialit\u00e9 et la libert\u00e9 de rester active et d\u00e9tendue ensemble et de vivre des moments pr\u00e9cieux.<\/p>\n<p><a class=\"btn_meer_info elementor-button elementor-button-link elementor-size-sm\" href=\"#info_opvragen\">\r\n\t\t\t\t\t\t<span class=\"elementor-button-content-wrapper\">\r\n\t\t\t\t\t\t<span class=\"elementor-button-icon elementor-align-icon-right\">\r\n\t\t\t\t<i aria-hidden=\"true\" class=\"fas fa-info-circle\"><\/i>\t\t\t<\/span>\r\n\t\t\t\t\t\t<span class=\"elementor-button-text\">Plus d&#8217;information<\/span>\r\n\t\t<\/span>\r\n\t\t\t\t\t<\/a><\/p>\n\t\t\t\t\t\t\t\t<\/div>\n\t\t\t\t\t<\/div>\n\t\t<\/div>\n\t\t\t\t\t<\/div>\n\t\t<\/section>\n\t\t\t\t\t<\/div>\n\t\t<\/div>\n\t\t\t\t\t<\/div>\n\t\t<\/section>\n\t\t\t\t<section class=\"elementor-section elementor-top-section elementor-element elementor-element-62fdcc9 elementor-section-boxed elementor-section-height-default elementor-section-height-default\" data-id=\"62fdcc9\" data-element_type=\"section\" data-e-type=\"section\" data-settings=\"{&quot;background_background&quot;:&quot;classic&quot;}\">\n\t\t\t\t\t\t<div class=\"elementor-container elementor-column-gap-default\">\n\t\t\t\t\t<div class=\"elementor-column elementor-col-100 elementor-top-column elementor-element elementor-element-4c2339f\" data-id=\"4c2339f\" data-element_type=\"column\" data-e-type=\"column\">\n\t\t\t<div class=\"elementor-widget-wrap elementor-element-populated\">\n\t\t\t\t\t\t<div class=\"elementor-element elementor-element-9cc5915 elementor-widget elementor-widget-heading\" data-id=\"9cc5915\" data-element_type=\"widget\" data-e-type=\"widget\" data-widget_type=\"heading.default\">\n\t\t\t\t\t<h2 class=\"elementor-heading-title elementor-size-default\">Mod\u00e8les<\/h2>\t\t\t\t<\/div>\n\t\t\t\t<div class=\"elementor-element elementor-element-4041e9b elementor-grid-4 elementor-grid-tablet-3 elementor-grid-mobile-2 elementor-products-grid elementor-wc-products elementor-widget elementor-widget-woocommerce-products\" data-id=\"4041e9b\" data-element_type=\"widget\" data-e-type=\"widget\" data-widget_type=\"woocommerce-products.default\">\n\t\t\t\t<div class=\"elementor-widget-container\">\n\t\t\t\t\t<div class=\"woocommerce columns-4 \"><span class=\"wpfHidden\" data-shortcode-attribute=\"{&quot;limit&quot;:&quot;-1&quot;,&quot;columns&quot;:4,&quot;rows&quot;:4,&quot;orderby&quot;:&quot;&quot;,&quot;order&quot;:&quot;&quot;,&quot;ids&quot;:&quot;&quot;,&quot;skus&quot;:&quot;&quot;,&quot;category&quot;:&quot;&quot;,&quot;cat_operator&quot;:&quot;IN&quot;,&quot;attribute&quot;:&quot;&quot;,&quot;terms&quot;:&quot;&quot;,&quot;terms_operator&quot;:&quot;IN&quot;,&quot;tag&quot;:&quot;&quot;,&quot;tag_operator&quot;:&quot;IN&quot;,&quot;visibility&quot;:&quot;visible&quot;,&quot;class&quot;:&quot;&quot;,&quot;page&quot;:1,&quot;paginate&quot;:&quot;&quot;,&quot;cache&quot;:false}\"><\/span><ul class=\"products elementor-grid columns-4\">\n<li class=\"desktop-align-left tablet-align-left mobile-align-left product type-product post-20393 status-publish first instock product_cat-riptide-fr product_cat-riptide-2-volumes product_cat-spa-de-nage product_tag-aqua-life-7-0-duo-xd-fr product_tag-gervi-fr product_tag-riptide-fr product_tag-riptideswim-fr product_tag-spa-de-natation product_tag-swimspa-fr has-post-thumbnail product-type-simple\">\n\t<a href=\"https:\/\/gervi.be\/fr\/produit\/aqua-life-7-0-duo-xd\/\" class=\"woocommerce-LoopProduct-link woocommerce-loop-product__link\"><img decoding=\"async\" width=\"1920\" height=\"1500\" src=\"https:\/\/gervi.be\/wp-content\/uploads\/2024\/03\/Aqua-Life-Duo-7.0-XD-Riptide-Zwemspa-1920x1500.jpg\" class=\"attachment-woocommerce_thumbnail size-woocommerce_thumbnail\" alt=\"Aqua Life Duo 7.0 XD - Riptide Spa de nage\" title=\"\"><h2 class=\"woocommerce-loop-product__title\">Aqua Life 7.0 Duo XD<\/h2>\n<\/a><a href=\"https:\/\/gervi.be\/fr\/produit\/aqua-life-7-0-duo-xd\/\" aria-describedby=\"woocommerce_loop_add_to_cart_link_describedby_20393\" data-quantity=\"1\" class=\"button product_type_simple\" data-product_id=\"20393\" data-product_sku=\"9a1ec11917bf-2-1\" aria-label=\"En savoir plus sur &ldquo;Aqua Life 7.0 Duo XD&rdquo;\" rel=\"nofollow\" data-success_message=\"\">Lire la suite<\/a>\t<span id=\"woocommerce_loop_add_to_cart_link_describedby_20393\" class=\"screen-reader-text\">\n\t\t\t<\/span>\n<span class=\"gtm4wp_productdata\" style=\"display:none; visibility:hidden;\" data-gtm4wp_product_data=\"{&quot;internal_id&quot;:20393,&quot;item_id&quot;:20393,&quot;item_name&quot;:&quot;Aqua Life 7.0 Duo XD&quot;,&quot;sku&quot;:&quot;9a1ec11917bf-2-1&quot;,&quot;price&quot;:0,&quot;stocklevel&quot;:null,&quot;stockstatus&quot;:&quot;instock&quot;,&quot;google_business_vertical&quot;:&quot;retail&quot;,&quot;item_category&quot;:&quot;Riptide (2 volumes)&quot;,&quot;id&quot;:20393,&quot;productlink&quot;:&quot;https:\\\/\\\/gervi.be\\\/fr\\\/produit\\\/aqua-life-7-0-duo-xd\\\/&quot;,&quot;item_list_name&quot;:&quot;Liste g\\u00e9n\\u00e9rale des produits&quot;,&quot;index&quot;:1,&quot;product_type&quot;:&quot;simple&quot;,&quot;item_brand&quot;:&quot;&quot;}\"><\/span><\/li>\n<li class=\"desktop-align-left tablet-align-left mobile-align-left product type-product post-20390 status-publish instock product_cat-riptide-fr product_cat-riptide-2-volumes product_cat-spa-de-nage product_tag-aqua-life-8-0-duo-xd-fr product_tag-gervi-fr product_tag-riptide-fr product_tag-riptideswim-fr product_tag-spa-de-natation product_tag-swimspa-fr has-post-thumbnail product-type-simple\">\n\t<a href=\"https:\/\/gervi.be\/fr\/produit\/aqua-life-8-0-duo-xd\/\" class=\"woocommerce-LoopProduct-link woocommerce-loop-product__link\"><img decoding=\"async\" width=\"1920\" height=\"1500\" src=\"https:\/\/gervi.be\/wp-content\/uploads\/2024\/03\/Aqua-Life-Duo-8.0-XD-Riptide-Zwemspa-1920x1500.jpg\" class=\"attachment-woocommerce_thumbnail size-woocommerce_thumbnail\" alt=\"Aqua Life Duo 8.0 XD - Riptide Spa de nage\" title=\"\"><h2 class=\"woocommerce-loop-product__title\">Aqua Life 8.0 Duo XD<\/h2>\n<\/a><a href=\"https:\/\/gervi.be\/fr\/produit\/aqua-life-8-0-duo-xd\/\" aria-describedby=\"woocommerce_loop_add_to_cart_link_describedby_20390\" data-quantity=\"1\" class=\"button product_type_simple\" data-product_id=\"20390\" data-product_sku=\"9a1ec11917bf-2\" aria-label=\"En savoir plus sur &ldquo;Aqua Life 8.0 Duo XD&rdquo;\" rel=\"nofollow\" data-success_message=\"\">Lire la suite<\/a>\t<span id=\"woocommerce_loop_add_to_cart_link_describedby_20390\" class=\"screen-reader-text\">\n\t\t\t<\/span>\n<span class=\"gtm4wp_productdata\" style=\"display:none; visibility:hidden;\" data-gtm4wp_product_data=\"{&quot;internal_id&quot;:20390,&quot;item_id&quot;:20390,&quot;item_name&quot;:&quot;Aqua Life 8.0 Duo XD&quot;,&quot;sku&quot;:&quot;9a1ec11917bf-2&quot;,&quot;price&quot;:0,&quot;stocklevel&quot;:null,&quot;stockstatus&quot;:&quot;instock&quot;,&quot;google_business_vertical&quot;:&quot;retail&quot;,&quot;item_category&quot;:&quot;Riptide (2 volumes)&quot;,&quot;id&quot;:20390,&quot;productlink&quot;:&quot;https:\\\/\\\/gervi.be\\\/fr\\\/produit\\\/aqua-life-8-0-duo-xd\\\/&quot;,&quot;item_list_name&quot;:&quot;Liste g\\u00e9n\\u00e9rale des produits&quot;,&quot;index&quot;:2,&quot;product_type&quot;:&quot;simple&quot;,&quot;item_brand&quot;:&quot;&quot;}\"><\/span><\/li>\n<li class=\"desktop-align-left tablet-align-left mobile-align-left product type-product post-13341 status-publish instock product_cat-riptide-fr product_cat-riptide-2-volumes product_cat-spa-de-nage product_tag-aqua-life-5-9-duo-xd-fr product_tag-gervi-fr product_tag-riptide-fr product_tag-riptideswim-fr product_tag-spa-de-natation product_tag-swimspa-fr has-post-thumbnail product-type-simple\">\n\t<a href=\"https:\/\/gervi.be\/fr\/produit\/aqua-life-5-9-duo-xd\/\" class=\"woocommerce-LoopProduct-link woocommerce-loop-product__link\"><img loading=\"lazy\" decoding=\"async\" width=\"1920\" height=\"1500\" src=\"https:\/\/gervi.be\/wp-content\/uploads\/2024\/03\/Aqua-Life-Duo-5.9-XD-Riptide-Zwemspa-1920x1500.jpg\" class=\"attachment-woocommerce_thumbnail size-woocommerce_thumbnail\" alt=\"Aqua Life Duo 5.9 XD - Riptide Spa de nage\" title=\"\"><h2 class=\"woocommerce-loop-product__title\">Aqua Life 5.9 Duo XD<\/h2>\n<\/a><a href=\"https:\/\/gervi.be\/fr\/produit\/aqua-life-5-9-duo-xd\/\" aria-describedby=\"woocommerce_loop_add_to_cart_link_describedby_13341\" data-quantity=\"1\" class=\"button product_type_simple\" data-product_id=\"13341\" data-product_sku=\"94b107d43db4\" aria-label=\"En savoir plus sur &ldquo;Aqua Life 5.9 Duo XD&rdquo;\" rel=\"nofollow\" data-success_message=\"\">Lire la suite<\/a>\t<span id=\"woocommerce_loop_add_to_cart_link_describedby_13341\" class=\"screen-reader-text\">\n\t\t\t<\/span>\n<span class=\"gtm4wp_productdata\" style=\"display:none; visibility:hidden;\" data-gtm4wp_product_data=\"{&quot;internal_id&quot;:13341,&quot;item_id&quot;:13341,&quot;item_name&quot;:&quot;Aqua Life 5.9 Duo XD&quot;,&quot;sku&quot;:&quot;94b107d43db4&quot;,&quot;price&quot;:0,&quot;stocklevel&quot;:null,&quot;stockstatus&quot;:&quot;instock&quot;,&quot;google_business_vertical&quot;:&quot;retail&quot;,&quot;item_category&quot;:&quot;Riptide (2 volumes)&quot;,&quot;id&quot;:13341,&quot;productlink&quot;:&quot;https:\\\/\\\/gervi.be\\\/fr\\\/produit\\\/aqua-life-5-9-duo-xd\\\/&quot;,&quot;item_list_name&quot;:&quot;Liste g\\u00e9n\\u00e9rale des produits&quot;,&quot;index&quot;:3,&quot;product_type&quot;:&quot;simple&quot;,&quot;item_brand&quot;:&quot;&quot;}\"><\/span><\/li>\n<li class=\"desktop-align-left tablet-align-left mobile-align-left product type-product post-13038 status-publish last instock product_cat-riptide-fr product_cat-riptide-2-volumes product_cat-spa-de-nage product_tag-aqua-life-5-9-duo-fr product_tag-gervi-fr product_tag-riptide-fr product_tag-riptideswim-fr product_tag-spa-de-natation product_tag-swimspa-fr has-post-thumbnail product-type-simple\">\n\t<a href=\"https:\/\/gervi.be\/fr\/produit\/aqua-life-5-9-duo\/\" class=\"woocommerce-LoopProduct-link woocommerce-loop-product__link\"><img loading=\"lazy\" decoding=\"async\" width=\"1920\" height=\"1500\" src=\"https:\/\/gervi.be\/wp-content\/uploads\/2023\/08\/Aqua-Life-Duo-5.9-Riptide-Zwemspa-1920x1500.jpg\" class=\"attachment-woocommerce_thumbnail size-woocommerce_thumbnail\" alt=\"Aqua Life Duo 5.9 - Riptide Spa de nage\" title=\"\"><h2 class=\"woocommerce-loop-product__title\">Aqua Life 5.9 Duo<\/h2>\n<\/a><a href=\"https:\/\/gervi.be\/fr\/produit\/aqua-life-5-9-duo\/\" aria-describedby=\"woocommerce_loop_add_to_cart_link_describedby_13038\" data-quantity=\"1\" class=\"button product_type_simple\" data-product_id=\"13038\" data-product_sku=\"9a1ec11917bf\" aria-label=\"En savoir plus sur &ldquo;Aqua Life 5.9 Duo&rdquo;\" rel=\"nofollow\" data-success_message=\"\">Lire la suite<\/a>\t<span id=\"woocommerce_loop_add_to_cart_link_describedby_13038\" class=\"screen-reader-text\">\n\t\t\t<\/span>\n<span class=\"gtm4wp_productdata\" style=\"display:none; visibility:hidden;\" data-gtm4wp_product_data=\"{&quot;internal_id&quot;:13038,&quot;item_id&quot;:13038,&quot;item_name&quot;:&quot;Aqua Life 5.9 Duo&quot;,&quot;sku&quot;:&quot;9a1ec11917bf&quot;,&quot;price&quot;:0,&quot;stocklevel&quot;:null,&quot;stockstatus&quot;:&quot;instock&quot;,&quot;google_business_vertical&quot;:&quot;retail&quot;,&quot;item_category&quot;:&quot;Riptide (2 volumes)&quot;,&quot;id&quot;:13038,&quot;productlink&quot;:&quot;https:\\\/\\\/gervi.be\\\/fr\\\/produit\\\/aqua-life-5-9-duo\\\/&quot;,&quot;item_list_name&quot;:&quot;Liste g\\u00e9n\\u00e9rale des produits&quot;,&quot;index&quot;:4,&quot;product_type&quot;:&quot;simple&quot;,&quot;item_brand&quot;:&quot;&quot;}\"><\/span><\/li>\n<\/ul>\n<\/div>\t\t\t\t<\/div>\n\t\t\t\t<\/div>\n\t\t\t\t\t<\/div>\n\t\t<\/div>\n\t\t\t\t\t<\/div>\n\t\t<\/section>\n\t\t\t\t<\/div>\n\t\t","protected":false},"excerpt":{"rendered":"<p>Home Les spas de nage Duoblock de Riptide se distinguent par leur fonction double zone, o\u00f9 la zone de nage et la zone de spa ont chacune des commandes de temp\u00e9rature s\u00e9par\u00e9es, garantissant une exp\u00e9rience optimale \u00e0 la fois de nage active et d&#8217;hydroth\u00e9rapie relaxante. Que vous soyez nageur amateur, athl\u00e8te ou bon vivant, les [&hellip;]<\/p>\n","protected":false},"author":23,"featured_media":22668,"parent":22453,"menu_order":0,"comment_status":"closed","ping_status":"closed","template":"","meta":{"_acf_changed":false,"_uag_custom_page_level_css":"","site-sidebar-layout":"no-sidebar","site-content-layout":"page-builder","ast-site-content-layout":"full-width-container","site-content-style":"default","site-sidebar-style":"default","ast-global-header-display":"","ast-banner-title-visibility":"","ast-main-header-display":"","ast-hfb-above-header-display":"","ast-hfb-below-header-display":"","ast-hfb-mobile-header-display":"","site-post-title":"disabled","ast-breadcrumbs-content":"","ast-featured-img":"disabled","footer-sml-layout":"","ast-disable-related-posts":"","theme-transparent-header-meta":"default","adv-header-id-meta":"","stick-header-meta":"","header-above-stick-meta":"","header-main-stick-meta":"","header-below-stick-meta":"","astra-migrate-meta-layouts":"set","ast-page-background-enabled":"default","ast-page-background-meta":{"desktop":{"background-color":"","background-image":"","background-repeat":"repeat","background-position":"center center","background-size":"auto","background-attachment":"scroll","background-type":"","background-media":"","overlay-type":"","overlay-color":"","overlay-opacity":"","overlay-gradient":""},"tablet":{"background-color":"","background-image":"","background-repeat":"repeat","background-position":"center center","background-size":"auto","background-attachment":"scroll","background-type":"","background-media":"","overlay-type":"","overlay-color":"","overlay-opacity":"","overlay-gradient":""},"mobile":{"background-color":"","background-image":"","background-repeat":"repeat","background-position":"center center","background-size":"auto","background-attachment":"scroll","background-type":"","background-media":"","overlay-type":"","overlay-color":"","overlay-opacity":"","overlay-gradient":""}},"ast-content-background-meta":{"desktop":{"background-color":"var(--ast-global-color-5)","background-image":"","background-repeat":"repeat","background-position":"center center","background-size":"auto","background-attachment":"scroll","background-type":"","background-media":"","overlay-type":"","overlay-color":"","overlay-opacity":"","overlay-gradient":""},"tablet":{"background-color":"var(--ast-global-color-5)","background-image":"","background-repeat":"repeat","background-position":"center center","background-size":"auto","background-attachment":"scroll","background-type":"","background-media":"","overlay-type":"","overlay-color":"","overlay-opacity":"","overlay-gradient":""},"mobile":{"background-color":"var(--ast-global-color-5)","background-image":"","background-repeat":"repeat","background-position":"center center","background-size":"auto","background-attachment":"scroll","background-type":"","background-media":"","overlay-type":"","overlay-color":"","overlay-opacity":"","overlay-gradient":""}},"footnotes":""},"class_list":["post-22500","page","type-page","status-publish","has-post-thumbnail","hentry"],"acf":[],"uagb_featured_image_src":{"full":["https:\/\/gervi.be\/wp-content\/uploads\/2024\/05\/Duoblock-Swimspa-Riptide.jpg",2000,2000,false],"thumbnail":["https:\/\/gervi.be\/wp-content\/uploads\/2024\/05\/Duoblock-Swimspa-Riptide-150x150.jpg",150,150,true],"medium":["https:\/\/gervi.be\/wp-content\/uploads\/2024\/05\/Duoblock-Swimspa-Riptide-300x300.jpg",300,300,true],"medium_large":["https:\/\/gervi.be\/wp-content\/uploads\/2024\/05\/Duoblock-Swimspa-Riptide-768x768.jpg",768,768,true],"large":["https:\/\/gervi.be\/wp-content\/uploads\/2024\/05\/Duoblock-Swimspa-Riptide-1024x1024.jpg",1024,1024,true],"1536x1536":["https:\/\/gervi.be\/wp-content\/uploads\/2024\/05\/Duoblock-Swimspa-Riptide.jpg",1536,1536,false],"2048x2048":["https:\/\/gervi.be\/wp-content\/uploads\/2024\/05\/Duoblock-Swimspa-Riptide.jpg",2000,2000,false],"woocommerce_thumbnail":["https:\/\/gervi.be\/wp-content\/uploads\/2024\/05\/Duoblock-Swimspa-Riptide-2000x1500.jpg",2000,1500,true],"woocommerce_single":["https:\/\/gervi.be\/wp-content\/uploads\/2024\/05\/Duoblock-Swimspa-Riptide.jpg",2000,2000,false],"woocommerce_gallery_thumbnail":["https:\/\/gervi.be\/wp-content\/uploads\/2024\/05\/Duoblock-Swimspa-Riptide-100x100.jpg",100,100,true],"dgwt-wcas-product-suggestion":["https:\/\/gervi.be\/wp-content\/uploads\/2024\/05\/Duoblock-Swimspa-Riptide.jpg",64,64,false]},"uagb_author_info":{"display_name":"Marjolein Nijs","author_link":"https:\/\/gervi.be\/fr\/author\/marjolein-nijs\/"},"uagb_comment_info":0,"uagb_excerpt":"Home Les spas de nage Duoblock de Riptide se distinguent par leur fonction double zone, o\u00f9 la zone de nage et la zone de spa ont chacune des commandes de temp\u00e9rature s\u00e9par\u00e9es, garantissant une exp\u00e9rience optimale \u00e0 la fois de nage active et d&#8217;hydroth\u00e9rapie relaxante. Que vous soyez nageur amateur, athl\u00e8te ou bon vivant, les\u2026","_links":{"self":[{"href":"https:\/\/gervi.be\/fr\/wp-json\/wp\/v2\/pages\/22500","targetHints":{"allow":["GET"]}}],"collection":[{"href":"https:\/\/gervi.be\/fr\/wp-json\/wp\/v2\/pages"}],"about":[{"href":"https:\/\/gervi.be\/fr\/wp-json\/wp\/v2\/types\/page"}],"author":[{"embeddable":true,"href":"https:\/\/gervi.be\/fr\/wp-json\/wp\/v2\/users\/23"}],"replies":[{"embeddable":true,"href":"https:\/\/gervi.be\/fr\/wp-json\/wp\/v2\/comments?post=22500"}],"version-history":[{"count":0,"href":"https:\/\/gervi.be\/fr\/wp-json\/wp\/v2\/pages\/22500\/revisions"}],"up":[{"embeddable":true,"href":"https:\/\/gervi.be\/fr\/wp-json\/wp\/v2\/pages\/22453"}],"wp:featuredmedia":[{"embeddable":true,"href":"https:\/\/gervi.be\/fr\/wp-json\/wp\/v2\/media\/22668"}],"wp:attachment":[{"href":"https:\/\/gervi.be\/fr\/wp-json\/wp\/v2\/media?parent=22500"}],"curies":[{"name":"wp","href":"https:\/\/api.w.org\/{rel}","templated":true}]}}