{"id":21917,"date":"2024-05-02T13:36:31","date_gmt":"2024-05-02T13:36:31","guid":{"rendered":"https:\/\/gervi.be\/serie-r-endless-pools-systemes-de-loisirs\/"},"modified":"2024-05-06T12:54:59","modified_gmt":"2024-05-06T12:54:59","slug":"serie-r-endless-pools-recreation-systems","status":"publish","type":"page","link":"https:\/\/gervi.be\/fr\/zwemspa\/modeles-de-spas-de-nage\/serie-r-endless-pools-recreation-systems\/","title":{"rendered":"S\u00e9rie R Endless Pools Recreation Systems"},"content":{"rendered":"\t\t<div data-elementor-type=\"wp-page\" data-elementor-id=\"21917\" class=\"elementor elementor-21917 elementor-21862\" data-elementor-post-type=\"page\">\n\t\t\t\t\t\t<section class=\"elementor-section elementor-top-section elementor-element elementor-element-bd83880 elementor-section-boxed elementor-section-height-default elementor-section-height-default\" data-id=\"bd83880\" data-element_type=\"section\" data-e-type=\"section\" data-settings=\"{&quot;background_background&quot;:&quot;classic&quot;}\">\n\t\t\t\t\t\t\t<div class=\"elementor-background-overlay\"><\/div>\n\t\t\t\t\t\t\t<div class=\"elementor-container elementor-column-gap-default\">\n\t\t\t\t\t<div class=\"elementor-column elementor-col-100 elementor-top-column elementor-element elementor-element-85d50b3\" data-id=\"85d50b3\" data-element_type=\"column\" data-e-type=\"column\">\n\t\t\t<div class=\"elementor-widget-wrap elementor-element-populated\">\n\t\t\t\t\t\t<div class=\"elementor-element elementor-element-09571ae elementor-widget elementor-widget-breadcrumbs\" data-id=\"09571ae\" data-element_type=\"widget\" data-e-type=\"widget\" data-widget_type=\"breadcrumbs.default\">\n\t\t\t\t<div class=\"elementor-widget-container\">\n\t\t\t\t\t<nav aria-label=\"breadcrumbs\" class=\"rank-math-breadcrumb\"><p><span class=\"last\">Home<\/span><\/p><\/nav>\t\t\t\t<\/div>\n\t\t\t\t<\/div>\n\t\t\t\t\t<\/div>\n\t\t<\/div>\n\t\t\t\t\t<\/div>\n\t\t<\/section>\n\t\t\t\t<section class=\"elementor-section elementor-top-section elementor-element elementor-element-553220c elementor-section-boxed elementor-section-height-default elementor-section-height-default\" data-id=\"553220c\" data-element_type=\"section\" data-e-type=\"section\" data-settings=\"{&quot;background_background&quot;:&quot;classic&quot;}\">\n\t\t\t\t\t\t<div class=\"elementor-container elementor-column-gap-default\">\n\t\t\t\t\t<div class=\"elementor-column elementor-col-100 elementor-top-column elementor-element elementor-element-f89abdd\" data-id=\"f89abdd\" data-element_type=\"column\" data-e-type=\"column\">\n\t\t\t<div class=\"elementor-widget-wrap elementor-element-populated\">\n\t\t\t\t\t\t<section class=\"elementor-section elementor-inner-section elementor-element elementor-element-baf1a79 elementor-section-boxed elementor-section-height-default elementor-section-height-default\" data-id=\"baf1a79\" data-element_type=\"section\" data-e-type=\"section\">\n\t\t\t\t\t\t<div class=\"elementor-container elementor-column-gap-wide\">\n\t\t\t\t\t<div class=\"elementor-column elementor-col-50 elementor-inner-column elementor-element elementor-element-7557595\" data-id=\"7557595\" data-element_type=\"column\" data-e-type=\"column\">\n\t\t\t<div class=\"elementor-widget-wrap elementor-element-populated\">\n\t\t\t\t\t\t<div class=\"elementor-element elementor-element-34d25f0 elementor-widget__width-initial elementor-widget elementor-widget-image\" data-id=\"34d25f0\" data-element_type=\"widget\" data-e-type=\"widget\" data-widget_type=\"image.default\">\n\t\t\t\t\t\t\t\t\t\t\t\t\t\t\t\t<a href=\"https:\/\/gervi.be\/fr\/marques\/endless-pools\/\">\n\t\t\t\t\t\t\t<img fetchpriority=\"high\" decoding=\"async\" width=\"1037\" height=\"437\" src=\"https:\/\/gervi.be\/wp-content\/uploads\/2024\/03\/Endless-Pools-Logo.png\" class=\"attachment-full size-full wp-image-20538\" alt=\"Endless Pools Logo\" srcset=\"https:\/\/gervi.be\/wp-content\/uploads\/2024\/03\/Endless-Pools-Logo.png 1037w, https:\/\/gervi.be\/wp-content\/uploads\/2024\/03\/Endless-Pools-Logo-300x126.png 300w, https:\/\/gervi.be\/wp-content\/uploads\/2024\/03\/Endless-Pools-Logo-1024x432.png 1024w, https:\/\/gervi.be\/wp-content\/uploads\/2024\/03\/Endless-Pools-Logo-768x324.png 768w\" sizes=\"(max-width: 1037px) 100vw, 1037px\" title=\"\">\t\t\t\t\t\t\t\t<\/a>\n\t\t\t\t\t\t\t\t\t\t\t\t\t\t\t<\/div>\n\t\t\t\t\t<\/div>\n\t\t<\/div>\n\t\t\t\t<div class=\"elementor-column elementor-col-50 elementor-inner-column elementor-element elementor-element-b38f276\" data-id=\"b38f276\" data-element_type=\"column\" data-e-type=\"column\">\n\t\t\t<div class=\"elementor-widget-wrap elementor-element-populated\">\n\t\t\t\t\t\t<div class=\"elementor-element elementor-element-c072845 elementor-widget elementor-widget-text-editor\" data-id=\"c072845\" data-element_type=\"widget\" data-e-type=\"widget\" data-widget_type=\"text-editor.default\">\n\t\t\t\t\t\t\t\t\t<p>Le bien-\u00eatre tout au long de la vie sous la forme d&#8217;un luxe abordable. Qu&#8217;offrent les mod\u00e8les de la <strong>s\u00e9rie R de<\/strong> Endless Pools ? L&#8217;\u00e9quilibre parfait entre la <strong>r\u00e9cr\u00e9ation, la d\u00e9tente et la r\u00e9sistance<\/strong>. Vous avez l\u00e0 la destination id\u00e9ale pour vous amuser en famille, faire la f\u00eate au bord de la piscine et partager des moments inoubliables. Aliment\u00e9 par trois jets sans air, notre ruisseau est con\u00e7u pour le jeu et l&#8217;entra\u00eenement aquatique. Chaque mod\u00e8le offre<strong> qualit\u00e9, polyvalence et valeur exceptionnelle<\/strong>.<\/p>\n<p>Ces spas de nage compacts et tout-en-un comprennent un courant de nage avec des jets, id\u00e9al pour les<strong> loisirs et l&#8217;<\/strong><strong>entra\u00eenement<\/strong>. Pour ceux qui veulent profiter de la qualit\u00e9 des piscines Endless \u00e0 un <strong>prix abordable<\/strong>, la s\u00e9rie R est con\u00e7ue pour un usage familial, avec des si\u00e8ges spacieux et de l&#8217;espace pour <strong>s&#8217;amuser au maximum<\/strong>! Faites un choix intelligent avec la s\u00e9rie R &#8211; o\u00f9 la valeur va de pair avec la qualit\u00e9.<\/p>\n<p><a class=\"btn_meer_info elementor-button elementor-button-link elementor-size-sm\" href=\"#info_opvragen\">\r\n\t\t\t\t\t\t<span class=\"elementor-button-content-wrapper\">\r\n\t\t\t\t\t\t<span class=\"elementor-button-icon elementor-align-icon-right\">\r\n\t\t\t\t<i aria-hidden=\"true\" class=\"fas fa-info-circle\"><\/i>\t\t\t<\/span>\r\n\t\t\t\t\t\t<span class=\"elementor-button-text\">Plus d&#8217;information<\/span>\r\n\t\t<\/span>\r\n\t\t\t\t\t<\/a><\/p>\n\t\t\t\t\t\t\t\t<\/div>\n\t\t\t\t\t<\/div>\n\t\t<\/div>\n\t\t\t\t\t<\/div>\n\t\t<\/section>\n\t\t\t\t\t<\/div>\n\t\t<\/div>\n\t\t\t\t\t<\/div>\n\t\t<\/section>\n\t\t\t\t<section class=\"elementor-section elementor-top-section elementor-element elementor-element-62fdcc9 elementor-section-boxed elementor-section-height-default elementor-section-height-default\" data-id=\"62fdcc9\" data-element_type=\"section\" data-e-type=\"section\" data-settings=\"{&quot;background_background&quot;:&quot;classic&quot;}\">\n\t\t\t\t\t\t<div class=\"elementor-container elementor-column-gap-default\">\n\t\t\t\t\t<div class=\"elementor-column elementor-col-100 elementor-top-column elementor-element elementor-element-4c2339f\" data-id=\"4c2339f\" data-element_type=\"column\" data-e-type=\"column\">\n\t\t\t<div class=\"elementor-widget-wrap elementor-element-populated\">\n\t\t\t\t\t\t<div class=\"elementor-element elementor-element-9cc5915 elementor-widget elementor-widget-heading\" data-id=\"9cc5915\" data-element_type=\"widget\" data-e-type=\"widget\" data-widget_type=\"heading.default\">\n\t\t\t\t\t<h2 class=\"elementor-heading-title elementor-size-default\">Mod\u00e8les<\/h2>\t\t\t\t<\/div>\n\t\t\t\t<div class=\"elementor-element elementor-element-4041e9b elementor-grid-4 elementor-grid-tablet-3 elementor-grid-mobile-2 elementor-products-grid elementor-wc-products elementor-widget elementor-widget-woocommerce-products\" data-id=\"4041e9b\" data-element_type=\"widget\" data-e-type=\"widget\" data-widget_type=\"woocommerce-products.default\">\n\t\t\t\t<div class=\"elementor-widget-container\">\n\t\t\t\t\t<div class=\"woocommerce columns-4 \"><span class=\"wpfHidden\" data-shortcode-attribute=\"{&quot;limit&quot;:&quot;-1&quot;,&quot;columns&quot;:4,&quot;rows&quot;:4,&quot;orderby&quot;:&quot;&quot;,&quot;order&quot;:&quot;&quot;,&quot;ids&quot;:&quot;&quot;,&quot;skus&quot;:&quot;&quot;,&quot;category&quot;:&quot;&quot;,&quot;cat_operator&quot;:&quot;IN&quot;,&quot;attribute&quot;:&quot;&quot;,&quot;terms&quot;:&quot;&quot;,&quot;terms_operator&quot;:&quot;IN&quot;,&quot;tag&quot;:&quot;&quot;,&quot;tag_operator&quot;:&quot;IN&quot;,&quot;visibility&quot;:&quot;visible&quot;,&quot;class&quot;:&quot;&quot;,&quot;page&quot;:1,&quot;paginate&quot;:&quot;&quot;,&quot;cache&quot;:false}\"><\/span><ul class=\"products elementor-grid columns-4\">\n<li class=\"desktop-align-left tablet-align-left mobile-align-left product type-product post-13389 status-publish first instock product_cat-endless-pools product_cat-spa-de-nage product_cat-systemes-de-loisirs-endless-pools product_tag-a-contre-courant product_tag-cours-deau-de-natation product_tag-des-piscines-a-perte-de-vue product_tag-gervi-fr product_tag-jetstream-fr product_tag-monobloc product_tag-natation product_tag-r500-fr product_tag-serie-r product_tag-spa-de-natation product_tag-swimspa-fr product_tag-systemes-de-loisirs product_tag-systemes-de-loisirs-endless-pools has-post-thumbnail product-type-simple\">\n\t<a href=\"https:\/\/gervi.be\/fr\/produit\/r500\/\" class=\"woocommerce-LoopProduct-link woocommerce-loop-product__link\"><img decoding=\"async\" width=\"2000\" height=\"1500\" src=\"https:\/\/gervi.be\/wp-content\/uploads\/2023\/08\/R500-Endless-Pools-Swimspa-2000x1500.jpg\" class=\"attachment-woocommerce_thumbnail size-woocommerce_thumbnail\" alt=\"R500 - Piscines sans fin - Swimspa\" title=\"\"><h2 class=\"woocommerce-loop-product__title\">R500<\/h2>\n<\/a><a href=\"https:\/\/gervi.be\/fr\/produit\/r500\/\" aria-describedby=\"woocommerce_loop_add_to_cart_link_describedby_13389\" data-quantity=\"1\" class=\"button product_type_simple\" data-product_id=\"13389\" data-product_sku=\"82eb59ff5eef\" aria-label=\"En savoir plus sur &ldquo;R500&rdquo;\" rel=\"nofollow\" data-success_message=\"\">Lire la suite<\/a>\t<span id=\"woocommerce_loop_add_to_cart_link_describedby_13389\" class=\"screen-reader-text\">\n\t\t\t<\/span>\n<span class=\"gtm4wp_productdata\" style=\"display:none; visibility:hidden;\" data-gtm4wp_product_data=\"{&quot;internal_id&quot;:13389,&quot;item_id&quot;:13389,&quot;item_name&quot;:&quot;R500&quot;,&quot;sku&quot;:&quot;82eb59ff5eef&quot;,&quot;price&quot;:0,&quot;stocklevel&quot;:null,&quot;stockstatus&quot;:&quot;instock&quot;,&quot;google_business_vertical&quot;:&quot;retail&quot;,&quot;item_category&quot;:&quot;Syst\\u00e8mes de loisirs Endless Pools&quot;,&quot;id&quot;:13389,&quot;productlink&quot;:&quot;https:\\\/\\\/gervi.be\\\/fr\\\/produit\\\/r500\\\/&quot;,&quot;item_list_name&quot;:&quot;Liste g\\u00e9n\\u00e9rale des produits&quot;,&quot;index&quot;:1,&quot;product_type&quot;:&quot;simple&quot;,&quot;item_brand&quot;:&quot;&quot;}\"><\/span><\/li>\n<li class=\"desktop-align-left tablet-align-left mobile-align-left product type-product post-13098 status-publish instock product_cat-endless-pools product_cat-spa-de-nage product_cat-systemes-de-loisirs-endless-pools product_tag-a-contre-courant product_tag-cours-deau-de-natation product_tag-des-piscines-a-perte-de-vue product_tag-gervi-fr product_tag-jetstream-fr product_tag-monobloc product_tag-natation product_tag-r220-fr product_tag-serie-r product_tag-spa-de-natation product_tag-swimspa-fr product_tag-systemes-de-loisirs product_tag-systemes-de-loisirs-endless-pools has-post-thumbnail product-type-simple\">\n\t<a href=\"https:\/\/gervi.be\/fr\/produit\/r220\/\" class=\"woocommerce-LoopProduct-link woocommerce-loop-product__link\"><img decoding=\"async\" width=\"2000\" height=\"1500\" src=\"https:\/\/gervi.be\/wp-content\/uploads\/2023\/08\/R220-Endless-Pools-Swimspa-2000x1500.jpg\" class=\"attachment-woocommerce_thumbnail size-woocommerce_thumbnail\" alt=\"R220 - Piscines sans fin - Swimspa\" title=\"\"><h2 class=\"woocommerce-loop-product__title\">R220<\/h2>\n<\/a><a href=\"https:\/\/gervi.be\/fr\/produit\/r220\/\" aria-describedby=\"woocommerce_loop_add_to_cart_link_describedby_13098\" data-quantity=\"1\" class=\"button product_type_simple\" data-product_id=\"13098\" data-product_sku=\"71087c28df5b\" aria-label=\"En savoir plus sur &ldquo;R220&rdquo;\" rel=\"nofollow\" data-success_message=\"\">Lire la suite<\/a>\t<span id=\"woocommerce_loop_add_to_cart_link_describedby_13098\" class=\"screen-reader-text\">\n\t\t\t<\/span>\n<span class=\"gtm4wp_productdata\" style=\"display:none; visibility:hidden;\" data-gtm4wp_product_data=\"{&quot;internal_id&quot;:13098,&quot;item_id&quot;:13098,&quot;item_name&quot;:&quot;R220&quot;,&quot;sku&quot;:&quot;71087c28df5b&quot;,&quot;price&quot;:0,&quot;stocklevel&quot;:null,&quot;stockstatus&quot;:&quot;instock&quot;,&quot;google_business_vertical&quot;:&quot;retail&quot;,&quot;item_category&quot;:&quot;Endless Pools&quot;,&quot;id&quot;:13098,&quot;productlink&quot;:&quot;https:\\\/\\\/gervi.be\\\/fr\\\/produit\\\/r220\\\/&quot;,&quot;item_list_name&quot;:&quot;Liste g\\u00e9n\\u00e9rale des produits&quot;,&quot;index&quot;:2,&quot;product_type&quot;:&quot;simple&quot;,&quot;item_brand&quot;:&quot;&quot;}\"><\/span><\/li>\n<li class=\"desktop-align-left tablet-align-left mobile-align-left product type-product post-12918 status-publish instock product_cat-endless-pools product_cat-spa-de-nage product_cat-systemes-de-loisirs-endless-pools product_tag-a-contre-courant product_tag-cours-deau-de-natation product_tag-des-piscines-a-perte-de-vue product_tag-gervi-fr product_tag-jetstream-fr product_tag-monobloc product_tag-natation product_tag-r200-fr product_tag-serie-r product_tag-spa-de-natation product_tag-swimspa-fr product_tag-systemes-de-loisirs product_tag-systemes-de-loisirs-endless-pools has-post-thumbnail taxable shipping-taxable product-type-simple\">\n\t<a href=\"https:\/\/gervi.be\/fr\/produit\/r200\/\" class=\"woocommerce-LoopProduct-link woocommerce-loop-product__link\"><img loading=\"lazy\" decoding=\"async\" width=\"2000\" height=\"1500\" src=\"https:\/\/gervi.be\/wp-content\/uploads\/2023\/07\/R200-Endless-Pools-Zwemspa-2000x1500.jpg\" class=\"attachment-woocommerce_thumbnail size-woocommerce_thumbnail\" alt=\"R200 - Endless Pools - Spa de nage\" title=\"\"><h2 class=\"woocommerce-loop-product__title\">R200<\/h2>\n<\/a><a href=\"https:\/\/gervi.be\/fr\/produit\/r200\/\" aria-describedby=\"woocommerce_loop_add_to_cart_link_describedby_12918\" data-quantity=\"1\" class=\"button product_type_simple\" data-product_id=\"12918\" data-product_sku=\"\" aria-label=\"En savoir plus sur &ldquo;R200&rdquo;\" rel=\"nofollow\" data-success_message=\"\">Lire la suite<\/a>\t<span id=\"woocommerce_loop_add_to_cart_link_describedby_12918\" class=\"screen-reader-text\">\n\t\t\t<\/span>\n<span class=\"gtm4wp_productdata\" style=\"display:none; visibility:hidden;\" data-gtm4wp_product_data=\"{&quot;internal_id&quot;:12918,&quot;item_id&quot;:12918,&quot;item_name&quot;:&quot;R200&quot;,&quot;sku&quot;:12918,&quot;price&quot;:0,&quot;stocklevel&quot;:null,&quot;stockstatus&quot;:&quot;instock&quot;,&quot;google_business_vertical&quot;:&quot;retail&quot;,&quot;item_category&quot;:&quot;Syst\\u00e8mes de loisirs Endless Pools&quot;,&quot;id&quot;:12918,&quot;productlink&quot;:&quot;https:\\\/\\\/gervi.be\\\/fr\\\/produit\\\/r200\\\/&quot;,&quot;item_list_name&quot;:&quot;Liste g\\u00e9n\\u00e9rale des produits&quot;,&quot;index&quot;:3,&quot;product_type&quot;:&quot;simple&quot;,&quot;item_brand&quot;:&quot;&quot;}\"><\/span><\/li>\n<\/ul>\n<\/div>\t\t\t\t<\/div>\n\t\t\t\t<\/div>\n\t\t\t\t\t<\/div>\n\t\t<\/div>\n\t\t\t\t\t<\/div>\n\t\t<\/section>\n\t\t\t\t<\/div>\n\t\t","protected":false},"excerpt":{"rendered":"<p>Home Le bien-\u00eatre tout au long de la vie sous la forme d&#8217;un luxe abordable. Qu&#8217;offrent les mod\u00e8les de la s\u00e9rie R de Endless Pools ? L&#8217;\u00e9quilibre parfait entre la r\u00e9cr\u00e9ation, la d\u00e9tente et la r\u00e9sistance. Vous avez l\u00e0 la destination id\u00e9ale pour vous amuser en famille, faire la f\u00eate au bord de la piscine [&hellip;]<\/p>\n","protected":false},"author":23,"featured_media":21580,"parent":20547,"menu_order":0,"comment_status":"closed","ping_status":"closed","template":"","meta":{"_acf_changed":false,"_uag_custom_page_level_css":"","site-sidebar-layout":"no-sidebar","site-content-layout":"page-builder","ast-site-content-layout":"full-width-container","site-content-style":"default","site-sidebar-style":"default","ast-global-header-display":"","ast-banner-title-visibility":"","ast-main-header-display":"","ast-hfb-above-header-display":"","ast-hfb-below-header-display":"","ast-hfb-mobile-header-display":"","site-post-title":"disabled","ast-breadcrumbs-content":"","ast-featured-img":"disabled","footer-sml-layout":"","ast-disable-related-posts":"","theme-transparent-header-meta":"default","adv-header-id-meta":"","stick-header-meta":"","header-above-stick-meta":"","header-main-stick-meta":"","header-below-stick-meta":"","astra-migrate-meta-layouts":"set","ast-page-background-enabled":"default","ast-page-background-meta":{"desktop":{"background-color":"","background-image":"","background-repeat":"repeat","background-position":"center center","background-size":"auto","background-attachment":"scroll","background-type":"","background-media":"","overlay-type":"","overlay-color":"","overlay-opacity":"","overlay-gradient":""},"tablet":{"background-color":"","background-image":"","background-repeat":"repeat","background-position":"center center","background-size":"auto","background-attachment":"scroll","background-type":"","background-media":"","overlay-type":"","overlay-color":"","overlay-opacity":"","overlay-gradient":""},"mobile":{"background-color":"","background-image":"","background-repeat":"repeat","background-position":"center center","background-size":"auto","background-attachment":"scroll","background-type":"","background-media":"","overlay-type":"","overlay-color":"","overlay-opacity":"","overlay-gradient":""}},"ast-content-background-meta":{"desktop":{"background-color":"var(--ast-global-color-5)","background-image":"","background-repeat":"repeat","background-position":"center center","background-size":"auto","background-attachment":"scroll","background-type":"","background-media":"","overlay-type":"","overlay-color":"","overlay-opacity":"","overlay-gradient":""},"tablet":{"background-color":"var(--ast-global-color-5)","background-image":"","background-repeat":"repeat","background-position":"center center","background-size":"auto","background-attachment":"scroll","background-type":"","background-media":"","overlay-type":"","overlay-color":"","overlay-opacity":"","overlay-gradient":""},"mobile":{"background-color":"var(--ast-global-color-5)","background-image":"","background-repeat":"repeat","background-position":"center center","background-size":"auto","background-attachment":"scroll","background-type":"","background-media":"","overlay-type":"","overlay-color":"","overlay-opacity":"","overlay-gradient":""}},"footnotes":""},"class_list":["post-21917","page","type-page","status-publish","has-post-thumbnail","hentry"],"acf":[],"uagb_featured_image_src":{"full":["https:\/\/gervi.be\/wp-content\/uploads\/2024\/04\/Endless-Pools-R500-Zwemspa-Gervi.png",1000,564,false],"thumbnail":["https:\/\/gervi.be\/wp-content\/uploads\/2024\/04\/Endless-Pools-R500-Zwemspa-Gervi-150x150.png",150,150,true],"medium":["https:\/\/gervi.be\/wp-content\/uploads\/2024\/04\/Endless-Pools-R500-Zwemspa-Gervi-300x169.png",300,169,true],"medium_large":["https:\/\/gervi.be\/wp-content\/uploads\/2024\/04\/Endless-Pools-R500-Zwemspa-Gervi-768x433.png",768,433,true],"large":["https:\/\/gervi.be\/wp-content\/uploads\/2024\/04\/Endless-Pools-R500-Zwemspa-Gervi.png",1000,564,false],"1536x1536":["https:\/\/gervi.be\/wp-content\/uploads\/2024\/04\/Endless-Pools-R500-Zwemspa-Gervi.png",1000,564,false],"2048x2048":["https:\/\/gervi.be\/wp-content\/uploads\/2024\/04\/Endless-Pools-R500-Zwemspa-Gervi.png",1000,564,false],"woocommerce_thumbnail":["https:\/\/gervi.be\/wp-content\/uploads\/2024\/04\/Endless-Pools-R500-Zwemspa-Gervi.png",1000,564,false],"woocommerce_single":["https:\/\/gervi.be\/wp-content\/uploads\/2024\/04\/Endless-Pools-R500-Zwemspa-Gervi.png",1000,564,false],"woocommerce_gallery_thumbnail":["https:\/\/gervi.be\/wp-content\/uploads\/2024\/04\/Endless-Pools-R500-Zwemspa-Gervi-100x100.png",100,100,true],"dgwt-wcas-product-suggestion":["https:\/\/gervi.be\/wp-content\/uploads\/2024\/04\/Endless-Pools-R500-Zwemspa-Gervi.png",64,36,false]},"uagb_author_info":{"display_name":"Marjolein Nijs","author_link":"https:\/\/gervi.be\/fr\/author\/marjolein-nijs\/"},"uagb_comment_info":0,"uagb_excerpt":"Home Le bien-\u00eatre tout au long de la vie sous la forme d&#8217;un luxe abordable. Qu&#8217;offrent les mod\u00e8les de la s\u00e9rie R de Endless Pools ? L&#8217;\u00e9quilibre parfait entre la r\u00e9cr\u00e9ation, la d\u00e9tente et la r\u00e9sistance. Vous avez l\u00e0 la destination id\u00e9ale pour vous amuser en famille, faire la f\u00eate au bord de la piscine\u2026","_links":{"self":[{"href":"https:\/\/gervi.be\/fr\/wp-json\/wp\/v2\/pages\/21917","targetHints":{"allow":["GET"]}}],"collection":[{"href":"https:\/\/gervi.be\/fr\/wp-json\/wp\/v2\/pages"}],"about":[{"href":"https:\/\/gervi.be\/fr\/wp-json\/wp\/v2\/types\/page"}],"author":[{"embeddable":true,"href":"https:\/\/gervi.be\/fr\/wp-json\/wp\/v2\/users\/23"}],"replies":[{"embeddable":true,"href":"https:\/\/gervi.be\/fr\/wp-json\/wp\/v2\/comments?post=21917"}],"version-history":[{"count":0,"href":"https:\/\/gervi.be\/fr\/wp-json\/wp\/v2\/pages\/21917\/revisions"}],"up":[{"embeddable":true,"href":"https:\/\/gervi.be\/fr\/wp-json\/wp\/v2\/pages\/20547"}],"wp:featuredmedia":[{"embeddable":true,"href":"https:\/\/gervi.be\/fr\/wp-json\/wp\/v2\/media\/21580"}],"wp:attachment":[{"href":"https:\/\/gervi.be\/fr\/wp-json\/wp\/v2\/media?parent=21917"}],"curies":[{"name":"wp","href":"https:\/\/api.w.org\/{rel}","templated":true}]}}