{"id":21893,"date":"2024-05-02T13:21:15","date_gmt":"2024-05-02T13:21:15","guid":{"rendered":"https:\/\/gervi.be\/x-series-endless-pools-systemes-dexercice\/"},"modified":"2024-05-06T12:57:05","modified_gmt":"2024-05-06T12:57:05","slug":"serie-x-endless-pools-exercise-systems","status":"publish","type":"page","link":"https:\/\/gervi.be\/fr\/zwemspa\/modeles-de-spas-de-nage\/serie-x-endless-pools-exercise-systems\/","title":{"rendered":"S\u00e9rie X Endless Pools Exercise Systems"},"content":{"rendered":"\t\t<div data-elementor-type=\"wp-page\" data-elementor-id=\"21893\" class=\"elementor elementor-21893 elementor-21858\" data-elementor-post-type=\"page\">\n\t\t\t\t\t\t<section class=\"elementor-section elementor-top-section elementor-element elementor-element-bd83880 elementor-section-boxed elementor-section-height-default elementor-section-height-default\" data-id=\"bd83880\" data-element_type=\"section\" data-e-type=\"section\" data-settings=\"{&quot;background_background&quot;:&quot;classic&quot;}\">\n\t\t\t\t\t\t\t<div class=\"elementor-background-overlay\"><\/div>\n\t\t\t\t\t\t\t<div class=\"elementor-container elementor-column-gap-default\">\n\t\t\t\t\t<div class=\"elementor-column elementor-col-100 elementor-top-column elementor-element elementor-element-85d50b3\" data-id=\"85d50b3\" data-element_type=\"column\" data-e-type=\"column\">\n\t\t\t<div class=\"elementor-widget-wrap elementor-element-populated\">\n\t\t\t\t\t\t<div class=\"elementor-element elementor-element-09571ae elementor-widget elementor-widget-breadcrumbs\" data-id=\"09571ae\" data-element_type=\"widget\" data-e-type=\"widget\" data-widget_type=\"breadcrumbs.default\">\n\t\t\t\t<div class=\"elementor-widget-container\">\n\t\t\t\t\t<nav aria-label=\"breadcrumbs\" class=\"rank-math-breadcrumb\"><p><span class=\"last\">Home<\/span><\/p><\/nav>\t\t\t\t<\/div>\n\t\t\t\t<\/div>\n\t\t\t\t\t<\/div>\n\t\t<\/div>\n\t\t\t\t\t<\/div>\n\t\t<\/section>\n\t\t\t\t<section class=\"elementor-section elementor-top-section elementor-element elementor-element-553220c elementor-section-boxed elementor-section-height-default elementor-section-height-default\" data-id=\"553220c\" data-element_type=\"section\" data-e-type=\"section\" data-settings=\"{&quot;background_background&quot;:&quot;classic&quot;}\">\n\t\t\t\t\t\t<div class=\"elementor-container elementor-column-gap-default\">\n\t\t\t\t\t<div class=\"elementor-column elementor-col-100 elementor-top-column elementor-element elementor-element-f89abdd\" data-id=\"f89abdd\" data-element_type=\"column\" data-e-type=\"column\">\n\t\t\t<div class=\"elementor-widget-wrap elementor-element-populated\">\n\t\t\t\t\t\t<section class=\"elementor-section elementor-inner-section elementor-element elementor-element-baf1a79 elementor-section-boxed elementor-section-height-default elementor-section-height-default\" data-id=\"baf1a79\" data-element_type=\"section\" data-e-type=\"section\">\n\t\t\t\t\t\t<div class=\"elementor-container elementor-column-gap-wide\">\n\t\t\t\t\t<div class=\"elementor-column elementor-col-50 elementor-inner-column elementor-element elementor-element-7557595\" data-id=\"7557595\" data-element_type=\"column\" data-e-type=\"column\">\n\t\t\t<div class=\"elementor-widget-wrap elementor-element-populated\">\n\t\t\t\t\t\t<div class=\"elementor-element elementor-element-34d25f0 elementor-widget__width-initial elementor-widget elementor-widget-image\" data-id=\"34d25f0\" data-element_type=\"widget\" data-e-type=\"widget\" data-widget_type=\"image.default\">\n\t\t\t\t\t\t\t\t\t\t\t\t\t\t\t\t<a href=\"https:\/\/gervi.be\/fr\/marques\/endless-pools\/\">\n\t\t\t\t\t\t\t<img fetchpriority=\"high\" decoding=\"async\" width=\"1037\" height=\"437\" src=\"https:\/\/gervi.be\/wp-content\/uploads\/2024\/03\/Endless-Pools-Logo.png\" class=\"attachment-full size-full wp-image-20538\" alt=\"Endless Pools Logo\" srcset=\"https:\/\/gervi.be\/wp-content\/uploads\/2024\/03\/Endless-Pools-Logo.png 1037w, https:\/\/gervi.be\/wp-content\/uploads\/2024\/03\/Endless-Pools-Logo-300x126.png 300w, https:\/\/gervi.be\/wp-content\/uploads\/2024\/03\/Endless-Pools-Logo-1024x432.png 1024w, https:\/\/gervi.be\/wp-content\/uploads\/2024\/03\/Endless-Pools-Logo-768x324.png 768w\" sizes=\"(max-width: 1037px) 100vw, 1037px\" title=\"\">\t\t\t\t\t\t\t\t<\/a>\n\t\t\t\t\t\t\t\t\t\t\t\t\t\t\t<\/div>\n\t\t\t\t\t<\/div>\n\t\t<\/div>\n\t\t\t\t<div class=\"elementor-column elementor-col-50 elementor-inner-column elementor-element elementor-element-b38f276\" data-id=\"b38f276\" data-element_type=\"column\" data-e-type=\"column\">\n\t\t\t<div class=\"elementor-widget-wrap elementor-element-populated\">\n\t\t\t\t\t\t<div class=\"elementor-element elementor-element-c072845 elementor-widget elementor-widget-text-editor\" data-id=\"c072845\" data-element_type=\"widget\" data-e-type=\"widget\" data-widget_type=\"text-editor.default\">\n\t\t\t\t\t\t\t\t\t<p>Rester actif. S&#8217;amuser. Atteindre les objectifs de sant\u00e9.  <br \/>Les mod\u00e8les de la <strong>s\u00e9rie X<\/strong> de Endless Pools rendent tout cela possible. D\u00e9couvrez le <strong>flux Swimcross<\/strong> pour une <strong>r\u00e9sistance<\/strong> douce et <strong>variable<\/strong>. D\u00e9couvrez par vous-m\u00eame comment ces syst\u00e8mes d&#8217;entra\u00eenement surpassent de loin les autres spas de nage \u00e0 jets.<\/p>\n<p>La s\u00e9rie X est donc un choix parfait pour l&#8217;<strong>entra\u00eenement, la natation de loisir et les moments de qualit\u00e9<\/strong> en famille.<br \/>R\u00e9glez le d\u00e9bit du SwimCross avec les jets pour profiter, \u00e0 votre rythme, d&#8217;un bain revigorant.<br \/>la natation ou un entra\u00eenement de r\u00e9sistance \u00e0 faible impact ! Quatre jets vous permettent de rester au top<br \/>et obtenir une r\u00e9sistance <strong>sans turbulence de l&#8217;air<\/strong>. Vous obtenez ainsi le flux id\u00e9al avec les jets.<\/p>\n<p><a class=\"btn_meer_info elementor-button elementor-button-link elementor-size-sm\" href=\"#info_opvragen\">\r\n\t\t\t\t\t\t<span class=\"elementor-button-content-wrapper\">\r\n\t\t\t\t\t\t<span class=\"elementor-button-icon elementor-align-icon-right\">\r\n\t\t\t\t<i aria-hidden=\"true\" class=\"fas fa-info-circle\"><\/i>\t\t\t<\/span>\r\n\t\t\t\t\t\t<span class=\"elementor-button-text\">Plus d&#8217;information<\/span>\r\n\t\t<\/span>\r\n\t\t\t\t\t<\/a><\/p>\n\t\t\t\t\t\t\t\t<\/div>\n\t\t\t\t\t<\/div>\n\t\t<\/div>\n\t\t\t\t\t<\/div>\n\t\t<\/section>\n\t\t\t\t\t<\/div>\n\t\t<\/div>\n\t\t\t\t\t<\/div>\n\t\t<\/section>\n\t\t\t\t<section class=\"elementor-section elementor-top-section elementor-element elementor-element-62fdcc9 elementor-section-boxed elementor-section-height-default elementor-section-height-default\" data-id=\"62fdcc9\" data-element_type=\"section\" data-e-type=\"section\" data-settings=\"{&quot;background_background&quot;:&quot;classic&quot;}\">\n\t\t\t\t\t\t<div class=\"elementor-container elementor-column-gap-default\">\n\t\t\t\t\t<div class=\"elementor-column elementor-col-100 elementor-top-column elementor-element elementor-element-4c2339f\" data-id=\"4c2339f\" data-element_type=\"column\" data-e-type=\"column\">\n\t\t\t<div class=\"elementor-widget-wrap elementor-element-populated\">\n\t\t\t\t\t\t<div class=\"elementor-element elementor-element-9cc5915 elementor-widget elementor-widget-heading\" data-id=\"9cc5915\" data-element_type=\"widget\" data-e-type=\"widget\" data-widget_type=\"heading.default\">\n\t\t\t\t\t<h2 class=\"elementor-heading-title elementor-size-default\">Mod\u00e8les<\/h2>\t\t\t\t<\/div>\n\t\t\t\t<div class=\"elementor-element elementor-element-4041e9b elementor-grid-4 elementor-grid-tablet-3 elementor-grid-mobile-2 elementor-products-grid elementor-wc-products elementor-widget elementor-widget-woocommerce-products\" data-id=\"4041e9b\" data-element_type=\"widget\" data-e-type=\"widget\" data-widget_type=\"woocommerce-products.default\">\n\t\t\t\t<div class=\"elementor-widget-container\">\n\t\t\t\t\t<div class=\"woocommerce columns-4 \"><span class=\"wpfHidden\" data-shortcode-attribute=\"{&quot;limit&quot;:&quot;-1&quot;,&quot;columns&quot;:4,&quot;rows&quot;:4,&quot;orderby&quot;:&quot;&quot;,&quot;order&quot;:&quot;&quot;,&quot;ids&quot;:&quot;&quot;,&quot;skus&quot;:&quot;&quot;,&quot;category&quot;:&quot;&quot;,&quot;cat_operator&quot;:&quot;IN&quot;,&quot;attribute&quot;:&quot;&quot;,&quot;terms&quot;:&quot;&quot;,&quot;terms_operator&quot;:&quot;IN&quot;,&quot;tag&quot;:&quot;&quot;,&quot;tag_operator&quot;:&quot;IN&quot;,&quot;visibility&quot;:&quot;visible&quot;,&quot;class&quot;:&quot;&quot;,&quot;page&quot;:1,&quot;paginate&quot;:&quot;&quot;,&quot;cache&quot;:false}\"><\/span><ul class=\"products elementor-grid columns-4\">\n<li class=\"desktop-align-left tablet-align-left mobile-align-left product type-product post-13100 status-publish first instock product_cat-endless-pools product_cat-endless-pools-systemes-dexercice product_cat-spa-de-nage product_tag-a-contre-courant product_tag-cours-deau-de-natation product_tag-des-piscines-a-perte-de-vue product_tag-endless-pools-systemes-dexercice product_tag-gervi-fr product_tag-jetstream-fr product_tag-monobloc product_tag-natation product_tag-serie-x product_tag-spa-de-natation product_tag-swimspa-fr product_tag-systemes-dexercice product_tag-x500-fr has-post-thumbnail product-type-simple\">\n\t<a href=\"https:\/\/gervi.be\/fr\/produit\/x500\/\" class=\"woocommerce-LoopProduct-link woocommerce-loop-product__link\"><img decoding=\"async\" width=\"2000\" height=\"1500\" src=\"https:\/\/gervi.be\/wp-content\/uploads\/2023\/08\/X500-Endless-Pools-Swimspa-2000x1500.jpg\" class=\"attachment-woocommerce_thumbnail size-woocommerce_thumbnail\" alt=\"X500 - Piscines sans fin - Swimspa\" title=\"\"><h2 class=\"woocommerce-loop-product__title\">X500<\/h2>\n<\/a><a href=\"https:\/\/gervi.be\/fr\/produit\/x500\/\" aria-describedby=\"woocommerce_loop_add_to_cart_link_describedby_13100\" data-quantity=\"1\" class=\"button product_type_simple\" data-product_id=\"13100\" data-product_sku=\"846f9000e05b\" aria-label=\"En savoir plus sur &ldquo;X500&rdquo;\" rel=\"nofollow\" data-success_message=\"\">Lire la suite<\/a>\t<span id=\"woocommerce_loop_add_to_cart_link_describedby_13100\" class=\"screen-reader-text\">\n\t\t\t<\/span>\n<span class=\"gtm4wp_productdata\" style=\"display:none; visibility:hidden;\" data-gtm4wp_product_data=\"{&quot;internal_id&quot;:13100,&quot;item_id&quot;:13100,&quot;item_name&quot;:&quot;X500&quot;,&quot;sku&quot;:&quot;846f9000e05b&quot;,&quot;price&quot;:0,&quot;stocklevel&quot;:null,&quot;stockstatus&quot;:&quot;instock&quot;,&quot;google_business_vertical&quot;:&quot;retail&quot;,&quot;item_category&quot;:&quot;Endless Pools Syst\\u00e8mes d&#039;exercice&quot;,&quot;id&quot;:13100,&quot;productlink&quot;:&quot;https:\\\/\\\/gervi.be\\\/fr\\\/produit\\\/x500\\\/&quot;,&quot;item_list_name&quot;:&quot;Liste g\\u00e9n\\u00e9rale des produits&quot;,&quot;index&quot;:1,&quot;product_type&quot;:&quot;simple&quot;,&quot;item_brand&quot;:&quot;&quot;}\"><\/span><\/li>\n<li class=\"desktop-align-left tablet-align-left mobile-align-left product type-product post-13091 status-publish instock product_cat-endless-pools product_cat-endless-pools-systemes-dexercice product_cat-spa-de-nage product_tag-a-contre-courant product_tag-cours-deau-de-natation product_tag-des-piscines-a-perte-de-vue product_tag-duoblock-fr product_tag-endless-pools-systemes-dexercice product_tag-gervi-fr product_tag-jetstream-fr product_tag-natation product_tag-serie-x product_tag-spa-de-natation product_tag-swimspa-fr product_tag-systemes-dexercice product_tag-x2000-fr has-post-thumbnail product-type-simple\">\n\t<a href=\"https:\/\/gervi.be\/fr\/produit\/x2000\/\" class=\"woocommerce-LoopProduct-link woocommerce-loop-product__link\"><img decoding=\"async\" width=\"2000\" height=\"1500\" src=\"https:\/\/gervi.be\/wp-content\/uploads\/2023\/08\/X2000-Endless-Pools-Swimspa-2000x1500.jpg\" class=\"attachment-woocommerce_thumbnail size-woocommerce_thumbnail\" alt=\"X2000 - Piscines sans fin - Swimspa\" title=\"\"><h2 class=\"woocommerce-loop-product__title\">X2000<\/h2>\n<\/a><a href=\"https:\/\/gervi.be\/fr\/produit\/x2000\/\" aria-describedby=\"woocommerce_loop_add_to_cart_link_describedby_13091\" data-quantity=\"1\" class=\"button product_type_simple\" data-product_id=\"13091\" data-product_sku=\"19cb3b753ba0\" aria-label=\"En savoir plus sur &ldquo;X2000&rdquo;\" rel=\"nofollow\" data-success_message=\"\">Lire la suite<\/a>\t<span id=\"woocommerce_loop_add_to_cart_link_describedby_13091\" class=\"screen-reader-text\">\n\t\t\t<\/span>\n<span class=\"gtm4wp_productdata\" style=\"display:none; visibility:hidden;\" data-gtm4wp_product_data=\"{&quot;internal_id&quot;:13091,&quot;item_id&quot;:13091,&quot;item_name&quot;:&quot;X2000&quot;,&quot;sku&quot;:&quot;19cb3b753ba0&quot;,&quot;price&quot;:0,&quot;stocklevel&quot;:null,&quot;stockstatus&quot;:&quot;instock&quot;,&quot;google_business_vertical&quot;:&quot;retail&quot;,&quot;item_category&quot;:&quot;Endless Pools Syst\\u00e8mes d&#039;exercice&quot;,&quot;id&quot;:13091,&quot;productlink&quot;:&quot;https:\\\/\\\/gervi.be\\\/fr\\\/produit\\\/x2000\\\/&quot;,&quot;item_list_name&quot;:&quot;Liste g\\u00e9n\\u00e9rale des produits&quot;,&quot;index&quot;:2,&quot;product_type&quot;:&quot;simple&quot;,&quot;item_brand&quot;:&quot;&quot;}\"><\/span><\/li>\n<\/ul>\n<\/div>\t\t\t\t<\/div>\n\t\t\t\t<\/div>\n\t\t\t\t\t<\/div>\n\t\t<\/div>\n\t\t\t\t\t<\/div>\n\t\t<\/section>\n\t\t\t\t<\/div>\n\t\t","protected":false},"excerpt":{"rendered":"<p>Home Rester actif. S&#8217;amuser. Atteindre les objectifs de sant\u00e9. Les mod\u00e8les de la s\u00e9rie X de Endless Pools rendent tout cela possible. D\u00e9couvrez le flux Swimcross pour une r\u00e9sistance douce et variable. D\u00e9couvrez par vous-m\u00eame comment ces syst\u00e8mes d&#8217;entra\u00eenement surpassent de loin les autres spas de nage \u00e0 jets. La s\u00e9rie X est donc un [&hellip;]<\/p>\n","protected":false},"author":23,"featured_media":21578,"parent":20547,"menu_order":0,"comment_status":"closed","ping_status":"closed","template":"","meta":{"_acf_changed":false,"_uag_custom_page_level_css":"","site-sidebar-layout":"no-sidebar","site-content-layout":"page-builder","ast-site-content-layout":"full-width-container","site-content-style":"default","site-sidebar-style":"default","ast-global-header-display":"","ast-banner-title-visibility":"","ast-main-header-display":"","ast-hfb-above-header-display":"","ast-hfb-below-header-display":"","ast-hfb-mobile-header-display":"","site-post-title":"disabled","ast-breadcrumbs-content":"","ast-featured-img":"disabled","footer-sml-layout":"","ast-disable-related-posts":"","theme-transparent-header-meta":"default","adv-header-id-meta":"","stick-header-meta":"","header-above-stick-meta":"","header-main-stick-meta":"","header-below-stick-meta":"","astra-migrate-meta-layouts":"set","ast-page-background-enabled":"default","ast-page-background-meta":{"desktop":{"background-color":"","background-image":"","background-repeat":"repeat","background-position":"center center","background-size":"auto","background-attachment":"scroll","background-type":"","background-media":"","overlay-type":"","overlay-color":"","overlay-opacity":"","overlay-gradient":""},"tablet":{"background-color":"","background-image":"","background-repeat":"repeat","background-position":"center center","background-size":"auto","background-attachment":"scroll","background-type":"","background-media":"","overlay-type":"","overlay-color":"","overlay-opacity":"","overlay-gradient":""},"mobile":{"background-color":"","background-image":"","background-repeat":"repeat","background-position":"center center","background-size":"auto","background-attachment":"scroll","background-type":"","background-media":"","overlay-type":"","overlay-color":"","overlay-opacity":"","overlay-gradient":""}},"ast-content-background-meta":{"desktop":{"background-color":"var(--ast-global-color-5)","background-image":"","background-repeat":"repeat","background-position":"center center","background-size":"auto","background-attachment":"scroll","background-type":"","background-media":"","overlay-type":"","overlay-color":"","overlay-opacity":"","overlay-gradient":""},"tablet":{"background-color":"var(--ast-global-color-5)","background-image":"","background-repeat":"repeat","background-position":"center center","background-size":"auto","background-attachment":"scroll","background-type":"","background-media":"","overlay-type":"","overlay-color":"","overlay-opacity":"","overlay-gradient":""},"mobile":{"background-color":"var(--ast-global-color-5)","background-image":"","background-repeat":"repeat","background-position":"center center","background-size":"auto","background-attachment":"scroll","background-type":"","background-media":"","overlay-type":"","overlay-color":"","overlay-opacity":"","overlay-gradient":""}},"footnotes":""},"class_list":["post-21893","page","type-page","status-publish","has-post-thumbnail","hentry"],"acf":[],"uagb_featured_image_src":{"full":["https:\/\/gervi.be\/wp-content\/uploads\/2024\/04\/Endless-Pools-X500-Zwemspa-Gervi.png",1000,564,false],"thumbnail":["https:\/\/gervi.be\/wp-content\/uploads\/2024\/04\/Endless-Pools-X500-Zwemspa-Gervi-150x150.png",150,150,true],"medium":["https:\/\/gervi.be\/wp-content\/uploads\/2024\/04\/Endless-Pools-X500-Zwemspa-Gervi-300x169.png",300,169,true],"medium_large":["https:\/\/gervi.be\/wp-content\/uploads\/2024\/04\/Endless-Pools-X500-Zwemspa-Gervi-768x433.png",768,433,true],"large":["https:\/\/gervi.be\/wp-content\/uploads\/2024\/04\/Endless-Pools-X500-Zwemspa-Gervi.png",1000,564,false],"1536x1536":["https:\/\/gervi.be\/wp-content\/uploads\/2024\/04\/Endless-Pools-X500-Zwemspa-Gervi.png",1000,564,false],"2048x2048":["https:\/\/gervi.be\/wp-content\/uploads\/2024\/04\/Endless-Pools-X500-Zwemspa-Gervi.png",1000,564,false],"woocommerce_thumbnail":["https:\/\/gervi.be\/wp-content\/uploads\/2024\/04\/Endless-Pools-X500-Zwemspa-Gervi.png",1000,564,false],"woocommerce_single":["https:\/\/gervi.be\/wp-content\/uploads\/2024\/04\/Endless-Pools-X500-Zwemspa-Gervi.png",1000,564,false],"woocommerce_gallery_thumbnail":["https:\/\/gervi.be\/wp-content\/uploads\/2024\/04\/Endless-Pools-X500-Zwemspa-Gervi-100x100.png",100,100,true],"dgwt-wcas-product-suggestion":["https:\/\/gervi.be\/wp-content\/uploads\/2024\/04\/Endless-Pools-X500-Zwemspa-Gervi.png",64,36,false]},"uagb_author_info":{"display_name":"Marjolein Nijs","author_link":"https:\/\/gervi.be\/fr\/author\/marjolein-nijs\/"},"uagb_comment_info":0,"uagb_excerpt":"Home Rester actif. S&#8217;amuser. Atteindre les objectifs de sant\u00e9. Les mod\u00e8les de la s\u00e9rie X de Endless Pools rendent tout cela possible. D\u00e9couvrez le flux Swimcross pour une r\u00e9sistance douce et variable. D\u00e9couvrez par vous-m\u00eame comment ces syst\u00e8mes d&#8217;entra\u00eenement surpassent de loin les autres spas de nage \u00e0 jets. La s\u00e9rie X est donc un\u2026","_links":{"self":[{"href":"https:\/\/gervi.be\/fr\/wp-json\/wp\/v2\/pages\/21893","targetHints":{"allow":["GET"]}}],"collection":[{"href":"https:\/\/gervi.be\/fr\/wp-json\/wp\/v2\/pages"}],"about":[{"href":"https:\/\/gervi.be\/fr\/wp-json\/wp\/v2\/types\/page"}],"author":[{"embeddable":true,"href":"https:\/\/gervi.be\/fr\/wp-json\/wp\/v2\/users\/23"}],"replies":[{"embeddable":true,"href":"https:\/\/gervi.be\/fr\/wp-json\/wp\/v2\/comments?post=21893"}],"version-history":[{"count":0,"href":"https:\/\/gervi.be\/fr\/wp-json\/wp\/v2\/pages\/21893\/revisions"}],"up":[{"embeddable":true,"href":"https:\/\/gervi.be\/fr\/wp-json\/wp\/v2\/pages\/20547"}],"wp:featuredmedia":[{"embeddable":true,"href":"https:\/\/gervi.be\/fr\/wp-json\/wp\/v2\/media\/21578"}],"wp:attachment":[{"href":"https:\/\/gervi.be\/fr\/wp-json\/wp\/v2\/media?parent=21893"}],"curies":[{"name":"wp","href":"https:\/\/api.w.org\/{rel}","templated":true}]}}