{"id":21651,"date":"2024-04-26T11:11:17","date_gmt":"2024-04-26T11:11:17","guid":{"rendered":"https:\/\/gervi.be\/serie-e-systemes-de-remise-en-forme-endless-pools\/"},"modified":"2024-05-06T13:25:24","modified_gmt":"2024-05-06T13:25:24","slug":"serie-e-endless-pools-fitness-systems","status":"publish","type":"page","link":"https:\/\/gervi.be\/fr\/zwemspa\/modeles-de-spas-de-nage\/serie-e-endless-pools-fitness-systems\/","title":{"rendered":"S\u00e9rie E Endless Pools Fitness Systems"},"content":{"rendered":"\t\t<div data-elementor-type=\"wp-page\" data-elementor-id=\"21651\" class=\"elementor elementor-21651 elementor-21646\" data-elementor-post-type=\"page\">\n\t\t\t\t\t\t<section class=\"elementor-section elementor-top-section elementor-element elementor-element-bd83880 elementor-section-boxed elementor-section-height-default elementor-section-height-default\" data-id=\"bd83880\" data-element_type=\"section\" data-e-type=\"section\" data-settings=\"{&quot;background_background&quot;:&quot;classic&quot;}\">\n\t\t\t\t\t\t\t<div class=\"elementor-background-overlay\"><\/div>\n\t\t\t\t\t\t\t<div class=\"elementor-container elementor-column-gap-default\">\n\t\t\t\t\t<div class=\"elementor-column elementor-col-100 elementor-top-column elementor-element elementor-element-85d50b3\" data-id=\"85d50b3\" data-element_type=\"column\" data-e-type=\"column\">\n\t\t\t<div class=\"elementor-widget-wrap elementor-element-populated\">\n\t\t\t\t\t\t<div class=\"elementor-element elementor-element-09571ae elementor-widget elementor-widget-breadcrumbs\" data-id=\"09571ae\" data-element_type=\"widget\" data-e-type=\"widget\" data-widget_type=\"breadcrumbs.default\">\n\t\t\t\t<div class=\"elementor-widget-container\">\n\t\t\t\t\t<nav aria-label=\"breadcrumbs\" class=\"rank-math-breadcrumb\"><p><span class=\"last\">Home<\/span><\/p><\/nav>\t\t\t\t<\/div>\n\t\t\t\t<\/div>\n\t\t\t\t\t<\/div>\n\t\t<\/div>\n\t\t\t\t\t<\/div>\n\t\t<\/section>\n\t\t\t\t<section class=\"elementor-section elementor-top-section elementor-element elementor-element-553220c elementor-section-boxed elementor-section-height-default elementor-section-height-default\" data-id=\"553220c\" data-element_type=\"section\" data-e-type=\"section\" data-settings=\"{&quot;background_background&quot;:&quot;classic&quot;}\">\n\t\t\t\t\t\t<div class=\"elementor-container elementor-column-gap-default\">\n\t\t\t\t\t<div class=\"elementor-column elementor-col-100 elementor-top-column elementor-element elementor-element-f89abdd\" data-id=\"f89abdd\" data-element_type=\"column\" data-e-type=\"column\">\n\t\t\t<div class=\"elementor-widget-wrap elementor-element-populated\">\n\t\t\t\t\t\t<section class=\"elementor-section elementor-inner-section elementor-element elementor-element-baf1a79 elementor-section-boxed elementor-section-height-default elementor-section-height-default\" data-id=\"baf1a79\" data-element_type=\"section\" data-e-type=\"section\">\n\t\t\t\t\t\t<div class=\"elementor-container elementor-column-gap-wide\">\n\t\t\t\t\t<div class=\"elementor-column elementor-col-50 elementor-inner-column elementor-element elementor-element-7557595\" data-id=\"7557595\" data-element_type=\"column\" data-e-type=\"column\">\n\t\t\t<div class=\"elementor-widget-wrap elementor-element-populated\">\n\t\t\t\t\t\t<div class=\"elementor-element elementor-element-34d25f0 elementor-widget__width-initial elementor-widget elementor-widget-image\" data-id=\"34d25f0\" data-element_type=\"widget\" data-e-type=\"widget\" data-widget_type=\"image.default\">\n\t\t\t\t\t\t\t\t\t\t\t\t\t\t\t<img fetchpriority=\"high\" decoding=\"async\" width=\"1037\" height=\"437\" src=\"https:\/\/gervi.be\/wp-content\/uploads\/2024\/03\/Endless-Pools-Logo.png\" class=\"attachment-full size-full wp-image-20538\" alt=\"Endless Pools Logo\" srcset=\"https:\/\/gervi.be\/wp-content\/uploads\/2024\/03\/Endless-Pools-Logo.png 1037w, https:\/\/gervi.be\/wp-content\/uploads\/2024\/03\/Endless-Pools-Logo-300x126.png 300w, https:\/\/gervi.be\/wp-content\/uploads\/2024\/03\/Endless-Pools-Logo-1024x432.png 1024w, https:\/\/gervi.be\/wp-content\/uploads\/2024\/03\/Endless-Pools-Logo-768x324.png 768w\" sizes=\"(max-width: 1037px) 100vw, 1037px\" title=\"\">\t\t\t\t\t\t\t\t\t\t\t\t\t\t\t<\/div>\n\t\t\t\t\t<\/div>\n\t\t<\/div>\n\t\t\t\t<div class=\"elementor-column elementor-col-50 elementor-inner-column elementor-element elementor-element-b38f276\" data-id=\"b38f276\" data-element_type=\"column\" data-e-type=\"column\">\n\t\t\t<div class=\"elementor-widget-wrap elementor-element-populated\">\n\t\t\t\t\t\t<div class=\"elementor-element elementor-element-c072845 elementor-widget elementor-widget-text-editor\" data-id=\"c072845\" data-element_type=\"widget\" data-e-type=\"widget\" data-widget_type=\"text-editor.default\">\n\t\t\t\t\t\t\t\t\t<p>Qu&#8217;est-ce qui distingue les spas de nage de la <strong>s\u00e9rie E de la<\/strong> concurrence ? Le <strong>courant de r\u00e9sistance Hydrodrive<\/strong>, in\u00e9gal\u00e9 et brevet\u00e9. Souple, puissant et adaptable \u00e0 l&#8217;infini pour la natation, l&#8217;exercice et le plaisir actif.  <br \/>En plus de la technologie \u00e9lectrique exclusive, il y a les <strong>luxueux si\u00e8ges d&#8217;hydromassage<\/strong>, l&#8217;armoire \u00e9l\u00e9gante et tous les extras. Toute la famille appr\u00e9ciera la commodit\u00e9 et la libert\u00e9 de rester active ensemble, de se d\u00e9tendre ensemble et de cr\u00e9er des souvenirs inoubliables.<\/p>\n\t\t\t\t\t\t\t\t<\/div>\n\t\t\t\t\t<\/div>\n\t\t<\/div>\n\t\t\t\t\t<\/div>\n\t\t<\/section>\n\t\t\t\t\t<\/div>\n\t\t<\/div>\n\t\t\t\t\t<\/div>\n\t\t<\/section>\n\t\t\t\t<section class=\"elementor-section elementor-top-section elementor-element elementor-element-9f4a666 elementor-section-boxed elementor-section-height-default elementor-section-height-default\" data-id=\"9f4a666\" data-element_type=\"section\" data-e-type=\"section\" data-settings=\"{&quot;background_background&quot;:&quot;classic&quot;}\">\n\t\t\t\t\t\t<div class=\"elementor-container elementor-column-gap-default\">\n\t\t\t\t\t<div class=\"elementor-column elementor-col-100 elementor-top-column elementor-element elementor-element-9bfb290\" data-id=\"9bfb290\" data-element_type=\"column\" data-e-type=\"column\">\n\t\t\t<div class=\"elementor-widget-wrap elementor-element-populated\">\n\t\t\t\t\t\t<div class=\"elementor-element elementor-element-0ef537b elementor-widget elementor-widget-heading\" data-id=\"0ef537b\" data-element_type=\"widget\" data-e-type=\"widget\" data-widget_type=\"heading.default\">\n\t\t\t\t\t<h2 class=\"elementor-heading-title elementor-size-default\">Mod\u00e8les<\/h2>\t\t\t\t<\/div>\n\t\t\t\t<div class=\"elementor-element elementor-element-f021d4b elementor-grid-4 elementor-grid-tablet-3 elementor-grid-mobile-2 elementor-products-grid elementor-wc-products elementor-widget elementor-widget-woocommerce-products\" data-id=\"f021d4b\" data-element_type=\"widget\" data-e-type=\"widget\" data-widget_type=\"woocommerce-products.default\">\n\t\t\t\t<div class=\"elementor-widget-container\">\n\t\t\t\t\t<div class=\"woocommerce columns-4 \"><span class=\"wpfHidden\" data-shortcode-attribute=\"{&quot;limit&quot;:&quot;-1&quot;,&quot;columns&quot;:4,&quot;rows&quot;:4,&quot;orderby&quot;:&quot;&quot;,&quot;order&quot;:&quot;&quot;,&quot;ids&quot;:&quot;&quot;,&quot;skus&quot;:&quot;&quot;,&quot;category&quot;:&quot;&quot;,&quot;cat_operator&quot;:&quot;IN&quot;,&quot;attribute&quot;:&quot;&quot;,&quot;terms&quot;:&quot;&quot;,&quot;terms_operator&quot;:&quot;IN&quot;,&quot;tag&quot;:&quot;&quot;,&quot;tag_operator&quot;:&quot;IN&quot;,&quot;visibility&quot;:&quot;visible&quot;,&quot;class&quot;:&quot;&quot;,&quot;page&quot;:1,&quot;paginate&quot;:&quot;&quot;,&quot;cache&quot;:false}\"><\/span><ul class=\"products elementor-grid columns-4\">\n<li class=\"desktop-align-left tablet-align-left mobile-align-left product type-product post-13115 status-publish first instock product_cat-endless-pools product_cat-endless-pools-fitness-systems-fr product_cat-spa-de-nage product_tag-a-contre-courant product_tag-cours-deau-de-natation product_tag-des-piscines-a-perte-de-vue product_tag-e700-fr product_tag-endless-pools-fitness-systems-fr product_tag-gervi-fr product_tag-jetstream-fr product_tag-monobloc product_tag-natation product_tag-serie-e product_tag-spa-de-natation product_tag-swimspa-fr product_tag-systemes-de-remise-en-forme has-post-thumbnail product-type-simple\">\n\t<a href=\"https:\/\/gervi.be\/fr\/produit\/e700\/\" class=\"woocommerce-LoopProduct-link woocommerce-loop-product__link\"><img decoding=\"async\" width=\"2000\" height=\"1500\" src=\"https:\/\/gervi.be\/wp-content\/uploads\/2023\/08\/E700-Endless-Pools-2000x1500.jpg\" class=\"attachment-woocommerce_thumbnail size-woocommerce_thumbnail\" alt=\"E700 - Piscines sans fin\" title=\"\"><h2 class=\"woocommerce-loop-product__title\">E700<\/h2>\n<\/a><a href=\"https:\/\/gervi.be\/fr\/produit\/e700\/\" aria-describedby=\"woocommerce_loop_add_to_cart_link_describedby_13115\" data-quantity=\"1\" class=\"button product_type_simple\" data-product_id=\"13115\" data-product_sku=\"dd17e795ecfe\" aria-label=\"En savoir plus sur &ldquo;E700&rdquo;\" rel=\"nofollow\" data-success_message=\"\">Lire la suite<\/a>\t<span id=\"woocommerce_loop_add_to_cart_link_describedby_13115\" class=\"screen-reader-text\">\n\t\t\t<\/span>\n<span class=\"gtm4wp_productdata\" style=\"display:none; visibility:hidden;\" data-gtm4wp_product_data=\"{&quot;internal_id&quot;:13115,&quot;item_id&quot;:13115,&quot;item_name&quot;:&quot;E700&quot;,&quot;sku&quot;:&quot;dd17e795ecfe&quot;,&quot;price&quot;:0,&quot;stocklevel&quot;:null,&quot;stockstatus&quot;:&quot;instock&quot;,&quot;google_business_vertical&quot;:&quot;retail&quot;,&quot;item_category&quot;:&quot;Endless Pools Fitness Systems&quot;,&quot;id&quot;:13115,&quot;productlink&quot;:&quot;https:\\\/\\\/gervi.be\\\/fr\\\/produit\\\/e700\\\/&quot;,&quot;item_list_name&quot;:&quot;Liste g\\u00e9n\\u00e9rale des produits&quot;,&quot;index&quot;:1,&quot;product_type&quot;:&quot;simple&quot;,&quot;item_brand&quot;:&quot;&quot;}\"><\/span><\/li>\n<li class=\"desktop-align-left tablet-align-left mobile-align-left product type-product post-13107 status-publish instock product_cat-endless-pools product_cat-endless-pools-fitness-systems-fr product_cat-spa-de-nage product_tag-a-contre-courant product_tag-cours-deau-de-natation product_tag-des-piscines-a-perte-de-vue product_tag-e550-fr product_tag-endless-pools-fitness-systems-fr product_tag-gervi-fr product_tag-jetstream-fr product_tag-monobloc product_tag-natation product_tag-serie-e product_tag-spa-de-natation product_tag-swimspa-fr product_tag-systemes-de-remise-en-forme has-post-thumbnail product-type-simple\">\n\t<a href=\"https:\/\/gervi.be\/fr\/produit\/e550\/\" class=\"woocommerce-LoopProduct-link woocommerce-loop-product__link\"><img decoding=\"async\" width=\"2000\" height=\"1500\" src=\"https:\/\/gervi.be\/wp-content\/uploads\/2023\/08\/E550-Endless-Pools-Zwemspa-1-2000x1500.jpg\" class=\"attachment-woocommerce_thumbnail size-woocommerce_thumbnail\" alt=\"E550 - Endless Pools - Spa de nage\" title=\"\"><h2 class=\"woocommerce-loop-product__title\">E550<\/h2>\n<\/a><a href=\"https:\/\/gervi.be\/fr\/produit\/e550\/\" aria-describedby=\"woocommerce_loop_add_to_cart_link_describedby_13107\" data-quantity=\"1\" class=\"button product_type_simple\" data-product_id=\"13107\" data-product_sku=\"5810c4fd3775\" aria-label=\"En savoir plus sur &ldquo;E550&rdquo;\" rel=\"nofollow\" data-success_message=\"\">Lire la suite<\/a>\t<span id=\"woocommerce_loop_add_to_cart_link_describedby_13107\" class=\"screen-reader-text\">\n\t\t\t<\/span>\n<span class=\"gtm4wp_productdata\" style=\"display:none; visibility:hidden;\" data-gtm4wp_product_data=\"{&quot;internal_id&quot;:13107,&quot;item_id&quot;:13107,&quot;item_name&quot;:&quot;E550&quot;,&quot;sku&quot;:&quot;5810c4fd3775&quot;,&quot;price&quot;:0,&quot;stocklevel&quot;:null,&quot;stockstatus&quot;:&quot;instock&quot;,&quot;google_business_vertical&quot;:&quot;retail&quot;,&quot;item_category&quot;:&quot;Endless Pools Fitness Systems&quot;,&quot;id&quot;:13107,&quot;productlink&quot;:&quot;https:\\\/\\\/gervi.be\\\/fr\\\/produit\\\/e550\\\/&quot;,&quot;item_list_name&quot;:&quot;Liste g\\u00e9n\\u00e9rale des produits&quot;,&quot;index&quot;:2,&quot;product_type&quot;:&quot;simple&quot;,&quot;item_brand&quot;:&quot;&quot;}\"><\/span><\/li>\n<li class=\"desktop-align-left tablet-align-left mobile-align-left product type-product post-13097 status-publish instock product_cat-endless-pools product_cat-endless-pools-fitness-systems-fr product_cat-spa-de-nage product_tag-a-contre-courant product_tag-cours-deau-de-natation product_tag-des-piscines-a-perte-de-vue product_tag-duoblock-fr product_tag-e2000-fr product_tag-endless-pools-fitness-systems-fr product_tag-gervi-fr product_tag-jetstream-fr product_tag-natation product_tag-serie-e product_tag-spa-de-natation product_tag-swimspa-fr product_tag-systemes-de-remise-en-forme has-post-thumbnail product-type-simple\">\n\t<a href=\"https:\/\/gervi.be\/fr\/produit\/e2000\/\" class=\"woocommerce-LoopProduct-link woocommerce-loop-product__link\"><img loading=\"lazy\" decoding=\"async\" width=\"2000\" height=\"1500\" src=\"https:\/\/gervi.be\/wp-content\/uploads\/2023\/08\/E2000-Endless-Pools-2000x1500.jpg\" class=\"attachment-woocommerce_thumbnail size-woocommerce_thumbnail\" alt=\"E2000 - Piscines sans fin\" title=\"\"><h2 class=\"woocommerce-loop-product__title\">E2000<\/h2>\n<\/a><a href=\"https:\/\/gervi.be\/fr\/produit\/e2000\/\" aria-describedby=\"woocommerce_loop_add_to_cart_link_describedby_13097\" data-quantity=\"1\" class=\"button product_type_simple\" data-product_id=\"13097\" data-product_sku=\"d4b4da0222a4\" aria-label=\"En savoir plus sur &ldquo;E2000&rdquo;\" rel=\"nofollow\" data-success_message=\"\">Lire la suite<\/a>\t<span id=\"woocommerce_loop_add_to_cart_link_describedby_13097\" class=\"screen-reader-text\">\n\t\t\t<\/span>\n<span class=\"gtm4wp_productdata\" style=\"display:none; visibility:hidden;\" data-gtm4wp_product_data=\"{&quot;internal_id&quot;:13097,&quot;item_id&quot;:13097,&quot;item_name&quot;:&quot;E2000&quot;,&quot;sku&quot;:&quot;d4b4da0222a4&quot;,&quot;price&quot;:0,&quot;stocklevel&quot;:null,&quot;stockstatus&quot;:&quot;instock&quot;,&quot;google_business_vertical&quot;:&quot;retail&quot;,&quot;item_category&quot;:&quot;Endless Pools Fitness Systems&quot;,&quot;id&quot;:13097,&quot;productlink&quot;:&quot;https:\\\/\\\/gervi.be\\\/fr\\\/produit\\\/e2000\\\/&quot;,&quot;item_list_name&quot;:&quot;Liste g\\u00e9n\\u00e9rale des produits&quot;,&quot;index&quot;:3,&quot;product_type&quot;:&quot;simple&quot;,&quot;item_brand&quot;:&quot;&quot;}\"><\/span><\/li>\n<li class=\"desktop-align-left tablet-align-left mobile-align-left product type-product post-13084 status-publish last instock product_cat-endless-pools product_cat-endless-pools-fitness-systems-fr product_cat-spa-de-nage product_tag-a-contre-courant product_tag-cours-deau-de-natation product_tag-des-piscines-a-perte-de-vue product_tag-e500-fr product_tag-endless-pools-fitness-systems-fr product_tag-gervi-fr product_tag-jetstream-fr product_tag-monobloc product_tag-natation product_tag-serie-e product_tag-spa-de-natation product_tag-swimspa-fr product_tag-systemes-de-remise-en-forme has-post-thumbnail product-type-simple\">\n\t<a href=\"https:\/\/gervi.be\/fr\/produit\/e500\/\" class=\"woocommerce-LoopProduct-link woocommerce-loop-product__link\"><img loading=\"lazy\" decoding=\"async\" width=\"2000\" height=\"1500\" src=\"https:\/\/gervi.be\/wp-content\/uploads\/2023\/08\/E500-Endless-Pools-1-2000x1500.jpg\" class=\"attachment-woocommerce_thumbnail size-woocommerce_thumbnail\" alt=\"E500 - Piscines sans fin\" title=\"\"><h2 class=\"woocommerce-loop-product__title\">E500<\/h2>\n<\/a><a href=\"https:\/\/gervi.be\/fr\/produit\/e500\/\" aria-describedby=\"woocommerce_loop_add_to_cart_link_describedby_13084\" data-quantity=\"1\" class=\"button product_type_simple\" data-product_id=\"13084\" data-product_sku=\"0df5b1fdc684\" aria-label=\"En savoir plus sur &ldquo;E500&rdquo;\" rel=\"nofollow\" data-success_message=\"\">Lire la suite<\/a>\t<span id=\"woocommerce_loop_add_to_cart_link_describedby_13084\" class=\"screen-reader-text\">\n\t\t\t<\/span>\n<span class=\"gtm4wp_productdata\" style=\"display:none; visibility:hidden;\" data-gtm4wp_product_data=\"{&quot;internal_id&quot;:13084,&quot;item_id&quot;:13084,&quot;item_name&quot;:&quot;E500&quot;,&quot;sku&quot;:&quot;0df5b1fdc684&quot;,&quot;price&quot;:0,&quot;stocklevel&quot;:null,&quot;stockstatus&quot;:&quot;instock&quot;,&quot;google_business_vertical&quot;:&quot;retail&quot;,&quot;item_category&quot;:&quot;Endless Pools Fitness Systems&quot;,&quot;id&quot;:13084,&quot;productlink&quot;:&quot;https:\\\/\\\/gervi.be\\\/fr\\\/produit\\\/e500\\\/&quot;,&quot;item_list_name&quot;:&quot;Liste g\\u00e9n\\u00e9rale des produits&quot;,&quot;index&quot;:4,&quot;product_type&quot;:&quot;simple&quot;,&quot;item_brand&quot;:&quot;&quot;}\"><\/span><\/li>\n<\/ul>\n<\/div>\t\t\t\t<\/div>\n\t\t\t\t<\/div>\n\t\t\t\t\t<\/div>\n\t\t<\/div>\n\t\t\t\t\t<\/div>\n\t\t<\/section>\n\t\t\t\t<\/div>\n\t\t","protected":false},"excerpt":{"rendered":"<p>Home Qu&#8217;est-ce qui distingue les spas de nage de la s\u00e9rie E de la concurrence ? Le courant de r\u00e9sistance Hydrodrive, in\u00e9gal\u00e9 et brevet\u00e9. Souple, puissant et adaptable \u00e0 l&#8217;infini pour la natation, l&#8217;exercice et le plaisir actif. En plus de la technologie \u00e9lectrique exclusive, il y a les luxueux si\u00e8ges d&#8217;hydromassage, l&#8217;armoire \u00e9l\u00e9gante et [&hellip;]<\/p>\n","protected":false},"author":23,"featured_media":21576,"parent":20547,"menu_order":0,"comment_status":"closed","ping_status":"closed","template":"","meta":{"_acf_changed":false,"_uag_custom_page_level_css":"","site-sidebar-layout":"no-sidebar","site-content-layout":"page-builder","ast-site-content-layout":"full-width-container","site-content-style":"default","site-sidebar-style":"default","ast-global-header-display":"","ast-banner-title-visibility":"","ast-main-header-display":"","ast-hfb-above-header-display":"","ast-hfb-below-header-display":"","ast-hfb-mobile-header-display":"","site-post-title":"disabled","ast-breadcrumbs-content":"","ast-featured-img":"disabled","footer-sml-layout":"","ast-disable-related-posts":"","theme-transparent-header-meta":"default","adv-header-id-meta":"","stick-header-meta":"","header-above-stick-meta":"","header-main-stick-meta":"","header-below-stick-meta":"","astra-migrate-meta-layouts":"set","ast-page-background-enabled":"default","ast-page-background-meta":{"desktop":{"background-color":"","background-image":"","background-repeat":"repeat","background-position":"center center","background-size":"auto","background-attachment":"scroll","background-type":"","background-media":"","overlay-type":"","overlay-color":"","overlay-opacity":"","overlay-gradient":""},"tablet":{"background-color":"","background-image":"","background-repeat":"repeat","background-position":"center center","background-size":"auto","background-attachment":"scroll","background-type":"","background-media":"","overlay-type":"","overlay-color":"","overlay-opacity":"","overlay-gradient":""},"mobile":{"background-color":"","background-image":"","background-repeat":"repeat","background-position":"center center","background-size":"auto","background-attachment":"scroll","background-type":"","background-media":"","overlay-type":"","overlay-color":"","overlay-opacity":"","overlay-gradient":""}},"ast-content-background-meta":{"desktop":{"background-color":"var(--ast-global-color-5)","background-image":"","background-repeat":"repeat","background-position":"center center","background-size":"auto","background-attachment":"scroll","background-type":"","background-media":"","overlay-type":"","overlay-color":"","overlay-opacity":"","overlay-gradient":""},"tablet":{"background-color":"var(--ast-global-color-5)","background-image":"","background-repeat":"repeat","background-position":"center center","background-size":"auto","background-attachment":"scroll","background-type":"","background-media":"","overlay-type":"","overlay-color":"","overlay-opacity":"","overlay-gradient":""},"mobile":{"background-color":"var(--ast-global-color-5)","background-image":"","background-repeat":"repeat","background-position":"center center","background-size":"auto","background-attachment":"scroll","background-type":"","background-media":"","overlay-type":"","overlay-color":"","overlay-opacity":"","overlay-gradient":""}},"footnotes":""},"class_list":["post-21651","page","type-page","status-publish","has-post-thumbnail","hentry"],"acf":[],"uagb_featured_image_src":{"full":["https:\/\/gervi.be\/wp-content\/uploads\/2024\/04\/Endless-Pools-E550-Zwemspa-Gervi.png",1000,564,false],"thumbnail":["https:\/\/gervi.be\/wp-content\/uploads\/2024\/04\/Endless-Pools-E550-Zwemspa-Gervi-150x150.png",150,150,true],"medium":["https:\/\/gervi.be\/wp-content\/uploads\/2024\/04\/Endless-Pools-E550-Zwemspa-Gervi-300x169.png",300,169,true],"medium_large":["https:\/\/gervi.be\/wp-content\/uploads\/2024\/04\/Endless-Pools-E550-Zwemspa-Gervi-768x433.png",768,433,true],"large":["https:\/\/gervi.be\/wp-content\/uploads\/2024\/04\/Endless-Pools-E550-Zwemspa-Gervi.png",1000,564,false],"1536x1536":["https:\/\/gervi.be\/wp-content\/uploads\/2024\/04\/Endless-Pools-E550-Zwemspa-Gervi.png",1000,564,false],"2048x2048":["https:\/\/gervi.be\/wp-content\/uploads\/2024\/04\/Endless-Pools-E550-Zwemspa-Gervi.png",1000,564,false],"woocommerce_thumbnail":["https:\/\/gervi.be\/wp-content\/uploads\/2024\/04\/Endless-Pools-E550-Zwemspa-Gervi.png",1000,564,false],"woocommerce_single":["https:\/\/gervi.be\/wp-content\/uploads\/2024\/04\/Endless-Pools-E550-Zwemspa-Gervi.png",1000,564,false],"woocommerce_gallery_thumbnail":["https:\/\/gervi.be\/wp-content\/uploads\/2024\/04\/Endless-Pools-E550-Zwemspa-Gervi-100x100.png",100,100,true],"dgwt-wcas-product-suggestion":["https:\/\/gervi.be\/wp-content\/uploads\/2024\/04\/Endless-Pools-E550-Zwemspa-Gervi.png",64,36,false]},"uagb_author_info":{"display_name":"Marjolein Nijs","author_link":"https:\/\/gervi.be\/fr\/author\/marjolein-nijs\/"},"uagb_comment_info":0,"uagb_excerpt":"Home Qu&#8217;est-ce qui distingue les spas de nage de la s\u00e9rie E de la concurrence ? Le courant de r\u00e9sistance Hydrodrive, in\u00e9gal\u00e9 et brevet\u00e9. Souple, puissant et adaptable \u00e0 l&#8217;infini pour la natation, l&#8217;exercice et le plaisir actif. En plus de la technologie \u00e9lectrique exclusive, il y a les luxueux si\u00e8ges d&#8217;hydromassage, l&#8217;armoire \u00e9l\u00e9gante et\u2026","_links":{"self":[{"href":"https:\/\/gervi.be\/fr\/wp-json\/wp\/v2\/pages\/21651","targetHints":{"allow":["GET"]}}],"collection":[{"href":"https:\/\/gervi.be\/fr\/wp-json\/wp\/v2\/pages"}],"about":[{"href":"https:\/\/gervi.be\/fr\/wp-json\/wp\/v2\/types\/page"}],"author":[{"embeddable":true,"href":"https:\/\/gervi.be\/fr\/wp-json\/wp\/v2\/users\/23"}],"replies":[{"embeddable":true,"href":"https:\/\/gervi.be\/fr\/wp-json\/wp\/v2\/comments?post=21651"}],"version-history":[{"count":0,"href":"https:\/\/gervi.be\/fr\/wp-json\/wp\/v2\/pages\/21651\/revisions"}],"up":[{"embeddable":true,"href":"https:\/\/gervi.be\/fr\/wp-json\/wp\/v2\/pages\/20547"}],"wp:featuredmedia":[{"embeddable":true,"href":"https:\/\/gervi.be\/fr\/wp-json\/wp\/v2\/media\/21576"}],"wp:attachment":[{"href":"https:\/\/gervi.be\/fr\/wp-json\/wp\/v2\/media?parent=21651"}],"curies":[{"name":"wp","href":"https:\/\/api.w.org\/{rel}","templated":true}]}}