{"id":17838,"date":"2023-12-16T14:11:29","date_gmt":"2023-12-16T14:11:29","guid":{"rendered":"https:\/\/gervi.be\/produit\/"},"modified":"2023-12-17T09:00:29","modified_gmt":"2023-12-17T09:00:29","slug":"produit","status":"publish","type":"page","link":"https:\/\/gervi.be\/fr\/produit\/","title":{"rendered":"Produit"},"content":{"rendered":"\t\t<div data-elementor-type=\"wp-page\" data-elementor-id=\"17838\" class=\"elementor elementor-17838\" wpc-filter-elementor-widget=\"1\" data-elementor-post-type=\"page\">\n\t\t\t\t\t\t<section class=\"elementor-section elementor-top-section elementor-element elementor-element-32a6235 elementor-section-boxed elementor-section-height-default elementor-section-height-default\" data-id=\"32a6235\" data-element_type=\"section\" data-e-type=\"section\" data-settings=\"{&quot;background_background&quot;:&quot;classic&quot;}\">\n\t\t\t\t\t\t\t<div class=\"elementor-background-overlay\"><\/div>\n\t\t\t\t\t\t\t<div class=\"elementor-container elementor-column-gap-default\">\n\t\t\t\t\t<div class=\"elementor-column elementor-col-100 elementor-top-column elementor-element elementor-element-6ba732b\" data-id=\"6ba732b\" data-element_type=\"column\" data-e-type=\"column\">\n\t\t\t<div class=\"elementor-widget-wrap elementor-element-populated\">\n\t\t\t\t\t\t<div class=\"elementor-element elementor-element-54644aa elementor-widget elementor-widget-breadcrumbs\" data-id=\"54644aa\" data-element_type=\"widget\" data-e-type=\"widget\" data-widget_type=\"breadcrumbs.default\">\n\t\t\t\t<div class=\"elementor-widget-container\">\n\t\t\t\t\t<nav aria-label=\"breadcrumbs\" class=\"rank-math-breadcrumb\"><p><span class=\"last\">Home<\/span><\/p><\/nav>\t\t\t\t<\/div>\n\t\t\t\t<\/div>\n\t\t\t\t\t<\/div>\n\t\t<\/div>\n\t\t\t\t\t<\/div>\n\t\t<\/section>\n\t\t\t\t<section class=\"elementor-section elementor-top-section elementor-element elementor-element-9515b86 elementor-section-boxed elementor-section-height-default elementor-section-height-default\" data-id=\"9515b86\" data-element_type=\"section\" data-e-type=\"section\" data-settings=\"{&quot;background_background&quot;:&quot;classic&quot;}\">\n\t\t\t\t\t\t<div class=\"elementor-container elementor-column-gap-default\">\n\t\t\t\t\t<div class=\"elementor-column elementor-col-100 elementor-top-column elementor-element elementor-element-9ebf6c1\" data-id=\"9ebf6c1\" data-element_type=\"column\" data-e-type=\"column\">\n\t\t\t<div class=\"elementor-widget-wrap elementor-element-populated\">\n\t\t\t\t\t\t<div class=\"elementor-element elementor-element-6f3d8fa elementor-grid-5 elementor-grid-tablet-3 elementor-grid-mobile-2 elementor-products-grid elementor-wc-products elementor-widget elementor-widget-wc-categories\" data-id=\"6f3d8fa\" data-element_type=\"widget\" data-e-type=\"widget\" data-widget_type=\"wc-categories.default\">\n\t\t\t\t\t<div class=\"woocommerce columns-5\"><ul class=\"products elementor-grid columns-5\">\n<li class=\"product-category product first\">\n\t<a aria-label=\"Acc\u00e9der \u00e0 la cat\u00e9gorie de produits Limelight\" href=\"https:\/\/gervi.be\/fr\/product-categorie\/jacuzzi-fr\/collections\/limelight-fr\/\"><img fetchpriority=\"high\" decoding=\"async\" src=\"https:\/\/gervi.be\/wp-content\/uploads\/2023\/12\/Limelight-HotSpring-Spa-2000x1500.jpg\" alt=\"Limelight\" width=\"2000\" height=\"1500\" title=\"\">\t\t<h2 class=\"woocommerce-loop-category__title\">\n\t\t\tLimelight\t\t<\/h2>\n\t\t<\/a><\/li>\n<li class=\"product-category product\">\n\t<a aria-label=\"Acc\u00e9der \u00e0 la cat\u00e9gorie de produits Hotspot\" href=\"https:\/\/gervi.be\/fr\/product-categorie\/jacuzzi-fr\/collections\/hotspot\/\"><img decoding=\"async\" src=\"https:\/\/gervi.be\/wp-content\/uploads\/2023\/12\/Hotspot-HotSpring-Spa-2000x1500.jpg\" alt=\"Hotspot\" width=\"2000\" height=\"1500\" title=\"\">\t\t<h2 class=\"woocommerce-loop-category__title\">\n\t\t\tHotspot\t\t<\/h2>\n\t\t<\/a><\/li>\n<li class=\"product-category product\">\n\t<a aria-label=\"Acc\u00e9der \u00e0 la cat\u00e9gorie de produits Highlife\" href=\"https:\/\/gervi.be\/fr\/product-categorie\/jacuzzi-fr\/collections\/highlife-fr\/\"><img decoding=\"async\" src=\"https:\/\/gervi.be\/wp-content\/uploads\/2023\/12\/Highlife-HotSpring-Spa-2000x1500.jpg\" alt=\"Highlife\" width=\"2000\" height=\"1500\" title=\"\">\t\t<h2 class=\"woocommerce-loop-category__title\">\n\t\t\tHighlife<mark class=\"count\">1 produit<\/mark>\t\t<\/h2>\n\t\t<\/a><\/li>\n<li class=\"product-category product\">\n\t<a aria-label=\"Acc\u00e9der \u00e0 la cat\u00e9gorie de produits Freeflow Premier\" href=\"https:\/\/gervi.be\/fr\/product-categorie\/jacuzzi-fr\/collections\/freeflow-premier\/\"><img loading=\"lazy\" decoding=\"async\" src=\"https:\/\/gervi.be\/wp-content\/uploads\/2023\/12\/Freeflow-Premier-HotSpring-Spa-2000x1500.jpg\" alt=\"Freeflow Premier\" width=\"2000\" height=\"1500\" title=\"\">\t\t<h2 class=\"woocommerce-loop-category__title\">\n\t\t\tFreeflow Premier\t\t<\/h2>\n\t\t<\/a><\/li>\n<li class=\"product-category product last\">\n\t<a aria-label=\"Acc\u00e9der \u00e0 la cat\u00e9gorie de produits Freeflow\" href=\"https:\/\/gervi.be\/fr\/product-categorie\/jacuzzi-fr\/collections\/freeflow\/\"><img loading=\"lazy\" decoding=\"async\" src=\"https:\/\/gervi.be\/wp-content\/uploads\/2023\/12\/Freeflow-HotSpring-Spa-2000x1500.jpg\" alt=\"Freeflow\" width=\"2000\" height=\"1500\" title=\"\">\t\t<h2 class=\"woocommerce-loop-category__title\">\n\t\t\tFreeflow\t\t<\/h2>\n\t\t<\/a><\/li>\n<\/ul>\n<\/div>\t\t\t\t<\/div>\n\t\t\t\t<div class=\"elementor-element elementor-element-8048823 elementor-grid-3 elementor-product-loop-item--align-center elementor-grid-tablet-3 elementor-grid-mobile-2 elementor-products-grid elementor-wc-products elementor-widget elementor-widget-woocommerce-products\" data-id=\"8048823\" data-element_type=\"widget\" data-e-type=\"widget\" data-widget_type=\"woocommerce-products.default\">\n\t\t\t\t<div class=\"elementor-widget-container\">\n\t\t\t\t\t<div class=\"woocommerce columns-3 \"><ul class=\"products elementor-grid columns-3\">\n<li class=\"desktop-align-left tablet-align-left mobile-align-left product type-product post-14609 status-publish first instock product_cat-chaise-de-jardin product_cat-meubles-de-jardin has-post-thumbnail featured product-type-simple\">\n\t<a href=\"https:\/\/gervi.be\/fr\/produit\/zebre\/\" class=\"woocommerce-LoopProduct-link woocommerce-loop-product__link\"><img loading=\"lazy\" decoding=\"async\" width=\"789\" height=\"789\" src=\"https:\/\/gervi.be\/wp-content\/uploads\/2023\/08\/Zebra.webp\" class=\"attachment-woocommerce_thumbnail size-woocommerce_thumbnail\" alt=\"ZEBRA\" srcset=\"https:\/\/gervi.be\/wp-content\/uploads\/2023\/08\/Zebra.webp 789w, https:\/\/gervi.be\/wp-content\/uploads\/2023\/08\/Zebra-100x100.webp 100w, https:\/\/gervi.be\/wp-content\/uploads\/2023\/08\/Zebra-300x300.webp 300w, https:\/\/gervi.be\/wp-content\/uploads\/2023\/08\/Zebra-150x150.webp 150w, https:\/\/gervi.be\/wp-content\/uploads\/2023\/08\/Zebra-768x768.webp 768w\" sizes=\"(max-width: 789px) 100vw, 789px\" title=\"\"><h2 class=\"woocommerce-loop-product__title\">ZEBRA<\/h2>\n<\/a><a href=\"https:\/\/gervi.be\/fr\/produit\/zebre\/\" aria-describedby=\"woocommerce_loop_add_to_cart_link_describedby_14609\" data-quantity=\"1\" class=\"button product_type_simple\" data-product_id=\"14609\" data-product_sku=\"b5af9f720c3e\" aria-label=\"En savoir plus sur &ldquo;ZEBRA&rdquo;\" rel=\"nofollow\" data-success_message=\"\">Lire la suite<\/a>\t<span id=\"woocommerce_loop_add_to_cart_link_describedby_14609\" class=\"screen-reader-text\">\n\t\t\t<\/span>\n<span class=\"gtm4wp_productdata\" style=\"display:none; visibility:hidden;\" data-gtm4wp_product_data=\"{&quot;internal_id&quot;:14609,&quot;item_id&quot;:14609,&quot;item_name&quot;:&quot;ZEBRA&quot;,&quot;sku&quot;:&quot;b5af9f720c3e&quot;,&quot;price&quot;:0,&quot;stocklevel&quot;:null,&quot;stockstatus&quot;:&quot;instock&quot;,&quot;google_business_vertical&quot;:&quot;retail&quot;,&quot;item_category&quot;:&quot;Chaise de jardin&quot;,&quot;id&quot;:14609,&quot;productlink&quot;:&quot;https:\\\/\\\/gervi.be\\\/fr\\\/produit\\\/zebre\\\/&quot;,&quot;item_list_name&quot;:&quot;Liste g\\u00e9n\\u00e9rale des produits&quot;,&quot;index&quot;:1,&quot;product_type&quot;:&quot;simple&quot;,&quot;item_brand&quot;:&quot;&quot;}\"><\/span><\/li>\n<li class=\"desktop-align-left tablet-align-left mobile-align-left product type-product post-13718 status-publish instock product_cat-cabine-infrarouge product_cat-modeles product_cat-triosol has-post-thumbnail featured product-type-simple\">\n\t<a href=\"https:\/\/gervi.be\/fr\/produit\/triosol-verre-145\/\" class=\"woocommerce-LoopProduct-link woocommerce-loop-product__link\"><img loading=\"lazy\" decoding=\"async\" width=\"300\" height=\"300\" src=\"https:\/\/gervi.be\/wp-content\/uploads\/2023\/08\/nr3Triosolglas145espe-300x300.jpg\" class=\"attachment-woocommerce_thumbnail size-woocommerce_thumbnail\" alt=\"TrioSol Glass 145\" srcset=\"https:\/\/gervi.be\/wp-content\/uploads\/2023\/08\/nr3Triosolglas145espe-300x300.jpg 300w, https:\/\/gervi.be\/wp-content\/uploads\/2023\/08\/nr3Triosolglas145espe-100x100.jpg 100w, https:\/\/gervi.be\/wp-content\/uploads\/2023\/08\/nr3Triosolglas145espe-150x150.jpg 150w\" sizes=\"(max-width: 300px) 100vw, 300px\" title=\"\"><h2 class=\"woocommerce-loop-product__title\">TrioSol Glass 145<\/h2>\n<\/a><a href=\"https:\/\/gervi.be\/fr\/produit\/triosol-verre-145\/\" aria-describedby=\"woocommerce_loop_add_to_cart_link_describedby_13718\" data-quantity=\"1\" class=\"button product_type_simple\" data-product_id=\"13718\" data-product_sku=\"3b3f2e54ede8\" aria-label=\"En savoir plus sur &ldquo;TrioSol Glass 145&rdquo;\" rel=\"nofollow\" data-success_message=\"\">Lire la suite<\/a>\t<span id=\"woocommerce_loop_add_to_cart_link_describedby_13718\" class=\"screen-reader-text\">\n\t\t\t<\/span>\n<span class=\"gtm4wp_productdata\" style=\"display:none; visibility:hidden;\" data-gtm4wp_product_data=\"{&quot;internal_id&quot;:13718,&quot;item_id&quot;:13718,&quot;item_name&quot;:&quot;TrioSol Glass 145&quot;,&quot;sku&quot;:&quot;3b3f2e54ede8&quot;,&quot;price&quot;:0,&quot;stocklevel&quot;:null,&quot;stockstatus&quot;:&quot;instock&quot;,&quot;google_business_vertical&quot;:&quot;retail&quot;,&quot;item_category&quot;:&quot;TrioSol&quot;,&quot;id&quot;:13718,&quot;productlink&quot;:&quot;https:\\\/\\\/gervi.be\\\/fr\\\/produit\\\/triosol-verre-145\\\/&quot;,&quot;item_list_name&quot;:&quot;Liste g\\u00e9n\\u00e9rale des produits&quot;,&quot;index&quot;:2,&quot;product_type&quot;:&quot;simple&quot;,&quot;item_brand&quot;:&quot;&quot;}\"><\/span><\/li>\n<li class=\"desktop-align-left tablet-align-left mobile-align-left product type-product post-13632 status-publish last instock product_cat-endless-pools product_cat-piscines-modulaires product_cat-spa-de-nage product_tag-a-contre-courant product_tag-des-piscines-a-perte-de-vue product_tag-ensemble-performance product_tag-flux product_tag-forfait-cross-trainer product_tag-forfait-endless-pools-select product_tag-forfait-waterwell-select product_tag-gervi-fr product_tag-jetstream-fr product_tag-modulaire product_tag-natation product_tag-paquet-essentiel-pour-les-piscines-sans-fin product_tag-piscine product_tag-piscine-modulaire product_tag-piscine-modulaire-sans-fin product_tag-spa-de-natation product_tag-swimspa-fr product_tag-systeme-a-contre-courant has-post-thumbnail featured product-type-simple\">\n\t<a href=\"https:\/\/gervi.be\/fr\/produit\/modular-pool-endless-pools\/\" class=\"woocommerce-LoopProduct-link woocommerce-loop-product__link\"><img loading=\"lazy\" decoding=\"async\" width=\"2000\" height=\"1500\" src=\"https:\/\/gervi.be\/wp-content\/uploads\/2023\/08\/Modular-Endless-Pools-zwembad-Gervi-1-2000x1500.jpg\" class=\"attachment-woocommerce_thumbnail size-woocommerce_thumbnail\" alt=\"Piscines modulaires sans fin - piscine - Gervi\" title=\"\"><h2 class=\"woocommerce-loop-product__title\">Piscine modulaire sans fin<\/h2>\n<\/a><a href=\"https:\/\/gervi.be\/fr\/produit\/modular-pool-endless-pools\/\" aria-describedby=\"woocommerce_loop_add_to_cart_link_describedby_13632\" data-quantity=\"1\" class=\"button product_type_simple\" data-product_id=\"13632\" data-product_sku=\"ecd71658a3ee\" aria-label=\"En savoir plus sur &ldquo;Piscine modulaire sans fin&rdquo;\" rel=\"nofollow\" data-success_message=\"\">Lire la suite<\/a>\t<span id=\"woocommerce_loop_add_to_cart_link_describedby_13632\" class=\"screen-reader-text\">\n\t\t\t<\/span>\n<span class=\"gtm4wp_productdata\" style=\"display:none; visibility:hidden;\" data-gtm4wp_product_data=\"{&quot;internal_id&quot;:13632,&quot;item_id&quot;:13632,&quot;item_name&quot;:&quot;Piscine modulaire sans fin&quot;,&quot;sku&quot;:&quot;ecd71658a3ee&quot;,&quot;price&quot;:0,&quot;stocklevel&quot;:null,&quot;stockstatus&quot;:&quot;instock&quot;,&quot;google_business_vertical&quot;:&quot;retail&quot;,&quot;item_category&quot;:&quot;Piscines modulaires&quot;,&quot;id&quot;:13632,&quot;productlink&quot;:&quot;https:\\\/\\\/gervi.be\\\/fr\\\/produit\\\/modular-pool-endless-pools\\\/&quot;,&quot;item_list_name&quot;:&quot;Liste g\\u00e9n\\u00e9rale des produits&quot;,&quot;index&quot;:3,&quot;product_type&quot;:&quot;simple&quot;,&quot;item_brand&quot;:&quot;&quot;}\"><\/span><\/li>\n<li class=\"desktop-align-left tablet-align-left mobile-align-left product type-product post-13370 status-publish first instock product_cat-hetki product_cat-sauna-fr has-post-thumbnail featured product-type-simple\">\n\t<a href=\"https:\/\/gervi.be\/fr\/produit\/hetki-sauna\/\" class=\"woocommerce-LoopProduct-link woocommerce-loop-product__link\"><img loading=\"lazy\" decoding=\"async\" width=\"1200\" height=\"1200\" src=\"https:\/\/gervi.be\/wp-content\/uploads\/2023\/08\/Hetki-Sauna-Tauko-Pause-Gervi.jpg\" class=\"attachment-woocommerce_thumbnail size-woocommerce_thumbnail\" alt=\"[Pause] Sauna Hetki - Tauko - Gervi\" srcset=\"https:\/\/gervi.be\/wp-content\/uploads\/2023\/08\/Hetki-Sauna-Tauko-Pause-Gervi.jpg 1200w, https:\/\/gervi.be\/wp-content\/uploads\/2023\/08\/Hetki-Sauna-Tauko-Pause-Gervi-100x100.jpg 100w, https:\/\/gervi.be\/wp-content\/uploads\/2023\/08\/Hetki-Sauna-Tauko-Pause-Gervi-300x300.jpg 300w, https:\/\/gervi.be\/wp-content\/uploads\/2023\/08\/Hetki-Sauna-Tauko-Pause-Gervi-1024x1024.jpg 1024w, https:\/\/gervi.be\/wp-content\/uploads\/2023\/08\/Hetki-Sauna-Tauko-Pause-Gervi-150x150.jpg 150w, https:\/\/gervi.be\/wp-content\/uploads\/2023\/08\/Hetki-Sauna-Tauko-Pause-Gervi-768x768.jpg 768w\" sizes=\"(max-width: 1200px) 100vw, 1200px\" title=\"\"><h2 class=\"woocommerce-loop-product__title\">Hetki Sauna<\/h2>\n<\/a><a href=\"https:\/\/gervi.be\/fr\/produit\/hetki-sauna\/\" aria-describedby=\"woocommerce_loop_add_to_cart_link_describedby_13370\" data-quantity=\"1\" class=\"button product_type_simple\" data-product_id=\"13370\" data-product_sku=\"955833c318b7\" aria-label=\"En savoir plus sur &ldquo;Hetki Sauna&rdquo;\" rel=\"nofollow\" data-success_message=\"\">Lire la suite<\/a>\t<span id=\"woocommerce_loop_add_to_cart_link_describedby_13370\" class=\"screen-reader-text\">\n\t\t\t<\/span>\n<span class=\"gtm4wp_productdata\" style=\"display:none; visibility:hidden;\" data-gtm4wp_product_data=\"{&quot;internal_id&quot;:13370,&quot;item_id&quot;:13370,&quot;item_name&quot;:&quot;Hetki Sauna&quot;,&quot;sku&quot;:&quot;955833c318b7&quot;,&quot;price&quot;:0,&quot;stocklevel&quot;:null,&quot;stockstatus&quot;:&quot;instock&quot;,&quot;google_business_vertical&quot;:&quot;retail&quot;,&quot;item_category&quot;:&quot;Hetki&quot;,&quot;id&quot;:13370,&quot;productlink&quot;:&quot;https:\\\/\\\/gervi.be\\\/fr\\\/produit\\\/hetki-sauna\\\/&quot;,&quot;item_list_name&quot;:&quot;Liste g\\u00e9n\\u00e9rale des produits&quot;,&quot;index&quot;:4,&quot;product_type&quot;:&quot;simple&quot;,&quot;item_brand&quot;:&quot;&quot;}\"><\/span><\/li>\n<li class=\"desktop-align-left tablet-align-left mobile-align-left product type-product post-13423 status-publish instock product_cat-couvertures product_cat-jacuzzi-fr product_tag-accessoires-pour-le-spa product_tag-avantages-de-la-couverture-thermale product_tag-couvercle-a-lepreuve-des-enfants product_tag-couvercle-de-spa-avec-elevateur product_tag-couverture-de-spa product_tag-couverture-de-spa-durable-fr product_tag-couverture-de-spa-legere product_tag-couverture-de-spa-robuste product_tag-couverture-de-spa-securisee product_tag-couvertures-de-spa product_tag-couvertures-de-spa-hotspring product_tag-economiser-lenergie product_tag-entretien-du-spa product_tag-explorez-votre-style-de-vie-fr product_tag-facile-a-ouvrir product_tag-gervi-fr product_tag-housse-de-spa-resistante-aux-intemperies product_tag-isolation-du-spa product_tag-lefficacite-energetique product_tag-materiaux-durables product_tag-prolonger-la-duree-de-vie-du-spa product_tag-protection-contre-la-pluie-et-la-neige product_tag-protection-contre-la-salete product_tag-protection-des-animaux-domestiques product_tag-protection-du-spa product_tag-qualite-de-leau-du-spa product_tag-reduire-les-couts-energetiques product_tag-resistant-aux-uv product_tag-retention-de-la-chaleur has-post-thumbnail featured product-type-simple\">\n\t<a href=\"https:\/\/gervi.be\/fr\/produit\/lumiere\/\" class=\"woocommerce-LoopProduct-link woocommerce-loop-product__link\"><img loading=\"lazy\" decoding=\"async\" width=\"300\" height=\"300\" src=\"https:\/\/gervi.be\/wp-content\/uploads\/2023\/08\/nr3HotSpringLimelight2018BeamArticWhiteCostalGrayLifestyleLiftnGlideCoverlifter-300x300.jpg\" class=\"attachment-woocommerce_thumbnail size-woocommerce_thumbnail\" alt=\"une femme ouvre un spa hotspring\" srcset=\"https:\/\/gervi.be\/wp-content\/uploads\/2023\/08\/nr3HotSpringLimelight2018BeamArticWhiteCostalGrayLifestyleLiftnGlideCoverlifter-300x300.jpg 300w, https:\/\/gervi.be\/wp-content\/uploads\/2023\/08\/nr3HotSpringLimelight2018BeamArticWhiteCostalGrayLifestyleLiftnGlideCoverlifter-100x100.jpg 100w, https:\/\/gervi.be\/wp-content\/uploads\/2023\/08\/nr3HotSpringLimelight2018BeamArticWhiteCostalGrayLifestyleLiftnGlideCoverlifter-150x150.jpg 150w\" sizes=\"(max-width: 300px) 100vw, 300px\" title=\"\"><h2 class=\"woocommerce-loop-product__title\">Couverture Limelight<\/h2>\n<\/a><a href=\"https:\/\/gervi.be\/fr\/produit\/lumiere\/\" aria-describedby=\"woocommerce_loop_add_to_cart_link_describedby_13423\" data-quantity=\"1\" class=\"button product_type_simple\" data-product_id=\"13423\" data-product_sku=\"943781d52c48\" aria-label=\"En savoir plus sur &ldquo;Couverture Limelight&rdquo;\" rel=\"nofollow\" data-success_message=\"\">Lire la suite<\/a>\t<span id=\"woocommerce_loop_add_to_cart_link_describedby_13423\" class=\"screen-reader-text\">\n\t\t\t<\/span>\n<span class=\"gtm4wp_productdata\" style=\"display:none; visibility:hidden;\" data-gtm4wp_product_data=\"{&quot;internal_id&quot;:13423,&quot;item_id&quot;:13423,&quot;item_name&quot;:&quot;Couverture Limelight&quot;,&quot;sku&quot;:&quot;943781d52c48&quot;,&quot;price&quot;:0,&quot;stocklevel&quot;:null,&quot;stockstatus&quot;:&quot;instock&quot;,&quot;google_business_vertical&quot;:&quot;retail&quot;,&quot;item_category&quot;:&quot;Couvertures&quot;,&quot;id&quot;:13423,&quot;productlink&quot;:&quot;https:\\\/\\\/gervi.be\\\/fr\\\/produit\\\/lumiere\\\/&quot;,&quot;item_list_name&quot;:&quot;Liste g\\u00e9n\\u00e9rale des produits&quot;,&quot;index&quot;:5,&quot;product_type&quot;:&quot;simple&quot;,&quot;item_brand&quot;:&quot;&quot;}\"><\/span><\/li>\n<\/ul>\n<\/div>\t\t\t\t<\/div>\n\t\t\t\t<\/div>\n\t\t\t\t\t<\/div>\n\t\t<\/div>\n\t\t\t\t\t<\/div>\n\t\t<\/section>\n\t\t\t\t<\/div>\n\t\t","protected":false},"excerpt":{"rendered":"<p>Home<\/p>\n","protected":false},"author":23,"featured_media":0,"parent":0,"menu_order":0,"comment_status":"closed","ping_status":"closed","template":"","meta":{"_acf_changed":false,"_uag_custom_page_level_css":"","site-sidebar-layout":"no-sidebar","site-content-layout":"page-builder","ast-site-content-layout":"full-width-container","site-content-style":"default","site-sidebar-style":"default","ast-global-header-display":"","ast-banner-title-visibility":"","ast-main-header-display":"","ast-hfb-above-header-display":"","ast-hfb-below-header-display":"","ast-hfb-mobile-header-display":"","site-post-title":"disabled","ast-breadcrumbs-content":"","ast-featured-img":"disabled","footer-sml-layout":"","ast-disable-related-posts":"","theme-transparent-header-meta":"default","adv-header-id-meta":"","stick-header-meta":"","header-above-stick-meta":"","header-main-stick-meta":"","header-below-stick-meta":"","astra-migrate-meta-layouts":"set","ast-page-background-enabled":"default","ast-page-background-meta":{"desktop":{"background-color":"","background-image":"","background-repeat":"repeat","background-position":"center center","background-size":"auto","background-attachment":"scroll","background-type":"","background-media":"","overlay-type":"","overlay-color":"","overlay-opacity":"","overlay-gradient":""},"tablet":{"background-color":"","background-image":"","background-repeat":"repeat","background-position":"center center","background-size":"auto","background-attachment":"scroll","background-type":"","background-media":"","overlay-type":"","overlay-color":"","overlay-opacity":"","overlay-gradient":""},"mobile":{"background-color":"","background-image":"","background-repeat":"repeat","background-position":"center center","background-size":"auto","background-attachment":"scroll","background-type":"","background-media":"","overlay-type":"","overlay-color":"","overlay-opacity":"","overlay-gradient":""}},"ast-content-background-meta":{"desktop":{"background-color":"var(--ast-global-color-5)","background-image":"","background-repeat":"repeat","background-position":"center center","background-size":"auto","background-attachment":"scroll","background-type":"","background-media":"","overlay-type":"","overlay-color":"","overlay-opacity":"","overlay-gradient":""},"tablet":{"background-color":"var(--ast-global-color-5)","background-image":"","background-repeat":"repeat","background-position":"center center","background-size":"auto","background-attachment":"scroll","background-type":"","background-media":"","overlay-type":"","overlay-color":"","overlay-opacity":"","overlay-gradient":""},"mobile":{"background-color":"var(--ast-global-color-5)","background-image":"","background-repeat":"repeat","background-position":"center center","background-size":"auto","background-attachment":"scroll","background-type":"","background-media":"","overlay-type":"","overlay-color":"","overlay-opacity":"","overlay-gradient":""}},"footnotes":""},"class_list":["post-17838","page","type-page","status-publish","hentry"],"acf":[],"uagb_featured_image_src":{"full":false,"thumbnail":false,"medium":false,"medium_large":false,"large":false,"1536x1536":false,"2048x2048":false,"woocommerce_thumbnail":false,"woocommerce_single":false,"woocommerce_gallery_thumbnail":false},"uagb_author_info":{"display_name":"Marjolein Nijs","author_link":"https:\/\/gervi.be\/fr\/author\/marjolein-nijs\/"},"uagb_comment_info":0,"uagb_excerpt":"Home","_links":{"self":[{"href":"https:\/\/gervi.be\/fr\/wp-json\/wp\/v2\/pages\/17838","targetHints":{"allow":["GET"]}}],"collection":[{"href":"https:\/\/gervi.be\/fr\/wp-json\/wp\/v2\/pages"}],"about":[{"href":"https:\/\/gervi.be\/fr\/wp-json\/wp\/v2\/types\/page"}],"author":[{"embeddable":true,"href":"https:\/\/gervi.be\/fr\/wp-json\/wp\/v2\/users\/23"}],"replies":[{"embeddable":true,"href":"https:\/\/gervi.be\/fr\/wp-json\/wp\/v2\/comments?post=17838"}],"version-history":[{"count":0,"href":"https:\/\/gervi.be\/fr\/wp-json\/wp\/v2\/pages\/17838\/revisions"}],"wp:attachment":[{"href":"https:\/\/gervi.be\/fr\/wp-json\/wp\/v2\/media?parent=17838"}],"curies":[{"name":"wp","href":"https:\/\/api.w.org\/{rel}","templated":true}]}}