{"id":12302,"date":"2023-08-30T13:30:00","date_gmt":"2023-08-30T13:30:00","guid":{"rendered":"https:\/\/gervi.be\/service\/que-pouvez-vous-faire-vous-meme\/"},"modified":"2023-11-14T12:32:14","modified_gmt":"2023-11-14T12:32:14","slug":"que-pouvez-vous-faire-vous-meme","status":"publish","type":"page","link":"https:\/\/gervi.be\/fr\/service\/que-pouvez-vous-faire-vous-meme\/","title":{"rendered":"Que pouvez-vous faire vous-m\u00eame ?"},"content":{"rendered":"\t\t<div data-elementor-type=\"wp-page\" data-elementor-id=\"12302\" class=\"elementor elementor-12302 elementor-7081\" data-elementor-post-type=\"page\">\n\t\t\t\t\t\t<section class=\"elementor-section elementor-top-section elementor-element elementor-element-9e51909 elementor-section-boxed elementor-section-height-default elementor-section-height-default\" data-id=\"9e51909\" data-element_type=\"section\" data-e-type=\"section\" data-settings=\"{&quot;background_background&quot;:&quot;classic&quot;}\">\n\t\t\t\t\t\t<div class=\"elementor-container elementor-column-gap-default\">\n\t\t\t\t\t<div class=\"elementor-column elementor-col-100 elementor-top-column elementor-element elementor-element-ee924ad\" data-id=\"ee924ad\" data-element_type=\"column\" data-e-type=\"column\">\n\t\t\t<div class=\"elementor-widget-wrap elementor-element-populated\">\n\t\t\t\t\t\t<section class=\"elementor-section elementor-inner-section elementor-element elementor-element-9db4efd elementor-section-boxed elementor-section-height-default elementor-section-height-default\" data-id=\"9db4efd\" data-element_type=\"section\" data-e-type=\"section\">\n\t\t\t\t\t\t<div class=\"elementor-container elementor-column-gap-default\">\n\t\t\t\t\t<div class=\"elementor-column elementor-col-50 elementor-inner-column elementor-element elementor-element-fc63491\" data-id=\"fc63491\" data-element_type=\"column\" data-e-type=\"column\" data-settings=\"{&quot;background_background&quot;:&quot;classic&quot;}\">\n\t\t\t<div class=\"elementor-widget-wrap elementor-element-populated\">\n\t\t\t\t\t\t<div class=\"elementor-element elementor-element-dfcb237 main-titel elementor-widget elementor-widget-heading\" data-id=\"dfcb237\" data-element_type=\"widget\" data-e-type=\"widget\" data-widget_type=\"heading.default\">\n\t\t\t\t\t<h1 class=\"elementor-heading-title elementor-size-default\">Que pouvez-vous faire vous-m\u00eame ?<\/h1>\t\t\t\t<\/div>\n\t\t\t\t<div class=\"elementor-element elementor-element-9bb79f7 elementor-widget elementor-widget-text-editor\" data-id=\"9bb79f7\" data-element_type=\"widget\" data-e-type=\"widget\" data-widget_type=\"text-editor.default\">\n\t\t\t\t\t\t\t\t\t<p>Avez-vous besoin d&#8217;un service pour votre appareil (par exemple, un d\u00e9pannage, un entretien, etc.) ?<\/p>\n\t\t\t\t\t\t\t\t<\/div>\n\t\t\t\t\t<\/div>\n\t\t<\/div>\n\t\t\t\t<div class=\"elementor-column elementor-col-50 elementor-inner-column elementor-element elementor-element-e342394\" data-id=\"e342394\" data-element_type=\"column\" data-e-type=\"column\">\n\t\t\t<div class=\"elementor-widget-wrap\">\n\t\t\t\t\t\t\t<\/div>\n\t\t<\/div>\n\t\t\t\t\t<\/div>\n\t\t<\/section>\n\t\t\t\t\t<\/div>\n\t\t<\/div>\n\t\t\t\t\t<\/div>\n\t\t<\/section>\n\t\t\t\t<section class=\"elementor-section elementor-top-section elementor-element elementor-element-5e3da86 elementor-section-boxed elementor-section-height-default elementor-section-height-default\" data-id=\"5e3da86\" data-element_type=\"section\" data-e-type=\"section\" data-settings=\"{&quot;background_background&quot;:&quot;classic&quot;}\">\n\t\t\t\t\t\t<div class=\"elementor-container elementor-column-gap-default\">\n\t\t\t\t\t<div class=\"elementor-column elementor-col-100 elementor-top-column elementor-element elementor-element-5b282b1\" data-id=\"5b282b1\" data-element_type=\"column\" data-e-type=\"column\">\n\t\t\t<div class=\"elementor-widget-wrap elementor-element-populated\">\n\t\t\t\t\t\t<div class=\"elementor-element elementor-element-b21d336 elementor-align-center broodkruim elementor-widget elementor-widget-breadcrumbs\" data-id=\"b21d336\" data-element_type=\"widget\" data-e-type=\"widget\" data-widget_type=\"breadcrumbs.default\">\n\t\t\t\t<div class=\"elementor-widget-container\">\n\t\t\t\t\t<nav aria-label=\"breadcrumbs\" class=\"rank-math-breadcrumb\"><p><span class=\"last\">Home<\/span><\/p><\/nav>\t\t\t\t<\/div>\n\t\t\t\t<\/div>\n\t\t\t\t\t<\/div>\n\t\t<\/div>\n\t\t\t\t\t<\/div>\n\t\t<\/section>\n\t\t\t\t<section class=\"elementor-section elementor-top-section elementor-element elementor-element-d6c3262 elementor-section-boxed elementor-section-height-default elementor-section-height-default\" data-id=\"d6c3262\" data-element_type=\"section\" data-e-type=\"section\" data-settings=\"{&quot;background_background&quot;:&quot;classic&quot;}\">\n\t\t\t\t\t\t<div class=\"elementor-container elementor-column-gap-default\">\n\t\t\t\t\t<div class=\"elementor-column elementor-col-100 elementor-top-column elementor-element elementor-element-85ab664 oplijsting-titel\" data-id=\"85ab664\" data-element_type=\"column\" data-e-type=\"column\">\n\t\t\t<div class=\"elementor-widget-wrap elementor-element-populated\">\n\t\t\t\t\t\t<div class=\"elementor-element elementor-element-399d5cd elementor-widget elementor-widget-heading\" data-id=\"399d5cd\" data-element_type=\"widget\" data-e-type=\"widget\" data-widget_type=\"heading.default\">\n\t\t\t\t\t<h2 class=\"elementor-heading-title elementor-size-default\">Que pouvez-vous faire vous-m\u00eame en cas de probl\u00e8me avec votre jacuzzi ?<\/h2>\t\t\t\t<\/div>\n\t\t\t\t<div class=\"elementor-element elementor-element-6cde69a elementor-widget elementor-widget-text-editor\" data-id=\"6cde69a\" data-element_type=\"widget\" data-e-type=\"widget\" data-widget_type=\"text-editor.default\">\n\t\t\t\t\t\t\t\t\t<h2>1. Voyants clignotants \u00e0 l&#8217;avant de la commande : pas de circulation ou d&#8217;eau froide<\/h2>\n<ol>\n<li>Retirez tous les filtres du jacuzzi et revissez le bouchon gris du filtre.<\/li>\n<li>D\u00e9brancher ou \u00e9teindre le coffre-fort<\/li>\n<li>Attendez 30 secondes et rebranchez ou remettez le fusible en place (laissez les filtres en dehors).<\/li>\n<li>Si la lumi\u00e8re bleue ou rouge s&#8217;allume \u00e0 nouveau, c&#8217;est qu&#8217;il y a \u00e0 nouveau un &#8220;flux&#8221;.<\/li>\n<li>Nettoyez les filtres avant de les remplacer !<\/li>\n<\/ol>\n<p>Il se peut que vous deviez effectuer cette op\u00e9ration plusieurs fois. S&#8217;il y a une bulle d&#8217;air dans le r\u00e9chauffeur ou la pompe de circulation, elle doit \u00eatre d\u00e9gag\u00e9e par un d\u00e9bit important en utilisant, par exemple, un tuyau d&#8217;arrosage dans le tuyau gris. Ensuite, ouvrir compl\u00e8tement le robinet.<\/p>\n<h2>2. Il n&#8217;y a plus de bulles d&#8217;ozone dans le sol, mais la circulation se poursuit.<\/h2>\n<ol>\n<li>L&#8217;eau est-elle encore chaude ?<\/li>\n<li>Desserrer le filtre \u00e0 l&#8217;aide du bouchon gris<\/li>\n<li>Soulever le filtre au-dessus de la ligne d&#8217;eau<\/li>\n<li>Ajouter 2 cuill\u00e8res \u00e0 soupe de pH- dans le tube filtrant gris (ouverture du filtre).<\/li>\n<li>Faites-le pendant 3 jours d&#8217;affil\u00e9e<\/li>\n<\/ol>\n<p>Note : Assurez-vous que l&#8217;horloge d&#8217;\u00e9t\u00e9 n&#8217;est pas activ\u00e9e (visible par un symbole sur l&#8217;\u00e9cran repr\u00e9sentant une horloge et un soleil).<\/p>\n<h2>3. Il y a des draps\/flocons dans le jacuzzi<\/h2>\n<ol>\n<li>Il s&#8217;agit probablement de la chaux<\/li>\n<li>Il suffit de filtrer et de bien rincer les filtres par la suite pour r\u00e9soudre ce probl\u00e8me<\/li>\n<li>Si le calcaire doit \u00eatre enlev\u00e9, vidangez le spa et frottez le calcaire.<\/li>\n<li>Il est pr\u00e9f\u00e9rable de v\u00e9rifier la valeur du pH, qui est probablement trop \u00e9lev\u00e9e (plus de 7,2). Dans ce cas, abaisser avec pH-.<\/li>\n<\/ol>\n<h2>4. Mousse brune \/ d\u00e9p\u00f4t sur le bord de la baignoire<\/h2>\n<p>Causes possibles :<\/p>\n<ul>\n<li>D\u00e9p\u00f4ts d&#8217;huile et de salet\u00e9<\/li>\n<\/ul>\n<p>Solutions :<\/p>\n<ul>\n<li>Frottez la salet\u00e9 avec un chiffon propre (surtout pas une \u00e9ponge abrasive) &#8211; en cas de salet\u00e9 tenace, videz le spa, nettoyez-le avec un produit de nettoyage de surface et remplissez-le \u00e0 nouveau.<\/li>\n<\/ul>\n<h2>5. Odeur anormale<\/h2>\n<p>Causes possibles :<\/p>\n<ul>\n<li>Trop de mati\u00e8res organiques dans l&#8217;eau<\/li>\n<li>D\u00e9contamination insuffisante\/incorrecte<\/li>\n<li>pH trop faible<\/li>\n<\/ul>\n<p>Solutions :<\/p>\n<ul>\n<li>D\u00e9sinfecter le spa pour lui donner un coup de fouet<\/li>\n<li>Ajouter un d\u00e9sinfectant<\/li>\n<li>Ajuster le pH \u00e0 la valeur recommand\u00e9e<\/li>\n<\/ul>\n<h2>6. Croissance des algues \/ bact\u00e9ries<\/h2>\n<p>Causes possibles :<\/p>\n<ul>\n<li>pH trop \u00e9lev\u00e9<\/li>\n<li>Concentration de d\u00e9sinfectant trop faible<\/li>\n<\/ul>\n<p>Solutions :<\/p>\n<ul>\n<li>Appliquer un traitement de choc au spa avec un d\u00e9sinfectant et ajuster le pH<\/li>\n<li>Maintenir la concentration de d\u00e9sinfectant dans la fourchette recommand\u00e9e<\/li>\n<li>Si le probl\u00e8me ne dispara\u00eet pas, vidangez le jacuzzi et nettoyez-le soigneusement.<\/li>\n<\/ul>\n<h2>7. Eau turbide<\/h2>\n<p>Causes possibles :<\/p>\n<ul>\n<li>Filtres contamin\u00e9s<\/li>\n<li>Trop d&#8217;huiles et de produits biologiques<\/li>\n<li>D\u00e9contamination insuffisante\/incorrecte<\/li>\n<li>Particules en suspension\/substances organiques<\/li>\n<li>Eau surutilis\u00e9e ou usag\u00e9e<\/li>\n<\/ul>\n<p>Solutions :<\/p>\n<ul>\n<li>Nettoyer les filtres<\/li>\n<li>D\u00e9sinfecter le spa pour lui donner un coup de fouet<\/li>\n<li>Ajouter un d\u00e9sinfectant<\/li>\n<li>Ajuster le pH et\/ou l&#8217;alcalinit\u00e9 au niveau recommand\u00e9<\/li>\n<li>Mettre en marche la (les) pompe(s) \u00e0 jet et nettoyer les filtres<\/li>\n<li>Vidange et remplissage du spa<\/li>\n<\/ul>\n<h2>8. Odeur de chlore<\/h2>\n<p>Causes possibles :<\/p>\n<ul>\n<li>Trop de chloramine dans l&#8217;eau<\/li>\n<li>pH trop faible<\/li>\n<\/ul>\n<p>Solutions :<\/p>\n<ul>\n<li>D\u00e9sinfecter le spa pour lui donner un coup de fouet<\/li>\n<li>Ajuster le pH \u00e0 la valeur recommand\u00e9e<\/li>\n<\/ul>\n<h2>9. Odeur de moisi<\/h2>\n<p>Causes possibles :<\/p>\n<ul>\n<li>Croissance bact\u00e9rienne ou algale<\/li>\n<\/ul>\n<p>Solutions :<\/p>\n<ul>\n<li>Si le probl\u00e8me est visible ou ne dispara\u00eet pas, vidangez le spa, nettoyez-le et remplissez-le \u00e0 nouveau.<\/li>\n<\/ul>\n<h2>10. Irritation des yeux<\/h2>\n<p>Causes possibles :<\/p>\n<ul>\n<li>Eau insalubre<\/li>\n<li>Concentration de chlore libre sup\u00e9rieure \u00e0 3 ppm<\/li>\n<\/ul>\n<p>Solutions :<\/p>\n<ul>\n<li>Ajuster le pH<\/li>\n<li>Faites subir au spa un traitement de choc \u00e0 l&#8217;assainisseur et maintenez la concentration de l&#8217;assainisseur dans la fourchette recommand\u00e9e.<\/li>\n<\/ul>\n<h2>11. Irritation de la peau\/\u00e9ruption cutan\u00e9e<\/h2>\n<p>Causes possibles :<\/p>\n<ul>\n<li>Eau insalubre<\/li>\n<li>Concentration de chlore libre sup\u00e9rieure \u00e0 3 ppm<\/li>\n<\/ul>\n<p>Solutions :<\/p>\n<ul>\n<li>Faites subir au spa un traitement de choc \u00e0 l&#8217;assainisseur et maintenez la concentration de l&#8217;assainisseur dans la fourchette recommand\u00e9e.<\/li>\n<li>Assurez-vous que le niveau de chlore est inf\u00e9rieur \u00e0 3 ppm avant d&#8217;utiliser le spa.<\/li>\n<\/ul>\n<h2>12. Taches de rouille<\/h2>\n<p>Causes possibles :<\/p>\n<ul>\n<li>Alcalinit\u00e9 totale et\/ou pH trop bas<\/li>\n<li>Forte concentration de fer ou de cuivre dans l&#8217;eau de source<\/li>\n<\/ul>\n<p>Solutions :<\/p>\n<ul>\n<li>Ajuster l&#8217;alcalinit\u00e9 totale et\/ou le pH<\/li>\n<li>Utiliser un inhibiteur de d\u00e9p\u00f4ts m\u00e9talliques<\/li>\n<\/ul>\n<h2>13. Calcaire<\/h2>\n<p>Causes possibles :<\/p>\n<ul>\n<li>Teneur \u00e9lev\u00e9e en calcium dans l&#8217;eau &#8211; alcalinit\u00e9 totale et pH trop \u00e9lev\u00e9s<\/li>\n<\/ul>\n<p>Solutions :<\/p>\n<ul>\n<li>Ajustez l&#8217;alcalinit\u00e9 totale et le pH &#8211; si le tartre doit \u00eatre enlev\u00e9, videz le spa, frottez le tartre, remplissez le spa et r\u00e9\u00e9quilibrez l&#8217;eau.<\/li>\n<\/ul>\n\t\t\t\t\t\t\t\t<\/div>\n\t\t\t\t\t<\/div>\n\t\t<\/div>\n\t\t\t\t\t<\/div>\n\t\t<\/section>\n\t\t\t\t<section class=\"elementor-section elementor-top-section elementor-element elementor-element-a6a2732 elementor-section-full_width elementor-section-height-default elementor-section-height-default\" data-id=\"a6a2732\" data-element_type=\"section\" data-e-type=\"section\">\n\t\t\t\t\t\t<div class=\"elementor-container elementor-column-gap-default\">\n\t\t\t\t\t<div class=\"elementor-column elementor-col-100 elementor-top-column elementor-element elementor-element-a5c1092\" data-id=\"a5c1092\" data-element_type=\"column\" data-e-type=\"column\">\n\t\t\t<div class=\"elementor-widget-wrap elementor-element-populated\">\n\t\t\t\t\t\t\t<\/div>\n\t\t<\/div>\n\t\t\t\t\t<\/div>\n\t\t<\/section>\n\t\t\t\t<\/div>\n\t\t","protected":false},"excerpt":{"rendered":"<p>Que pouvez-vous faire vous-m\u00eame ? Avez-vous besoin d&#8217;un service pour votre appareil (par exemple, un d\u00e9pannage, un entretien, etc.) ? Home Que pouvez-vous faire vous-m\u00eame en cas de probl\u00e8me avec votre jacuzzi ? 1. Voyants clignotants \u00e0 l&#8217;avant de la commande : pas de circulation ou d&#8217;eau froide Retirez tous les filtres du jacuzzi et [&hellip;]<\/p>\n","protected":false},"author":23,"featured_media":0,"parent":10476,"menu_order":0,"comment_status":"closed","ping_status":"closed","template":"","meta":{"_acf_changed":false,"_uag_custom_page_level_css":"","site-sidebar-layout":"no-sidebar","site-content-layout":"page-builder","ast-site-content-layout":"default","site-content-style":"default","site-sidebar-style":"default","ast-global-header-display":"","ast-banner-title-visibility":"","ast-main-header-display":"","ast-hfb-above-header-display":"","ast-hfb-below-header-display":"","ast-hfb-mobile-header-display":"","site-post-title":"disabled","ast-breadcrumbs-content":"","ast-featured-img":"disabled","footer-sml-layout":"","ast-disable-related-posts":"","theme-transparent-header-meta":"default","adv-header-id-meta":"","stick-header-meta":"","header-above-stick-meta":"","header-main-stick-meta":"","header-below-stick-meta":"","astra-migrate-meta-layouts":"default","ast-page-background-enabled":"default","ast-page-background-meta":{"desktop":{"background-color":"","background-image":"","background-repeat":"repeat","background-position":"center center","background-size":"auto","background-attachment":"scroll","background-type":"","background-media":"","overlay-type":"","overlay-color":"","overlay-opacity":"","overlay-gradient":""},"tablet":{"background-color":"","background-image":"","background-repeat":"repeat","background-position":"center center","background-size":"auto","background-attachment":"scroll","background-type":"","background-media":"","overlay-type":"","overlay-color":"","overlay-opacity":"","overlay-gradient":""},"mobile":{"background-color":"","background-image":"","background-repeat":"repeat","background-position":"center center","background-size":"auto","background-attachment":"scroll","background-type":"","background-media":"","overlay-type":"","overlay-color":"","overlay-opacity":"","overlay-gradient":""}},"ast-content-background-meta":{"desktop":{"background-color":"var(--ast-global-color-5)","background-image":"","background-repeat":"repeat","background-position":"center center","background-size":"auto","background-attachment":"scroll","background-type":"","background-media":"","overlay-type":"","overlay-color":"","overlay-opacity":"","overlay-gradient":""},"tablet":{"background-color":"var(--ast-global-color-5)","background-image":"","background-repeat":"repeat","background-position":"center center","background-size":"auto","background-attachment":"scroll","background-type":"","background-media":"","overlay-type":"","overlay-color":"","overlay-opacity":"","overlay-gradient":""},"mobile":{"background-color":"var(--ast-global-color-5)","background-image":"","background-repeat":"repeat","background-position":"center center","background-size":"auto","background-attachment":"scroll","background-type":"","background-media":"","overlay-type":"","overlay-color":"","overlay-opacity":"","overlay-gradient":""}},"footnotes":""},"class_list":["post-12302","page","type-page","status-publish","hentry"],"acf":[],"uagb_featured_image_src":{"full":false,"thumbnail":false,"medium":false,"medium_large":false,"large":false,"1536x1536":false,"2048x2048":false,"woocommerce_thumbnail":false,"woocommerce_single":false,"woocommerce_gallery_thumbnail":false,"dgwt-wcas-product-suggestion":false},"uagb_author_info":{"display_name":"Marjolein Nijs","author_link":"https:\/\/gervi.be\/fr\/author\/marjolein-nijs\/"},"uagb_comment_info":0,"uagb_excerpt":"Que pouvez-vous faire vous-m\u00eame ? Avez-vous besoin d&#8217;un service pour votre appareil (par exemple, un d\u00e9pannage, un entretien, etc.) ? Home Que pouvez-vous faire vous-m\u00eame en cas de probl\u00e8me avec votre jacuzzi ? 1. Voyants clignotants \u00e0 l&#8217;avant de la commande : pas de circulation ou d&#8217;eau froide Retirez tous les filtres du jacuzzi et\u2026","_links":{"self":[{"href":"https:\/\/gervi.be\/fr\/wp-json\/wp\/v2\/pages\/12302","targetHints":{"allow":["GET"]}}],"collection":[{"href":"https:\/\/gervi.be\/fr\/wp-json\/wp\/v2\/pages"}],"about":[{"href":"https:\/\/gervi.be\/fr\/wp-json\/wp\/v2\/types\/page"}],"author":[{"embeddable":true,"href":"https:\/\/gervi.be\/fr\/wp-json\/wp\/v2\/users\/23"}],"replies":[{"embeddable":true,"href":"https:\/\/gervi.be\/fr\/wp-json\/wp\/v2\/comments?post=12302"}],"version-history":[{"count":0,"href":"https:\/\/gervi.be\/fr\/wp-json\/wp\/v2\/pages\/12302\/revisions"}],"up":[{"embeddable":true,"href":"https:\/\/gervi.be\/fr\/wp-json\/wp\/v2\/pages\/10476"}],"wp:attachment":[{"href":"https:\/\/gervi.be\/fr\/wp-json\/wp\/v2\/media?parent=12302"}],"curies":[{"name":"wp","href":"https:\/\/api.w.org\/{rel}","templated":true}]}}