{"id":12108,"date":"2023-10-13T09:26:16","date_gmt":"2023-10-13T09:26:16","guid":{"rendered":"https:\/\/gervi.be\/conditions-de-vente-et-de-retour\/"},"modified":"2024-03-22T10:49:36","modified_gmt":"2024-03-22T10:49:36","slug":"conditions-de-vente-et-de-retour","status":"publish","type":"page","link":"https:\/\/gervi.be\/fr\/conditions-de-vente-et-de-retour\/","title":{"rendered":"Conditions de vente et de retour"},"content":{"rendered":"\t\t<div data-elementor-type=\"wp-page\" data-elementor-id=\"12108\" class=\"elementor elementor-12108 elementor-10047\" data-elementor-post-type=\"page\">\n\t\t\t\t\t\t<section class=\"elementor-section elementor-top-section elementor-element elementor-element-1d524727 elementor-section-boxed elementor-section-height-default elementor-section-height-default\" data-id=\"1d524727\" data-element_type=\"section\" data-e-type=\"section\">\n\t\t\t\t\t\t<div class=\"elementor-container elementor-column-gap-default\">\n\t\t\t\t\t<div class=\"elementor-column elementor-col-100 elementor-top-column elementor-element elementor-element-54ebbca0\" data-id=\"54ebbca0\" data-element_type=\"column\" data-e-type=\"column\">\n\t\t\t<div class=\"elementor-widget-wrap elementor-element-populated\">\n\t\t\t\t\t\t<div class=\"elementor-element elementor-element-161a8082 elementor-widget elementor-widget-text-editor\" data-id=\"161a8082\" data-element_type=\"widget\" data-e-type=\"widget\" data-widget_type=\"text-editor.default\">\n\t\t\t\t\t\t\t\t\t<ol>\n<li>Ces conditions s&#8217;appliquent \u00e0 toutes les livraisons. Toute commande implique l&#8217;acceptation des conditions g\u00e9n\u00e9rales de vente.<\/li>\n<li>Les marchandises seront exp\u00e9di\u00e9es aux frais et aux risques du client \u00e0 l&#8217;adresse de livraison fournie par ce dernier.<\/li>\n<li>En cas d&#8217;impossibilit\u00e9 de livrer le produit, le contrat est r\u00e9sili\u00e9 de plein droit. Le vendeur est tenu d&#8217;informer le client par \u00e9crit avant l&#8217;expiration du d\u00e9lai de livraison. En cas de livraison partielle, chaque livraison sera consid\u00e9r\u00e9e comme une vente s\u00e9par\u00e9e.<\/li>\n<li>Les prix indiqu\u00e9s sont valables au moment de la publication, apr\u00e8s quoi ils peuvent \u00eatre modifi\u00e9s. Les prix indiqu\u00e9s ne comprennent pas les frais d&#8217;exp\u00e9dition.<\/li>\n<li>En tant que consommateur priv\u00e9, vous disposez d&#8217;un d\u00e9lai de 14 jours pour renoncer \u00e0 votre achat. Cette p\u00e9riode de 14 jours est calcul\u00e9e \u00e0 partir de la livraison des biens \u00e0 domicile. Si nos produits ne r\u00e9pondent pas \u00e0 vos attentes, vous pouvez le signaler et les renvoyer sans payer de p\u00e9nalit\u00e9 ni donner de raison, \u00e0 condition que l&#8217;emballage soit rest\u00e9 intact. Par cons\u00e9quent, un emballage ouvert ne vous permettra plus de renoncer \u00e0 l&#8217;achat. Ce droit de recours ne s&#8217;applique pas aux clients professionnels.<\/li>\n<li>Les r\u00e9clamations ou contestations doivent \u00eatre notifi\u00e9es par lettre recommand\u00e9e dans les 14 jours suivant la livraison sous peine d&#8217;annulation. Si la plainte est jug\u00e9e justifi\u00e9e, notre responsabilit\u00e9 est limit\u00e9e \u00e0 l&#8217;\u00e9change des marchandises. Toute responsabilit\u00e9 du vendeur est limit\u00e9e au montant r\u00e9el pay\u00e9 pour la commande.<\/li>\n<li>En cas de retard de paiement, un int\u00e9r\u00eat de 1 % par mois \u00e0 compter de la date de facturation sera appliqu\u00e9 de plein droit et sans qu&#8217;une mise en demeure pr\u00e9alable ne soit n\u00e9cessaire. En cas de non-paiement et si un rappel par lettre ordinaire est rest\u00e9 sans effet pendant 14 jours, une indemnit\u00e9 forfaitaire est \u00e9galement due \u00e0 hauteur de 10 % (dix pour cent) des montants impay\u00e9s avec un minimum de 50 \u20ac (cinquante euros) et un maximum de 2 000 \u20ac (deux mille euros).<\/li>\n<li>Le vendeur reste propri\u00e9taire de tous les biens jusqu&#8217;au paiement int\u00e9gral.<\/li>\n<li>Le vendeur n&#8217;est pas responsable des conseils qu&#8217;il donne, des erreurs d&#8217;impression et de composition sur le site web ou des donn\u00e9es techniques fournies par les fournisseurs ou les fabricants.<\/li>\n<li>Seul le droit belge s&#8217;applique aux pr\u00e9sentes conditions de vente et plus particuli\u00e8rement le tribunal de Tongres.<\/li>\n<\/ol>\n<h2>Retour (retour) ?<\/h2>\n<p>Vous souhaitez retourner un article ? Si c&#8217;est le cas, veuillez suivre la feuille de route suivante. Afin que nous puissions traiter votre retour de la mani\u00e8re la plus efficace possible.<\/p>\n<ul>\n<li>informer notre service client\u00e8le que vous souhaitez renvoyer un article par e-mail ou par lettre recommand\u00e9e<\/li>\n<li>vous recevrez par e-mail des instructions et un formulaire d&#8217;\u00e9change et de retour pour renvoyer l&#8217;article<\/li>\n<li>indiquer la raison sur le formulaire d&#8217;\u00e9change et de retour<\/li>\n<li>joindre au colis la confirmation de la commande re\u00e7ue par e-mail et le formulaire d&#8217;\u00e9change et de retour d\u00fbment rempli<\/li>\n<li>renvoyer l&#8217;article \u00e0 l&#8217;adresse de retour. Les co\u00fbts sont \u00e0 votre charge.<\/li>\n<li>apr\u00e8s r\u00e9ception et approbation, Gervi.be vous enverra une confirmation de r\u00e9ception par e-mail<\/li>\n<li>si Gervi.be approuve votre envoi, l&#8217;article sera rembours\u00e9.<\/li>\n<\/ul>\n<h2>Quand recevrai-je mon remboursement ?<\/h2>\n<ul>\n<li>Si aucun num\u00e9ro de compte bancaire n&#8217;a \u00e9t\u00e9 fourni, vous recevrez un bon valable 6 mois plus les frais de transport. Le bon n&#8217;est valable que sur l&#8217;e-shop.<\/li>\n<li>Si un num\u00e9ro de compte bancaire a \u00e9t\u00e9 fourni, le montant sera rembours\u00e9 dans les 30 jours.<\/li>\n<\/ul>\n<h2>Co\u00fbt<\/h2>\n<ul>\n<li>Les frais d&#8217;envoi sont \u00e0 votre charge.<\/li>\n<li>Les envois non affranchis ou contre remboursement seront refus\u00e9s !<\/li>\n<\/ul>\n<h2>Conditions : \u00e9changes et retours :<\/h2>\n<ul>\n<li>inutilis\u00e9<\/li>\n<li>intact<\/li>\n<li>l&#8217;emballage d&#8217;origine<\/li>\n<li>max. 1 \u00e9change ou retour par commande<\/li>\n<\/ul>\n<p><em>Gervi.be se r\u00e9serve le droit de refuser les retours et de ne pas rembourser s&#8217;il est soup\u00e7onn\u00e9 que les articles ont d\u00e9j\u00e0 \u00e9t\u00e9 utilis\u00e9s ou ont \u00e9t\u00e9 endommag\u00e9s par une faute autre que celle de Gervi.be ou du fournisseur de l&#8217;article.<\/em><\/p>\n\t\t\t\t\t\t\t\t<\/div>\n\t\t\t\t\t<\/div>\n\t\t<\/div>\n\t\t\t\t\t<\/div>\n\t\t<\/section>\n\t\t\t\t<\/div>\n\t\t","protected":false},"excerpt":{"rendered":"<p>Ces conditions s&#8217;appliquent \u00e0 toutes les livraisons. Toute commande implique l&#8217;acceptation des conditions g\u00e9n\u00e9rales de vente. Les marchandises seront exp\u00e9di\u00e9es aux frais et aux risques du client \u00e0 l&#8217;adresse de livraison fournie par ce dernier. En cas d&#8217;impossibilit\u00e9 de livrer le produit, le contrat est r\u00e9sili\u00e9 de plein droit. Le vendeur est tenu d&#8217;informer le [&hellip;]<\/p>\n","protected":false},"author":23,"featured_media":0,"parent":0,"menu_order":0,"comment_status":"closed","ping_status":"closed","template":"","meta":{"_acf_changed":false,"_uag_custom_page_level_css":"","site-sidebar-layout":"default","site-content-layout":"","ast-site-content-layout":"default","site-content-style":"default","site-sidebar-style":"default","ast-global-header-display":"","ast-banner-title-visibility":"","ast-main-header-display":"","ast-hfb-above-header-display":"","ast-hfb-below-header-display":"","ast-hfb-mobile-header-display":"","site-post-title":"","ast-breadcrumbs-content":"","ast-featured-img":"","footer-sml-layout":"","ast-disable-related-posts":"","theme-transparent-header-meta":"default","adv-header-id-meta":"","stick-header-meta":"","header-above-stick-meta":"","header-main-stick-meta":"","header-below-stick-meta":"","astra-migrate-meta-layouts":"default","ast-page-background-enabled":"default","ast-page-background-meta":{"desktop":{"background-color":"","background-image":"","background-repeat":"repeat","background-position":"center center","background-size":"auto","background-attachment":"scroll","background-type":"","background-media":"","overlay-type":"","overlay-color":"","overlay-opacity":"","overlay-gradient":""},"tablet":{"background-color":"","background-image":"","background-repeat":"repeat","background-position":"center center","background-size":"auto","background-attachment":"scroll","background-type":"","background-media":"","overlay-type":"","overlay-color":"","overlay-opacity":"","overlay-gradient":""},"mobile":{"background-color":"","background-image":"","background-repeat":"repeat","background-position":"center center","background-size":"auto","background-attachment":"scroll","background-type":"","background-media":"","overlay-type":"","overlay-color":"","overlay-opacity":"","overlay-gradient":""}},"ast-content-background-meta":{"desktop":{"background-color":"var(--ast-global-color-5)","background-image":"","background-repeat":"repeat","background-position":"center center","background-size":"auto","background-attachment":"scroll","background-type":"","background-media":"","overlay-type":"","overlay-color":"","overlay-opacity":"","overlay-gradient":""},"tablet":{"background-color":"var(--ast-global-color-5)","background-image":"","background-repeat":"repeat","background-position":"center center","background-size":"auto","background-attachment":"scroll","background-type":"","background-media":"","overlay-type":"","overlay-color":"","overlay-opacity":"","overlay-gradient":""},"mobile":{"background-color":"var(--ast-global-color-5)","background-image":"","background-repeat":"repeat","background-position":"center center","background-size":"auto","background-attachment":"scroll","background-type":"","background-media":"","overlay-type":"","overlay-color":"","overlay-opacity":"","overlay-gradient":""}},"footnotes":""},"class_list":["post-12108","page","type-page","status-publish","hentry"],"acf":[],"uagb_featured_image_src":{"full":false,"thumbnail":false,"medium":false,"medium_large":false,"large":false,"1536x1536":false,"2048x2048":false,"woocommerce_thumbnail":false,"woocommerce_single":false,"woocommerce_gallery_thumbnail":false,"dgwt-wcas-product-suggestion":false},"uagb_author_info":{"display_name":"Marjolein Nijs","author_link":"https:\/\/gervi.be\/fr\/author\/marjolein-nijs\/"},"uagb_comment_info":0,"uagb_excerpt":"Ces conditions s&#8217;appliquent \u00e0 toutes les livraisons. Toute commande implique l&#8217;acceptation des conditions g\u00e9n\u00e9rales de vente. Les marchandises seront exp\u00e9di\u00e9es aux frais et aux risques du client \u00e0 l&#8217;adresse de livraison fournie par ce dernier. En cas d&#8217;impossibilit\u00e9 de livrer le produit, le contrat est r\u00e9sili\u00e9 de plein droit. Le vendeur est tenu d&#8217;informer le\u2026","_links":{"self":[{"href":"https:\/\/gervi.be\/fr\/wp-json\/wp\/v2\/pages\/12108","targetHints":{"allow":["GET"]}}],"collection":[{"href":"https:\/\/gervi.be\/fr\/wp-json\/wp\/v2\/pages"}],"about":[{"href":"https:\/\/gervi.be\/fr\/wp-json\/wp\/v2\/types\/page"}],"author":[{"embeddable":true,"href":"https:\/\/gervi.be\/fr\/wp-json\/wp\/v2\/users\/23"}],"replies":[{"embeddable":true,"href":"https:\/\/gervi.be\/fr\/wp-json\/wp\/v2\/comments?post=12108"}],"version-history":[{"count":0,"href":"https:\/\/gervi.be\/fr\/wp-json\/wp\/v2\/pages\/12108\/revisions"}],"wp:attachment":[{"href":"https:\/\/gervi.be\/fr\/wp-json\/wp\/v2\/media?parent=12108"}],"curies":[{"name":"wp","href":"https:\/\/api.w.org\/{rel}","templated":true}]}}