{"id":10569,"date":"2023-08-25T11:31:17","date_gmt":"2023-08-25T09:31:17","guid":{"rendered":"https:\/\/gervi.be\/tuinmeubelen\/bancs-de-jardin\/"},"modified":"2025-03-27T13:22:10","modified_gmt":"2025-03-27T12:22:10","slug":"bancs-de-jardin","status":"publish","type":"page","link":"https:\/\/gervi.be\/fr\/tuinmeubelen\/bancs-de-jardin\/","title":{"rendered":"Bancs de jardin"},"content":{"rendered":"\t\t<div data-elementor-type=\"wp-page\" data-elementor-id=\"10569\" class=\"elementor elementor-10569 elementor-3926\" data-elementor-post-type=\"page\">\n\t\t\t\t\t\t<section class=\"elementor-section elementor-top-section elementor-element elementor-element-6ef7b3d6 elementor-section-boxed elementor-section-height-default elementor-section-height-default\" data-id=\"6ef7b3d6\" data-element_type=\"section\" data-e-type=\"section\" data-settings=\"{&quot;background_background&quot;:&quot;classic&quot;}\">\n\t\t\t\t\t\t<div class=\"elementor-container elementor-column-gap-default\">\n\t\t\t\t\t<div class=\"elementor-column elementor-col-100 elementor-top-column elementor-element elementor-element-26b8c349\" data-id=\"26b8c349\" data-element_type=\"column\" data-e-type=\"column\">\n\t\t\t<div class=\"elementor-widget-wrap elementor-element-populated\">\n\t\t\t\t\t\t<section class=\"elementor-section elementor-inner-section elementor-element elementor-element-7fc2c084 elementor-section-boxed elementor-section-height-default elementor-section-height-default\" data-id=\"7fc2c084\" data-element_type=\"section\" data-e-type=\"section\">\n\t\t\t\t\t\t<div class=\"elementor-container elementor-column-gap-default\">\n\t\t\t\t\t<div class=\"elementor-column elementor-col-50 elementor-inner-column elementor-element elementor-element-146ca919\" data-id=\"146ca919\" data-element_type=\"column\" data-e-type=\"column\" data-settings=\"{&quot;background_background&quot;:&quot;classic&quot;}\">\n\t\t\t<div class=\"elementor-widget-wrap elementor-element-populated\">\n\t\t\t\t\t\t<div class=\"elementor-element elementor-element-3f191059 main-titel elementor-widget elementor-widget-heading\" data-id=\"3f191059\" data-element_type=\"widget\" data-e-type=\"widget\" data-widget_type=\"heading.default\">\n\t\t\t\t\t<h1 class=\"elementor-heading-title elementor-size-default\">Bancs de jardin<\/h1>\t\t\t\t<\/div>\n\t\t\t\t<div class=\"elementor-element elementor-element-38162605 elementor-widget elementor-widget-text-editor\" data-id=\"38162605\" data-element_type=\"widget\" data-e-type=\"widget\" data-widget_type=\"text-editor.default\">\n\t\t\t\t\t\t\t\t\t<p>Vous trouverez les <strong>bancs de jardin<\/strong> les plus beaux et les plus <strong>exclusifs<\/strong> chez le sp\u00e9cialiste de l&#8217;am\u00e9nagement ext\u00e9rieur Gervi Outdoor. Pour une exp\u00e9rience globale contemporaine, sp\u00e9ciale et atmosph\u00e9rique. Ou mieux encore,<em> vivre avec style<\/em>.<\/p>\n\t\t\t\t\t\t\t\t<\/div>\n\t\t\t\t<div class=\"elementor-element elementor-element-3b58d560 elementor-widget elementor-widget-button\" data-id=\"3b58d560\" data-element_type=\"widget\" data-e-type=\"widget\" data-widget_type=\"button.default\">\n\t\t\t\t\t\t\t\t\t\t<a class=\"elementor-button elementor-button-link elementor-size-sm\" href=\"\/tuinmeubilair\">\n\t\t\t\t\t\t<span class=\"elementor-button-content-wrapper\">\n\t\t\t\t\t\t\t\t\t<span class=\"elementor-button-text\">D\u00e9couvrez tous les mod\u00e8les<\/span>\n\t\t\t\t\t<\/span>\n\t\t\t\t\t<\/a>\n\t\t\t\t\t\t\t\t<\/div>\n\t\t\t\t\t<\/div>\n\t\t<\/div>\n\t\t\t\t<div class=\"elementor-column elementor-col-50 elementor-inner-column elementor-element elementor-element-34db42b2\" data-id=\"34db42b2\" data-element_type=\"column\" data-e-type=\"column\">\n\t\t\t<div class=\"elementor-widget-wrap\">\n\t\t\t\t\t\t\t<\/div>\n\t\t<\/div>\n\t\t\t\t\t<\/div>\n\t\t<\/section>\n\t\t\t\t\t<\/div>\n\t\t<\/div>\n\t\t\t\t\t<\/div>\n\t\t<\/section>\n\t\t\t\t<section class=\"elementor-section elementor-top-section elementor-element elementor-element-2c3a78a0 elementor-section-boxed elementor-section-height-default elementor-section-height-default\" data-id=\"2c3a78a0\" data-element_type=\"section\" data-e-type=\"section\" data-settings=\"{&quot;background_background&quot;:&quot;classic&quot;}\">\n\t\t\t\t\t\t<div class=\"elementor-container elementor-column-gap-default\">\n\t\t\t\t\t<div class=\"elementor-column elementor-col-100 elementor-top-column elementor-element elementor-element-739ac9d8\" data-id=\"739ac9d8\" data-element_type=\"column\" data-e-type=\"column\">\n\t\t\t<div class=\"elementor-widget-wrap elementor-element-populated\">\n\t\t\t\t\t\t<div class=\"elementor-element elementor-element-5a3c1523 elementor-icon-list--layout-inline broodkruimels-vacatures elementor-align-center elementor-list-item-link-full_width elementor-widget elementor-widget-icon-list\" data-id=\"5a3c1523\" data-element_type=\"widget\" data-e-type=\"widget\" data-widget_type=\"icon-list.default\">\n\t\t\t\t\t\t\t<ul class=\"elementor-icon-list-items elementor-inline-items\">\n\t\t\t\t\t\t\t<li class=\"elementor-icon-list-item elementor-inline-item\">\n\t\t\t\t\t\t\t\t\t\t\t<a href=\"https:\/\/gervi.be\/fr\/tuinmeubelen\/\">\n\n\t\t\t\t\t\t\t\t\t\t\t<span class=\"elementor-icon-list-text\">Tuinmeubelen<\/span>\n\t\t\t\t\t\t\t\t\t\t\t<\/a>\n\t\t\t\t\t\t\t\t\t<\/li>\n\t\t\t\t\t\t\t\t<li class=\"elementor-icon-list-item elementor-inline-item\">\n\t\t\t\t\t\t\t\t\t\t<span class=\"elementor-icon-list-text\">Bancs de jardin<\/span>\n\t\t\t\t\t\t\t\t\t<\/li>\n\t\t\t\t\t\t<\/ul>\n\t\t\t\t\t\t<\/div>\n\t\t\t\t\t<\/div>\n\t\t<\/div>\n\t\t\t\t\t<\/div>\n\t\t<\/section>\n\t\t\t\t<section class=\"elementor-section elementor-top-section elementor-element elementor-element-2eae899b elementor-section-boxed elementor-section-height-default elementor-section-height-default\" data-id=\"2eae899b\" data-element_type=\"section\" data-e-type=\"section\" data-settings=\"{&quot;background_background&quot;:&quot;classic&quot;}\">\n\t\t\t\t\t\t<div class=\"elementor-container elementor-column-gap-default\">\n\t\t\t\t\t<div class=\"elementor-column elementor-col-100 elementor-top-column elementor-element elementor-element-4715b976\" data-id=\"4715b976\" data-element_type=\"column\" data-e-type=\"column\">\n\t\t\t<div class=\"elementor-widget-wrap elementor-element-populated\">\n\t\t\t\t\t\t<div class=\"elementor-element elementor-element-30433cff blok-titel elementor-widget elementor-widget-heading\" data-id=\"30433cff\" data-element_type=\"widget\" data-e-type=\"widget\" data-widget_type=\"heading.default\">\n\t\t\t\t\t<h2 class=\"elementor-heading-title elementor-size-default\">Bancs de jardin de designers renomm\u00e9s<\/h2>\t\t\t\t<\/div>\n\t\t\t\t<div class=\"elementor-element elementor-element-135dfe1b bullets elementor-widget elementor-widget-text-editor\" data-id=\"135dfe1b\" data-element_type=\"widget\" data-e-type=\"widget\" data-widget_type=\"text-editor.default\">\n\t\t\t\t\t\t\t\t\t<p>Les amateurs d&#8217;<strong>am\u00e9nagement ext\u00e9rieur original <\/strong>sont souvent s\u00e9duits par l&#8217;id\u00e9e d&#8217;installer un <strong>banc de jardin accrocheur<\/strong> sur la <strong>terrasse du jardin<\/strong>. Il remplace avantageusement les <strong>chaises de jardin <\/strong>traditionnelles autour d&#8217;une longue <strong>table de jardin <\/strong>et conf\u00e8re \u00e0 l&#8217;exp\u00e9rience de l&#8217;ambiance ext\u00e9rieure un caract\u00e8re <strong>unique <\/strong>. Vous trouverez les <strong>bancs de jardin<\/strong> les plus beaux et les plus <strong>exclusifs<\/strong> chez le sp\u00e9cialiste de l&#8217;am\u00e9nagement ext\u00e9rieur Gervi Outdoor. Pour une exp\u00e9rience globale contemporaine, sp\u00e9ciale et atmosph\u00e9rique. Ou mieux encore,<em> vivre avec style<\/em>.<\/p>\n\t\t\t\t\t\t\t\t<\/div>\n\t\t\t\t\t<\/div>\n\t\t<\/div>\n\t\t\t\t\t<\/div>\n\t\t<\/section>\n\t\t\t\t<section class=\"elementor-section elementor-top-section elementor-element elementor-element-357cde8e elementor-section-boxed elementor-section-height-default elementor-section-height-default\" data-id=\"357cde8e\" data-element_type=\"section\" data-e-type=\"section\" data-settings=\"{&quot;background_background&quot;:&quot;classic&quot;}\">\n\t\t\t\t\t\t\t<div class=\"elementor-background-overlay\"><\/div>\n\t\t\t\t\t\t\t<div class=\"elementor-container elementor-column-gap-default\">\n\t\t\t\t\t<div class=\"elementor-column elementor-col-50 elementor-top-column elementor-element elementor-element-1497ea85\" data-id=\"1497ea85\" data-element_type=\"column\" data-e-type=\"column\" data-settings=\"{&quot;background_background&quot;:&quot;classic&quot;}\">\n\t\t\t<div class=\"elementor-widget-wrap elementor-element-populated\">\n\t\t\t\t\t\t<div class=\"elementor-element elementor-element-733af072 elementor-widget-divider--view-line elementor-widget elementor-widget-divider\" data-id=\"733af072\" data-element_type=\"widget\" data-e-type=\"widget\" data-widget_type=\"divider.default\">\n\t\t\t\t\t\t\t<div class=\"elementor-divider\">\n\t\t\t<span class=\"elementor-divider-separator\">\n\t\t\t\t\t\t<\/span>\n\t\t<\/div>\n\t\t\t\t\t\t<\/div>\n\t\t\t\t\t<\/div>\n\t\t<\/div>\n\t\t\t\t<div class=\"elementor-column elementor-col-50 elementor-top-column elementor-element elementor-element-1286e046\" data-id=\"1286e046\" data-element_type=\"column\" data-e-type=\"column\">\n\t\t\t<div class=\"elementor-widget-wrap elementor-element-populated\">\n\t\t\t\t\t\t<div class=\"elementor-element elementor-element-45e4ccc7 blok-titel elementor-widget elementor-widget-heading\" data-id=\"45e4ccc7\" data-element_type=\"widget\" data-e-type=\"widget\" data-widget_type=\"heading.default\">\n\t\t\t\t\t<h2 class=\"elementor-heading-title elementor-size-default\">Un banc de jardin comme \u00e9l\u00e9ment d\u00e9coratif<\/h2>\t\t\t\t<\/div>\n\t\t\t\t<div class=\"elementor-element elementor-element-6a2572a elementor-widget elementor-widget-text-editor\" data-id=\"6a2572a\" data-element_type=\"widget\" data-e-type=\"widget\" data-widget_type=\"text-editor.default\">\n\t\t\t\t\t\t\t\t\t<p>De nombreux <strong>bancs de jardin <\/strong>des <strong>grandes marques <\/strong>du monde du design servent non seulement de si\u00e8ge gr\u00e2ce \u00e0 leur confort d&#8217;assise sup\u00e9rieur \u00e0 la moyenne, mais aussi et surtout d&#8217;<strong>\u00e9l\u00e9ment <\/strong>d\u00e9coratif dans un <strong>jardin<\/strong> joliment am\u00e9nag\u00e9. S&#8217;il est plac\u00e9 strat\u00e9giquement, un<strong> banc de jardin de caract\u00e8re<\/strong>, tel qu&#8217;un <strong>banc balan\u00e7oire <\/strong>, peut <strong>attirer tous les regards <\/strong>dans votre ext\u00e9rieur et constituer le dernier lien esth\u00e9tique qui manquait \u00e0 votre <strong>ensemble de salon<\/strong>. Un confort de haute qualit\u00e9 alli\u00e9 \u00e0 la beaut\u00e9 d&#8217;un <strong>design haut de gamme <\/strong>, c&#8217;est toujours un succ\u00e8s dans le monde de l&#8217;<strong> am\u00e9nagement ext\u00e9rieur de luxe<\/strong>!<\/p>\n\t\t\t\t\t\t\t\t<\/div>\n\t\t\t\t\t<\/div>\n\t\t<\/div>\n\t\t\t\t\t<\/div>\n\t\t<\/section>\n\t\t\t\t<section class=\"elementor-section elementor-top-section elementor-element elementor-element-0895a2f elementor-section-boxed elementor-section-height-default elementor-section-height-default\" data-id=\"0895a2f\" data-element_type=\"section\" data-e-type=\"section\" data-settings=\"{&quot;background_background&quot;:&quot;classic&quot;}\">\n\t\t\t\t\t\t\t<div class=\"elementor-background-overlay\"><\/div>\n\t\t\t\t\t\t\t<div class=\"elementor-container elementor-column-gap-default\">\n\t\t\t\t\t<div class=\"elementor-column elementor-col-100 elementor-top-column elementor-element elementor-element-deb40d6\" data-id=\"deb40d6\" data-element_type=\"column\" data-e-type=\"column\">\n\t\t\t<div class=\"elementor-widget-wrap elementor-element-populated\">\n\t\t\t\t\t\t<div class=\"elementor-element elementor-element-6754ede blok-titel elementor-widget elementor-widget-heading\" data-id=\"6754ede\" data-element_type=\"widget\" data-e-type=\"widget\" data-widget_type=\"heading.default\">\n\t\t\t\t\t<h2 class=\"elementor-heading-title elementor-size-default\">Bancs de jardin de haute qualit\u00e9 et durables<\/h2>\t\t\t\t<\/div>\n\t\t\t\t<div class=\"elementor-element elementor-element-d7d992f elementor-widget elementor-widget-text-editor\" data-id=\"d7d992f\" data-element_type=\"widget\" data-e-type=\"widget\" data-widget_type=\"text-editor.default\">\n\t\t\t\t\t\t\t\t\t<p>Les <strong>bancs de jardin <\/strong>des diff\u00e9rentes collections des <strong>grandes marques de design <\/strong>avec lesquelles <strong>Gervi Outdoor<\/strong> travaille sont, sans exception, de haute qualit\u00e9, durables et parfaitement adapt\u00e9s \u00e0 la vie en plein air. Par exemple, les mat\u00e9riaux et les finitions sont con\u00e7us pour que vous puissiez laisser ces <strong>bancs de jardin <\/strong>\u00e0 l&#8217;ext\u00e9rieur, sur votre <strong>terrasse <\/strong>ou votre <strong>salon <\/strong>, pendant tout l&#8217;\u00e9t\u00e9, sans vous soucier de quoi que ce soit. Ils sont<strong> r\u00e9sistants \u00e0 l&#8217;eau et aux UV<\/strong>, et la plupart des <strong>coussins de salon <\/strong>s\u00e8chent rapidement. Si une averse venait \u00e0 s&#8217;abattre sur votre <strong>cocon <\/strong>, vous pourriez vous d\u00e9tendre assez rapidement.<\/p>\n\t\t\t\t\t\t\t\t<\/div>\n\t\t\t\t\t<\/div>\n\t\t<\/div>\n\t\t\t\t\t<\/div>\n\t\t<\/section>\n\t\t\t\t<section class=\"elementor-section elementor-top-section elementor-element elementor-element-17b7185b elementor-reverse-mobile elementor-section-boxed elementor-section-height-default elementor-section-height-default\" data-id=\"17b7185b\" data-element_type=\"section\" data-e-type=\"section\" data-settings=\"{&quot;background_background&quot;:&quot;classic&quot;}\">\n\t\t\t\t\t\t\t<div class=\"elementor-background-overlay\"><\/div>\n\t\t\t\t\t\t\t<div class=\"elementor-container elementor-column-gap-default\">\n\t\t\t\t\t<div class=\"elementor-column elementor-col-50 elementor-top-column elementor-element elementor-element-20b30520\" data-id=\"20b30520\" data-element_type=\"column\" data-e-type=\"column\">\n\t\t\t<div class=\"elementor-widget-wrap elementor-element-populated\">\n\t\t\t\t\t\t<div class=\"elementor-element elementor-element-34668adf blok-titel elementor-widget elementor-widget-heading\" data-id=\"34668adf\" data-element_type=\"widget\" data-e-type=\"widget\" data-widget_type=\"heading.default\">\n\t\t\t\t\t<h2 class=\"elementor-heading-title elementor-size-default\">Banc de jardin design de Gervi Outdoor<\/h2>\t\t\t\t<\/div>\n\t\t\t\t<div class=\"elementor-element elementor-element-bdb68ba elementor-widget elementor-widget-text-editor\" data-id=\"bdb68ba\" data-element_type=\"widget\" data-e-type=\"widget\" data-widget_type=\"text-editor.default\">\n\t\t\t\t\t\t\t\t\t<p><strong>Gervi Outdoor<\/strong> est un expert en mati\u00e8re d&#8217;<strong>am\u00e9nagement ext\u00e9rieur<\/strong> haut de gamme. Nos collections de <strong>bancs de jardin<\/strong>, de <strong>Dedon<\/strong> \u00e0 Kettal ou <strong>B&amp;B Italia<\/strong>, trouvent leur place non seulement sur les <strong>terrasses de jardin <\/strong>de nombreuses villas r\u00e9sidentielles, mais aussi sur les terrasses chics d&#8217;<strong>h\u00f4tels <\/strong>et de <strong>centres de bien-\u00eatre <\/strong>dans le monde entier. Ainsi, pour chaque style d&#8217;ext\u00e9rieur, du <strong>minimalisme \u00e9pur\u00e9<\/strong> \u00e0 l&#8217;<strong>authenticit\u00e9 atmosph\u00e9rique<\/strong>, Gervi Outdoor a quelque chose \u00e0 offrir. Venez jeter un coup d&#8217;\u0153il \u00e0 notre salle d&#8217;exposition, o\u00f9 nos experts passionn\u00e9s travailleront avec vous pour cr\u00e9er l&#8217;<strong>ext\u00e9rieur parfait <\/strong>, du <strong>banc de jardin <\/strong>au <strong>tapis d&#8217;ext\u00e9rieur <\/strong>et aux d\u00e9tails d\u00e9coratifs. <em>La vie en plein air est un mode de vie luxueux !<\/em><\/p>\n\t\t\t\t\t\t\t\t<\/div>\n\t\t\t\t\t<\/div>\n\t\t<\/div>\n\t\t\t\t<div class=\"elementor-column elementor-col-50 elementor-top-column elementor-element elementor-element-54212dc6\" data-id=\"54212dc6\" data-element_type=\"column\" data-e-type=\"column\" data-settings=\"{&quot;background_background&quot;:&quot;classic&quot;}\">\n\t\t\t<div class=\"elementor-widget-wrap elementor-element-populated\">\n\t\t\t\t\t\t<div class=\"elementor-element elementor-element-107750e7 elementor-widget-divider--view-line elementor-widget elementor-widget-divider\" data-id=\"107750e7\" data-element_type=\"widget\" data-e-type=\"widget\" data-widget_type=\"divider.default\">\n\t\t\t\t\t\t\t<div class=\"elementor-divider\">\n\t\t\t<span class=\"elementor-divider-separator\">\n\t\t\t\t\t\t<\/span>\n\t\t<\/div>\n\t\t\t\t\t\t<\/div>\n\t\t\t\t\t<\/div>\n\t\t<\/div>\n\t\t\t\t\t<\/div>\n\t\t<\/section>\n\t\t\t\t<section class=\"elementor-section elementor-top-section elementor-element elementor-element-48543e7b elementor-section-full_width elementor-section-height-default elementor-section-height-default\" data-id=\"48543e7b\" data-element_type=\"section\" data-e-type=\"section\">\n\t\t\t\t\t\t<div class=\"elementor-container elementor-column-gap-default\">\n\t\t\t\t\t<div class=\"elementor-column elementor-col-100 elementor-top-column elementor-element elementor-element-685a87ed\" data-id=\"685a87ed\" data-element_type=\"column\" data-e-type=\"column\">\n\t\t\t<div class=\"elementor-widget-wrap elementor-element-populated\">\n\t\t\t\t\t\t\t<\/div>\n\t\t<\/div>\n\t\t\t\t\t<\/div>\n\t\t<\/section>\n\t\t\t\t<\/div>\n\t\t","protected":false},"excerpt":{"rendered":"<p>Bancs de jardin Vous trouverez les bancs de jardin les plus beaux et les plus exclusifs chez le sp\u00e9cialiste de l&#8217;am\u00e9nagement ext\u00e9rieur Gervi Outdoor. Pour une exp\u00e9rience globale contemporaine, sp\u00e9ciale et atmosph\u00e9rique. Ou mieux encore, vivre avec style. D\u00e9couvrez tous les mod\u00e8les Tuinmeubelen Bancs de jardin de designers renomm\u00e9s Les amateurs d&#8217;am\u00e9nagement ext\u00e9rieur original sont [&hellip;]<\/p>\n","protected":false},"author":23,"featured_media":0,"parent":10488,"menu_order":0,"comment_status":"closed","ping_status":"closed","template":"","meta":{"_acf_changed":false,"_uag_custom_page_level_css":"","site-sidebar-layout":"no-sidebar","site-content-layout":"page-builder","ast-site-content-layout":"default","site-content-style":"default","site-sidebar-style":"default","ast-global-header-display":"","ast-banner-title-visibility":"","ast-main-header-display":"","ast-hfb-above-header-display":"","ast-hfb-below-header-display":"","ast-hfb-mobile-header-display":"","site-post-title":"disabled","ast-breadcrumbs-content":"","ast-featured-img":"disabled","footer-sml-layout":"","ast-disable-related-posts":"","theme-transparent-header-meta":"default","adv-header-id-meta":"","stick-header-meta":"","header-above-stick-meta":"","header-main-stick-meta":"","header-below-stick-meta":"","astra-migrate-meta-layouts":"default","ast-page-background-enabled":"default","ast-page-background-meta":{"desktop":{"background-color":"","background-image":"","background-repeat":"repeat","background-position":"center center","background-size":"auto","background-attachment":"scroll","background-type":"","background-media":"","overlay-type":"","overlay-color":"","overlay-opacity":"","overlay-gradient":""},"tablet":{"background-color":"","background-image":"","background-repeat":"repeat","background-position":"center center","background-size":"auto","background-attachment":"scroll","background-type":"","background-media":"","overlay-type":"","overlay-color":"","overlay-opacity":"","overlay-gradient":""},"mobile":{"background-color":"","background-image":"","background-repeat":"repeat","background-position":"center center","background-size":"auto","background-attachment":"scroll","background-type":"","background-media":"","overlay-type":"","overlay-color":"","overlay-opacity":"","overlay-gradient":""}},"ast-content-background-meta":{"desktop":{"background-color":"var(--ast-global-color-5)","background-image":"","background-repeat":"repeat","background-position":"center center","background-size":"auto","background-attachment":"scroll","background-type":"","background-media":"","overlay-type":"","overlay-color":"","overlay-opacity":"","overlay-gradient":""},"tablet":{"background-color":"var(--ast-global-color-5)","background-image":"","background-repeat":"repeat","background-position":"center center","background-size":"auto","background-attachment":"scroll","background-type":"","background-media":"","overlay-type":"","overlay-color":"","overlay-opacity":"","overlay-gradient":""},"mobile":{"background-color":"var(--ast-global-color-5)","background-image":"","background-repeat":"repeat","background-position":"center center","background-size":"auto","background-attachment":"scroll","background-type":"","background-media":"","overlay-type":"","overlay-color":"","overlay-opacity":"","overlay-gradient":""}},"footnotes":""},"class_list":["post-10569","page","type-page","status-publish","hentry"],"acf":[],"uagb_featured_image_src":{"full":false,"thumbnail":false,"medium":false,"medium_large":false,"large":false,"1536x1536":false,"2048x2048":false,"woocommerce_thumbnail":false,"woocommerce_single":false,"woocommerce_gallery_thumbnail":false,"dgwt-wcas-product-suggestion":false},"uagb_author_info":{"display_name":"Marjolein Nijs","author_link":"https:\/\/gervi.be\/fr\/author\/marjolein-nijs\/"},"uagb_comment_info":0,"uagb_excerpt":"Bancs de jardin Vous trouverez les bancs de jardin les plus beaux et les plus exclusifs chez le sp\u00e9cialiste de l&#8217;am\u00e9nagement ext\u00e9rieur Gervi Outdoor. Pour une exp\u00e9rience globale contemporaine, sp\u00e9ciale et atmosph\u00e9rique. Ou mieux encore, vivre avec style. D\u00e9couvrez tous les mod\u00e8les Tuinmeubelen Bancs de jardin de designers renomm\u00e9s Les amateurs d&#8217;am\u00e9nagement ext\u00e9rieur original sont\u2026","_links":{"self":[{"href":"https:\/\/gervi.be\/fr\/wp-json\/wp\/v2\/pages\/10569","targetHints":{"allow":["GET"]}}],"collection":[{"href":"https:\/\/gervi.be\/fr\/wp-json\/wp\/v2\/pages"}],"about":[{"href":"https:\/\/gervi.be\/fr\/wp-json\/wp\/v2\/types\/page"}],"author":[{"embeddable":true,"href":"https:\/\/gervi.be\/fr\/wp-json\/wp\/v2\/users\/23"}],"replies":[{"embeddable":true,"href":"https:\/\/gervi.be\/fr\/wp-json\/wp\/v2\/comments?post=10569"}],"version-history":[{"count":2,"href":"https:\/\/gervi.be\/fr\/wp-json\/wp\/v2\/pages\/10569\/revisions"}],"predecessor-version":[{"id":28951,"href":"https:\/\/gervi.be\/fr\/wp-json\/wp\/v2\/pages\/10569\/revisions\/28951"}],"up":[{"embeddable":true,"href":"https:\/\/gervi.be\/fr\/wp-json\/wp\/v2\/pages\/10488"}],"wp:attachment":[{"href":"https:\/\/gervi.be\/fr\/wp-json\/wp\/v2\/media?parent=10569"}],"curies":[{"name":"wp","href":"https:\/\/api.w.org\/{rel}","templated":true}]}}