{"id":10548,"date":"2023-08-25T07:22:24","date_gmt":"2023-08-25T05:22:24","guid":{"rendered":"https:\/\/gervi.be\/tuinmeubelen\/tables-de-jardin\/"},"modified":"2026-01-19T12:33:09","modified_gmt":"2026-01-19T11:33:09","slug":"tables-de-jardin","status":"publish","type":"page","link":"https:\/\/gervi.be\/fr\/tuinmeubelen\/tables-de-jardin\/","title":{"rendered":"Tables de jardin"},"content":{"rendered":"\t\t<div data-elementor-type=\"wp-page\" data-elementor-id=\"10548\" class=\"elementor elementor-10548 elementor-3562\" data-elementor-post-type=\"page\">\n\t\t\t\t\t\t<section class=\"elementor-section elementor-top-section elementor-element elementor-element-577be25a elementor-section-boxed elementor-section-height-default elementor-section-height-default\" data-id=\"577be25a\" data-element_type=\"section\" data-e-type=\"section\" data-settings=\"{&quot;background_background&quot;:&quot;classic&quot;}\">\n\t\t\t\t\t\t<div class=\"elementor-container elementor-column-gap-default\">\n\t\t\t\t\t<div class=\"elementor-column elementor-col-100 elementor-top-column elementor-element elementor-element-3cc28d06\" data-id=\"3cc28d06\" data-element_type=\"column\" data-e-type=\"column\">\n\t\t\t<div class=\"elementor-widget-wrap elementor-element-populated\">\n\t\t\t\t\t\t<section class=\"elementor-section elementor-inner-section elementor-element elementor-element-673d6de8 elementor-section-boxed elementor-section-height-default elementor-section-height-default\" data-id=\"673d6de8\" data-element_type=\"section\" data-e-type=\"section\">\n\t\t\t\t\t\t<div class=\"elementor-container elementor-column-gap-default\">\n\t\t\t\t\t<div class=\"elementor-column elementor-col-50 elementor-inner-column elementor-element elementor-element-645aa21b\" data-id=\"645aa21b\" data-element_type=\"column\" data-e-type=\"column\" data-settings=\"{&quot;background_background&quot;:&quot;classic&quot;}\">\n\t\t\t<div class=\"elementor-widget-wrap elementor-element-populated\">\n\t\t\t\t\t\t<div class=\"elementor-element elementor-element-7150b3c4 main-titel elementor-widget elementor-widget-heading\" data-id=\"7150b3c4\" data-element_type=\"widget\" data-e-type=\"widget\" data-widget_type=\"heading.default\">\n\t\t\t\t\t<h1 class=\"elementor-heading-title elementor-size-default\">Tables de jardin<\/h1>\t\t\t\t<\/div>\n\t\t\t\t<div class=\"elementor-element elementor-element-1098edf elementor-widget elementor-widget-text-editor\" data-id=\"1098edf\" data-element_type=\"widget\" data-e-type=\"widget\" data-widget_type=\"text-editor.default\">\n\t\t\t\t\t\t\t\t\t<p>Pour les <strong>tables de jardin <\/strong>les plus attrayantes, au caract\u00e8re sp\u00e9cial et exclusif, vous devez vous rendre chez <strong>Gervi Outdoor<\/strong>, sp\u00e9cialiste de l&#8217;<strong> am\u00e9nagement ext\u00e9rieur de<\/strong> luxe. Facteur d&#8217;attraction assur\u00e9.<\/p>\t\t\t\t\t\t\t\t<\/div>\n\t\t\t\t<div class=\"elementor-element elementor-element-bf49e44 elementor-widget elementor-widget-button\" data-id=\"bf49e44\" data-element_type=\"widget\" data-e-type=\"widget\" data-widget_type=\"button.default\">\n\t\t\t\t\t\t\t\t\t\t<a class=\"elementor-button elementor-button-link elementor-size-sm\" href=\"https:\/\/gervi.be\/fr\/product-categorie\/meubles-de-jardin\/table-de-jardin\/\">\n\t\t\t\t\t\t<span class=\"elementor-button-content-wrapper\">\n\t\t\t\t\t\t\t\t\t<span class=\"elementor-button-text\">D\u00e9couvrez tous les mod\u00e8les<\/span>\n\t\t\t\t\t<\/span>\n\t\t\t\t\t<\/a>\n\t\t\t\t\t\t\t\t<\/div>\n\t\t\t\t\t<\/div>\n\t\t<\/div>\n\t\t\t\t<div class=\"elementor-column elementor-col-50 elementor-inner-column elementor-element elementor-element-3c91f532\" data-id=\"3c91f532\" data-element_type=\"column\" data-e-type=\"column\">\n\t\t\t<div class=\"elementor-widget-wrap\">\n\t\t\t\t\t\t\t<\/div>\n\t\t<\/div>\n\t\t\t\t\t<\/div>\n\t\t<\/section>\n\t\t\t\t\t<\/div>\n\t\t<\/div>\n\t\t\t\t\t<\/div>\n\t\t<\/section>\n\t\t\t\t<section class=\"elementor-section elementor-top-section elementor-element elementor-element-41f8788 elementor-section-boxed elementor-section-height-default elementor-section-height-default\" data-id=\"41f8788\" data-element_type=\"section\" data-e-type=\"section\" data-settings=\"{&quot;background_background&quot;:&quot;classic&quot;}\">\n\t\t\t\t\t\t<div class=\"elementor-container elementor-column-gap-default\">\n\t\t\t\t\t<div class=\"elementor-column elementor-col-100 elementor-top-column elementor-element elementor-element-48df51e\" data-id=\"48df51e\" data-element_type=\"column\" data-e-type=\"column\">\n\t\t\t<div class=\"elementor-widget-wrap elementor-element-populated\">\n\t\t\t\t\t\t<div class=\"elementor-element elementor-element-55846e9b elementor-icon-list--layout-inline broodkruimels-vacatures elementor-align-center elementor-list-item-link-full_width elementor-widget elementor-widget-icon-list\" data-id=\"55846e9b\" data-element_type=\"widget\" data-e-type=\"widget\" data-widget_type=\"icon-list.default\">\n\t\t\t\t\t\t\t<ul class=\"elementor-icon-list-items elementor-inline-items\">\n\t\t\t\t\t\t\t<li class=\"elementor-icon-list-item elementor-inline-item\">\n\t\t\t\t\t\t\t\t\t\t\t<a href=\"https:\/\/gervi.be\/fr\/tuinmeubelen\/\">\n\n\t\t\t\t\t\t\t\t\t\t\t<span class=\"elementor-icon-list-text\">Tuinmeubelen<\/span>\n\t\t\t\t\t\t\t\t\t\t\t<\/a>\n\t\t\t\t\t\t\t\t\t<\/li>\n\t\t\t\t\t\t\t\t<li class=\"elementor-icon-list-item elementor-inline-item\">\n\t\t\t\t\t\t\t\t\t\t<span class=\"elementor-icon-list-text\">Tables de jardin<\/span>\n\t\t\t\t\t\t\t\t\t<\/li>\n\t\t\t\t\t\t<\/ul>\n\t\t\t\t\t\t<\/div>\n\t\t\t\t\t<\/div>\n\t\t<\/div>\n\t\t\t\t\t<\/div>\n\t\t<\/section>\n\t\t\t\t<section class=\"elementor-section elementor-top-section elementor-element elementor-element-476ec24e elementor-section-boxed elementor-section-height-default elementor-section-height-default\" data-id=\"476ec24e\" data-element_type=\"section\" data-e-type=\"section\" data-settings=\"{&quot;background_background&quot;:&quot;classic&quot;}\">\n\t\t\t\t\t\t<div class=\"elementor-container elementor-column-gap-default\">\n\t\t\t\t\t<div class=\"elementor-column elementor-col-100 elementor-top-column elementor-element elementor-element-255efda1\" data-id=\"255efda1\" data-element_type=\"column\" data-e-type=\"column\">\n\t\t\t<div class=\"elementor-widget-wrap elementor-element-populated\">\n\t\t\t\t\t\t<div class=\"elementor-element elementor-element-4fee101e blok-titel elementor-widget elementor-widget-heading\" data-id=\"4fee101e\" data-element_type=\"widget\" data-e-type=\"widget\" data-widget_type=\"heading.default\">\n\t\t\t\t\t<h2 class=\"elementor-heading-title elementor-size-default\">Tables de jardin uniques et originales<\/h2>\t\t\t\t<\/div>\n\t\t\t\t<div class=\"elementor-element elementor-element-16d27f44 bullets elementor-widget elementor-widget-text-editor\" data-id=\"16d27f44\" data-element_type=\"widget\" data-e-type=\"widget\" data-widget_type=\"text-editor.default\">\n\t\t\t\t\t\t\t\t\t<p>Rien n&#8217;est plus agr\u00e9able que de d\u00eener en famille ou entre amis, par une douce soir\u00e9e d&#8217;\u00e9t\u00e9, sur une <strong>terrasse pleine d&#8217;ambiance<\/strong>, n&#8217;est-ce pas ? Une <strong>table de jardin <\/strong>somptueuse et g\u00e9n\u00e9reusement d\u00e9cor\u00e9e vous transportera en un rien de temps dans des sph\u00e8res magiques. Une<strong> table de jardin luxueuse <\/strong>sur la <strong>terrasse <\/strong>ne peut donc pas manquer dans ce tableau. Pour les <strong>tables de jardin <\/strong>les plus attrayantes, au caract\u00e8re sp\u00e9cial et exclusif, vous devez vous rendre chez <strong>Gervi Outdoor<\/strong>, sp\u00e9cialiste de l&#8217;<strong> am\u00e9nagement ext\u00e9rieur de<\/strong> luxe. Facteur d&#8217;attraction assur\u00e9.<\/p>\t\t\t\t\t\t\t\t<\/div>\n\t\t\t\t\t<\/div>\n\t\t<\/div>\n\t\t\t\t\t<\/div>\n\t\t<\/section>\n\t\t\t\t<section class=\"elementor-section elementor-top-section elementor-element elementor-element-4e4e89d1 elementor-section-boxed elementor-section-height-default elementor-section-height-default\" data-id=\"4e4e89d1\" data-element_type=\"section\" data-e-type=\"section\" data-settings=\"{&quot;background_background&quot;:&quot;classic&quot;}\">\n\t\t\t\t\t\t\t<div class=\"elementor-background-overlay\"><\/div>\n\t\t\t\t\t\t\t<div class=\"elementor-container elementor-column-gap-default\">\n\t\t\t\t\t<div class=\"elementor-column elementor-col-50 elementor-top-column elementor-element elementor-element-35047efb\" data-id=\"35047efb\" data-element_type=\"column\" data-e-type=\"column\" data-settings=\"{&quot;background_background&quot;:&quot;classic&quot;}\">\n\t\t\t<div class=\"elementor-widget-wrap elementor-element-populated\">\n\t\t\t\t\t\t<div class=\"elementor-element elementor-element-744a7f30 elementor-widget-divider--view-line elementor-widget elementor-widget-divider\" data-id=\"744a7f30\" data-element_type=\"widget\" data-e-type=\"widget\" data-widget_type=\"divider.default\">\n\t\t\t\t\t\t\t<div class=\"elementor-divider\">\n\t\t\t<span class=\"elementor-divider-separator\">\n\t\t\t\t\t\t<\/span>\n\t\t<\/div>\n\t\t\t\t\t\t<\/div>\n\t\t\t\t\t<\/div>\n\t\t<\/div>\n\t\t\t\t<div class=\"elementor-column elementor-col-50 elementor-top-column elementor-element elementor-element-2131fd47\" data-id=\"2131fd47\" data-element_type=\"column\" data-e-type=\"column\">\n\t\t\t<div class=\"elementor-widget-wrap elementor-element-populated\">\n\t\t\t\t\t\t<div class=\"elementor-element elementor-element-5285634b blok-titel elementor-widget elementor-widget-heading\" data-id=\"5285634b\" data-element_type=\"widget\" data-e-type=\"widget\" data-widget_type=\"heading.default\">\n\t\t\t\t\t<h2 class=\"elementor-heading-title elementor-size-default\">Tables de jardin et tables d'appoint exclusives<\/h2>\t\t\t\t<\/div>\n\t\t\t\t<div class=\"elementor-element elementor-element-34864477 elementor-widget elementor-widget-text-editor\" data-id=\"34864477\" data-element_type=\"widget\" data-e-type=\"widget\" data-widget_type=\"text-editor.default\">\n\t\t\t\t\t\t\t\t\t<p>L&#8217;\u00e9poque o\u00f9 l&#8217;on choisissait syst\u00e9matiquement une seule <strong>table de jardin <\/strong>longue et spacieuse pour d\u00e9corer la <strong>terrasse du jardin <\/strong>est loin derri\u00e8re nous. De nos jours, il est tout \u00e0 fait branch\u00e9 d&#8217;exp\u00e9rimenter avec des <strong>tables de <\/strong>diff\u00e9rentes tailles pour cr\u00e9er un ensemble unique. Pensez aux <strong>tables basses <\/strong>des <strong>terrasses de salon <\/strong>qui peuvent \u00eatre gliss\u00e9es l&#8217;une sur l&#8217;autre en raison de leurs diff\u00e9rentes hauteurs et cr\u00e9er une <strong>exp\u00e9rience atmosph\u00e9rique unique <\/strong>. Les repas pris \u00e0 une <strong>table de jardin luxueuse <\/strong>s&#8217;int\u00e8grent ainsi sans difficult\u00e9 \u00e0 la d\u00e9tente sur la <strong>terrasse du salon<\/strong>. Curieux de conna\u00eetre nos <strong>tables de jardin<\/strong>?<\/p>\t\t\t\t\t\t\t\t<\/div>\n\t\t\t\t\t<\/div>\n\t\t<\/div>\n\t\t\t\t\t<\/div>\n\t\t<\/section>\n\t\t\t\t<section class=\"elementor-section elementor-top-section elementor-element elementor-element-9d66e67 elementor-reverse-mobile elementor-section-boxed elementor-section-height-default elementor-section-height-default\" data-id=\"9d66e67\" data-element_type=\"section\" data-e-type=\"section\" data-settings=\"{&quot;background_background&quot;:&quot;classic&quot;}\">\n\t\t\t\t\t\t\t<div class=\"elementor-background-overlay\"><\/div>\n\t\t\t\t\t\t\t<div class=\"elementor-container elementor-column-gap-default\">\n\t\t\t\t\t<div class=\"elementor-column elementor-col-100 elementor-top-column elementor-element elementor-element-7cf865fb\" data-id=\"7cf865fb\" data-element_type=\"column\" data-e-type=\"column\">\n\t\t\t<div class=\"elementor-widget-wrap elementor-element-populated\">\n\t\t\t\t\t\t<div class=\"elementor-element elementor-element-4e800ea1 blok-titel elementor-widget elementor-widget-heading\" data-id=\"4e800ea1\" data-element_type=\"widget\" data-e-type=\"widget\" data-widget_type=\"heading.default\">\n\t\t\t\t\t<h2 class=\"elementor-heading-title elementor-size-default\">Tables de jardin luxueuses<\/h2>\t\t\t\t<\/div>\n\t\t\t\t<div class=\"elementor-element elementor-element-233349c6 elementor-widget elementor-widget-text-editor\" data-id=\"233349c6\" data-element_type=\"widget\" data-e-type=\"widget\" data-widget_type=\"text-editor.default\">\n\t\t\t\t\t\t\t\t\t<p><strong>Gervi Outdoor,<\/strong> expert en <strong>am\u00e9nagement ext\u00e9rieur de <\/strong>luxe <strong>, <\/strong>propose des <strong>tables de jardin <\/strong>et d&#8217;autres <strong>meubles d&#8217;ext\u00e9rieur<\/strong> au caract\u00e8re exclusif. Du look aluminium \u00e9pur\u00e9 aux <strong>tables de jardin <\/strong>aux reliefs m\u00e9ridionaux, les collections que nous proposons attirent tous les regards en termes de <strong>design <\/strong>et de finition. Faites entrer une atmosph\u00e8re de vacances idyllique dans votre maison gr\u00e2ce \u00e0 nos <strong>tables de jardin <\/strong>et <strong>tables d&#8217;appoint <\/strong> <strong>uniques <\/strong>et imaginez-vous dans le Sud.<\/p>\t\t\t\t\t\t\t\t<\/div>\n\t\t\t\t\t<\/div>\n\t\t<\/div>\n\t\t\t\t\t<\/div>\n\t\t<\/section>\n\t\t\t\t<section class=\"elementor-section elementor-top-section elementor-element elementor-element-3d90763 elementor-reverse-mobile elementor-section-boxed elementor-section-height-default elementor-section-height-default\" data-id=\"3d90763\" data-element_type=\"section\" data-e-type=\"section\" data-settings=\"{&quot;background_background&quot;:&quot;classic&quot;}\">\n\t\t\t\t\t\t\t<div class=\"elementor-background-overlay\"><\/div>\n\t\t\t\t\t\t\t<div class=\"elementor-container elementor-column-gap-default\">\n\t\t\t\t\t<div class=\"elementor-column elementor-col-50 elementor-top-column elementor-element elementor-element-37352ab\" data-id=\"37352ab\" data-element_type=\"column\" data-e-type=\"column\">\n\t\t\t<div class=\"elementor-widget-wrap elementor-element-populated\">\n\t\t\t\t\t\t<div class=\"elementor-element elementor-element-695bed6 blok-titel elementor-widget elementor-widget-heading\" data-id=\"695bed6\" data-element_type=\"widget\" data-e-type=\"widget\" data-widget_type=\"heading.default\">\n\t\t\t\t\t<h2 class=\"elementor-heading-title elementor-size-default\">Tables de jardin pour tous les styles de vie<\/h2>\t\t\t\t<\/div>\n\t\t\t\t<div class=\"elementor-element elementor-element-d1c30c5 elementor-widget elementor-widget-text-editor\" data-id=\"d1c30c5\" data-element_type=\"widget\" data-e-type=\"widget\" data-widget_type=\"text-editor.default\">\n\t\t\t\t\t\t\t\t\t<p>Gr\u00e2ce \u00e0 notre large gamme, vous trouverez dans notre <a href=\"https:\/\/gervi.be\/fr\/salles-dexposition\/\">showroom<\/a> des <strong>tables de jardin design<\/strong> pour tous les styles de vie, du rural au moderne et \u00e0 l&#8217;industriel. Dans une <strong>large<\/strong>gamme de formes, de tailles et de mat\u00e9riaux. Des <strong>objets qui attirent<\/strong> l&#8217;attention, mais des <strong>classiques<\/strong> tout aussi \u00e9l\u00e9gants. <strong>Tables de jardin <\/strong>uniques en diff\u00e9rentes couleurs. Contemporain ou intemporel, mais toujours \u00e9l\u00e9gant et luxueux. Nos experts en am\u00e9nagement ext\u00e9rieur consid\u00e8rent que c&#8217;est un privil\u00e8ge de travailler avec vous pour s\u00e9lectionner les <strong>tables de jardin <\/strong>et autres<strong> meubles d&#8217;ext\u00e9rieur<\/strong> parfaits qui vous permettront de passer \u00e0 la <strong>vitesse <\/strong>sup\u00e9rieure.<\/p>\t\t\t\t\t\t\t\t<\/div>\n\t\t\t\t\t<\/div>\n\t\t<\/div>\n\t\t\t\t<div class=\"elementor-column elementor-col-50 elementor-top-column elementor-element elementor-element-06f6778\" data-id=\"06f6778\" data-element_type=\"column\" data-e-type=\"column\" data-settings=\"{&quot;background_background&quot;:&quot;classic&quot;}\">\n\t\t\t<div class=\"elementor-widget-wrap elementor-element-populated\">\n\t\t\t\t\t\t<div class=\"elementor-element elementor-element-e3e84d7 elementor-widget-divider--view-line elementor-widget elementor-widget-divider\" data-id=\"e3e84d7\" data-element_type=\"widget\" data-e-type=\"widget\" data-widget_type=\"divider.default\">\n\t\t\t\t\t\t\t<div class=\"elementor-divider\">\n\t\t\t<span class=\"elementor-divider-separator\">\n\t\t\t\t\t\t<\/span>\n\t\t<\/div>\n\t\t\t\t\t\t<\/div>\n\t\t\t\t\t<\/div>\n\t\t<\/div>\n\t\t\t\t\t<\/div>\n\t\t<\/section>\n\t\t\t\t<section class=\"elementor-section elementor-top-section elementor-element elementor-element-7fec2d33 elementor-section-full_width elementor-section-height-default elementor-section-height-default\" data-id=\"7fec2d33\" data-element_type=\"section\" data-e-type=\"section\">\n\t\t\t\t\t\t<div class=\"elementor-container elementor-column-gap-default\">\n\t\t\t\t\t<div class=\"elementor-column elementor-col-100 elementor-top-column elementor-element elementor-element-50307d3d\" data-id=\"50307d3d\" data-element_type=\"column\" data-e-type=\"column\">\n\t\t\t<div class=\"elementor-widget-wrap elementor-element-populated\">\n\t\t\t\t\t\t\t<\/div>\n\t\t<\/div>\n\t\t\t\t\t<\/div>\n\t\t<\/section>\n\t\t\t\t<\/div>\n\t\t","protected":false},"excerpt":{"rendered":"<p>Tables de jardin Pour les tables de jardin les plus attrayantes, au caract\u00e8re sp\u00e9cial et exclusif, vous devez vous rendre chez Gervi Outdoor, sp\u00e9cialiste de l&#8217; am\u00e9nagement ext\u00e9rieur de luxe. Facteur d&#8217;attraction assur\u00e9. D\u00e9couvrez tous les mod\u00e8les Tuinmeubelen Tables de jardin uniques et originales Rien n&#8217;est plus agr\u00e9able que de d\u00eener en famille ou entre [&hellip;]<\/p>\n","protected":false},"author":23,"featured_media":0,"parent":10488,"menu_order":0,"comment_status":"closed","ping_status":"closed","template":"","meta":{"_acf_changed":false,"_uag_custom_page_level_css":"","site-sidebar-layout":"no-sidebar","site-content-layout":"page-builder","ast-site-content-layout":"default","site-content-style":"default","site-sidebar-style":"default","ast-global-header-display":"","ast-banner-title-visibility":"","ast-main-header-display":"","ast-hfb-above-header-display":"","ast-hfb-below-header-display":"","ast-hfb-mobile-header-display":"","site-post-title":"disabled","ast-breadcrumbs-content":"","ast-featured-img":"disabled","footer-sml-layout":"","ast-disable-related-posts":"","theme-transparent-header-meta":"default","adv-header-id-meta":"","stick-header-meta":"","header-above-stick-meta":"","header-main-stick-meta":"","header-below-stick-meta":"","astra-migrate-meta-layouts":"default","ast-page-background-enabled":"default","ast-page-background-meta":{"desktop":{"background-color":"","background-image":"","background-repeat":"repeat","background-position":"center center","background-size":"auto","background-attachment":"scroll","background-type":"","background-media":"","overlay-type":"","overlay-color":"","overlay-opacity":"","overlay-gradient":""},"tablet":{"background-color":"","background-image":"","background-repeat":"repeat","background-position":"center center","background-size":"auto","background-attachment":"scroll","background-type":"","background-media":"","overlay-type":"","overlay-color":"","overlay-opacity":"","overlay-gradient":""},"mobile":{"background-color":"","background-image":"","background-repeat":"repeat","background-position":"center center","background-size":"auto","background-attachment":"scroll","background-type":"","background-media":"","overlay-type":"","overlay-color":"","overlay-opacity":"","overlay-gradient":""}},"ast-content-background-meta":{"desktop":{"background-color":"var(--ast-global-color-5)","background-image":"","background-repeat":"repeat","background-position":"center center","background-size":"auto","background-attachment":"scroll","background-type":"","background-media":"","overlay-type":"","overlay-color":"","overlay-opacity":"","overlay-gradient":""},"tablet":{"background-color":"var(--ast-global-color-5)","background-image":"","background-repeat":"repeat","background-position":"center center","background-size":"auto","background-attachment":"scroll","background-type":"","background-media":"","overlay-type":"","overlay-color":"","overlay-opacity":"","overlay-gradient":""},"mobile":{"background-color":"var(--ast-global-color-5)","background-image":"","background-repeat":"repeat","background-position":"center center","background-size":"auto","background-attachment":"scroll","background-type":"","background-media":"","overlay-type":"","overlay-color":"","overlay-opacity":"","overlay-gradient":""}},"footnotes":""},"class_list":["post-10548","page","type-page","status-publish","hentry"],"acf":[],"uagb_featured_image_src":{"full":false,"thumbnail":false,"medium":false,"medium_large":false,"large":false,"1536x1536":false,"2048x2048":false,"woocommerce_thumbnail":false,"woocommerce_single":false,"woocommerce_gallery_thumbnail":false,"dgwt-wcas-product-suggestion":false},"uagb_author_info":{"display_name":"Marjolein Nijs","author_link":"https:\/\/gervi.be\/fr\/author\/marjolein-nijs\/"},"uagb_comment_info":0,"uagb_excerpt":"Tables de jardin Pour les tables de jardin les plus attrayantes, au caract\u00e8re sp\u00e9cial et exclusif, vous devez vous rendre chez Gervi Outdoor, sp\u00e9cialiste de l&#8217; am\u00e9nagement ext\u00e9rieur de luxe. Facteur d&#8217;attraction assur\u00e9. D\u00e9couvrez tous les mod\u00e8les Tuinmeubelen Tables de jardin uniques et originales Rien n&#8217;est plus agr\u00e9able que de d\u00eener en famille ou entre\u2026","_links":{"self":[{"href":"https:\/\/gervi.be\/fr\/wp-json\/wp\/v2\/pages\/10548","targetHints":{"allow":["GET"]}}],"collection":[{"href":"https:\/\/gervi.be\/fr\/wp-json\/wp\/v2\/pages"}],"about":[{"href":"https:\/\/gervi.be\/fr\/wp-json\/wp\/v2\/types\/page"}],"author":[{"embeddable":true,"href":"https:\/\/gervi.be\/fr\/wp-json\/wp\/v2\/users\/23"}],"replies":[{"embeddable":true,"href":"https:\/\/gervi.be\/fr\/wp-json\/wp\/v2\/comments?post=10548"}],"version-history":[{"count":4,"href":"https:\/\/gervi.be\/fr\/wp-json\/wp\/v2\/pages\/10548\/revisions"}],"predecessor-version":[{"id":35981,"href":"https:\/\/gervi.be\/fr\/wp-json\/wp\/v2\/pages\/10548\/revisions\/35981"}],"up":[{"embeddable":true,"href":"https:\/\/gervi.be\/fr\/wp-json\/wp\/v2\/pages\/10488"}],"wp:attachment":[{"href":"https:\/\/gervi.be\/fr\/wp-json\/wp\/v2\/media?parent=10548"}],"curies":[{"name":"wp","href":"https:\/\/api.w.org\/{rel}","templated":true}]}}