{"id":10547,"date":"2023-08-25T11:38:57","date_gmt":"2023-08-25T09:38:57","guid":{"rendered":"https:\/\/gervi.be\/tuinmeubelen\/chaises-de-jardin\/"},"modified":"2026-01-19T12:30:42","modified_gmt":"2026-01-19T11:30:42","slug":"chaises-de-jardin","status":"publish","type":"page","link":"https:\/\/gervi.be\/fr\/tuinmeubelen\/chaises-de-jardin\/","title":{"rendered":"Chaises de jardin"},"content":{"rendered":"\t\t<div data-elementor-type=\"wp-page\" data-elementor-id=\"10547\" class=\"elementor elementor-10547 elementor-3954\" data-elementor-post-type=\"page\">\n\t\t\t\t\t\t<section class=\"elementor-section elementor-top-section elementor-element elementor-element-60a2145d elementor-section-boxed elementor-section-height-default elementor-section-height-default\" data-id=\"60a2145d\" data-element_type=\"section\" data-e-type=\"section\" data-settings=\"{&quot;background_background&quot;:&quot;classic&quot;}\">\n\t\t\t\t\t\t<div class=\"elementor-container elementor-column-gap-default\">\n\t\t\t\t\t<div class=\"elementor-column elementor-col-100 elementor-top-column elementor-element elementor-element-1f270a5e\" data-id=\"1f270a5e\" data-element_type=\"column\" data-e-type=\"column\">\n\t\t\t<div class=\"elementor-widget-wrap elementor-element-populated\">\n\t\t\t\t\t\t<section class=\"elementor-section elementor-inner-section elementor-element elementor-element-48800fd4 elementor-section-boxed elementor-section-height-default elementor-section-height-default\" data-id=\"48800fd4\" data-element_type=\"section\" data-e-type=\"section\">\n\t\t\t\t\t\t<div class=\"elementor-container elementor-column-gap-default\">\n\t\t\t\t\t<div class=\"elementor-column elementor-col-50 elementor-inner-column elementor-element elementor-element-6940d6a\" data-id=\"6940d6a\" data-element_type=\"column\" data-e-type=\"column\" data-settings=\"{&quot;background_background&quot;:&quot;classic&quot;}\">\n\t\t\t<div class=\"elementor-widget-wrap elementor-element-populated\">\n\t\t\t\t\t\t<div class=\"elementor-element elementor-element-2a0f1b4d main-titel elementor-widget elementor-widget-heading\" data-id=\"2a0f1b4d\" data-element_type=\"widget\" data-e-type=\"widget\" data-widget_type=\"heading.default\">\n\t\t\t\t\t<h1 class=\"elementor-heading-title elementor-size-default\">Chaises de jardin<\/h1>\t\t\t\t<\/div>\n\t\t\t\t<div class=\"elementor-element elementor-element-5161a5d5 elementor-widget elementor-widget-text-editor\" data-id=\"5161a5d5\" data-element_type=\"widget\" data-e-type=\"widget\" data-widget_type=\"text-editor.default\">\n\t\t\t\t\t\t\t\t\t<p>Les <strong>chaises de jardin exclusives<\/strong> donnent \u00e0 votre jardin l&#8217;aspect luxueux dont vous r\u00eavez.<\/p>\t\t\t\t\t\t\t\t<\/div>\n\t\t\t\t<div class=\"elementor-element elementor-element-381c1fee elementor-widget elementor-widget-button\" data-id=\"381c1fee\" data-element_type=\"widget\" data-e-type=\"widget\" data-widget_type=\"button.default\">\n\t\t\t\t\t\t\t\t\t\t<a class=\"elementor-button elementor-button-link elementor-size-sm\" href=\"https:\/\/gervi.be\/fr\/product-categorie\/meubles-de-jardin\/chaise-de-jardin\/\">\n\t\t\t\t\t\t<span class=\"elementor-button-content-wrapper\">\n\t\t\t\t\t\t\t\t\t<span class=\"elementor-button-text\">D\u00e9couvrez tous les mod\u00e8les<\/span>\n\t\t\t\t\t<\/span>\n\t\t\t\t\t<\/a>\n\t\t\t\t\t\t\t\t<\/div>\n\t\t\t\t\t<\/div>\n\t\t<\/div>\n\t\t\t\t<div class=\"elementor-column elementor-col-50 elementor-inner-column elementor-element elementor-element-52f3f18a\" data-id=\"52f3f18a\" data-element_type=\"column\" data-e-type=\"column\">\n\t\t\t<div class=\"elementor-widget-wrap\">\n\t\t\t\t\t\t\t<\/div>\n\t\t<\/div>\n\t\t\t\t\t<\/div>\n\t\t<\/section>\n\t\t\t\t\t<\/div>\n\t\t<\/div>\n\t\t\t\t\t<\/div>\n\t\t<\/section>\n\t\t\t\t<section class=\"elementor-section elementor-top-section elementor-element elementor-element-2eae32bc elementor-section-boxed elementor-section-height-default elementor-section-height-default\" data-id=\"2eae32bc\" data-element_type=\"section\" data-e-type=\"section\" data-settings=\"{&quot;background_background&quot;:&quot;classic&quot;}\">\n\t\t\t\t\t\t<div class=\"elementor-container elementor-column-gap-default\">\n\t\t\t\t\t<div class=\"elementor-column elementor-col-100 elementor-top-column elementor-element elementor-element-5a0fffaa\" data-id=\"5a0fffaa\" data-element_type=\"column\" data-e-type=\"column\">\n\t\t\t<div class=\"elementor-widget-wrap elementor-element-populated\">\n\t\t\t\t\t\t<div class=\"elementor-element elementor-element-1f1776f5 elementor-icon-list--layout-inline broodkruimels-vacatures elementor-align-center elementor-list-item-link-full_width elementor-widget elementor-widget-icon-list\" data-id=\"1f1776f5\" data-element_type=\"widget\" data-e-type=\"widget\" data-widget_type=\"icon-list.default\">\n\t\t\t\t\t\t\t<ul class=\"elementor-icon-list-items elementor-inline-items\">\n\t\t\t\t\t\t\t<li class=\"elementor-icon-list-item elementor-inline-item\">\n\t\t\t\t\t\t\t\t\t\t\t<a href=\"https:\/\/gervi.be\/fr\/tuinmeubelen\/\">\n\n\t\t\t\t\t\t\t\t\t\t\t<span class=\"elementor-icon-list-text\">Tuinmeubelen<\/span>\n\t\t\t\t\t\t\t\t\t\t\t<\/a>\n\t\t\t\t\t\t\t\t\t<\/li>\n\t\t\t\t\t\t\t\t<li class=\"elementor-icon-list-item elementor-inline-item\">\n\t\t\t\t\t\t\t\t\t\t<span class=\"elementor-icon-list-text\">Chaises de jardin<\/span>\n\t\t\t\t\t\t\t\t\t<\/li>\n\t\t\t\t\t\t<\/ul>\n\t\t\t\t\t\t<\/div>\n\t\t\t\t\t<\/div>\n\t\t<\/div>\n\t\t\t\t\t<\/div>\n\t\t<\/section>\n\t\t\t\t<section class=\"elementor-section elementor-top-section elementor-element elementor-element-38fdcf5f elementor-section-boxed elementor-section-height-default elementor-section-height-default\" data-id=\"38fdcf5f\" data-element_type=\"section\" data-e-type=\"section\" data-settings=\"{&quot;background_background&quot;:&quot;classic&quot;}\">\n\t\t\t\t\t\t<div class=\"elementor-container elementor-column-gap-default\">\n\t\t\t\t\t<div class=\"elementor-column elementor-col-100 elementor-top-column elementor-element elementor-element-1255b817\" data-id=\"1255b817\" data-element_type=\"column\" data-e-type=\"column\">\n\t\t\t<div class=\"elementor-widget-wrap elementor-element-populated\">\n\t\t\t\t\t\t<div class=\"elementor-element elementor-element-749134bc blok-titel elementor-widget elementor-widget-heading\" data-id=\"749134bc\" data-element_type=\"widget\" data-e-type=\"widget\" data-widget_type=\"heading.default\">\n\t\t\t\t\t<h2 class=\"elementor-heading-title elementor-size-default\">Chaises de jardin design exclusives<\/h2>\t\t\t\t<\/div>\n\t\t\t\t<div class=\"elementor-element elementor-element-336eb501 bullets elementor-widget elementor-widget-text-editor\" data-id=\"336eb501\" data-element_type=\"widget\" data-e-type=\"widget\" data-widget_type=\"text-editor.default\">\n\t\t\t\t\t\t\t\t\t<p>Si vous \u00eates \u00e0 la recherche de <strong>chaises de jardin <\/strong>uniques, extravagantes ou <strong>design <\/strong>pour votre espace ext\u00e9rieur, <strong>Gervi Outdoor<\/strong>, expert en <strong>am\u00e9nagement ext\u00e9rieur de luxe<\/strong>, est l&#8217;endroit id\u00e9al. Notre large gamme de collections comprend des <strong>marques de premier plan<\/strong> qui sont <strong>internationalement <\/strong>reconnues pour leur haute <strong>qualit\u00e9 <\/strong>et leur sens du <strong>design<\/strong>. Des pi\u00e8ces qui d\u00e9gagent une classe instantan\u00e9e et servent de <strong>mobilier d&#8217;ext\u00e9rieur <\/strong>sur les terrasses des h\u00f4tels les plus chics du monde.<\/p>\t\t\t\t\t\t\t\t<\/div>\n\t\t\t\t\t<\/div>\n\t\t<\/div>\n\t\t\t\t\t<\/div>\n\t\t<\/section>\n\t\t\t\t<section class=\"elementor-section elementor-top-section elementor-element elementor-element-3d13d81e elementor-section-boxed elementor-section-height-default elementor-section-height-default\" data-id=\"3d13d81e\" data-element_type=\"section\" data-e-type=\"section\" data-settings=\"{&quot;background_background&quot;:&quot;classic&quot;}\">\n\t\t\t\t\t\t\t<div class=\"elementor-background-overlay\"><\/div>\n\t\t\t\t\t\t\t<div class=\"elementor-container elementor-column-gap-default\">\n\t\t\t\t\t<div class=\"elementor-column elementor-col-50 elementor-top-column elementor-element elementor-element-5587ef4b\" data-id=\"5587ef4b\" data-element_type=\"column\" data-e-type=\"column\" data-settings=\"{&quot;background_background&quot;:&quot;classic&quot;}\">\n\t\t\t<div class=\"elementor-widget-wrap elementor-element-populated\">\n\t\t\t\t\t\t<div class=\"elementor-element elementor-element-54bb6da0 elementor-widget-divider--view-line elementor-widget elementor-widget-divider\" data-id=\"54bb6da0\" data-element_type=\"widget\" data-e-type=\"widget\" data-widget_type=\"divider.default\">\n\t\t\t\t\t\t\t<div class=\"elementor-divider\">\n\t\t\t<span class=\"elementor-divider-separator\">\n\t\t\t\t\t\t<\/span>\n\t\t<\/div>\n\t\t\t\t\t\t<\/div>\n\t\t\t\t\t<\/div>\n\t\t<\/div>\n\t\t\t\t<div class=\"elementor-column elementor-col-50 elementor-top-column elementor-element elementor-element-61bff53b\" data-id=\"61bff53b\" data-element_type=\"column\" data-e-type=\"column\">\n\t\t\t<div class=\"elementor-widget-wrap elementor-element-populated\">\n\t\t\t\t\t\t<div class=\"elementor-element elementor-element-77c05e98 blok-titel elementor-widget elementor-widget-heading\" data-id=\"77c05e98\" data-element_type=\"widget\" data-e-type=\"widget\" data-widget_type=\"heading.default\">\n\t\t\t\t\t<h2 class=\"elementor-heading-title elementor-size-default\">Chaises de jardin de luxe pour tout type d'ext\u00e9rieur<\/h2>\t\t\t\t<\/div>\n\t\t\t\t<div class=\"elementor-element elementor-element-342909cd elementor-widget elementor-widget-text-editor\" data-id=\"342909cd\" data-element_type=\"widget\" data-e-type=\"widget\" data-widget_type=\"text-editor.default\">\n\t\t\t\t\t\t\t\t\t<p>Les <strong>chaises de jardin exclusives<\/strong> donnent \u00e0 votre jardin l&#8217;aspect luxueux dont vous r\u00eavez. L&#8217;id\u00e9al est de coordonner votre <strong>mobilier d&#8217;ext\u00e9rieur <\/strong>avec le style g\u00e9n\u00e9ral de votre maison. Les chaises de jardin design doivent \u00e9videmment s&#8217;int\u00e9grer \u00e0 l&#8217;ensemble, tout comme le reste de votre ext\u00e9rieur. Vous avez une maison rurale ? Les <strong>chaises de jardin <\/strong>en <strong>bois <\/strong>ou en <strong>osier de <\/strong>haute qualit\u00e9 sont particuli\u00e8rement \u00e9l\u00e9gantes. Vivez-vous la modernit\u00e9 ? C&#8217;est alors que les <strong>chaises de jardin design<\/strong> au look \u00e9pur\u00e9 prennent tout leur sens. Cependant, il existe aujourd&#8217;hui de nombreux m\u00e9langes de styles qui permettent d&#8217;obtenir une <strong>ambiance <\/strong>unique et originale.<\/p>\t\t\t\t\t\t\t\t<\/div>\n\t\t\t\t\t<\/div>\n\t\t<\/div>\n\t\t\t\t\t<\/div>\n\t\t<\/section>\n\t\t\t\t<section class=\"elementor-section elementor-top-section elementor-element elementor-element-1e88511 elementor-section-boxed elementor-section-height-default elementor-section-height-default\" data-id=\"1e88511\" data-element_type=\"section\" data-e-type=\"section\" data-settings=\"{&quot;background_background&quot;:&quot;classic&quot;}\">\n\t\t\t\t\t\t\t<div class=\"elementor-background-overlay\"><\/div>\n\t\t\t\t\t\t\t<div class=\"elementor-container elementor-column-gap-default\">\n\t\t\t\t\t<div class=\"elementor-column elementor-col-100 elementor-top-column elementor-element elementor-element-6fa836c\" data-id=\"6fa836c\" data-element_type=\"column\" data-e-type=\"column\">\n\t\t\t<div class=\"elementor-widget-wrap elementor-element-populated\">\n\t\t\t\t\t\t<div class=\"elementor-element elementor-element-dd2ebf3 blok-titel elementor-widget elementor-widget-heading\" data-id=\"dd2ebf3\" data-element_type=\"widget\" data-e-type=\"widget\" data-widget_type=\"heading.default\">\n\t\t\t\t\t<h2 class=\"elementor-heading-title elementor-size-default\">Chaises et si\u00e8ges de jardin pour une sensation de d\u00e9tente ultime<\/h2>\t\t\t\t<\/div>\n\t\t\t\t<div class=\"elementor-element elementor-element-cf25116 elementor-widget elementor-widget-text-editor\" data-id=\"cf25116\" data-element_type=\"widget\" data-e-type=\"widget\" data-widget_type=\"text-editor.default\">\n\t\t\t\t\t\t\t\t\t<p>Aujourd&#8217;hui, l&#8217;<strong> am\u00e9nagement ext\u00e9rieur<\/strong> est extr\u00eamement cr\u00e9atif. Les <strong>chaises de jardin <\/strong>standard font partie de l&#8217;image classique, au nombre de six ou huit, sous une longue <strong>table de jardin<\/strong>. Mais depuis longtemps, les designers mettent un point d&#8217;honneur \u00e0 mettre sur le march\u00e9 des <strong>pi\u00e8ces de design de <\/strong>grande qualit\u00e9 qui donnent un sens nouveau et <strong>cr\u00e9atif <\/strong>au terme<strong>&#8220;chaise de jardin<\/strong>&#8220;. Pensez aux <strong>coussins d&#8217;assise<\/strong> hauts, aux si\u00e8ges monoplaces, aux <strong>tabourets de bar<\/strong>, aux <strong>cubes d&#8217;assise <\/strong>en aluminium ou aux <strong>poufs d&#8217;assise<\/strong>. La <strong>tendance des <\/strong>derni\u00e8res ann\u00e9es en <strong>mati\u00e8re de salons <\/strong>joue un r\u00f4le pr\u00e9pond\u00e9rant \u00e0 cet \u00e9gard. Ce qui compte en fin de compte, c&#8217;est une <strong>atmosph\u00e8re g\u00e9n\u00e9rale <\/strong>unique.<\/p>\t\t\t\t\t\t\t\t<\/div>\n\t\t\t\t\t<\/div>\n\t\t<\/div>\n\t\t\t\t\t<\/div>\n\t\t<\/section>\n\t\t\t\t<section class=\"elementor-section elementor-top-section elementor-element elementor-element-21148276 elementor-reverse-mobile elementor-section-boxed elementor-section-height-default elementor-section-height-default\" data-id=\"21148276\" data-element_type=\"section\" data-e-type=\"section\" data-settings=\"{&quot;background_background&quot;:&quot;classic&quot;}\">\n\t\t\t\t\t\t\t<div class=\"elementor-background-overlay\"><\/div>\n\t\t\t\t\t\t\t<div class=\"elementor-container elementor-column-gap-default\">\n\t\t\t\t\t<div class=\"elementor-column elementor-col-50 elementor-top-column elementor-element elementor-element-132a6cbd\" data-id=\"132a6cbd\" data-element_type=\"column\" data-e-type=\"column\">\n\t\t\t<div class=\"elementor-widget-wrap elementor-element-populated\">\n\t\t\t\t\t\t<div class=\"elementor-element elementor-element-2be92ec3 blok-titel elementor-widget elementor-widget-heading\" data-id=\"2be92ec3\" data-element_type=\"widget\" data-e-type=\"widget\" data-widget_type=\"heading.default\">\n\t\t\t\t\t<h2 class=\"elementor-heading-title elementor-size-default\">Un cocooning parfait avec les chaises de jardin de Gervi Outdoor<\/h2>\t\t\t\t<\/div>\n\t\t\t\t<div class=\"elementor-element elementor-element-47de8d54 elementor-widget elementor-widget-text-editor\" data-id=\"47de8d54\" data-element_type=\"widget\" data-e-type=\"widget\" data-widget_type=\"text-editor.default\">\n\t\t\t\t\t\t\t\t\t<p>Nos collections de <strong>chaises de jardin <\/strong>et d&#8217;<strong>ensembles de salon <\/strong>se caract\u00e9risent par leur <strong>qualit\u00e9, leur durabilit\u00e9 <\/strong>et leur <strong>design<\/strong> haut de gamme. Sans exception, nos <strong>si\u00e8ges cr\u00e9atifs<\/strong> ont du caract\u00e8re. Pour un cachet exclusif.<strong> Gervi Outdoor<\/strong> vous accompagne dans le choix de votre <strong>mobilier de jardin <\/strong>et dans la cr\u00e9ation d&#8217;une ambiance parfaite sur votre terrasse<strong>, dans votre salon<\/strong> ou au bord de votre piscine. Venez visiter notre <a href=\"https:\/\/gervi.be\/fr\/salles-dexposition\/\">salle d&#8217;exposition<\/a> et voyez par vous-m\u00eame pourquoi nous sommes les <strong>experts <\/strong>de l&#8217;am\u00e9lioration de la vie en plein air.<\/p>\t\t\t\t\t\t\t\t<\/div>\n\t\t\t\t\t<\/div>\n\t\t<\/div>\n\t\t\t\t<div class=\"elementor-column elementor-col-50 elementor-top-column elementor-element elementor-element-937e0ca\" data-id=\"937e0ca\" data-element_type=\"column\" data-e-type=\"column\" data-settings=\"{&quot;background_background&quot;:&quot;classic&quot;}\">\n\t\t\t<div class=\"elementor-widget-wrap elementor-element-populated\">\n\t\t\t\t\t\t<div class=\"elementor-element elementor-element-37c91a0b elementor-widget-divider--view-line elementor-widget elementor-widget-divider\" data-id=\"37c91a0b\" data-element_type=\"widget\" data-e-type=\"widget\" data-widget_type=\"divider.default\">\n\t\t\t\t\t\t\t<div class=\"elementor-divider\">\n\t\t\t<span class=\"elementor-divider-separator\">\n\t\t\t\t\t\t<\/span>\n\t\t<\/div>\n\t\t\t\t\t\t<\/div>\n\t\t\t\t\t<\/div>\n\t\t<\/div>\n\t\t\t\t\t<\/div>\n\t\t<\/section>\n\t\t\t\t<section class=\"elementor-section elementor-top-section elementor-element elementor-element-32cf0d2e elementor-section-full_width elementor-section-height-default elementor-section-height-default\" data-id=\"32cf0d2e\" data-element_type=\"section\" data-e-type=\"section\">\n\t\t\t\t\t\t<div class=\"elementor-container elementor-column-gap-default\">\n\t\t\t\t\t<div class=\"elementor-column elementor-col-100 elementor-top-column elementor-element elementor-element-d062c6f\" data-id=\"d062c6f\" data-element_type=\"column\" data-e-type=\"column\">\n\t\t\t<div class=\"elementor-widget-wrap elementor-element-populated\">\n\t\t\t\t\t\t\t<\/div>\n\t\t<\/div>\n\t\t\t\t\t<\/div>\n\t\t<\/section>\n\t\t\t\t<\/div>\n\t\t","protected":false},"excerpt":{"rendered":"<p>Chaises de jardin Les chaises de jardin exclusives donnent \u00e0 votre jardin l&#8217;aspect luxueux dont vous r\u00eavez. D\u00e9couvrez tous les mod\u00e8les Tuinmeubelen Chaises de jardin design exclusives Si vous \u00eates \u00e0 la recherche de chaises de jardin uniques, extravagantes ou design pour votre espace ext\u00e9rieur, Gervi Outdoor, expert en am\u00e9nagement ext\u00e9rieur de luxe, est l&#8217;endroit [&hellip;]<\/p>\n","protected":false},"author":23,"featured_media":0,"parent":10488,"menu_order":0,"comment_status":"closed","ping_status":"closed","template":"","meta":{"_acf_changed":false,"_uag_custom_page_level_css":"","site-sidebar-layout":"no-sidebar","site-content-layout":"page-builder","ast-site-content-layout":"default","site-content-style":"default","site-sidebar-style":"default","ast-global-header-display":"","ast-banner-title-visibility":"","ast-main-header-display":"","ast-hfb-above-header-display":"","ast-hfb-below-header-display":"","ast-hfb-mobile-header-display":"","site-post-title":"disabled","ast-breadcrumbs-content":"","ast-featured-img":"disabled","footer-sml-layout":"","ast-disable-related-posts":"","theme-transparent-header-meta":"default","adv-header-id-meta":"","stick-header-meta":"","header-above-stick-meta":"","header-main-stick-meta":"","header-below-stick-meta":"","astra-migrate-meta-layouts":"default","ast-page-background-enabled":"default","ast-page-background-meta":{"desktop":{"background-color":"","background-image":"","background-repeat":"repeat","background-position":"center center","background-size":"auto","background-attachment":"scroll","background-type":"","background-media":"","overlay-type":"","overlay-color":"","overlay-opacity":"","overlay-gradient":""},"tablet":{"background-color":"","background-image":"","background-repeat":"repeat","background-position":"center center","background-size":"auto","background-attachment":"scroll","background-type":"","background-media":"","overlay-type":"","overlay-color":"","overlay-opacity":"","overlay-gradient":""},"mobile":{"background-color":"","background-image":"","background-repeat":"repeat","background-position":"center center","background-size":"auto","background-attachment":"scroll","background-type":"","background-media":"","overlay-type":"","overlay-color":"","overlay-opacity":"","overlay-gradient":""}},"ast-content-background-meta":{"desktop":{"background-color":"var(--ast-global-color-5)","background-image":"","background-repeat":"repeat","background-position":"center center","background-size":"auto","background-attachment":"scroll","background-type":"","background-media":"","overlay-type":"","overlay-color":"","overlay-opacity":"","overlay-gradient":""},"tablet":{"background-color":"var(--ast-global-color-5)","background-image":"","background-repeat":"repeat","background-position":"center center","background-size":"auto","background-attachment":"scroll","background-type":"","background-media":"","overlay-type":"","overlay-color":"","overlay-opacity":"","overlay-gradient":""},"mobile":{"background-color":"var(--ast-global-color-5)","background-image":"","background-repeat":"repeat","background-position":"center center","background-size":"auto","background-attachment":"scroll","background-type":"","background-media":"","overlay-type":"","overlay-color":"","overlay-opacity":"","overlay-gradient":""}},"footnotes":""},"class_list":["post-10547","page","type-page","status-publish","hentry"],"acf":[],"uagb_featured_image_src":{"full":false,"thumbnail":false,"medium":false,"medium_large":false,"large":false,"1536x1536":false,"2048x2048":false,"woocommerce_thumbnail":false,"woocommerce_single":false,"woocommerce_gallery_thumbnail":false,"dgwt-wcas-product-suggestion":false},"uagb_author_info":{"display_name":"Marjolein Nijs","author_link":"https:\/\/gervi.be\/fr\/author\/marjolein-nijs\/"},"uagb_comment_info":0,"uagb_excerpt":"Chaises de jardin Les chaises de jardin exclusives donnent \u00e0 votre jardin l&#8217;aspect luxueux dont vous r\u00eavez. D\u00e9couvrez tous les mod\u00e8les Tuinmeubelen Chaises de jardin design exclusives Si vous \u00eates \u00e0 la recherche de chaises de jardin uniques, extravagantes ou design pour votre espace ext\u00e9rieur, Gervi Outdoor, expert en am\u00e9nagement ext\u00e9rieur de luxe, est l&#8217;endroit\u2026","_links":{"self":[{"href":"https:\/\/gervi.be\/fr\/wp-json\/wp\/v2\/pages\/10547","targetHints":{"allow":["GET"]}}],"collection":[{"href":"https:\/\/gervi.be\/fr\/wp-json\/wp\/v2\/pages"}],"about":[{"href":"https:\/\/gervi.be\/fr\/wp-json\/wp\/v2\/types\/page"}],"author":[{"embeddable":true,"href":"https:\/\/gervi.be\/fr\/wp-json\/wp\/v2\/users\/23"}],"replies":[{"embeddable":true,"href":"https:\/\/gervi.be\/fr\/wp-json\/wp\/v2\/comments?post=10547"}],"version-history":[{"count":5,"href":"https:\/\/gervi.be\/fr\/wp-json\/wp\/v2\/pages\/10547\/revisions"}],"predecessor-version":[{"id":35968,"href":"https:\/\/gervi.be\/fr\/wp-json\/wp\/v2\/pages\/10547\/revisions\/35968"}],"up":[{"embeddable":true,"href":"https:\/\/gervi.be\/fr\/wp-json\/wp\/v2\/pages\/10488"}],"wp:attachment":[{"href":"https:\/\/gervi.be\/fr\/wp-json\/wp\/v2\/media?parent=10547"}],"curies":[{"name":"wp","href":"https:\/\/api.w.org\/{rel}","templated":true}]}}